{"id":8365,"date":"2026-02-06T13:17:04","date_gmt":"2026-02-06T12:17:04","guid":{"rendered":"https:\/\/audiowo.com\/privatlivspolitik\/"},"modified":"2026-04-09T17:31:50","modified_gmt":"2026-04-09T15:31:50","slug":"privatlivspolitik","status":"publish","type":"page","link":"https:\/\/audiowo.com\/da\/juridisk\/privatlivspolitik\/","title":{"rendered":"Privatlivspolitik"},"content":{"rendered":"\t\t<div data-elementor-type=\"wp-page\" data-elementor-id=\"8365\" class=\"elementor elementor-8365 elementor-3\" data-elementor-post-type=\"page\">\n\t\t\t\t<div class=\"elementor-element elementor-element-3e40102 e-flex e-con-boxed e-con e-parent\" data-id=\"3e40102\" data-element_type=\"container\" data-e-type=\"container\">\n\t\t\t\t\t<div class=\"e-con-inner\">\n\t\t\t\t<div class=\"elementor-element elementor-element-d462c38 elementor-widget elementor-widget-heading\" data-id=\"d462c38\" data-element_type=\"widget\" data-e-type=\"widget\" data-widget_type=\"heading.default\">\n\t\t\t\t\t<h1 class=\"elementor-heading-title elementor-size-default\">Privatlivspolitik<\/h1>\t\t\t\t<\/div>\n\t\t\t\t\t<\/div>\n\t\t\t\t<\/div>\n\t\t<div class=\"elementor-element elementor-element-76b9d70 e-flex e-con-boxed e-con e-parent\" data-id=\"76b9d70\" data-element_type=\"container\" data-e-type=\"container\">\n\t\t\t\t\t<div class=\"e-con-inner\">\n\t\t\t\t\t\t\t<h4 \n\t\tdata-interaction-id=\"8f0586a\" \n\t\tclass=\"e-heading-base\" \n\t\t \n\t\tdata-e-type=\"widget\" data-id=\"8f0586a\"\n\t>\n\t\n\t\t\t  1. Dataansvarlig\n\t\t<\/h4>\n\t\t\t\t\t<\/div>\n\t\t\t\t<\/div>\n\t\t<div class=\"elementor-element elementor-element-2b1b74c e-flex e-con-boxed e-con e-parent\" data-id=\"2b1b74c\" data-element_type=\"container\" data-e-type=\"container\">\n\t\t\t\t\t<div class=\"e-con-inner\">\n\t\t\t\t\t\t\t\t<p class=\"e-paragraph-base\" data-interaction-id=\"699278d\"  data-e-type=\"widget\" data-id=\"699278d\">\n\t\t\t\t\t\t\t\t<strong>Fidelis Marketing Group S.L.<\/strong><br>Driftsbrands: <strong>audiowo.com<\/strong>, <strong>escuchargratis.es<\/strong><br>Registreret i Spanien<br>(\"Virksomheden\", \"vi\", \"os\")\n\t\t\t\t\t<\/p>\n\t\t\t\t\t<\/div>\n\t\t\t\t<\/div>\n\t\t<div class=\"elementor-element elementor-element-dffd3b0 e-flex e-con-boxed e-con e-parent\" data-id=\"dffd3b0\" data-element_type=\"container\" data-e-type=\"container\">\n\t\t\t\t\t<div class=\"e-con-inner\">\n\t\t\t\t\t\t\t<h4 \n\t\tdata-interaction-id=\"e04e82b\" \n\t\tclass=\"e-heading-base\" \n\t\t \n\t\tdata-e-type=\"widget\" data-id=\"e04e82b\"\n\t>\n\t\n\t\t\t2. Indsamlede data\n\t\t<\/h4>\n\t\t\t\t\t<\/div>\n\t\t\t\t<\/div>\n\t\t<div class=\"elementor-element elementor-element-de72aba e-flex e-con-boxed e-con e-parent\" data-id=\"de72aba\" data-element_type=\"container\" data-e-type=\"container\">\n\t\t\t\t\t<div class=\"e-con-inner\">\n\t\t\t\t\t\t\t\t<p class=\"e-paragraph-base\" data-interaction-id=\"9f9879c\"  data-e-type=\"widget\" data-id=\"9f9879c\">\n\t\t\t\t\t\t\t\tVi indsamler: Navn, e-mail, virksomhedsoplysninger, faktureringsoplysninger, IP-adresse og brugsdata, uploadet indhold (kunstnere)\n\t\t\t\t\t<\/p>\n\t\t\t\t\t<\/div>\n\t\t\t\t<\/div>\n\t\t<div class=\"elementor-element elementor-element-eab8629 e-flex e-con-boxed e-con e-parent\" data-id=\"eab8629\" data-element_type=\"container\" data-e-type=\"container\">\n\t\t\t\t\t<div class=\"e-con-inner\">\n\t\t\t\t\t\t\t<h4 \n\t\tdata-interaction-id=\"f75ba1f\" \n\t\tclass=\"e-heading-base\" \n\t\t \n\t\tdata-e-type=\"widget\" data-id=\"f75ba1f\"\n\t>\n\t\n\t\t\t3. Form\u00e5l\n\t\t<\/h4>\n\t\t\t\t\t<\/div>\n\t\t\t\t<\/div>\n\t\t<div class=\"elementor-element elementor-element-30998a2 e-flex e-con-boxed e-con e-parent\" data-id=\"30998a2\" data-element_type=\"container\" data-e-type=\"container\">\n\t\t\t\t\t<div class=\"e-con-inner\">\n\t\t\t\t\t\t\t\t<p class=\"e-paragraph-base\" data-interaction-id=\"57a0ca2\"  data-e-type=\"widget\" data-id=\"57a0ca2\">\n\t\t\t\t\t\t\t\tData behandles for at: Levere tjenester, administrere abonnementer, behandle betalinger, overholde juridiske forpligtelser\n\t\t\t\t\t<\/p>\n\t\t\t\t\t<\/div>\n\t\t\t\t<\/div>\n\t\t<div class=\"elementor-element elementor-element-43f66c0 e-flex e-con-boxed e-con e-parent\" data-id=\"43f66c0\" data-element_type=\"container\" data-e-type=\"container\">\n\t\t\t\t\t<div class=\"e-con-inner\">\n\t\t\t\t\t\t\t<h4 \n\t\tdata-interaction-id=\"1d609ba\" \n\t\tclass=\"e-heading-base\" \n\t\t \n\t\tdata-e-type=\"widget\" data-id=\"1d609ba\"\n\t>\n\t\n\t\t\t4. Retsgrundlag\n\t\t<\/h4>\n\t\t\t\t\t<\/div>\n\t\t\t\t<\/div>\n\t\t<div class=\"elementor-element elementor-element-2c4a89a e-flex e-con-boxed e-con e-parent\" data-id=\"2c4a89a\" data-element_type=\"container\" data-e-type=\"container\">\n\t\t\t\t\t<div class=\"e-con-inner\">\n\t\t\t\t\t\t\t\t<p class=\"e-paragraph-base\" data-interaction-id=\"1992afd\"  data-e-type=\"widget\" data-id=\"1992afd\">\n\t\t\t\t\t\t\t\tBehandlingen er baseret p\u00e5: Kontraktm\u00e6ssig n\u00f8dvendighed, juridiske forpligtelser, legitim interesse\n\t\t\t\t\t<\/p>\n\t\t\t\t\t<\/div>\n\t\t\t\t<\/div>\n\t\t<div class=\"elementor-element elementor-element-ff2da94 e-flex e-con-boxed e-con e-parent\" data-id=\"ff2da94\" data-element_type=\"container\" data-e-type=\"container\">\n\t\t\t\t\t<div class=\"e-con-inner\">\n\t\t\t\t\t\t\t<h4 \n\t\tdata-interaction-id=\"dbaf626\" \n\t\tclass=\"e-heading-base\" \n\t\t \n\t\tdata-e-type=\"widget\" data-id=\"dbaf626\"\n\t>\n\t\n\t\t\t5. Deling af data\n\t\t<\/h4>\n\t\t\t\t\t<\/div>\n\t\t\t\t<\/div>\n\t\t<div class=\"elementor-element elementor-element-c1dba76 e-flex e-con-boxed e-con e-parent\" data-id=\"c1dba76\" data-element_type=\"container\" data-e-type=\"container\">\n\t\t\t\t\t<div class=\"e-con-inner\">\n\t\t\t\t\t\t\t\t<p class=\"e-paragraph-base\" data-interaction-id=\"0a4693a\"  data-e-type=\"widget\" data-id=\"0a4693a\">\n\t\t\t\t\t\t\t\tData kan deles med: Betalingsudbydere, hosting- og IT-udbydere. Ingen data s\u00e6lges.\n\t\t\t\t\t<\/p>\n\t\t\t\t\t<\/div>\n\t\t\t\t<\/div>\n\t\t<div class=\"elementor-element elementor-element-a447c6b e-flex e-con-boxed e-con e-parent\" data-id=\"a447c6b\" data-element_type=\"container\" data-e-type=\"container\">\n\t\t\t\t\t<div class=\"e-con-inner\">\n\t\t\t\t\t\t\t<h4 \n\t\tdata-interaction-id=\"1565e33\" \n\t\tclass=\"e-heading-base\" \n\t\t \n\t\tdata-e-type=\"widget\" data-id=\"1565e33\"\n\t>\n\t\n\t\t\t6. Opbevaring af data\n\t\t<\/h4>\n\t\t\t\t\t<\/div>\n\t\t\t\t<\/div>\n\t\t<div class=\"elementor-element elementor-element-ae54121 e-flex e-con-boxed e-con e-parent\" data-id=\"ae54121\" data-element_type=\"container\" data-e-type=\"container\">\n\t\t\t\t\t<div class=\"e-con-inner\">\n\t\t\t\t\t\t\t\t<p class=\"e-paragraph-base\" data-interaction-id=\"5784ae2\"  data-e-type=\"widget\" data-id=\"5784ae2\">\n\t\t\t\t\t\t\t\tData opbevares kun s\u00e5 l\u00e6nge, det er n\u00f8dvendigt af juridiske og driftsm\u00e6ssige hensyn.\n\t\t\t\t\t<\/p>\n\t\t\t\t\t<\/div>\n\t\t\t\t<\/div>\n\t\t<div class=\"elementor-element elementor-element-accb6e5 e-flex e-con-boxed e-con e-parent\" data-id=\"accb6e5\" data-element_type=\"container\" data-e-type=\"container\">\n\t\t\t\t\t<div class=\"e-con-inner\">\n\t\t\t\t\t\t\t<h4 \n\t\tdata-interaction-id=\"6563d9e\" \n\t\tclass=\"e-heading-base\" \n\t\t \n\t\tdata-e-type=\"widget\" data-id=\"6563d9e\"\n\t>\n\t\n\t\t\t7. Brugerrettigheder\n\t\t<\/h4>\n\t\t\t\t\t<\/div>\n\t\t\t\t<\/div>\n\t\t<div class=\"elementor-element elementor-element-3a074de e-flex e-con-boxed e-con e-parent\" data-id=\"3a074de\" data-element_type=\"container\" data-e-type=\"container\">\n\t\t\t\t\t<div class=\"e-con-inner\">\n\t\t\t\t\t\t\t\t<p class=\"e-paragraph-base\" data-interaction-id=\"c3af79d\"  data-e-type=\"widget\" data-id=\"c3af79d\">\n\t\t\t\t\t\t\t\tBrugere kan anmode om: Indsigt, rettelse, sletning, begr\u00e6nsning, dataportabilitet. Anmodninger kan sendes til: <strong>info@fidelismarketinggroupsl.com<\/strong>\n\t\t\t\t\t<\/p>\n\t\t\t\t\t<\/div>\n\t\t\t\t<\/div>\n\t\t<div class=\"elementor-element elementor-element-507a5de e-flex e-con-boxed e-con e-parent\" data-id=\"507a5de\" data-element_type=\"container\" data-e-type=\"container\">\n\t\t\t\t\t<div class=\"e-con-inner\">\n\t\t\t\t\t\t\t<h4 \n\t\tdata-interaction-id=\"306dc3d\" \n\t\tclass=\"e-heading-base\" \n\t\t \n\t\tdata-e-type=\"widget\" data-id=\"306dc3d\"\n\t>\n\t\n\t\t\t8. Sikkerhed\n\t\t<\/h4>\n\t\t\t\t\t<\/div>\n\t\t\t\t<\/div>\n\t\t<div class=\"elementor-element elementor-element-332492b e-flex e-con-boxed e-con e-parent\" data-id=\"332492b\" data-element_type=\"container\" data-e-type=\"container\">\n\t\t\t\t\t<div class=\"e-con-inner\">\n\t\t\t\t\t\t\t\t<p class=\"e-paragraph-base\" data-interaction-id=\"bba3fed\"  data-e-type=\"widget\" data-id=\"bba3fed\">\n\t\t\t\t\t\t\t\tDer anvendes passende tekniske og organisatoriske foranstaltninger.\n\t\t\t\t\t<\/p>\n\t\t\t\t\t<\/div>\n\t\t\t\t<\/div>\n\t\t\t\t<\/div>\n\t\t","protected":false},"excerpt":{"rendered":"<p>Privatlivspolitik 1. Dataansvarlig Fidelis Marketing Group S.L.Driftsbrands: audiowo.com, escuchargratis.esRegistreret i Spanien(&#8220;Virksomheden&#8221;, &#8220;vi&#8221;, &#8220;os&#8221;) 2. Indsamlede data Vi indsamler: Navn, e-mail, virksomhedsoplysninger, faktureringsoplysninger, IP-adresse og brugsdata, uploadet indhold (kunstnere) 3. Form\u00e5l Data behandles for at: Levere tjenester, administrere abonnementer, behandle betalinger, overholde juridiske forpligtelser 4. Retsgrundlag Behandlingen er baseret p\u00e5: Kontraktm\u00e6ssig n\u00f8dvendighed, juridiske forpligtelser, legitim interesse [&hellip;]<\/p>\n","protected":false},"author":1,"featured_media":0,"parent":8447,"menu_order":0,"comment_status":"closed","ping_status":"closed","template":"elementor_header_footer","meta":{"_acf_changed":false,"footnotes":""},"class_list":["post-8365","page","type-page","status-publish","hentry"],"acf":[],"_links":{"self":[{"href":"https:\/\/audiowo.com\/da\/wp-json\/wp\/v2\/pages\/8365","targetHints":{"allow":["GET"]}}],"collection":[{"href":"https:\/\/audiowo.com\/da\/wp-json\/wp\/v2\/pages"}],"about":[{"href":"https:\/\/audiowo.com\/da\/wp-json\/wp\/v2\/types\/page"}],"author":[{"embeddable":true,"href":"https:\/\/audiowo.com\/da\/wp-json\/wp\/v2\/users\/1"}],"replies":[{"embeddable":true,"href":"https:\/\/audiowo.com\/da\/wp-json\/wp\/v2\/comments?post=8365"}],"version-history":[{"count":0,"href":"https:\/\/audiowo.com\/da\/wp-json\/wp\/v2\/pages\/8365\/revisions"}],"up":[{"embeddable":true,"href":"https:\/\/audiowo.com\/da\/wp-json\/wp\/v2\/pages\/8447"}],"wp:attachment":[{"href":"https:\/\/audiowo.com\/da\/wp-json\/wp\/v2\/media?parent=8365"}],"curies":[{"name":"wp","href":"https:\/\/api.w.org\/{rel}","templated":true}]}}