{"id":8260,"date":"2026-03-24T16:15:36","date_gmt":"2026-03-24T15:15:36","guid":{"rendered":"https:\/\/audiowo.com\/product\/erhvervslicens-ubegraenset-musik\/"},"modified":"2026-03-24T16:15:36","modified_gmt":"2026-03-24T15:15:36","slug":"erhvervslicens-ubegraenset-musik","status":"publish","type":"product","link":"https:\/\/audiowo.com\/da\/vare\/erhvervslicens-ubegraenset-musik\/","title":{"rendered":"Erhvervslicens \u2013 ubegr\u00e6nset musik"},"content":{"rendered":"<p class=\"isSelectedEnd\">Erhvervslicensen giver Dem adgang til musik i h\u00f8j kvalitet til kommercielle milj\u00f8er som butikker, restauranter, barer, hoteller og kontorer.<\/p>\n<p class=\"isSelectedEnd\">Skab den perfekte atmosf\u00e6re for Deres kunder med professionelt kuraterede tracks, der er designet til at forbedre stemningen, \u00f8ge opholdstiden og l\u00f8fte Deres brandoplevelse.<\/p>\n<p class=\"isSelectedEnd\">\u2714 Ubegr\u00e6nset adgang til musik<br \/>\n\u2714 Sikker til kommerciel brug<br \/>\n\u2714 Musikbibliotek opdateres l\u00f8bende<br \/>\n\u2714 Nem streaming og downloads<\/p>\n<p>Ideel til virksomheder, der \u00f8nsker premium baggrundsmusik uden licenskompleksitet.<\/p>\n","protected":false},"excerpt":{"rendered":"<p>Musik til butikker, restauranter, hoteller og kommercielle lokaler. Enkelt, sikkert og klar til brug. <\/p>\n","protected":false},"featured_media":340,"comment_status":"open","ping_status":"closed","template":"","meta":{"_acf_changed":false},"product_brand":[],"product_cat":[95],"product_tag":[],"class_list":{"0":"post-8260","1":"product","2":"type-product","3":"status-publish","4":"has-post-thumbnail","6":"product_cat-uncategorized-da","8":"first","9":"instock","10":"taxable","11":"shipping-taxable","12":"purchasable","13":"product-type-subscription"},"acf":[],"_links":{"self":[{"href":"https:\/\/audiowo.com\/da\/wp-json\/wp\/v2\/product\/8260","targetHints":{"allow":["GET"]}}],"collection":[{"href":"https:\/\/audiowo.com\/da\/wp-json\/wp\/v2\/product"}],"about":[{"href":"https:\/\/audiowo.com\/da\/wp-json\/wp\/v2\/types\/product"}],"replies":[{"embeddable":true,"href":"https:\/\/audiowo.com\/da\/wp-json\/wp\/v2\/comments?post=8260"}],"version-history":[{"count":0,"href":"https:\/\/audiowo.com\/da\/wp-json\/wp\/v2\/product\/8260\/revisions"}],"wp:featuredmedia":[{"embeddable":true,"href":"https:\/\/audiowo.com\/da\/wp-json\/wp\/v2\/media\/340"}],"wp:attachment":[{"href":"https:\/\/audiowo.com\/da\/wp-json\/wp\/v2\/media?parent=8260"}],"wp:term":[{"taxonomy":"product_brand","embeddable":true,"href":"https:\/\/audiowo.com\/da\/wp-json\/wp\/v2\/product_brand?post=8260"},{"taxonomy":"product_cat","embeddable":true,"href":"https:\/\/audiowo.com\/da\/wp-json\/wp\/v2\/product_cat?post=8260"},{"taxonomy":"product_tag","embeddable":true,"href":"https:\/\/audiowo.com\/da\/wp-json\/wp\/v2\/product_tag?post=8260"}],"curies":[{"name":"wp","href":"https:\/\/api.w.org\/{rel}","templated":true}]}}