{"id":8439,"date":"2026-02-07T16:40:00","date_gmt":"2026-02-07T15:40:00","guid":{"rendered":"https:\/\/audiowo.com\/rechtliches\/"},"modified":"2026-04-09T17:32:04","modified_gmt":"2026-04-09T15:32:04","slug":"rechtliches","status":"publish","type":"page","link":"https:\/\/audiowo.com\/de\/rechtliches\/","title":{"rendered":"Rechtliches"},"content":{"rendered":"\t\t<div data-elementor-type=\"wp-page\" data-elementor-id=\"8439\" class=\"elementor elementor-8439 elementor-58\" data-elementor-post-type=\"page\">\n\t\t\t\t<div class=\"elementor-element elementor-element-480bd68 e-flex e-con-boxed e-con e-parent\" data-id=\"480bd68\" data-element_type=\"container\" data-e-type=\"container\">\n\t\t\t\t\t<div class=\"e-con-inner\">\n\t\t\t\t<div class=\"elementor-element elementor-element-400ae8a elementor-widget elementor-widget-heading\" data-id=\"400ae8a\" data-element_type=\"widget\" data-e-type=\"widget\" data-widget_type=\"heading.default\">\n\t\t\t\t\t<h1 class=\"elementor-heading-title elementor-size-default\">Rechtliches<\/h1>\t\t\t\t<\/div>\n\t\t\t\t\t<\/div>\n\t\t\t\t<\/div>\n\t\t<div class=\"elementor-element elementor-element-35d147f e-flex e-con-boxed e-con e-parent\" data-id=\"35d147f\" data-element_type=\"container\" data-e-type=\"container\">\n\t\t\t\t\t<div class=\"e-con-inner\">\n\t\t\t\t\t\t\t\t<p class=\"e-paragraph-base\" data-interaction-id=\"82438c3\"  data-e-type=\"widget\" data-id=\"82438c3\">\n\t\t\t\t\t\t\t\tDiese Seite bietet Zugang zu allen rechtlichen Dokumenten im Zusammenhang mit den von der <strong>Fidelis Marketing Group S.L.<\/strong> betriebenen Websites und Diensten, einschlie\u00dflich ihrer Musiklizenzierungsplattformen und Werbedienste. Wir bitten alle Besucher, Kunden und Mitwirkenden, die unten aufgef\u00fchrten anwendbaren rechtlichen Dokumente sorgf\u00e4ltig zu pr\u00fcfen.\n\t\t\t\t\t<\/p>\n\t\t\t\t\t<\/div>\n\t\t\t\t<\/div>\n\t\t<div class=\"elementor-element elementor-element-cc0df9b e-flex e-con-boxed e-con e-parent\" data-id=\"cc0df9b\" data-element_type=\"container\" data-e-type=\"container\">\n\t\t\t\t\t<div class=\"e-con-inner\">\n\t\t\t\t\t\t\t\t<p class=\"e-paragraph-base\" data-interaction-id=\"1c0d19c\"  data-e-type=\"widget\" data-id=\"1c0d19c\">\n\t\t\t\t\t\t\t<a\n\t\t\t\t\thref=\"https:\/\/audiowo.com\/de\/rechtliches\/allgemeine-geschaeftsbedingungen\/\" target=\"_self\"\n\t\t\t\t\tclass=\"e-paragraph-link-base\"\n\t\t\t\t>\n\t\t\t\t\t\t\ud83d\udcc4 Allgemeine Gesch\u00e4ftsbedingungenDiese Bedingungen regeln die allgemeine Nutzung unserer Websites, Plattformen und digitalen Dienste, einschlie\u00dflich des Zugangs, der Zahlungen und der Nutzerpflichten.\n\t\t\t\t<\/a>\n\t\t\t\t\t<\/p>\n\t\t\t\t\t<\/div>\n\t\t\t\t<\/div>\n\t\t<div class=\"elementor-element elementor-element-b1c872e e-flex e-con-boxed e-con e-parent\" data-id=\"b1c872e\" data-element_type=\"container\" data-e-type=\"container\">\n\t\t\t\t\t<div class=\"e-con-inner\">\n\t\t\t\t\t\t\t\t<p class=\"e-paragraph-base\" data-interaction-id=\"6cc148a\"  data-e-type=\"widget\" data-id=\"6cc148a\">\n\t\t\t\t\t\t\t<a\n\t\t\t\t\thref=\"https:\/\/audiowo.com\/de\/rechtliches\/datenschutzerklaerung\/\" target=\"_self\"\n\t\t\t\t\tclass=\"e-paragraph-link-base\"\n\t\t\t\t>\n\t\t\t\t\t\t\ud83d\udd10 DatenschutzrichtlinieUnsere Datenschutzrichtlinie erl\u00e4utert, wie wir personenbezogene Daten gem\u00e4\u00df der Datenschutz-Grundverordnung (DSGVO) und den geltenden Gesetzen erfassen, verarbeiten und sch\u00fctzen.\n\t\t\t\t<\/a>\n\t\t\t\t\t<\/p>\n\t\t\t\t\t<\/div>\n\t\t\t\t<\/div>\n\t\t<div class=\"elementor-element elementor-element-9faa98e e-flex e-con-boxed e-con e-parent\" data-id=\"9faa98e\" data-element_type=\"container\" data-e-type=\"container\">\n\t\t\t\t\t<div class=\"e-con-inner\">\n\t\t\t\t\t\t\t\t<p class=\"e-paragraph-base\" data-interaction-id=\"adb4ca5\"  data-e-type=\"widget\" data-id=\"adb4ca5\">\n\t\t\t\t\t\t\t<a\n\t\t\t\t\thref=\"https:\/\/audiowo.com\/legal\/cookie-policy\/\" target=\"_self\"\n\t\t\t\t\tclass=\"e-paragraph-link-base\"\n\t\t\t\t>\n\t\t\t\t\t\t\ud83c\udf6a Cookie-RichtlinieUnsere Cookie-Richtlinie erl\u00e4utert die Verwendung notwendiger Analyse-Cookies und wie Besucher ihre Cookie-Einstellungen verwalten k\u00f6nnen.\n\t\t\t\t<\/a>\n\t\t\t\t\t<\/p>\n\t\t\t\t\t<\/div>\n\t\t\t\t<\/div>\n\t\t<div class=\"elementor-element elementor-element-e6668c4 e-flex e-con-boxed e-con e-parent\" data-id=\"e6668c4\" data-element_type=\"container\" data-e-type=\"container\">\n\t\t\t\t\t<div class=\"e-con-inner\">\n\t\t\t\t\t\t\t\t<p class=\"e-paragraph-base\" data-interaction-id=\"aa563ab\"  data-e-type=\"widget\" data-id=\"aa563ab\">\n\t\t\t\t\t\t\t<a\n\t\t\t\t\thref=\"https:\/\/audiowo.com\/de\/rechtliches\/gewerblicher-musiklizenzvertrag\/\" target=\"_self\"\n\t\t\t\t\tclass=\"e-paragraph-link-base\"\n\t\t\t\t>\n\t\t\t\t\t\t\ud83c\udfb5 Kommerzielle MusiklizenzvereinbarungDiese Vereinbarung definiert die Bedingungen, unter denen Unternehmen lizenzierte Hintergrundmusik, die \u00fcber unsere Plattformen bereitgestellt wird, nutzen d\u00fcrfen, einschlie\u00dflich der erlaubten Nutzung, Einschr\u00e4nkungen und Dauer.\n\t\t\t\t<\/a>\n\t\t\t\t\t<\/p>\n\t\t\t\t\t<\/div>\n\t\t\t\t<\/div>\n\t\t<div class=\"elementor-element elementor-element-ebd5358 e-flex e-con-boxed e-con e-parent\" data-id=\"ebd5358\" data-element_type=\"container\" data-e-type=\"container\">\n\t\t\t\t\t<div class=\"e-con-inner\">\n\t\t\t\t\t\t\t\t<p class=\"e-paragraph-base\" data-interaction-id=\"b8979ee\"  data-e-type=\"widget\" data-id=\"b8979ee\">\n\t\t\t\t\t\t\t<a\n\t\t\t\t\thref=\"https:\/\/audiowo.com\/de\/rechtliches\/vereinbarung-ueber-die-bereitstellung-von-werbemusik\/\" target=\"_self\"\n\t\t\t\t\tclass=\"e-paragraph-link-base\"\n\t\t\t\t>\n\t\t\t\t\t\t\ud83c\udfa7 Vereinbarung zur Bereitstellung von Musik f\u00fcr Werbezwecke (K\u00fcnstler)Diese Vereinbarung gilt f\u00fcr K\u00fcnstler und Rechteinhaber, die Musik zur werblichen Aufnahme auf unseren Plattformen und in Compilation-Ver\u00f6ffentlichungen einreichen.\n\t\t\t\t<\/a>\n\t\t\t\t\t<\/p>\n\t\t\t\t\t<\/div>\n\t\t\t\t<\/div>\n\t\t<div class=\"elementor-element elementor-element-2edecb2 e-flex e-con-boxed e-con e-parent\" data-id=\"2edecb2\" data-element_type=\"container\" data-e-type=\"container\">\n\t\t\t\t\t<div class=\"e-con-inner\">\n\t\t\t\t\t\t\t\t<p class=\"e-paragraph-base\" data-interaction-id=\"7e3466e\"  data-e-type=\"widget\" data-id=\"7e3466e\">\n\t\t\t\t\t\t\t\tGerichtsstand &amp; Anwendbarkeit: Sofern nicht anders angegeben, unterliegen alle rechtlichen Dokumente den Gesetzen <strong>Spaniens<\/strong> und gelten f\u00fcr Nutzer weltweit.\n\t\t\t\t\t<\/p>\n\t\t\t\t\t<\/div>\n\t\t\t\t<\/div>\n\t\t<div class=\"elementor-element elementor-element-a6ce8fc e-flex e-con-boxed e-con e-parent\" data-id=\"a6ce8fc\" data-element_type=\"container\" data-e-type=\"container\">\n\t\t\t\t\t<div class=\"e-con-inner\">\n\t\t\t\t\t\t\t\t<p class=\"e-paragraph-base\" data-interaction-id=\"fa43eb2\"  data-e-type=\"widget\" data-id=\"fa43eb2\">\n\t\t\t\t\t\t\t<a\n\t\t\t\t\thref=\"https:\/\/audiowo.com\/de\/kontaktieren-sie-uns\/\" target=\"_self\"\n\t\t\t\t\tclass=\"e-paragraph-link-base\"\n\t\t\t\t>\n\t\t\t\t\t\tKontakt F\u00fcr rechtliche oder datenschutzbezogene Anfragen kontaktieren Sie uns bitte \u00fcber die auf unserer Website angegebenen Details.\n\t\t\t\t<\/a>\n\t\t\t\t\t<\/p>\n\t\t\t\t\t<\/div>\n\t\t\t\t<\/div>\n\t\t\t\t<\/div>\n\t\t","protected":false},"excerpt":{"rendered":"<p>Rechtliches Diese Seite bietet Zugang zu allen rechtlichen Dokumenten im Zusammenhang mit den von der Fidelis Marketing Group S.L. betriebenen Websites und Diensten, einschlie\u00dflich ihrer Musiklizenzierungsplattformen und Werbedienste. Wir bitten alle Besucher, Kunden und Mitwirkenden, die unten aufgef\u00fchrten anwendbaren rechtlichen Dokumente sorgf\u00e4ltig zu pr\u00fcfen. \ud83d\udcc4 Allgemeine Gesch\u00e4ftsbedingungenDiese Bedingungen regeln die allgemeine Nutzung unserer Websites, Plattformen [&hellip;]<\/p>\n","protected":false},"author":1,"featured_media":0,"parent":0,"menu_order":0,"comment_status":"closed","ping_status":"closed","template":"elementor_header_footer","meta":{"_acf_changed":false,"footnotes":""},"class_list":["post-8439","page","type-page","status-publish","hentry"],"acf":[],"_links":{"self":[{"href":"https:\/\/audiowo.com\/de\/wp-json\/wp\/v2\/pages\/8439","targetHints":{"allow":["GET"]}}],"collection":[{"href":"https:\/\/audiowo.com\/de\/wp-json\/wp\/v2\/pages"}],"about":[{"href":"https:\/\/audiowo.com\/de\/wp-json\/wp\/v2\/types\/page"}],"author":[{"embeddable":true,"href":"https:\/\/audiowo.com\/de\/wp-json\/wp\/v2\/users\/1"}],"replies":[{"embeddable":true,"href":"https:\/\/audiowo.com\/de\/wp-json\/wp\/v2\/comments?post=8439"}],"version-history":[{"count":0,"href":"https:\/\/audiowo.com\/de\/wp-json\/wp\/v2\/pages\/8439\/revisions"}],"wp:attachment":[{"href":"https:\/\/audiowo.com\/de\/wp-json\/wp\/v2\/media?parent=8439"}],"curies":[{"name":"wp","href":"https:\/\/api.w.org\/{rel}","templated":true}]}}