{"id":7642,"date":"2026-03-24T16:24:49","date_gmt":"2026-03-24T15:24:49","guid":{"rendered":"https:\/\/audiowo.com\/product\/broadcast-lizenz-unbegrenzte-musik\/"},"modified":"2026-03-24T16:24:49","modified_gmt":"2026-03-24T15:24:49","slug":"broadcast-lizenz-unbegrenzte-musik","status":"publish","type":"product","link":"https:\/\/audiowo.com\/de\/produkt\/broadcast-lizenz-unbegrenzte-musik\/","title":{"rendered":"Broadcast-Lizenz Unbegrenzte Musik"},"content":{"rendered":"<p>Die Broadcast-Lizenz ist f\u00fcr professionelle Produktionen konzipiert, einschlie\u00dflich TV, Film, Radio und gro\u00dfangelegte Medienprojekte.<\/p>\n<p>Zugriff auf hochwertige Musik f\u00fcr filmische, Broadcast- und kommerzielle Nutzung, mit vollst\u00e4ndiger Lizenzklarheit und Flexibilit\u00e4t.<\/p>\n<p>\u2714 Nutzung in TV-, Film- und Radioproduktionen<br \/>\n\u2714 Hochwertige, professionelle Tracks<br \/>\n\u2714 Geeignet f\u00fcr kommerzielle Distribution<br \/>\n\u2714 Zuverl\u00e4ssige und klare Lizenzierung<\/p>\n<p>Eine Komplettl\u00f6sung f\u00fcr Produzenten, Agenturen und Broadcaster.<\/p>\n","protected":false},"excerpt":{"rendered":"<p>Professionelle Musik f\u00fcr TV, Film und Radio. Hochwertige Tracks mit klarer Lizenzierung f\u00fcr Broadcast-Nutzung. <\/p>\n","protected":false},"featured_media":364,"comment_status":"closed","ping_status":"closed","template":"","meta":{"_acf_changed":false},"product_brand":[],"product_cat":[100],"product_tag":[],"class_list":{"0":"post-7642","1":"product","2":"type-product","3":"status-publish","4":"has-post-thumbnail","6":"product_cat-unkategorisiert","8":"first","9":"instock","10":"taxable","11":"shipping-taxable","12":"purchasable","13":"product-type-subscription"},"acf":[],"_links":{"self":[{"href":"https:\/\/audiowo.com\/de\/wp-json\/wp\/v2\/product\/7642","targetHints":{"allow":["GET"]}}],"collection":[{"href":"https:\/\/audiowo.com\/de\/wp-json\/wp\/v2\/product"}],"about":[{"href":"https:\/\/audiowo.com\/de\/wp-json\/wp\/v2\/types\/product"}],"replies":[{"embeddable":true,"href":"https:\/\/audiowo.com\/de\/wp-json\/wp\/v2\/comments?post=7642"}],"version-history":[{"count":0,"href":"https:\/\/audiowo.com\/de\/wp-json\/wp\/v2\/product\/7642\/revisions"}],"wp:featuredmedia":[{"embeddable":true,"href":"https:\/\/audiowo.com\/de\/wp-json\/wp\/v2\/media\/364"}],"wp:attachment":[{"href":"https:\/\/audiowo.com\/de\/wp-json\/wp\/v2\/media?parent=7642"}],"wp:term":[{"taxonomy":"product_brand","embeddable":true,"href":"https:\/\/audiowo.com\/de\/wp-json\/wp\/v2\/product_brand?post=7642"},{"taxonomy":"product_cat","embeddable":true,"href":"https:\/\/audiowo.com\/de\/wp-json\/wp\/v2\/product_cat?post=7642"},{"taxonomy":"product_tag","embeddable":true,"href":"https:\/\/audiowo.com\/de\/wp-json\/wp\/v2\/product_tag?post=7642"}],"curies":[{"name":"wp","href":"https:\/\/api.w.org\/{rel}","templated":true}]}}