{"id":7861,"date":"2026-03-24T16:23:54","date_gmt":"2026-03-24T15:23:54","guid":{"rendered":"https:\/\/audiowo.com\/product\/creator-lizenz-unbegrenzte-musik\/"},"modified":"2026-03-24T16:23:54","modified_gmt":"2026-03-24T15:23:54","slug":"creator-lizenz-unbegrenzte-musik","status":"publish","type":"product","link":"https:\/\/audiowo.com\/de\/produkt\/creator-lizenz-unbegrenzte-musik\/","title":{"rendered":"Creator-Lizenz Unbegrenzte Musik"},"content":{"rendered":"<p>Die Creator-Lizenz wurde f\u00fcr Content-Creator entwickelt, die hochwertige, urheberrechtlich sichere Musik f\u00fcr Videos und Online-Plattformen ben\u00f6tigen.<\/p>\n<p>Perfekt f\u00fcr YouTube, Social Media, Podcasts und kommerzielle Videoinhalte \u2013 diese Lizenz stellt sicher, dass Ihre Projekte gesch\u00fctzt bleiben und professionell klingen.<\/p>\n<p>\u2714 Nutzung in YouTube- und Social-Media-Videos<br \/>\n\u2714 Monetarisierungsfreundliche Musik<br \/>\n\u2714 Keine Urheberrechtsanspr\u00fcche<br \/>\n\u2714 Sofort herunterladen und integrieren<\/p>\n<p>Konzentrieren Sie sich auf das Erstellen \u2013 wir k\u00fcmmern uns um die Musiklizenzierung.<\/p>\n","protected":false},"excerpt":{"rendered":"<p>Urheberrechtlich sichere Musik f\u00fcr YouTube, Social Media und Video-Creator. Monetarisieren Sie ohne Sorgen. <\/p>\n","protected":false},"featured_media":354,"comment_status":"closed","ping_status":"closed","template":"","meta":{"_acf_changed":false},"product_brand":[],"product_cat":[100],"product_tag":[],"class_list":{"0":"post-7861","1":"product","2":"type-product","3":"status-publish","4":"has-post-thumbnail","6":"product_cat-unkategorisiert","8":"first","9":"instock","10":"taxable","11":"shipping-taxable","12":"purchasable","13":"product-type-subscription"},"acf":[],"_links":{"self":[{"href":"https:\/\/audiowo.com\/de\/wp-json\/wp\/v2\/product\/7861","targetHints":{"allow":["GET"]}}],"collection":[{"href":"https:\/\/audiowo.com\/de\/wp-json\/wp\/v2\/product"}],"about":[{"href":"https:\/\/audiowo.com\/de\/wp-json\/wp\/v2\/types\/product"}],"replies":[{"embeddable":true,"href":"https:\/\/audiowo.com\/de\/wp-json\/wp\/v2\/comments?post=7861"}],"version-history":[{"count":0,"href":"https:\/\/audiowo.com\/de\/wp-json\/wp\/v2\/product\/7861\/revisions"}],"wp:featuredmedia":[{"embeddable":true,"href":"https:\/\/audiowo.com\/de\/wp-json\/wp\/v2\/media\/354"}],"wp:attachment":[{"href":"https:\/\/audiowo.com\/de\/wp-json\/wp\/v2\/media?parent=7861"}],"wp:term":[{"taxonomy":"product_brand","embeddable":true,"href":"https:\/\/audiowo.com\/de\/wp-json\/wp\/v2\/product_brand?post=7861"},{"taxonomy":"product_cat","embeddable":true,"href":"https:\/\/audiowo.com\/de\/wp-json\/wp\/v2\/product_cat?post=7861"},{"taxonomy":"product_tag","embeddable":true,"href":"https:\/\/audiowo.com\/de\/wp-json\/wp\/v2\/product_tag?post=7861"}],"curies":[{"name":"wp","href":"https:\/\/api.w.org\/{rel}","templated":true}]}}