{"id":8232,"date":"2026-04-08T13:21:53","date_gmt":"2026-04-08T11:21:53","guid":{"rendered":"https:\/\/audiowo.com\/product\/individueller-musiktrack\/"},"modified":"2026-04-08T13:21:53","modified_gmt":"2026-04-08T11:21:53","slug":"individueller-musiktrack","status":"publish","type":"product","link":"https:\/\/audiowo.com\/de\/produkt\/individueller-musiktrack\/","title":{"rendered":"Individueller Musiktrack"},"content":{"rendered":"<h3 data-section-id=\"kzbvll\" data-start=\"837\" data-end=\"853\">Das erhalten Sie<\/h3>\n<ul data-start=\"855\" data-end=\"1086\">\n<li data-section-id=\"1eu2wei\" data-start=\"855\" data-end=\"890\">\u2714 Individueller Track in <strong data-start=\"875\" data-end=\"888\">jedem Genre<\/strong><\/li>\n<li data-section-id=\"1ds2gtc\" data-start=\"891\" data-end=\"945\">\u2714 <strong data-start=\"895\" data-end=\"926\">Instrumental oder mit Gesang<\/strong> (m\u00e4nnlich oder weiblich)<\/li>\n<li data-section-id=\"3jg2wi\" data-start=\"946\" data-end=\"980\">\u2714 <strong data-start=\"950\" data-end=\"978\">100&nbsp;% Originalproduktion<\/strong><\/li>\n<li data-section-id=\"1t5qaaa\" data-start=\"981\" data-end=\"1017\">\u2714 <strong data-start=\"985\" data-end=\"1015\">4 \u00dcberarbeitungsrunden inklusive<\/strong><\/li>\n<li data-section-id=\"ctp5tw\" data-start=\"1018\" data-end=\"1055\">\u2714 Professionell gemischt &amp; gemastert<\/li>\n<li data-section-id=\"1w42kxf\" data-start=\"1056\" data-end=\"1086\">\u2714 Bereit f\u00fcr die kommerzielle Nutzung<\/li>\n<\/ul>\n<h3 data-section-id=\"1va2ym6\" data-start=\"1093\" data-end=\"1113\">Lyrics &amp; Konzept<\/h3>\n<p data-start=\"1115\" data-end=\"1145\">Wenn Ihr Track Gesang enth\u00e4lt:<\/p>\n<ul data-start=\"1146\" data-end=\"1325\">\n<li data-section-id=\"1ucixgt\" data-start=\"1146\" data-end=\"1202\">Die <strong data-start=\"1152\" data-end=\"1200\">Lyrics werden vorab besprochen und freigegeben<\/strong><\/li>\n<li data-section-id=\"1wc8nft\" data-start=\"1203\" data-end=\"1266\">Sie k\u00f6nnen Ihren eigenen Text liefern oder am Konzept mitarbeiten<\/li>\n<li data-section-id=\"1uvj11k\" data-start=\"1267\" data-end=\"1325\">Die finale Ausrichtung wird immer auf Ihre Vision abgestimmt<\/li>\n<\/ul>\n<h3 data-section-id=\"ixpo5k\" data-start=\"1332\" data-end=\"1354\">Produktionsqualit\u00e4t<\/h3>\n<p data-start=\"1356\" data-end=\"1415\">Alle Tracks werden nach professionellen Audiostandards geliefert:<\/p>\n<ul data-start=\"1416\" data-end=\"1473\">\n<li data-section-id=\"lf88k\" data-start=\"1416\" data-end=\"1444\"><strong data-start=\"1418\" data-end=\"1438\">Integrierte LUFS:<\/strong> ~12<\/li>\n<li data-section-id=\"1xy6v74\" data-start=\"1445\" data-end=\"1473\"><strong data-start=\"1447\" data-end=\"1467\">Kurzzeit-LUFS:<\/strong> ~10<\/li>\n<\/ul>\n<p data-start=\"1475\" data-end=\"1531\">Optimiert f\u00fcr Streaming-Plattformen, Ads und digitale Nutzung.<\/p>\n<h3 data-section-id=\"o1tr05\" data-start=\"1538\" data-end=\"1550\">Ablauf<\/h3>\n<ol data-start=\"1552\" data-end=\"1750\">\n<li data-section-id=\"46qe72\" data-start=\"1552\" data-end=\"1573\">Bestellung aufgeben<\/li>\n<li data-section-id=\"4dsk2w\" data-start=\"1574\" data-end=\"1617\">Teilen Sie Ihre Idee, Ihren Stil und Referenzen<\/li>\n<li data-section-id=\"gwf447\" data-start=\"1618\" data-end=\"1653\">Lyrics best\u00e4tigen (falls zutreffend)<\/li>\n<li data-section-id=\"1i86ysv\" data-start=\"1654\" data-end=\"1676\">Produktion startet<\/li>\n<li data-section-id=\"1na1y2n\" data-start=\"1677\" data-end=\"1697\">Vorschau erhalten<\/li>\n<li data-section-id=\"sgvehz\" data-start=\"1698\" data-end=\"1730\">\u00dcberarbeitungen anfordern (bis zu 4)<\/li>\n<li data-section-id=\"1j7cqp8\" data-start=\"1731\" data-end=\"1750\">Finale Lieferung<\/li>\n<\/ol>\n<h3 data-section-id=\"1xnjjts\" data-start=\"1757\" data-end=\"1783\">Warum Don Fidelis und Audiowo.com<\/h3>\n<ul data-start=\"1785\" data-end=\"1942\">\n<li data-section-id=\"14y3yxp\" data-start=\"1785\" data-end=\"1815\">Erfahrener Ghost Producer seit 20 Jahren<\/li>\n<li data-section-id=\"1wa8isb\" data-start=\"1816\" data-end=\"1863\">Arbeitet mit <strong data-start=\"1829\" data-end=\"1861\">KI-gest\u00fctzten Produktionstools<\/strong><\/li>\n<li data-section-id=\"167q9o4\" data-start=\"1864\" data-end=\"1905\">Schnelle Umsetzung bei hoher Konsistenz<\/li>\n<li data-section-id=\"a59152\" data-start=\"1906\" data-end=\"1942\">Flexibel in allen Musikstilen<\/li>\n<\/ul>\n<h3 data-section-id=\"1x5ej4z\" data-start=\"1949\" data-end=\"1968\">Wichtige Hinweise<\/h3>\n<ul data-start=\"1970\" data-end=\"2116\">\n<li data-section-id=\"sd09u1\" data-start=\"1970\" data-end=\"2009\">Die Lieferzeit h\u00e4ngt von der Komplexit\u00e4t ab<\/li>\n<li data-section-id=\"vs6f81\" data-start=\"2010\" data-end=\"2060\">Klare Vorgaben = bessere und schnellere Ergebnisse<\/li>\n<li data-section-id=\"1b3kjq6\" data-start=\"2061\" data-end=\"2116\">Zus\u00e4tzliche \u00dcberarbeitungen sind ggf. gegen Aufpreis m\u00f6glich<\/li>\n<\/ul>\n","protected":false},"excerpt":{"rendered":"<h3 data-section-id=\"77bgn1\" data-start=\"439\" data-end=\"492\">Individueller Musiktrack \u2013 perfekt auf Ihre Anforderungen zugeschnitten<\/h3>\n<p data-start=\"494\" data-end=\"694\">Bestellen Sie einen <strong data-start=\"502\" data-end=\"548\">professionell produzierten individuellen Musiktrack<\/strong> zum Festpreis von <strong data-start=\"570\" data-end=\"578\">300&nbsp;\u20ac<\/strong>. Erstellt vom Ghost Producer <strong data-start=\"606\" data-end=\"621\">Don Fidelis<\/strong>, wird jeder Track von Grund auf nach Ihren Ideen, Zielen und Ihrem Stil produziert. <\/p>\n<p data-start=\"696\" data-end=\"709\">Geeignet f\u00fcr:<\/p>\n<ul data-start=\"710\" data-end=\"830\">\n<li data-section-id=\"pauozy\" data-start=\"710\" data-end=\"733\">K\u00fcnstler und S\u00e4nger<\/li>\n<li data-section-id=\"1avaya0\" data-start=\"734\" data-end=\"761\">Unternehmen und Branding<\/li>\n<li data-section-id=\"w7ijlb\" data-start=\"762\" data-end=\"796\">YouTube, Ads und Social Media<\/li>\n<li data-section-id=\"1xa11m8\" data-start=\"797\" data-end=\"830\">Private oder kreative Projekte<\/li>\n<\/ul>\n","protected":false},"featured_media":5292,"comment_status":"closed","ping_status":"closed","template":"","meta":{"_acf_changed":false},"product_brand":[],"product_cat":[97],"product_tag":[],"class_list":{"0":"post-8232","1":"product","2":"type-product","3":"status-publish","4":"has-post-thumbnail","6":"product_cat-uncategorized","8":"first","9":"instock","10":"taxable","11":"shipping-taxable","12":"purchasable","13":"product-type-simple"},"acf":[],"_links":{"self":[{"href":"https:\/\/audiowo.com\/de\/wp-json\/wp\/v2\/product\/8232","targetHints":{"allow":["GET"]}}],"collection":[{"href":"https:\/\/audiowo.com\/de\/wp-json\/wp\/v2\/product"}],"about":[{"href":"https:\/\/audiowo.com\/de\/wp-json\/wp\/v2\/types\/product"}],"replies":[{"embeddable":true,"href":"https:\/\/audiowo.com\/de\/wp-json\/wp\/v2\/comments?post=8232"}],"version-history":[{"count":0,"href":"https:\/\/audiowo.com\/de\/wp-json\/wp\/v2\/product\/8232\/revisions"}],"wp:featuredmedia":[{"embeddable":true,"href":"https:\/\/audiowo.com\/de\/wp-json\/wp\/v2\/media\/5292"}],"wp:attachment":[{"href":"https:\/\/audiowo.com\/de\/wp-json\/wp\/v2\/media?parent=8232"}],"wp:term":[{"taxonomy":"product_brand","embeddable":true,"href":"https:\/\/audiowo.com\/de\/wp-json\/wp\/v2\/product_brand?post=8232"},{"taxonomy":"product_cat","embeddable":true,"href":"https:\/\/audiowo.com\/de\/wp-json\/wp\/v2\/product_cat?post=8232"},{"taxonomy":"product_tag","embeddable":true,"href":"https:\/\/audiowo.com\/de\/wp-json\/wp\/v2\/product_tag?post=8232"}],"curies":[{"name":"wp","href":"https:\/\/api.w.org\/{rel}","templated":true}]}}