{"id":8422,"date":"2026-02-07T16:40:00","date_gmt":"2026-02-07T15:40:00","guid":{"rendered":"https:\/\/audiowo.com\/aviso-legal\/"},"modified":"2026-04-09T17:31:23","modified_gmt":"2026-04-09T15:31:23","slug":"aviso-legal","status":"publish","type":"page","link":"https:\/\/audiowo.com\/es\/aviso-legal\/","title":{"rendered":"Aviso legal"},"content":{"rendered":"\t\t<div data-elementor-type=\"wp-page\" data-elementor-id=\"8422\" class=\"elementor elementor-8422 elementor-58\" data-elementor-post-type=\"page\">\n\t\t\t\t<div class=\"elementor-element elementor-element-480bd68 e-flex e-con-boxed e-con e-parent\" data-id=\"480bd68\" data-element_type=\"container\" data-e-type=\"container\">\n\t\t\t\t\t<div class=\"e-con-inner\">\n\t\t\t\t<div class=\"elementor-element elementor-element-400ae8a elementor-widget elementor-widget-heading\" data-id=\"400ae8a\" data-element_type=\"widget\" data-e-type=\"widget\" data-widget_type=\"heading.default\">\n\t\t\t\t\t<h1 class=\"elementor-heading-title elementor-size-default\">Aviso legal<\/h1>\t\t\t\t<\/div>\n\t\t\t\t\t<\/div>\n\t\t\t\t<\/div>\n\t\t<div class=\"elementor-element elementor-element-35d147f e-flex e-con-boxed e-con e-parent\" data-id=\"35d147f\" data-element_type=\"container\" data-e-type=\"container\">\n\t\t\t\t\t<div class=\"e-con-inner\">\n\t\t\t\t\t\t\t\t<p class=\"e-paragraph-base\" data-interaction-id=\"82438c3\"  data-e-type=\"widget\" data-id=\"82438c3\">\n\t\t\t\t\t\t\t\tEsta p\u00e1gina proporciona acceso a todos los documentos legales relacionados con los sitios web y servicios operados por <strong>Fidelis Marketing Group S.L.<\/strong>, incluidas sus plataformas de licencias musicales y servicios promocionales. Recomendamos a todos los visitantes, clientes y colaboradores que revisen detenidamente los documentos legales aplicables que se enumeran a continuaci\u00f3n.\n\t\t\t\t\t<\/p>\n\t\t\t\t\t<\/div>\n\t\t\t\t<\/div>\n\t\t<div class=\"elementor-element elementor-element-cc0df9b e-flex e-con-boxed e-con e-parent\" data-id=\"cc0df9b\" data-element_type=\"container\" data-e-type=\"container\">\n\t\t\t\t\t<div class=\"e-con-inner\">\n\t\t\t\t\t\t\t\t<p class=\"e-paragraph-base\" data-interaction-id=\"1c0d19c\"  data-e-type=\"widget\" data-id=\"1c0d19c\">\n\t\t\t\t\t\t\t<a\n\t\t\t\t\thref=\"https:\/\/audiowo.com\/es\/terminos-y-condiciones-generales\/\" target=\"_self\"\n\t\t\t\t\tclass=\"e-paragraph-link-base\"\n\t\t\t\t>\n\t\t\t\t\t\t\ud83d\udcc4 T\u00e9rminos y condiciones generales Estos t\u00e9rminos regulan el uso general de nuestros sitios web, plataformas y servicios digitales, incluido el acceso, los pagos y las responsabilidades de los usuarios.\n\t\t\t\t<\/a>\n\t\t\t\t\t<\/p>\n\t\t\t\t\t<\/div>\n\t\t\t\t<\/div>\n\t\t<div class=\"elementor-element elementor-element-b1c872e e-flex e-con-boxed e-con e-parent\" data-id=\"b1c872e\" data-element_type=\"container\" data-e-type=\"container\">\n\t\t\t\t\t<div class=\"e-con-inner\">\n\t\t\t\t\t\t\t\t<p class=\"e-paragraph-base\" data-interaction-id=\"6cc148a\"  data-e-type=\"widget\" data-id=\"6cc148a\">\n\t\t\t\t\t\t\t<a\n\t\t\t\t\thref=\"https:\/\/audiowo.com\/es\/politica-de-privacidad\/\" target=\"_self\"\n\t\t\t\t\tclass=\"e-paragraph-link-base\"\n\t\t\t\t>\n\t\t\t\t\t\t\ud83d\udd10 Pol\u00edtica de privacidad Nuestra Pol\u00edtica de privacidad explica c\u00f3mo recopilamos, tratamos y protegemos los datos personales de conformidad con el Reglamento General de Protecci\u00f3n de Datos (RGPD) y la legislaci\u00f3n aplicable.\n\t\t\t\t<\/a>\n\t\t\t\t\t<\/p>\n\t\t\t\t\t<\/div>\n\t\t\t\t<\/div>\n\t\t<div class=\"elementor-element elementor-element-9faa98e e-flex e-con-boxed e-con e-parent\" data-id=\"9faa98e\" data-element_type=\"container\" data-e-type=\"container\">\n\t\t\t\t\t<div class=\"e-con-inner\">\n\t\t\t\t\t\t\t\t<p class=\"e-paragraph-base\" data-interaction-id=\"adb4ca5\"  data-e-type=\"widget\" data-id=\"adb4ca5\">\n\t\t\t\t\t\t\t<a\n\t\t\t\t\thref=\"https:\/\/audiowo.com\/legal\/cookie-policy\/\" target=\"_self\"\n\t\t\t\t\tclass=\"e-paragraph-link-base\"\n\t\t\t\t>\n\t\t\t\t\t\t\ud83c\udf6a Pol\u00edtica de cookies Nuestra Pol\u00edtica de cookies explica el uso de cookies necesarias y de anal\u00edtica, y c\u00f3mo los visitantes pueden gestionar sus preferencias de cookies.\n\t\t\t\t<\/a>\n\t\t\t\t\t<\/p>\n\t\t\t\t\t<\/div>\n\t\t\t\t<\/div>\n\t\t<div class=\"elementor-element elementor-element-e6668c4 e-flex e-con-boxed e-con e-parent\" data-id=\"e6668c4\" data-element_type=\"container\" data-e-type=\"container\">\n\t\t\t\t\t<div class=\"e-con-inner\">\n\t\t\t\t\t\t\t\t<p class=\"e-paragraph-base\" data-interaction-id=\"aa563ab\"  data-e-type=\"widget\" data-id=\"aa563ab\">\n\t\t\t\t\t\t\t<a\n\t\t\t\t\thref=\"https:\/\/audiowo.com\/es\/acuerdo-de-licencia-de-musica-comercial\/\" target=\"_self\"\n\t\t\t\t\tclass=\"e-paragraph-link-base\"\n\t\t\t\t>\n\t\t\t\t\t\t\ud83c\udfb5 Acuerdo de licencia de m\u00fasica comercial Este acuerdo define los t\u00e9rminos en los que las empresas pueden utilizar la m\u00fasica de fondo con licencia proporcionada a trav\u00e9s de nuestras plataformas, incluido el uso permitido, las restricciones y la duraci\u00f3n.\n\t\t\t\t<\/a>\n\t\t\t\t\t<\/p>\n\t\t\t\t\t<\/div>\n\t\t\t\t<\/div>\n\t\t<div class=\"elementor-element elementor-element-ebd5358 e-flex e-con-boxed e-con e-parent\" data-id=\"ebd5358\" data-element_type=\"container\" data-e-type=\"container\">\n\t\t\t\t\t<div class=\"e-con-inner\">\n\t\t\t\t\t\t\t\t<p class=\"e-paragraph-base\" data-interaction-id=\"b8979ee\"  data-e-type=\"widget\" data-id=\"b8979ee\">\n\t\t\t\t\t\t\t<a\n\t\t\t\t\thref=\"https:\/\/audiowo.com\/es\/acuerdo-de-contribucion-de-musica-promocional\/\" target=\"_self\"\n\t\t\t\t\tclass=\"e-paragraph-link-base\"\n\t\t\t\t>\n\t\t\t\t\t\t\ud83c\udfa7 Acuerdo de contribuci\u00f3n musical promocional (artistas) Este acuerdo se aplica a los artistas y titulares de derechos que env\u00edan m\u00fasica para su inclusi\u00f3n promocional en nuestras plataformas y en lanzamientos de recopilatorios.\n\t\t\t\t<\/a>\n\t\t\t\t\t<\/p>\n\t\t\t\t\t<\/div>\n\t\t\t\t<\/div>\n\t\t<div class=\"elementor-element elementor-element-2edecb2 e-flex e-con-boxed e-con e-parent\" data-id=\"2edecb2\" data-element_type=\"container\" data-e-type=\"container\">\n\t\t\t\t\t<div class=\"e-con-inner\">\n\t\t\t\t\t\t\t\t<p class=\"e-paragraph-base\" data-interaction-id=\"7e3466e\"  data-e-type=\"widget\" data-id=\"7e3466e\">\n\t\t\t\t\t\t\t\tJurisdicci\u00f3n y aplicabilidad: Salvo que se indique lo contrario, todos los documentos legales se rigen por las leyes de <strong>Espa\u00f1a<\/strong> y se aplican a usuarios de todo el mundo.\n\t\t\t\t\t<\/p>\n\t\t\t\t\t<\/div>\n\t\t\t\t<\/div>\n\t\t<div class=\"elementor-element elementor-element-a6ce8fc e-flex e-con-boxed e-con e-parent\" data-id=\"a6ce8fc\" data-element_type=\"container\" data-e-type=\"container\">\n\t\t\t\t\t<div class=\"e-con-inner\">\n\t\t\t\t\t\t\t\t<p class=\"e-paragraph-base\" data-interaction-id=\"fa43eb2\"  data-e-type=\"widget\" data-id=\"fa43eb2\">\n\t\t\t\t\t\t\t<a\n\t\t\t\t\thref=\"https:\/\/audiowo.com\/es\/contactenos\/\" target=\"_self\"\n\t\t\t\t\tclass=\"e-paragraph-link-base\"\n\t\t\t\t>\n\t\t\t\t\t\tContacto Para consultas legales o relacionadas con la privacidad, p\u00f3ngase en contacto con nosotros a trav\u00e9s de los datos facilitados en nuestro sitio web.\n\t\t\t\t<\/a>\n\t\t\t\t\t<\/p>\n\t\t\t\t\t<\/div>\n\t\t\t\t<\/div>\n\t\t\t\t<\/div>\n\t\t","protected":false},"excerpt":{"rendered":"<p>Aviso legal Esta p\u00e1gina proporciona acceso a todos los documentos legales relacionados con los sitios web y servicios operados por Fidelis Marketing Group S.L., incluidas sus plataformas de licencias musicales y servicios promocionales. Recomendamos a todos los visitantes, clientes y colaboradores que revisen detenidamente los documentos legales aplicables que se enumeran a continuaci\u00f3n. \ud83d\udcc4 T\u00e9rminos [&hellip;]<\/p>\n","protected":false},"author":1,"featured_media":0,"parent":0,"menu_order":0,"comment_status":"closed","ping_status":"closed","template":"elementor_header_footer","meta":{"_acf_changed":false,"footnotes":""},"class_list":["post-8422","page","type-page","status-publish","hentry"],"acf":[],"_links":{"self":[{"href":"https:\/\/audiowo.com\/es\/wp-json\/wp\/v2\/pages\/8422","targetHints":{"allow":["GET"]}}],"collection":[{"href":"https:\/\/audiowo.com\/es\/wp-json\/wp\/v2\/pages"}],"about":[{"href":"https:\/\/audiowo.com\/es\/wp-json\/wp\/v2\/types\/page"}],"author":[{"embeddable":true,"href":"https:\/\/audiowo.com\/es\/wp-json\/wp\/v2\/users\/1"}],"replies":[{"embeddable":true,"href":"https:\/\/audiowo.com\/es\/wp-json\/wp\/v2\/comments?post=8422"}],"version-history":[{"count":0,"href":"https:\/\/audiowo.com\/es\/wp-json\/wp\/v2\/pages\/8422\/revisions"}],"wp:attachment":[{"href":"https:\/\/audiowo.com\/es\/wp-json\/wp\/v2\/media?parent=8422"}],"curies":[{"name":"wp","href":"https:\/\/api.w.org\/{rel}","templated":true}]}}