{"id":8283,"date":"2026-04-08T13:05:41","date_gmt":"2026-04-08T11:05:41","guid":{"rendered":"https:\/\/audiowo.com\/eritellimusel-valmistatud\/"},"modified":"2026-04-09T17:27:21","modified_gmt":"2026-04-09T15:27:21","slug":"eritellimusel-valmistatud","status":"publish","type":"page","link":"https:\/\/audiowo.com\/et\/eritellimusel-valmistatud\/","title":{"rendered":"Eritellimusel valmistatud"},"content":{"rendered":"\t\t<div data-elementor-type=\"wp-page\" data-elementor-id=\"8283\" class=\"elementor elementor-8283 elementor-5263\" data-elementor-post-type=\"page\">\n\t\t\t\t<div class=\"elementor-element elementor-element-7afe304 e-flex e-con-boxed e-con e-parent\" data-id=\"7afe304\" data-element_type=\"container\" data-e-type=\"container\">\n\t\t\t\t\t<div class=\"e-con-inner\">\n\t\t\t\t<div class=\"elementor-element elementor-element-d711f11 elementor-widget elementor-widget-heading\" data-id=\"d711f11\" data-element_type=\"widget\" data-e-type=\"widget\" data-widget_type=\"heading.default\">\n\t\t\t\t\t<h1 class=\"elementor-heading-title elementor-size-default\">Eritellimusel muusikapalad<\/h1>\t\t\t\t<\/div>\n\t\t\t\t\t<\/div>\n\t\t\t\t<\/div>\n\t\t<div class=\"elementor-element elementor-element-b3a24c1 e-flex e-con-boxed e-con e-parent\" data-id=\"b3a24c1\" data-element_type=\"container\" data-e-type=\"container\">\n\t\t\t\t\t<div class=\"e-con-inner\">\n\t\t\t\t<div class=\"elementor-element elementor-element-958aea1 elementor-widget elementor-widget-heading\" data-id=\"958aea1\" data-element_type=\"widget\" data-e-type=\"widget\" data-widget_type=\"heading.default\">\n\t\t\t\t\t<h3 class=\"elementor-heading-title elementor-size-default\">Teie visiooni ja br\u00e4ndi j\u00e4rgi kohandatud<\/h3>\t\t\t\t<\/div>\n\t\t\t\t\t<\/div>\n\t\t\t\t<\/div>\n\t\t<div class=\"elementor-element elementor-element-11b1652 e-flex e-con-boxed e-con e-parent\" data-id=\"11b1652\" data-element_type=\"container\" data-e-type=\"container\">\n\t\t\t\t\t<div class=\"e-con-inner\">\n\t\t<div class=\"elementor-element elementor-element-dedd173 e-con-full e-flex e-con e-child\" data-id=\"dedd173\" data-element_type=\"container\" data-e-type=\"container\">\n\t\t\t\t<div class=\"elementor-element elementor-element-f6ccb80 elementor-widget elementor-widget-text-editor\" data-id=\"f6ccb80\" data-element_type=\"widget\" data-e-type=\"widget\" data-widget_type=\"text-editor.default\">\n\t\t\t\t\t\t\t\t\t<h3 data-section-id=\"yc8960\" data-start=\"398\" data-end=\"445\">Eritellimusmuusika<\/h3><p data-start=\"447\" data-end=\"686\">Kas otsite unikaalset muusikapala, mis sobib ideaalselt Teie idee, br\u00e4ndi v\u00f5i projektiga? Audiowos valmib iga pala nullist eritellimusena variprodutsent Don Fidelise k\u00e4e all, tagades originaalsuse, kvaliteedi ja heli, mis t\u00f5eliselt silma paistab. <\/p><p data-start=\"688\" data-end=\"705\">Kas vajate:<\/p><ul data-start=\"706\" data-end=\"946\"><li data-section-id=\"1jk1log\" data-start=\"706\" data-end=\"774\">Konkreetset \u017eanrit (EDM, pop, hip-hop, kinolik, ambient jne)<\/li><li data-section-id=\"z43kc4\" data-start=\"775\" data-end=\"807\">T\u00e4ielikult instrumentaalset pala<\/li><li data-section-id=\"19ebevm\" data-start=\"808\" data-end=\"835\">Mees- v\u00f5i naisvokaali<\/li><li data-section-id=\"xa32kv\" data-start=\"836\" data-end=\"894\">Muusikat br\u00e4ndinguks, reklaamiks v\u00f5i ettev\u00f5tte identiteedi jaoks<\/li><li data-section-id=\"16sjc85\" data-start=\"895\" data-end=\"946\">V\u00f5i pala, mis p\u00f5hineb konkreetsel teemal v\u00f5i lool<\/li><li data-section-id=\"16sjc85\" data-start=\"895\" data-end=\"946\">Mis tahes keeles<\/li><\/ul><p data-start=\"948\" data-end=\"1007\">Peaaegu iga m\u00f5istliku kontseptsiooni saab muusikasse t\u00f5lkida.<\/p><h4 data-section-id=\"10gtqvy\" data-start=\"1009\" data-end=\"1039\">Toetatud kogemuse ja tehisintellekti poolt<\/h4><p data-start=\"1041\" data-end=\"1161\">Aastatepikkuse produktsioonikogemusega Don Fidelis integreerib n\u00fc\u00fcd t\u00f6\u00f6voogu t\u00e4iustatud tehisintellekti t\u00f6\u00f6riistu. See v\u00f5imaldab: <\/p><ul data-start=\"1162\" data-end=\"1265\"><li data-section-id=\"ngut33\" data-start=\"1162\" data-end=\"1190\">Kiiremaid produktsioonits\u00fckleid<\/li><li data-section-id=\"1gsr04c\" data-start=\"1191\" data-end=\"1223\">Suuremat loomingulist paindlikkust<\/li><li data-section-id=\"18f8q\" data-start=\"1224\" data-end=\"1265\">Viimistletumat ja mitmekesisemat helidisaini<\/li><\/ul><p data-start=\"1267\" data-end=\"1366\">Tulemus: k\u00f5rgema kvaliteediga muusika, mis tarnitakse t\u00f5husalt, tegemata j\u00e4releandmisi kunstilises kontrollis.<\/p><h4 data-section-id=\"u4dr43\" data-start=\"1368\" data-end=\"1398\">Professionaalne helikvaliteet<\/h4><p data-start=\"1400\" data-end=\"1471\">Iga pala on professionaalselt miksitud ja masterdatud vastavalt t\u00f6\u00f6stusstandarditele:<\/p><ul data-start=\"1472\" data-end=\"1529\"><li data-section-id=\"lf88k\" data-start=\"1472\" data-end=\"1500\">Integreeritud LUFS: ~12<\/li><li data-section-id=\"1xy6v74\" data-start=\"1501\" data-end=\"1529\">L\u00fchiajaline LUFS: ~10<\/li><\/ul><p data-start=\"1531\" data-end=\"1615\">See tagab, et Teie muusika k\u00f5lab v\u00f5imsalt, selgelt ja \u00fchtlaselt k\u00f5igil platvormidel.<\/p><h4 data-section-id=\"nq0mmo\" data-start=\"1617\" data-end=\"1645\">Miks valida eritellimusmuusika?<\/h4><ul data-start=\"1647\" data-end=\"1849\"><li data-section-id=\"sf6ua5\" data-start=\"1647\" data-end=\"1693\">100% unikaalne \u2014 ei mingit valmistoodangut ega taaskasutatud sisu<\/li><li data-section-id=\"vuf1xl\" data-start=\"1694\" data-end=\"1746\">T\u00e4ielikult koosk\u00f5las Teie visiooni v\u00f5i br\u00e4ndi identiteediga<\/li><li data-section-id=\"1mos9vp\" data-start=\"1747\" data-end=\"1784\">Paindlik erinevate \u017eanrite ja stiilide l\u00f5ikes<\/li><li data-section-id=\"1c7ouvu\" data-start=\"1785\" data-end=\"1849\">Sobib kommertskasutuseks, turunduseks v\u00f5i isiklikeks projektideks<\/li><\/ul>\t\t\t\t\t\t\t\t<\/div>\n\t\t\t\t<\/div>\n\t\t<div class=\"elementor-element elementor-element-435755d e-con-full e-flex e-con e-child\" data-id=\"435755d\" data-element_type=\"container\" data-e-type=\"container\">\n\t\t\t\t<div class=\"elementor-element elementor-element-625eccd elementor-grid-1 elementor-product-loop-item--align-center elementor-grid-tablet-3 elementor-grid-mobile-2 elementor-products-grid elementor-wc-products elementor-widget elementor-widget-woocommerce-products\" data-id=\"625eccd\" data-element_type=\"widget\" data-e-type=\"widget\" data-widget_type=\"woocommerce-products.default\">\n\t\t\t\t<div class=\"elementor-widget-container\">\n\t\t\t\t\t<div class=\"woocommerce columns-1 \"><ul class=\"products elementor-grid columns-1\">\n<li class=\"product type-product post-8224 status-publish first instock product_cat-kategoriseerimata has-post-thumbnail taxable shipping-taxable purchasable product-type-simple\">\n\t<a href=\"https:\/\/audiowo.com\/et\/toode\/eritellimusel-muusikapala\/\" class=\"woocommerce-LoopProduct-link woocommerce-loop-product__link\"><img fetchpriority=\"high\" decoding=\"async\" width=\"300\" height=\"300\" src=\"https:\/\/audiowo.com\/wp-content\/uploads\/2026\/04\/Custom-made-music-track-Audiowo-Don-Fidelis-300x300.webp\" class=\"attachment-woocommerce_thumbnail size-woocommerce_thumbnail\" alt=\"Custom made music track - Audiowo - Don Fidelis\" srcset=\"https:\/\/audiowo.com\/wp-content\/uploads\/2026\/04\/Custom-made-music-track-Audiowo-Don-Fidelis-300x300.webp 300w, https:\/\/audiowo.com\/wp-content\/uploads\/2026\/04\/Custom-made-music-track-Audiowo-Don-Fidelis-150x150.webp 150w, https:\/\/audiowo.com\/wp-content\/uploads\/2026\/04\/Custom-made-music-track-Audiowo-Don-Fidelis-768x768.webp 768w, https:\/\/audiowo.com\/wp-content\/uploads\/2026\/04\/Custom-made-music-track-Audiowo-Don-Fidelis-600x600.webp 600w, https:\/\/audiowo.com\/wp-content\/uploads\/2026\/04\/Custom-made-music-track-Audiowo-Don-Fidelis-100x100.webp 100w, https:\/\/audiowo.com\/wp-content\/uploads\/2026\/04\/Custom-made-music-track-Audiowo-Don-Fidelis.webp 800w\" sizes=\"(max-width: 300px) 100vw, 300px\" \/><h2 class=\"woocommerce-loop-product__title\">Eritellimusel muusikapala<\/h2>\n\t<span class=\"price\"><span class=\"woocommerce-Price-amount amount\"><bdi>300,00&nbsp;<span class=\"woocommerce-Price-currencySymbol\">&euro;<\/span><\/bdi><\/span><\/span>\n<\/a><a href=\"\/et\/wp-json\/wp\/v2\/pages\/8283?add-to-cart=8224\" aria-describedby=\"woocommerce_loop_add_to_cart_link_describedby_8224\" data-quantity=\"1\" class=\"button product_type_simple add_to_cart_button ajax_add_to_cart\" data-product_id=\"8224\" data-product_sku=\"\" aria-label=\"Add to cart: &ldquo;Eritellimusel muusikapala&rdquo;\" rel=\"nofollow\" data-success_message=\"\u201eEritellimusel muusikapala\u201c on lisatud teie ostukorvi\" role=\"button\">Lisa korvi<\/a>\t<span id=\"woocommerce_loop_add_to_cart_link_describedby_8224\" class=\"screen-reader-text\">\n\t\t\t<\/span>\n<\/li>\n<\/ul>\n<\/div>\t\t\t\t<\/div>\n\t\t\t\t<\/div>\n\t\t\t\t<\/div>\n\t\t\t\t\t<\/div>\n\t\t\t\t<\/div>\n\t\t\t\t<\/div>\n\t\t","protected":false},"excerpt":{"rendered":"<p>Eritellimusel muusikapalad Teie visiooni ja br\u00e4ndi j\u00e4rgi kohandatud Eritellimusmuusika Kas otsite unikaalset muusikapala, mis sobib ideaalselt Teie idee, br\u00e4ndi v\u00f5i projektiga? Audiowos valmib iga pala nullist eritellimusena variprodutsent Don Fidelise k\u00e4e all, tagades originaalsuse, kvaliteedi ja heli, mis t\u00f5eliselt silma paistab. Kas vajate: Konkreetset \u017eanrit (EDM, pop, hip-hop, kinolik, ambient jne) T\u00e4ielikult instrumentaalset pala Mees- [&hellip;]<\/p>\n","protected":false},"author":1,"featured_media":0,"parent":0,"menu_order":0,"comment_status":"closed","ping_status":"closed","template":"elementor_header_footer","meta":{"_acf_changed":false,"footnotes":""},"class_list":["post-8283","page","type-page","status-publish","hentry"],"acf":[],"_links":{"self":[{"href":"https:\/\/audiowo.com\/et\/wp-json\/wp\/v2\/pages\/8283","targetHints":{"allow":["GET"]}}],"collection":[{"href":"https:\/\/audiowo.com\/et\/wp-json\/wp\/v2\/pages"}],"about":[{"href":"https:\/\/audiowo.com\/et\/wp-json\/wp\/v2\/types\/page"}],"author":[{"embeddable":true,"href":"https:\/\/audiowo.com\/et\/wp-json\/wp\/v2\/users\/1"}],"replies":[{"embeddable":true,"href":"https:\/\/audiowo.com\/et\/wp-json\/wp\/v2\/comments?post=8283"}],"version-history":[{"count":0,"href":"https:\/\/audiowo.com\/et\/wp-json\/wp\/v2\/pages\/8283\/revisions"}],"wp:attachment":[{"href":"https:\/\/audiowo.com\/et\/wp-json\/wp\/v2\/media?parent=8283"}],"curies":[{"name":"wp","href":"https:\/\/api.w.org\/{rel}","templated":true}]}}