{"id":8362,"date":"2026-02-07T16:24:33","date_gmt":"2026-02-07T15:24:33","guid":{"rendered":"https:\/\/audiowo.com\/uldtingimused\/"},"modified":"2026-04-09T17:31:49","modified_gmt":"2026-04-09T15:31:49","slug":"uldtingimused","status":"publish","type":"page","link":"https:\/\/audiowo.com\/et\/oiguslik-teave\/uldtingimused\/","title":{"rendered":"\u00dcldtingimused"},"content":{"rendered":"\t\t<div data-elementor-type=\"wp-page\" data-elementor-id=\"8362\" class=\"elementor elementor-8362 elementor-50\" data-elementor-post-type=\"page\">\n\t\t\t\t<div class=\"elementor-element elementor-element-c59cca5 e-flex e-con-boxed e-con e-parent\" data-id=\"c59cca5\" data-element_type=\"container\" data-e-type=\"container\">\n\t\t\t\t\t<div class=\"e-con-inner\">\n\t\t\t\t<div class=\"elementor-element elementor-element-cc421cf elementor-widget elementor-widget-heading\" data-id=\"cc421cf\" data-element_type=\"widget\" data-e-type=\"widget\" data-widget_type=\"heading.default\">\n\t\t\t\t\t<h1 class=\"elementor-heading-title elementor-size-default\">\u00dcldtingimused<\/h1>\t\t\t\t<\/div>\n\t\t\t\t\t<\/div>\n\t\t\t\t<\/div>\n\t\t<div class=\"elementor-element elementor-element-4617e24 e-flex e-con-boxed e-con e-parent\" data-id=\"4617e24\" data-element_type=\"container\" data-e-type=\"container\">\n\t\t\t\t\t<div class=\"e-con-inner\">\n\t\t\t\t\t\t\t<h4 \n\t\tdata-interaction-id=\"a033120\" \n\t\tclass=\"e-heading-base\" \n\t\t \n\t\tdata-e-type=\"widget\" data-id=\"a033120\"\n\t>\n\t\n\t\t\t1. Ettev\u00f5tte andmed\n\t\t<\/h4>\n\t\t\t\t\t<\/div>\n\t\t\t\t<\/div>\n\t\t<div class=\"elementor-element elementor-element-c63537f e-flex e-con-boxed e-con e-parent\" data-id=\"c63537f\" data-element_type=\"container\" data-e-type=\"container\">\n\t\t\t\t\t<div class=\"e-con-inner\">\n\t\t\t\t\t\t\t\t<p class=\"e-paragraph-base\" data-interaction-id=\"0ffbea5\"  data-e-type=\"widget\" data-id=\"0ffbea5\">\n\t\t\t\t\t\t\t\tSeda veebisaiti haldab: <strong>Fidelis Marketing Group S.L.<\/strong><br>Tegutsevad kaubam\u00e4rgid: <strong>audiowo.com<\/strong>, <strong>escuchargratis.es<\/strong><br>Registreeritud Hispaanias<br>(\u201eEttev\u00f5te\u201c, \u201emeie\u201c)\n\t\t\t\t\t<\/p>\n\t\t\t\t\t<\/div>\n\t\t\t\t<\/div>\n\t\t<div class=\"elementor-element elementor-element-02875e6 e-flex e-con-boxed e-con e-parent\" data-id=\"02875e6\" data-element_type=\"container\" data-e-type=\"container\">\n\t\t\t\t\t<div class=\"e-con-inner\">\n\t\t\t\t\t\t\t<h4 \n\t\tdata-interaction-id=\"300ad99\" \n\t\tclass=\"e-heading-base\" \n\t\t \n\t\tdata-e-type=\"widget\" data-id=\"300ad99\"\n\t>\n\t\n\t\t\t2. Kohaldamisala\n\t\t<\/h4>\n\t\t\t\t\t<\/div>\n\t\t\t\t<\/div>\n\t\t<div class=\"elementor-element elementor-element-acb2627 e-flex e-con-boxed e-con e-parent\" data-id=\"acb2627\" data-element_type=\"container\" data-e-type=\"container\">\n\t\t\t\t\t<div class=\"e-con-inner\">\n\t\t\t\t\t\t\t\t<p class=\"e-paragraph-base\" data-interaction-id=\"5e831b1\"  data-e-type=\"widget\" data-id=\"5e831b1\">\n\t\t\t\t\t\t\t\tK\u00e4esolevad \u00fcldtingimused reguleerivad selle veebisaidi ja k\u00f5igi pakutavate teenuste kasutamist, sealhulgas: kommertsmuusika tellimused, muusika litsentsimine \u00e4riklientidele, artistide muusika esitamine, juurdep\u00e4\u00e4s digitaalsele sisule. Veebisaidile sisenemisel v\u00f5i selle kasutamisel n\u00f5ustute k\u00e4esolevate tingimustega.\n\t\t\t\t\t<\/p>\n\t\t\t\t\t<\/div>\n\t\t\t\t<\/div>\n\t\t<div class=\"elementor-element elementor-element-41feb29 e-flex e-con-boxed e-con e-parent\" data-id=\"41feb29\" data-element_type=\"container\" data-e-type=\"container\">\n\t\t\t\t\t<div class=\"e-con-inner\">\n\t\t\t\t\t\t\t<h4 \n\t\tdata-interaction-id=\"02bb3f4\" \n\t\tclass=\"e-heading-base\" \n\t\t \n\t\tdata-e-type=\"widget\" data-id=\"02bb3f4\"\n\t>\n\t\n\t\t\t3. Teenused\n\t\t<\/h4>\n\t\t\t\t\t<\/div>\n\t\t\t\t<\/div>\n\t\t<div class=\"elementor-element elementor-element-456f098 e-flex e-con-boxed e-con e-parent\" data-id=\"456f098\" data-element_type=\"container\" data-e-type=\"container\">\n\t\t\t\t\t<div class=\"e-con-inner\">\n\t\t\t\t\t\t\t\t<p class=\"e-paragraph-base\" data-interaction-id=\"e9063de\"  data-e-type=\"widget\" data-id=\"e9063de\">\n\t\t\t\t\t\t\t\tEttev\u00f5te pakub juurdep\u00e4\u00e4su originaalmuusikale, mis on litsentsitud ettev\u00f5tetele \u00e4riliseks taustakasutuseks. Kogu litsentsitud muusika: ei ole registreeritud \u00fcheski esitus\u00f5iguste organisatsioonis (PRO), on litsentsitud vastavalt ostu v\u00f5i esitamise ajal aktsepteeritud erilepingutele.\n\t\t\t\t\t<\/p>\n\t\t\t\t\t<\/div>\n\t\t\t\t<\/div>\n\t\t<div class=\"elementor-element elementor-element-076f2ef e-flex e-con-boxed e-con e-parent\" data-id=\"076f2ef\" data-element_type=\"container\" data-e-type=\"container\">\n\t\t\t\t\t<div class=\"e-con-inner\">\n\t\t\t\t\t\t\t<h4 \n\t\tdata-interaction-id=\"075af63\" \n\t\tclass=\"e-heading-base\" \n\t\t \n\t\tdata-e-type=\"widget\" data-id=\"075af63\"\n\t>\n\t\n\t\t\t4. Kommertslitsentsid\n\t\t<\/h4>\n\t\t\t\t\t<\/div>\n\t\t\t\t<\/div>\n\t\t<div class=\"elementor-element elementor-element-5debfa4 e-flex e-con-boxed e-con e-parent\" data-id=\"5debfa4\" data-element_type=\"container\" data-e-type=\"container\">\n\t\t\t\t\t<div class=\"e-con-inner\">\n\t\t\t\t\t\t\t\t<p class=\"e-paragraph-base\" data-interaction-id=\"5459fce\"  data-e-type=\"widget\" data-id=\"5459fce\">\n\t\t\t\t\t\t\t<a\n\t\t\t\t\thref=\"https:\/\/audiowo.com\/commercial-music-licence-agreement\/\" target=\"_self\"\n\t\t\t\t\tclass=\"e-paragraph-link-base\"\n\t\t\t\t>\n\t\t\t\t\t\tLitsentsitud muusika kasutamist reguleerib eranditult kommertsmuusika litsentsileping, mis aktsepteeritakse ostu sooritamisel. Tellimused: on aastap\u00f5hised, kui pole m\u00e4rgitud teisiti; ei ole edasiantavad; kehtivad ainult ostetud asukohtade arvu kohta.\n\t\t\t\t<\/a>\n\t\t\t\t\t<\/p>\n\t\t\t\t\t<\/div>\n\t\t\t\t<\/div>\n\t\t<div class=\"elementor-element elementor-element-73fd662 e-flex e-con-boxed e-con e-parent\" data-id=\"73fd662\" data-element_type=\"container\" data-e-type=\"container\">\n\t\t\t\t\t<div class=\"e-con-inner\">\n\t\t\t\t\t\t\t<h4 \n\t\tdata-interaction-id=\"a98afcd\" \n\t\tclass=\"e-heading-base\" \n\t\t \n\t\tdata-e-type=\"widget\" data-id=\"a98afcd\"\n\t>\n\t\n\t\t\t5. Artistide panus\n\t\t<\/h4>\n\t\t\t\t\t<\/div>\n\t\t\t\t<\/div>\n\t\t<div class=\"elementor-element elementor-element-4a91aa9 e-flex e-con-boxed e-con e-parent\" data-id=\"4a91aa9\" data-element_type=\"container\" data-e-type=\"container\">\n\t\t\t\t\t<div class=\"e-con-inner\">\n\t\t\t\t\t\t\t\t<p class=\"e-paragraph-base\" data-interaction-id=\"964a47b\"  data-e-type=\"widget\" data-id=\"964a47b\">\n\t\t\t\t\t\t\t<a\n\t\t\t\t\thref=\"https:\/\/audiowo.com\/promotional-music-contribution-agreement\/\" target=\"_self\"\n\t\t\t\t\tclass=\"e-paragraph-link-base\"\n\t\t\t\t>\n\t\t\t\t\t\tMuusikat esitavad artistid n\u00f5ustuvad reklammmuusika panustamise lepinguga, mis reguleerib: \u00f5iguste \u00fcleandmist, esitatud lugude kasutamist, h\u00fcvitise puudumist, reklaami eesm\u00e4rgil levitamist.\n\t\t\t\t<\/a>\n\t\t\t\t\t<\/p>\n\t\t\t\t\t<\/div>\n\t\t\t\t<\/div>\n\t\t<div class=\"elementor-element elementor-element-24e4e7b e-flex e-con-boxed e-con e-parent\" data-id=\"24e4e7b\" data-element_type=\"container\" data-e-type=\"container\">\n\t\t\t\t\t<div class=\"e-con-inner\">\n\t\t\t\t\t\t\t<h4 \n\t\tdata-interaction-id=\"b0cd755\" \n\t\tclass=\"e-heading-base\" \n\t\t \n\t\tdata-e-type=\"widget\" data-id=\"b0cd755\"\n\t>\n\t\n\t\t\t6. Intellektuaalomand\n\t\t<\/h4>\n\t\t\t\t\t<\/div>\n\t\t\t\t<\/div>\n\t\t<div class=\"elementor-element elementor-element-da64f05 e-flex e-con-boxed e-con e-parent\" data-id=\"da64f05\" data-element_type=\"container\" data-e-type=\"container\">\n\t\t\t\t\t<div class=\"e-con-inner\">\n\t\t\t\t\t\t\t\t<p class=\"e-paragraph-base\" data-interaction-id=\"fafe4f4\"  data-e-type=\"widget\" data-id=\"fafe4f4\">\n\t\t\t\t\t\t\t\tKogu veebisaidil olev sisu on kaitstud intellektuaalomandi seadustega. Volitamata kasutamine, kopeerimine v\u00f5i levitamine on keelatud.\n\t\t\t\t\t<\/p>\n\t\t\t\t\t<\/div>\n\t\t\t\t<\/div>\n\t\t<div class=\"elementor-element elementor-element-46c59d8 e-flex e-con-boxed e-con e-parent\" data-id=\"46c59d8\" data-element_type=\"container\" data-e-type=\"container\">\n\t\t\t\t\t<div class=\"e-con-inner\">\n\t\t\t\t\t\t\t<h4 \n\t\tdata-interaction-id=\"b927a10\" \n\t\tclass=\"e-heading-base\" \n\t\t \n\t\tdata-e-type=\"widget\" data-id=\"b927a10\"\n\t>\n\t\n\t\t\t7. Maksed ja arveldamine\n\t\t<\/h4>\n\t\t\t\t\t<\/div>\n\t\t\t\t<\/div>\n\t\t<div class=\"elementor-element elementor-element-4a52b33 e-flex e-con-boxed e-con e-parent\" data-id=\"4a52b33\" data-element_type=\"container\" data-e-type=\"container\">\n\t\t\t\t\t<div class=\"e-con-inner\">\n\t\t\t\t\t\t\t\t<p class=\"e-paragraph-base\" data-interaction-id=\"ea80fd1\"  data-e-type=\"widget\" data-id=\"ea80fd1\">\n\t\t\t\t\t\t\t\tMakseid t\u00f6\u00f6deldakse turvaliste kolmandatest isikutest teenusepakkujate kaudu. Ettev\u00f5te j\u00e4tab endale \u00f5iguse: muuta hinnakirja, peatada juurdep\u00e4\u00e4s maksmata j\u00e4tmise korral.\n\t\t\t\t\t<\/p>\n\t\t\t\t\t<\/div>\n\t\t\t\t<\/div>\n\t\t<div class=\"elementor-element elementor-element-37258ce e-flex e-con-boxed e-con e-parent\" data-id=\"37258ce\" data-element_type=\"container\" data-e-type=\"container\">\n\t\t\t\t\t<div class=\"e-con-inner\">\n\t\t\t\t\t\t\t<h4 \n\t\tdata-interaction-id=\"3a0a1a4\" \n\t\tclass=\"e-heading-base\" \n\t\t \n\t\tdata-e-type=\"widget\" data-id=\"3a0a1a4\"\n\t>\n\t\n\t\t\t8. Vastutus\n\t\t<\/h4>\n\t\t\t\t\t<\/div>\n\t\t\t\t<\/div>\n\t\t<div class=\"elementor-element elementor-element-621b293 e-flex e-con-boxed e-con e-parent\" data-id=\"621b293\" data-element_type=\"container\" data-e-type=\"container\">\n\t\t\t\t\t<div class=\"e-con-inner\">\n\t\t\t\t\t\t\t\t<p class=\"e-paragraph-base\" data-interaction-id=\"4d5690e\"  data-e-type=\"widget\" data-id=\"4d5690e\">\n\t\t\t\t\t\t\t\tEttev\u00f5te ei vastuta: \u00e4rikahjumi, saamata j\u00e4\u00e4nud tulu, kaudse kahju eest. Muusika kasutamine on kasutaja enda vastutusel litsentsitingimuste piires.\n\t\t\t\t\t<\/p>\n\t\t\t\t\t<\/div>\n\t\t\t\t<\/div>\n\t\t<div class=\"elementor-element elementor-element-a8a9206 e-flex e-con-boxed e-con e-parent\" data-id=\"a8a9206\" data-element_type=\"container\" data-e-type=\"container\">\n\t\t\t\t\t<div class=\"e-con-inner\">\n\t\t\t\t\t\t\t<h4 \n\t\tdata-interaction-id=\"d12364a\" \n\t\tclass=\"e-heading-base\" \n\t\t \n\t\tdata-e-type=\"widget\" data-id=\"d12364a\"\n\t>\n\t\n\t\t\t9. L\u00f5petamine\n\t\t<\/h4>\n\t\t\t\t\t<\/div>\n\t\t\t\t<\/div>\n\t\t<div class=\"elementor-element elementor-element-9d41ed1 e-flex e-con-boxed e-con e-parent\" data-id=\"9d41ed1\" data-element_type=\"container\" data-e-type=\"container\">\n\t\t\t\t\t<div class=\"e-con-inner\">\n\t\t\t\t\t\t\t\t<p class=\"e-paragraph-base\" data-interaction-id=\"a04a37c\"  data-e-type=\"widget\" data-id=\"a04a37c\">\n\t\t\t\t\t\t\t\tEttev\u00f5te v\u00f5ib v\u00e4\u00e4rkasutuse v\u00f5i rikkumise korral juurdep\u00e4\u00e4su peatada v\u00f5i l\u00f5petada.\n\t\t\t\t\t<\/p>\n\t\t\t\t\t<\/div>\n\t\t\t\t<\/div>\n\t\t<div class=\"elementor-element elementor-element-fac78a1 e-flex e-con-boxed e-con e-parent\" data-id=\"fac78a1\" data-element_type=\"container\" data-e-type=\"container\">\n\t\t\t\t\t<div class=\"e-con-inner\">\n\t\t\t\t\t\t\t<h4 \n\t\tdata-interaction-id=\"0e7ff03\" \n\t\tclass=\"e-heading-base\" \n\t\t \n\t\tdata-e-type=\"widget\" data-id=\"0e7ff03\"\n\t>\n\t\n\t\t\t10. Kohaldatav \u00f5igus\n\t\t<\/h4>\n\t\t\t\t\t<\/div>\n\t\t\t\t<\/div>\n\t\t<div class=\"elementor-element elementor-element-096d75d e-flex e-con-boxed e-con e-parent\" data-id=\"096d75d\" data-element_type=\"container\" data-e-type=\"container\">\n\t\t\t\t\t<div class=\"e-con-inner\">\n\t\t\t\t\t\t\t\t<p class=\"e-paragraph-base\" data-interaction-id=\"3699cf9\"  data-e-type=\"widget\" data-id=\"3699cf9\">\n\t\t\t\t\t\t\t\tK\u00e4esolevatele tingimustele kohaldatakse <strong>Hispaania \u00f5igust<\/strong>.<br>Kohtualluvus kuulub Hispaania kohtutele.\n\t\t\t\t\t<\/p>\n\t\t\t\t\t<\/div>\n\t\t\t\t<\/div>\n\t\t\t\t<\/div>\n\t\t","protected":false},"excerpt":{"rendered":"<p>\u00dcldtingimused 1. Ettev\u00f5tte andmed Seda veebisaiti haldab: Fidelis Marketing Group S.L.Tegutsevad kaubam\u00e4rgid: audiowo.com, escuchargratis.esRegistreeritud Hispaanias(\u201eEttev\u00f5te\u201c, \u201emeie\u201c) 2. Kohaldamisala K\u00e4esolevad \u00fcldtingimused reguleerivad selle veebisaidi ja k\u00f5igi pakutavate teenuste kasutamist, sealhulgas: kommertsmuusika tellimused, muusika litsentsimine \u00e4riklientidele, artistide muusika esitamine, juurdep\u00e4\u00e4s digitaalsele sisule. Veebisaidile sisenemisel v\u00f5i selle kasutamisel n\u00f5ustute k\u00e4esolevate tingimustega. 3. Teenused Ettev\u00f5te pakub juurdep\u00e4\u00e4su originaalmuusikale, mis [&hellip;]<\/p>\n","protected":false},"author":1,"featured_media":0,"parent":8445,"menu_order":0,"comment_status":"closed","ping_status":"closed","template":"elementor_header_footer","meta":{"_acf_changed":false,"footnotes":""},"class_list":["post-8362","page","type-page","status-publish","hentry"],"acf":[],"_links":{"self":[{"href":"https:\/\/audiowo.com\/et\/wp-json\/wp\/v2\/pages\/8362","targetHints":{"allow":["GET"]}}],"collection":[{"href":"https:\/\/audiowo.com\/et\/wp-json\/wp\/v2\/pages"}],"about":[{"href":"https:\/\/audiowo.com\/et\/wp-json\/wp\/v2\/types\/page"}],"author":[{"embeddable":true,"href":"https:\/\/audiowo.com\/et\/wp-json\/wp\/v2\/users\/1"}],"replies":[{"embeddable":true,"href":"https:\/\/audiowo.com\/et\/wp-json\/wp\/v2\/comments?post=8362"}],"version-history":[{"count":0,"href":"https:\/\/audiowo.com\/et\/wp-json\/wp\/v2\/pages\/8362\/revisions"}],"up":[{"embeddable":true,"href":"https:\/\/audiowo.com\/et\/wp-json\/wp\/v2\/pages\/8445"}],"wp:attachment":[{"href":"https:\/\/audiowo.com\/et\/wp-json\/wp\/v2\/media?parent=8362"}],"curies":[{"name":"wp","href":"https:\/\/api.w.org\/{rel}","templated":true}]}}