{"id":8445,"date":"2026-02-07T16:40:00","date_gmt":"2026-02-07T15:40:00","guid":{"rendered":"https:\/\/audiowo.com\/oiguslik-teave\/"},"modified":"2026-04-09T17:32:07","modified_gmt":"2026-04-09T15:32:07","slug":"oiguslik-teave","status":"publish","type":"page","link":"https:\/\/audiowo.com\/et\/oiguslik-teave\/","title":{"rendered":"\u00d5iguslik teave"},"content":{"rendered":"\t\t<div data-elementor-type=\"wp-page\" data-elementor-id=\"8445\" class=\"elementor elementor-8445 elementor-58\" data-elementor-post-type=\"page\">\n\t\t\t\t<div class=\"elementor-element elementor-element-480bd68 e-flex e-con-boxed e-con e-parent\" data-id=\"480bd68\" data-element_type=\"container\" data-e-type=\"container\">\n\t\t\t\t\t<div class=\"e-con-inner\">\n\t\t\t\t<div class=\"elementor-element elementor-element-400ae8a elementor-widget elementor-widget-heading\" data-id=\"400ae8a\" data-element_type=\"widget\" data-e-type=\"widget\" data-widget_type=\"heading.default\">\n\t\t\t\t\t<h1 class=\"elementor-heading-title elementor-size-default\">\u00d5iguslik teave<\/h1>\t\t\t\t<\/div>\n\t\t\t\t\t<\/div>\n\t\t\t\t<\/div>\n\t\t<div class=\"elementor-element elementor-element-35d147f e-flex e-con-boxed e-con e-parent\" data-id=\"35d147f\" data-element_type=\"container\" data-e-type=\"container\">\n\t\t\t\t\t<div class=\"e-con-inner\">\n\t\t\t\t\t\t\t\t<p class=\"e-paragraph-base\" data-interaction-id=\"82438c3\"  data-e-type=\"widget\" data-id=\"82438c3\">\n\t\t\t\t\t\t\t\tSee leht pakub juurdep\u00e4\u00e4su k\u00f5ikidele \u00f5iguslikele dokumentidele, mis on seotud ettev\u00f5tte <strong>Fidelis Marketing Group S.L.<\/strong> hallatavate veebisaitide ja teenustega, sealhulgas muusika litsentsimisplatvormide ja reklaamiteenustega. Soovitame k\u00f5igil k\u00fclastajatel, klientidel ja koost\u00f6\u00f6partneritel allpool loetletud asjakohased \u00f5igusdokumendid hoolikalt l\u00e4bi vaadata.\n\t\t\t\t\t<\/p>\n\t\t\t\t\t<\/div>\n\t\t\t\t<\/div>\n\t\t<div class=\"elementor-element elementor-element-cc0df9b e-flex e-con-boxed e-con e-parent\" data-id=\"cc0df9b\" data-element_type=\"container\" data-e-type=\"container\">\n\t\t\t\t\t<div class=\"e-con-inner\">\n\t\t\t\t\t\t\t\t<p class=\"e-paragraph-base\" data-interaction-id=\"1c0d19c\"  data-e-type=\"widget\" data-id=\"1c0d19c\">\n\t\t\t\t\t\t\t<a\n\t\t\t\t\thref=\"https:\/\/audiowo.com\/et\/oiguslik-teave\/uldtingimused\/\" target=\"_self\"\n\t\t\t\t\tclass=\"e-paragraph-link-base\"\n\t\t\t\t>\n\t\t\t\t\t\t\ud83d\udcc4 \u00dcldised kasutustingimusedNeed tingimused reguleerivad meie veebisaitide, platvormide ja digiteenuste \u00fcldist kasutamist, sealhulgas juurdep\u00e4\u00e4su, makseid ja kasutajate kohustusi.\n\t\t\t\t<\/a>\n\t\t\t\t\t<\/p>\n\t\t\t\t\t<\/div>\n\t\t\t\t<\/div>\n\t\t<div class=\"elementor-element elementor-element-b1c872e e-flex e-con-boxed e-con e-parent\" data-id=\"b1c872e\" data-element_type=\"container\" data-e-type=\"container\">\n\t\t\t\t\t<div class=\"e-con-inner\">\n\t\t\t\t\t\t\t\t<p class=\"e-paragraph-base\" data-interaction-id=\"6cc148a\"  data-e-type=\"widget\" data-id=\"6cc148a\">\n\t\t\t\t\t\t\t<a\n\t\t\t\t\thref=\"https:\/\/audiowo.com\/et\/oiguslik-teave\/privaatsuspoliitika\/\" target=\"_self\"\n\t\t\t\t\tclass=\"e-paragraph-link-base\"\n\t\t\t\t>\n\t\t\t\t\t\t\ud83d\udd10 PrivaatsuspoliitikaMeie privaatsuspoliitika selgitab, kuidas me kogume, t\u00f6\u00f6tleme ja kaitseme isikuandmeid koosk\u00f5las isikuandmete kaitse \u00fcldm\u00e4\u00e4ruse (GDPR) ja kohalduvate seadustega.\n\t\t\t\t<\/a>\n\t\t\t\t\t<\/p>\n\t\t\t\t\t<\/div>\n\t\t\t\t<\/div>\n\t\t<div class=\"elementor-element elementor-element-9faa98e e-flex e-con-boxed e-con e-parent\" data-id=\"9faa98e\" data-element_type=\"container\" data-e-type=\"container\">\n\t\t\t\t\t<div class=\"e-con-inner\">\n\t\t\t\t\t\t\t\t<p class=\"e-paragraph-base\" data-interaction-id=\"adb4ca5\"  data-e-type=\"widget\" data-id=\"adb4ca5\">\n\t\t\t\t\t\t\t<a\n\t\t\t\t\thref=\"https:\/\/audiowo.com\/legal\/cookie-policy\/\" target=\"_self\"\n\t\t\t\t\tclass=\"e-paragraph-link-base\"\n\t\t\t\t>\n\t\t\t\t\t\t\ud83c\udf6a K\u00fcpsiste poliitikaMeie k\u00fcpsiste poliitika selgitab vajalike ja anal\u00fc\u00fctiliste k\u00fcpsiste kasutamist ning seda, kuidas k\u00fclastajad saavad oma k\u00fcpsiste eelistusi hallata.\n\t\t\t\t<\/a>\n\t\t\t\t\t<\/p>\n\t\t\t\t\t<\/div>\n\t\t\t\t<\/div>\n\t\t<div class=\"elementor-element elementor-element-e6668c4 e-flex e-con-boxed e-con e-parent\" data-id=\"e6668c4\" data-element_type=\"container\" data-e-type=\"container\">\n\t\t\t\t\t<div class=\"e-con-inner\">\n\t\t\t\t\t\t\t\t<p class=\"e-paragraph-base\" data-interaction-id=\"aa563ab\"  data-e-type=\"widget\" data-id=\"aa563ab\">\n\t\t\t\t\t\t\t<a\n\t\t\t\t\thref=\"https:\/\/audiowo.com\/et\/oiguslik-teave\/kommertskasutuse-muusikalitsentsi-leping\/\" target=\"_self\"\n\t\t\t\t\tclass=\"e-paragraph-link-base\"\n\t\t\t\t>\n\t\t\t\t\t\t\ud83c\udfb5 Kommertsmuusika litsentsilepingSee leping m\u00e4\u00e4ratleb tingimused, mille alusel ettev\u00f5tted tohivad kasutada meie platvormide kaudu pakutavat litsentsitud taustamuusikat, sealhulgas lubatud kasutusviisid, piirangud ja kestus.\n\t\t\t\t<\/a>\n\t\t\t\t\t<\/p>\n\t\t\t\t\t<\/div>\n\t\t\t\t<\/div>\n\t\t<div class=\"elementor-element elementor-element-ebd5358 e-flex e-con-boxed e-con e-parent\" data-id=\"ebd5358\" data-element_type=\"container\" data-e-type=\"container\">\n\t\t\t\t\t<div class=\"e-con-inner\">\n\t\t\t\t\t\t\t\t<p class=\"e-paragraph-base\" data-interaction-id=\"b8979ee\"  data-e-type=\"widget\" data-id=\"b8979ee\">\n\t\t\t\t\t\t\t<a\n\t\t\t\t\thref=\"https:\/\/audiowo.com\/et\/oiguslik-teave\/reklaammuusika-kaastooleping\/\" target=\"_self\"\n\t\t\t\t\tclass=\"e-paragraph-link-base\"\n\t\t\t\t>\n\t\t\t\t\t\t\ud83c\udfa7 Reklaammuusika kaast\u00f6\u00f6leping (artistid)See leping kehtib artistidele ja \u00f5iguste omajatele, kes esitavad muusikat reklaamieesm\u00e4rgil meie platvormidele ja kogumikele lisamiseks.\n\t\t\t\t<\/a>\n\t\t\t\t\t<\/p>\n\t\t\t\t\t<\/div>\n\t\t\t\t<\/div>\n\t\t<div class=\"elementor-element elementor-element-2edecb2 e-flex e-con-boxed e-con e-parent\" data-id=\"2edecb2\" data-element_type=\"container\" data-e-type=\"container\">\n\t\t\t\t\t<div class=\"e-con-inner\">\n\t\t\t\t\t\t\t\t<p class=\"e-paragraph-base\" data-interaction-id=\"7e3466e\"  data-e-type=\"widget\" data-id=\"7e3466e\">\n\t\t\t\t\t\t\t\tKohtualluvus ja kohaldatavus: kui pole s\u00e4testatud teisiti, reguleerivad k\u00f5iki \u00f5igusdokumente <strong>Hispaania<\/strong> seadused ja need kehtivad kasutajatele \u00fcle kogu maailma.\n\t\t\t\t\t<\/p>\n\t\t\t\t\t<\/div>\n\t\t\t\t<\/div>\n\t\t<div class=\"elementor-element elementor-element-a6ce8fc e-flex e-con-boxed e-con e-parent\" data-id=\"a6ce8fc\" data-element_type=\"container\" data-e-type=\"container\">\n\t\t\t\t\t<div class=\"e-con-inner\">\n\t\t\t\t\t\t\t\t<p class=\"e-paragraph-base\" data-interaction-id=\"fa43eb2\"  data-e-type=\"widget\" data-id=\"fa43eb2\">\n\t\t\t\t\t\t\t<a\n\t\t\t\t\thref=\"https:\/\/audiowo.com\/et\/votke-meiega-uhendust\/\" target=\"_self\"\n\t\t\t\t\tclass=\"e-paragraph-link-base\"\n\t\t\t\t>\n\t\t\t\t\t\tKontakt \u00d5igus- v\u00f5i privaatsusk\u00fcsimuste korral v\u00f5tke meiega \u00fchendust meie veebisaidil toodud kontaktandmete kaudu.\n\t\t\t\t<\/a>\n\t\t\t\t\t<\/p>\n\t\t\t\t\t<\/div>\n\t\t\t\t<\/div>\n\t\t\t\t<\/div>\n\t\t","protected":false},"excerpt":{"rendered":"<p>\u00d5iguslik teave See leht pakub juurdep\u00e4\u00e4su k\u00f5ikidele \u00f5iguslikele dokumentidele, mis on seotud ettev\u00f5tte Fidelis Marketing Group S.L. hallatavate veebisaitide ja teenustega, sealhulgas muusika litsentsimisplatvormide ja reklaamiteenustega. Soovitame k\u00f5igil k\u00fclastajatel, klientidel ja koost\u00f6\u00f6partneritel allpool loetletud asjakohased \u00f5igusdokumendid hoolikalt l\u00e4bi vaadata. \ud83d\udcc4 \u00dcldised kasutustingimusedNeed tingimused reguleerivad meie veebisaitide, platvormide ja digiteenuste \u00fcldist kasutamist, sealhulgas juurdep\u00e4\u00e4su, makseid ja [&hellip;]<\/p>\n","protected":false},"author":1,"featured_media":0,"parent":0,"menu_order":0,"comment_status":"closed","ping_status":"closed","template":"elementor_header_footer","meta":{"_acf_changed":false,"footnotes":""},"class_list":["post-8445","page","type-page","status-publish","hentry"],"acf":[],"_links":{"self":[{"href":"https:\/\/audiowo.com\/et\/wp-json\/wp\/v2\/pages\/8445","targetHints":{"allow":["GET"]}}],"collection":[{"href":"https:\/\/audiowo.com\/et\/wp-json\/wp\/v2\/pages"}],"about":[{"href":"https:\/\/audiowo.com\/et\/wp-json\/wp\/v2\/types\/page"}],"author":[{"embeddable":true,"href":"https:\/\/audiowo.com\/et\/wp-json\/wp\/v2\/users\/1"}],"replies":[{"embeddable":true,"href":"https:\/\/audiowo.com\/et\/wp-json\/wp\/v2\/comments?post=8445"}],"version-history":[{"count":0,"href":"https:\/\/audiowo.com\/et\/wp-json\/wp\/v2\/pages\/8445\/revisions"}],"wp:attachment":[{"href":"https:\/\/audiowo.com\/et\/wp-json\/wp\/v2\/media?parent=8445"}],"curies":[{"name":"wp","href":"https:\/\/api.w.org\/{rel}","templated":true}]}}