{"id":8497,"date":"2026-02-08T13:37:11","date_gmt":"2026-02-08T12:37:11","guid":{"rendered":"https:\/\/audiowo.com\/oiguslik-teave\/kupsiste-eeskirjad\/"},"modified":"2026-04-09T18:36:47","modified_gmt":"2026-04-09T16:36:47","slug":"kupsiste-eeskirjad","status":"publish","type":"page","link":"https:\/\/audiowo.com\/et\/oiguslik-teave\/kupsiste-eeskirjad\/","title":{"rendered":"K\u00fcpsiste eeskirjad"},"content":{"rendered":"\t\t<div data-elementor-type=\"wp-page\" data-elementor-id=\"8497\" class=\"elementor elementor-8497 elementor-92\" data-elementor-post-type=\"page\">\n\t\t\t\t<div class=\"elementor-element elementor-element-dc914a3 e-flex e-con-boxed e-con e-parent\" data-id=\"dc914a3\" data-element_type=\"container\" data-e-type=\"container\">\n\t\t\t\t\t<div class=\"e-con-inner\">\n\t\t\t\t<div class=\"elementor-element elementor-element-70d2002 elementor-widget elementor-widget-heading\" data-id=\"70d2002\" data-element_type=\"widget\" data-e-type=\"widget\" data-widget_type=\"heading.default\">\n\t\t\t\t\t<h1 class=\"elementor-heading-title elementor-size-default\">K\u00fcpsiste eeskirjad<\/h1>\t\t\t\t<\/div>\n\t\t\t\t\t<\/div>\n\t\t\t\t<\/div>\n\t\t<div class=\"elementor-element elementor-element-6892fd4 e-flex e-con-boxed e-con e-parent\" data-id=\"6892fd4\" data-element_type=\"container\" data-e-type=\"container\">\n\t\t\t\t\t<div class=\"e-con-inner\">\n\t\t\t\t\t\t\t<h4 \n\t\tdata-interaction-id=\"4c760cc\" \n\t\tclass=\"e-heading-base\" \n\t\t \n\t\tdata-e-type=\"widget\" data-id=\"4c760cc\"\n\t>\n\t\n\t\t\tK\u00fcpsiste eeskirjad\n\t\t<\/h4>\n\t\t\t\t\t<\/div>\n\t\t\t\t<\/div>\n\t\t<div class=\"elementor-element elementor-element-8bed17a e-flex e-con-boxed e-con e-parent\" data-id=\"8bed17a\" data-element_type=\"container\" data-e-type=\"container\">\n\t\t\t\t\t<div class=\"e-con-inner\">\n\t\t\t\t\t\t\t\t<p class=\"e-paragraph-base\" data-interaction-id=\"95adcc4\"  data-e-type=\"widget\" data-id=\"95adcc4\">\n\t\t\t\t\t\t\t\tK\u00e4esolevad k\u00fcpsiste eeskirjad selgitavad, mis on k\u00fcpsised, milliseid t\u00fc\u00fcpe me sellel veebisaidil kasutame ja kuidas saate oma eelistusi hallata.\n\t\t\t\t\t<\/p>\n\t\t\t\t\t<\/div>\n\t\t\t\t<\/div>\n\t\t<div class=\"elementor-element elementor-element-cade8ea e-flex e-con-boxed e-con e-parent\" data-id=\"cade8ea\" data-element_type=\"container\" data-e-type=\"container\">\n\t\t\t\t\t<div class=\"e-con-inner\">\n\t\t\t\t\t\t\t<h4 \n\t\tdata-interaction-id=\"c7aaebc\" \n\t\tclass=\"e-heading-base\" \n\t\t \n\t\tdata-e-type=\"widget\" data-id=\"c7aaebc\"\n\t>\n\t\n\t\t\t1. Mis on k\u00fcpsised?\n\t\t<\/h4>\n\t\t\t\t\t<\/div>\n\t\t\t\t<\/div>\n\t\t<div class=\"elementor-element elementor-element-0e05939 e-flex e-con-boxed e-con e-parent\" data-id=\"0e05939\" data-element_type=\"container\" data-e-type=\"container\">\n\t\t\t\t\t<div class=\"e-con-inner\">\n\t\t\t\t\t\t\t\t<p class=\"e-paragraph-base\" data-interaction-id=\"d4152fe\"  data-e-type=\"widget\" data-id=\"d4152fe\">\n\t\t\t\t\t\t\t\tK\u00fcpsised on v\u00e4ikesed tekstifailid, mis salvestatakse veebisaidi k\u00fclastamisel Teie seadmesse. Need aitavad saidil n\u00f5uetekohaselt toimida, j\u00e4tta meelde eelistusi ja (kui need on lubatud) pakkuda kasutusstatistikat. \n\t\t\t\t\t<\/p>\n\t\t\t\t\t<\/div>\n\t\t\t\t<\/div>\n\t\t<div class=\"elementor-element elementor-element-612e260 e-flex e-con-boxed e-con e-parent\" data-id=\"612e260\" data-element_type=\"container\" data-e-type=\"container\">\n\t\t\t\t\t<div class=\"e-con-inner\">\n\t\t\t\t\t\t\t<h4 \n\t\tdata-interaction-id=\"18116a3\" \n\t\tclass=\"e-heading-base\" \n\t\t \n\t\tdata-e-type=\"widget\" data-id=\"18116a3\"\n\t>\n\t\n\t\t\t2. Kes kontrollib selle saidi k\u00fcpsiseid?\n\t\t<\/h4>\n\t\t\t\t\t<\/div>\n\t\t\t\t<\/div>\n\t\t<div class=\"elementor-element elementor-element-4c31965 e-flex e-con-boxed e-con e-parent\" data-id=\"4c31965\" data-element_type=\"container\" data-e-type=\"container\">\n\t\t\t\t\t<div class=\"e-con-inner\">\n\t\t\t\t\t\t\t\t<p class=\"e-paragraph-base\" data-interaction-id=\"1ff8fc0\"  data-e-type=\"widget\" data-id=\"1ff8fc0\">\n\t\t\t\t\t\t\t\tSeda veebisaiti haldab: <strong>Fidelis Marketing Group S.L.<\/strong><br>Br\u00e4ndid: <strong>audiowo.com<\/strong> ja <strong>escuchargratis.es<\/strong><br>(\u201emeie\u201c)<br>Isikuandmete t\u00f6\u00f6tlemise \u00fcksikasjade saamiseks tutvuge palun meie <strong>privaatsuspoliitikaga<\/strong>.\n\t\t\t\t\t<\/p>\n\t\t\t\t\t<\/div>\n\t\t\t\t<\/div>\n\t\t<div class=\"elementor-element elementor-element-cbb0dc9 e-flex e-con-boxed e-con e-parent\" data-id=\"cbb0dc9\" data-element_type=\"container\" data-e-type=\"container\">\n\t\t\t\t\t<div class=\"e-con-inner\">\n\t\t\t\t\t\t\t<h4 \n\t\tdata-interaction-id=\"4a85d0a\" \n\t\tclass=\"e-heading-base\" \n\t\t \n\t\tdata-e-type=\"widget\" data-id=\"4a85d0a\"\n\t>\n\t\n\t\t\t3. K\u00fcpsised, mida me kasutame\n\t\t<\/h4>\n\t\t\t\t\t<\/div>\n\t\t\t\t<\/div>\n\t\t<div class=\"elementor-element elementor-element-9fad0bb e-flex e-con-boxed e-con e-parent\" data-id=\"9fad0bb\" data-element_type=\"container\" data-e-type=\"container\">\n\t\t\t\t\t<div class=\"e-con-inner\">\n\t\t\t\t\t\t\t\t<p class=\"e-paragraph-base\" data-interaction-id=\"fa73191\"  data-e-type=\"widget\" data-id=\"fa73191\">\n\t\t\t\t\t\t\t\t3.1 Vajalikud k\u00fcpsised (alati sees) Need k\u00fcpsised on vajalikud veebisaidi p\u00f5hifunktsioonide ja teenuste osutamiseks (nt turvalisus, p\u00f5hiline navigeerimine, seansihaldus, tehnilised eelistused).<br><strong>Need ei n\u00f5ua n\u00f5usolekut<\/strong>.<br>N\u00e4ited (v\u00f5ivad s\u00f5ltuvalt seadistusest erineda): seansi- \/ autentimisk\u00fcpsised, turvak\u00fcpsised, olulised tehnilised k\u00fcpsised\n\t\t\t\t\t<\/p>\n\t\t\t\t\t<\/div>\n\t\t\t\t<\/div>\n\t\t<div class=\"elementor-element elementor-element-4242391 e-flex e-con-boxed e-con e-parent\" data-id=\"4242391\" data-element_type=\"container\" data-e-type=\"container\">\n\t\t\t\t\t<div class=\"e-con-inner\">\n\t\t\t\t\t\t\t<h4 \n\t\tdata-interaction-id=\"1eaeeae\" \n\t\tclass=\"e-heading-base\" \n\t\t \n\t\tdata-e-type=\"widget\" data-id=\"1eaeeae\"\n\t>\n\t\n\t\t\t3.2 Anal\u00fc\u00fctilised k\u00fcpsised (ainult n\u00f5usolekul)\n\t\t<\/h4>\n\t\t\t\t\t<\/div>\n\t\t\t\t<\/div>\n\t\t<div class=\"elementor-element elementor-element-7996d7e e-flex e-con-boxed e-con e-parent\" data-id=\"7996d7e\" data-element_type=\"container\" data-e-type=\"container\">\n\t\t\t\t\t<div class=\"e-con-inner\">\n\t\t\t\t\t\t\t\t<p class=\"e-paragraph-base\" data-interaction-id=\"d74dc8a\"  data-e-type=\"widget\" data-id=\"d74dc8a\">\n\t\t\t\t\t\t\t\tNeed k\u00fcpsised aitavad meil m\u00f5ista, kuidas k\u00fclastajad saiti kasutavad (nt k\u00fclastatud lehed, saidil viibitud aeg, viitajad), et saaksime parandada j\u00f5udlust ja kasutusmugavust.<br><strong>Anal\u00fc\u00fctilised k\u00fcpsised aktiveeritakse alles p\u00e4rast seda, kui olete andnud n\u00f5usoleku<\/strong> meie k\u00fcpsiste riba kaudu. Kui keeldute anal\u00fc\u00fctikast, t\u00f6\u00f6tab veebisait ikkagi tavap\u00e4raselt ja juurdep\u00e4\u00e4su meie teenustele see ei m\u00f5juta.\n\t\t\t\t\t<\/p>\n\t\t\t\t\t<\/div>\n\t\t\t\t<\/div>\n\t\t<div class=\"elementor-element elementor-element-43f445b e-flex e-con-boxed e-con e-parent\" data-id=\"43f445b\" data-element_type=\"container\" data-e-type=\"container\">\n\t\t\t\t\t<div class=\"e-con-inner\">\n\t\t\t\t\t\t\t<h4 \n\t\tdata-interaction-id=\"33f6233\" \n\t\tclass=\"e-heading-base\" \n\t\t \n\t\tdata-e-type=\"widget\" data-id=\"33f6233\"\n\t>\n\t\n\t\t\t4. Kuidas me n\u00f5usolekuid haldame\n\t\t<\/h4>\n\t\t\t\t\t<\/div>\n\t\t\t\t<\/div>\n\t\t<div class=\"elementor-element elementor-element-7902b33 e-flex e-con-boxed e-con e-parent\" data-id=\"7902b33\" data-element_type=\"container\" data-e-type=\"container\">\n\t\t\t\t\t<div class=\"e-con-inner\">\n\t\t\t\t\t\t\t\t<p class=\"e-paragraph-base\" data-interaction-id=\"13f75d4\"  data-e-type=\"widget\" data-id=\"13f75d4\">\n\t\t\t\t\t\t\t\tKui k\u00fclastate saiti esimest korda (v\u00f5i kui Te pole valikut teinud), kuvatakse k\u00fcpsiste riba. Saate: <strong>N\u00f5ustuda anal\u00fc\u00fctikaga - Keelduda anal\u00fc\u00fctikast<\/strong> \n\t\t\t\t\t<\/p>\n\t\t\t\t\t<\/div>\n\t\t\t\t<\/div>\n\t\t<div class=\"elementor-element elementor-element-512e9ce e-flex e-con-boxed e-con e-parent\" data-id=\"512e9ce\" data-element_type=\"container\" data-e-type=\"container\">\n\t\t\t\t\t<div class=\"e-con-inner\">\n\t\t\t\t\t\t\t<h4 \n\t\tdata-interaction-id=\"da0f765\" \n\t\tclass=\"e-heading-base\" \n\t\t \n\t\tdata-e-type=\"widget\" data-id=\"da0f765\"\n\t>\n\t\n\t\t\t5. Kuidas k\u00fcpsiseid brauseris kustutada\n\t\t<\/h4>\n\t\t\t\t\t<\/div>\n\t\t\t\t<\/div>\n\t\t<div class=\"elementor-element elementor-element-76276a3 e-flex e-con-boxed e-con e-parent\" data-id=\"76276a3\" data-element_type=\"container\" data-e-type=\"container\">\n\t\t\t\t\t<div class=\"e-con-inner\">\n\t\t\t\t\t\t\t\t<p class=\"e-paragraph-base\" data-interaction-id=\"a24bffc\"  data-e-type=\"widget\" data-id=\"a24bffc\">\n\t\t\t\t\t\t\t\tK\u00fcpsiseid saate kustutada v\u00f5i blokeerida ka oma brauseri seadete kaudu. Pange t\u00e4hele, et vajalike k\u00fcpsiste blokeerimine v\u00f5ib m\u00f5jutada p\u00f5hifunktsioone. \n\t\t\t\t\t<\/p>\n\t\t\t\t\t<\/div>\n\t\t\t\t<\/div>\n\t\t<div class=\"elementor-element elementor-element-1177995 e-flex e-con-boxed e-con e-parent\" data-id=\"1177995\" data-element_type=\"container\" data-e-type=\"container\">\n\t\t\t\t\t<div class=\"e-con-inner\">\n\t\t\t\t\t\t\t<h4 \n\t\tdata-interaction-id=\"c28e0bd\" \n\t\tclass=\"e-heading-base\" \n\t\t \n\t\tdata-e-type=\"widget\" data-id=\"c28e0bd\"\n\t>\n\t\n\t\t\t6. K\u00e4esolevate eeskirjade uuendused\n\t\t<\/h4>\n\t\t\t\t\t<\/div>\n\t\t\t\t<\/div>\n\t\t<div class=\"elementor-element elementor-element-28144db e-flex e-con-boxed e-con e-parent\" data-id=\"28144db\" data-element_type=\"container\" data-e-type=\"container\">\n\t\t\t\t\t<div class=\"e-con-inner\">\n\t\t\t\t\t\t\t\t<p class=\"e-paragraph-base\" data-interaction-id=\"8e7cec5\"  data-e-type=\"widget\" data-id=\"8e7cec5\">\n\t\t\t\t\t\t\t\tV\u00f5ime neid k\u00fcpsiste eeskirju uuendada, et kajastada \u00f5iguslikke v\u00f5i tehnilisi muudatusi. Sellel lehel avaldatud versioon on kehtiv. \n\t\t\t\t\t<\/p>\n\t\t\t\t\t<\/div>\n\t\t\t\t<\/div>\n\t\t\t\t<\/div>\n\t\t","protected":false},"excerpt":{"rendered":"<p>K\u00fcpsiste eeskirjad K\u00fcpsiste eeskirjad K\u00e4esolevad k\u00fcpsiste eeskirjad selgitavad, mis on k\u00fcpsised, milliseid t\u00fc\u00fcpe me sellel veebisaidil kasutame ja kuidas saate oma eelistusi hallata. 1. Mis on k\u00fcpsised? K\u00fcpsised on v\u00e4ikesed tekstifailid, mis salvestatakse veebisaidi k\u00fclastamisel Teie seadmesse. Need aitavad saidil n\u00f5uetekohaselt toimida, j\u00e4tta meelde eelistusi ja (kui need on lubatud) pakkuda kasutusstatistikat. 2. Kes kontrollib [&hellip;]<\/p>\n","protected":false},"author":1,"featured_media":0,"parent":8445,"menu_order":0,"comment_status":"closed","ping_status":"closed","template":"elementor_header_footer","meta":{"_acf_changed":false,"footnotes":""},"class_list":["post-8497","page","type-page","status-publish","hentry"],"acf":[],"_links":{"self":[{"href":"https:\/\/audiowo.com\/et\/wp-json\/wp\/v2\/pages\/8497","targetHints":{"allow":["GET"]}}],"collection":[{"href":"https:\/\/audiowo.com\/et\/wp-json\/wp\/v2\/pages"}],"about":[{"href":"https:\/\/audiowo.com\/et\/wp-json\/wp\/v2\/types\/page"}],"author":[{"embeddable":true,"href":"https:\/\/audiowo.com\/et\/wp-json\/wp\/v2\/users\/1"}],"replies":[{"embeddable":true,"href":"https:\/\/audiowo.com\/et\/wp-json\/wp\/v2\/comments?post=8497"}],"version-history":[{"count":0,"href":"https:\/\/audiowo.com\/et\/wp-json\/wp\/v2\/pages\/8497\/revisions"}],"up":[{"embeddable":true,"href":"https:\/\/audiowo.com\/et\/wp-json\/wp\/v2\/pages\/8445"}],"wp:attachment":[{"href":"https:\/\/audiowo.com\/et\/wp-json\/wp\/v2\/media?parent=8497"}],"curies":[{"name":"wp","href":"https:\/\/api.w.org\/{rel}","templated":true}]}}