{"id":7776,"date":"2026-03-24T16:23:54","date_gmt":"2026-03-24T15:23:54","guid":{"rendered":"https:\/\/audiowo.com\/product\/sisulooja-litsents-piiramatu-muusika\/"},"modified":"2026-03-24T16:23:54","modified_gmt":"2026-03-24T15:23:54","slug":"sisulooja-litsents-piiramatu-muusika","status":"publish","type":"product","link":"https:\/\/audiowo.com\/et\/toode\/sisulooja-litsents-piiramatu-muusika\/","title":{"rendered":"Sisulooja litsents \u2013 piiramatu muusika"},"content":{"rendered":"<p>Sisulooja litsents on m\u00f5eldud sisuloojatele, kes vajavad kvaliteetset ja autori\u00f5igustega koosk\u00f5las olevat muusikat videote ja veebiplatvormide jaoks.<\/p>\n<p>See litsents sobib ideaalselt YouTube&#8217;i, sotsiaalmeedia, podcast&#8217;ide ja kommertsvideote jaoks, tagades Teie projektide kaitstuse ja professionaalse k\u00f5la.<\/p>\n<p>\u2714 Kasutamiseks YouTube&#8217;is ja sotsiaalmeedia videotes<br \/>\n\u2714 Monetiseerimiss\u00f5bralik muusika<br \/>\n\u2714 Autori\u00f5igustega seotud n\u00f5uded puuduvad<br \/>\n\u2714 Laadige alla ja integreerige kohe<\/p>\n<p>Keskenduge loomisele \u2013 meie hoolitseme muusika litsentsimise eest.<\/p>\n","protected":false},"excerpt":{"rendered":"<p>Autori\u00f5igustega koosk\u00f5las muusika YouTube&#8217;i, sotsiaalmeedia ja videosisu loojatele. Monetiseerige muretult. <\/p>\n","protected":false},"featured_media":354,"comment_status":"closed","ping_status":"closed","template":"","meta":{"_acf_changed":false},"product_brand":[],"product_cat":[216],"product_tag":[],"class_list":{"0":"post-7776","1":"product","2":"type-product","3":"status-publish","4":"has-post-thumbnail","6":"product_cat-tellimused","8":"first","9":"instock","10":"taxable","11":"shipping-taxable","12":"purchasable","13":"product-type-subscription"},"acf":[],"_links":{"self":[{"href":"https:\/\/audiowo.com\/et\/wp-json\/wp\/v2\/product\/7776","targetHints":{"allow":["GET"]}}],"collection":[{"href":"https:\/\/audiowo.com\/et\/wp-json\/wp\/v2\/product"}],"about":[{"href":"https:\/\/audiowo.com\/et\/wp-json\/wp\/v2\/types\/product"}],"replies":[{"embeddable":true,"href":"https:\/\/audiowo.com\/et\/wp-json\/wp\/v2\/comments?post=7776"}],"version-history":[{"count":0,"href":"https:\/\/audiowo.com\/et\/wp-json\/wp\/v2\/product\/7776\/revisions"}],"wp:featuredmedia":[{"embeddable":true,"href":"https:\/\/audiowo.com\/et\/wp-json\/wp\/v2\/media\/354"}],"wp:attachment":[{"href":"https:\/\/audiowo.com\/et\/wp-json\/wp\/v2\/media?parent=7776"}],"wp:term":[{"taxonomy":"product_brand","embeddable":true,"href":"https:\/\/audiowo.com\/et\/wp-json\/wp\/v2\/product_brand?post=7776"},{"taxonomy":"product_cat","embeddable":true,"href":"https:\/\/audiowo.com\/et\/wp-json\/wp\/v2\/product_cat?post=7776"},{"taxonomy":"product_tag","embeddable":true,"href":"https:\/\/audiowo.com\/et\/wp-json\/wp\/v2\/product_tag?post=7776"}],"curies":[{"name":"wp","href":"https:\/\/api.w.org\/{rel}","templated":true}]}}