{"id":8224,"date":"2026-04-08T13:21:53","date_gmt":"2026-04-08T11:21:53","guid":{"rendered":"https:\/\/audiowo.com\/product\/eritellimusel-muusikapala\/"},"modified":"2026-04-08T13:21:53","modified_gmt":"2026-04-08T11:21:53","slug":"eritellimusel-muusikapala","status":"publish","type":"product","link":"https:\/\/audiowo.com\/et\/toode\/eritellimusel-muusikapala\/","title":{"rendered":"Eritellimusel muusikapala"},"content":{"rendered":"<h3 data-section-id=\"kzbvll\" data-start=\"837\" data-end=\"853\">Mida Te saate<\/h3>\n<ul data-start=\"855\" data-end=\"1086\">\n<li data-section-id=\"1eu2wei\" data-start=\"855\" data-end=\"890\">\u2714 Eritellimusel pala <strong data-start=\"875\" data-end=\"888\">mis tahes \u017eanris<\/strong><\/li>\n<li data-section-id=\"1ds2gtc\" data-start=\"891\" data-end=\"945\">\u2714 <strong data-start=\"895\" data-end=\"926\">Instrumentaal v\u00f5i vokaaliga<\/strong> (mees v\u00f5i naine)<\/li>\n<li data-section-id=\"3jg2wi\" data-start=\"946\" data-end=\"980\">\u2714 <strong data-start=\"950\" data-end=\"978\">100% originaalproduktsioon<\/strong><\/li>\n<li data-section-id=\"1t5qaaa\" data-start=\"981\" data-end=\"1017\">\u2714 <strong data-start=\"985\" data-end=\"1015\">Sisaldab 4 muudatusringi<\/strong><\/li>\n<li data-section-id=\"ctp5tw\" data-start=\"1018\" data-end=\"1055\">\u2714 Professionaalselt miksitud ja masterdatud<\/li>\n<li data-section-id=\"1w42kxf\" data-start=\"1056\" data-end=\"1086\">\u2714 Valmis kommertskasutuseks<\/li>\n<\/ul>\n<h3 data-section-id=\"1va2ym6\" data-start=\"1093\" data-end=\"1113\">L\u00fc\u00fcrika ja kontseptsioon<\/h3>\n<p data-start=\"1115\" data-end=\"1145\">Kui Teie pala sisaldab vokaali:<\/p>\n<ul data-start=\"1146\" data-end=\"1325\">\n<li data-section-id=\"1ucixgt\" data-start=\"1146\" data-end=\"1202\"><strong data-start=\"1152\" data-end=\"1200\">L\u00fc\u00fcrika arutatakse l\u00e4bi ja kinnitatakse eelnevalt<\/strong><\/li>\n<li data-section-id=\"1wc8nft\" data-start=\"1203\" data-end=\"1266\">V\u00f5ite esitada oma teksti v\u00f5i teha koost\u00f6\u00f6d kontseptsiooni loomisel<\/li>\n<li data-section-id=\"1uvj11k\" data-start=\"1267\" data-end=\"1325\">L\u00f5plik suund on alati koosk\u00f5las Teie visiooniga<\/li>\n<\/ul>\n<h3 data-section-id=\"ixpo5k\" data-start=\"1332\" data-end=\"1354\">Produktsiooni kvaliteet<\/h3>\n<p data-start=\"1356\" data-end=\"1415\">K\u00f5ik palad tarnitakse professionaalsete helistandarditega:<\/p>\n<ul data-start=\"1416\" data-end=\"1473\">\n<li data-section-id=\"lf88k\" data-start=\"1416\" data-end=\"1444\"><strong data-start=\"1418\" data-end=\"1438\">Integreeritud LUFS:<\/strong> ~12<\/li>\n<li data-section-id=\"1xy6v74\" data-start=\"1445\" data-end=\"1473\"><strong data-start=\"1447\" data-end=\"1467\">L\u00fchiajaline LUFS:<\/strong> ~10<\/li>\n<\/ul>\n<p data-start=\"1475\" data-end=\"1531\">Optimeeritud voogedastusplatvormide, reklaamide ja digitaalse kasutuse jaoks.<\/p>\n<h3 data-section-id=\"o1tr05\" data-start=\"1538\" data-end=\"1550\">T\u00f6\u00f6voog<\/h3>\n<ol data-start=\"1552\" data-end=\"1750\">\n<li data-section-id=\"46qe72\" data-start=\"1552\" data-end=\"1573\">Esitage tellimus<\/li>\n<li data-section-id=\"4dsk2w\" data-start=\"1574\" data-end=\"1617\">Jagage oma ideed, stiili ja viiteid<\/li>\n<li data-section-id=\"gwf447\" data-start=\"1618\" data-end=\"1653\">Kinnitage l\u00fc\u00fcrika (vajadusel)<\/li>\n<li data-section-id=\"1i86ysv\" data-start=\"1654\" data-end=\"1676\">Produktsioon algab<\/li>\n<li data-section-id=\"1na1y2n\" data-start=\"1677\" data-end=\"1697\">Saate eelvaate<\/li>\n<li data-section-id=\"sgvehz\" data-start=\"1698\" data-end=\"1730\">Taotlege muudatusi (kuni 4)<\/li>\n<li data-section-id=\"1j7cqp8\" data-start=\"1731\" data-end=\"1750\">L\u00f5plik \u00fcleandmine<\/li>\n<\/ol>\n<h3 data-section-id=\"1xnjjts\" data-start=\"1757\" data-end=\"1783\">Miks valida Don Fidelis ja Audiowo.com<\/h3>\n<ul data-start=\"1785\" data-end=\"1942\">\n<li data-section-id=\"14y3yxp\" data-start=\"1785\" data-end=\"1815\">Kogemustega variprodutsent juba 20 aastat<\/li>\n<li data-section-id=\"1wa8isb\" data-start=\"1816\" data-end=\"1863\">Kasutab <strong data-start=\"1829\" data-end=\"1861\">tehisintellektiga t\u00e4iustatud produktsioonit\u00f6\u00f6riistu<\/strong><\/li>\n<li data-section-id=\"167q9o4\" data-start=\"1864\" data-end=\"1905\">Kiire teostus ja k\u00f5rge stabiilsus<\/li>\n<li data-section-id=\"a59152\" data-start=\"1906\" data-end=\"1942\">Paindlik k\u00f5igis muusikastiilides<\/li>\n<\/ul>\n<h3 data-section-id=\"1x5ej4z\" data-start=\"1949\" data-end=\"1968\">Olulised m\u00e4rkused<\/h3>\n<ul data-start=\"1970\" data-end=\"2116\">\n<li data-section-id=\"sd09u1\" data-start=\"1970\" data-end=\"2009\">Tarneaeg s\u00f5ltub keerukusest<\/li>\n<li data-section-id=\"vs6f81\" data-start=\"2010\" data-end=\"2060\">Selged juhised = paremad ja kiiremad tulemused<\/li>\n<li data-section-id=\"1b3kjq6\" data-start=\"2061\" data-end=\"2116\">Lisamuudatused on saadaval lisatasu eest<\/li>\n<\/ul>\n","protected":false},"excerpt":{"rendered":"<h3 data-section-id=\"77bgn1\" data-start=\"439\" data-end=\"492\">Eritellimusel muusikapala \u2013 t\u00e4ielikult Teie vajadustele kohandatud<\/h3>\n<p data-start=\"494\" data-end=\"694\">Tellige <strong data-start=\"502\" data-end=\"548\">professionaalselt toodetud eritellimusel muusikapala<\/strong> fikseeritud hinnaga <strong data-start=\"570\" data-end=\"578\">300 \u20ac<\/strong>. Loodud variprodutsent <strong data-start=\"606\" data-end=\"621\">Don Fidelise<\/strong> poolt \u2013 iga pala on valminud nullist, l\u00e4htudes Teie ideedest, eesm\u00e4rkidest ja stiilist. <\/p>\n<p data-start=\"696\" data-end=\"709\">Sobib:<\/p>\n<ul data-start=\"710\" data-end=\"830\">\n<li data-section-id=\"pauozy\" data-start=\"710\" data-end=\"733\">Artistidele ja lauljatele<\/li>\n<li data-section-id=\"1avaya0\" data-start=\"734\" data-end=\"761\">Ettev\u00f5tetele ja br\u00e4ndinguks<\/li>\n<li data-section-id=\"w7ijlb\" data-start=\"762\" data-end=\"796\">YouTube&#8217;i, reklaamidesse ja sotsiaalmeediasse<\/li>\n<li data-section-id=\"1xa11m8\" data-start=\"797\" data-end=\"830\">Isiklikeks v\u00f5i loovprojektideks<\/li>\n<\/ul>\n","protected":false},"featured_media":5292,"comment_status":"closed","ping_status":"closed","template":"","meta":{"_acf_changed":false},"product_brand":[],"product_cat":[228],"product_tag":[],"class_list":{"0":"post-8224","1":"product","2":"type-product","3":"status-publish","4":"has-post-thumbnail","6":"product_cat-kategoriseerimata","8":"first","9":"instock","10":"taxable","11":"shipping-taxable","12":"purchasable","13":"product-type-simple"},"acf":[],"_links":{"self":[{"href":"https:\/\/audiowo.com\/et\/wp-json\/wp\/v2\/product\/8224","targetHints":{"allow":["GET"]}}],"collection":[{"href":"https:\/\/audiowo.com\/et\/wp-json\/wp\/v2\/product"}],"about":[{"href":"https:\/\/audiowo.com\/et\/wp-json\/wp\/v2\/types\/product"}],"replies":[{"embeddable":true,"href":"https:\/\/audiowo.com\/et\/wp-json\/wp\/v2\/comments?post=8224"}],"version-history":[{"count":0,"href":"https:\/\/audiowo.com\/et\/wp-json\/wp\/v2\/product\/8224\/revisions"}],"wp:featuredmedia":[{"embeddable":true,"href":"https:\/\/audiowo.com\/et\/wp-json\/wp\/v2\/media\/5292"}],"wp:attachment":[{"href":"https:\/\/audiowo.com\/et\/wp-json\/wp\/v2\/media?parent=8224"}],"wp:term":[{"taxonomy":"product_brand","embeddable":true,"href":"https:\/\/audiowo.com\/et\/wp-json\/wp\/v2\/product_brand?post=8224"},{"taxonomy":"product_cat","embeddable":true,"href":"https:\/\/audiowo.com\/et\/wp-json\/wp\/v2\/product_cat?post=8224"},{"taxonomy":"product_tag","embeddable":true,"href":"https:\/\/audiowo.com\/et\/wp-json\/wp\/v2\/product_tag?post=8224"}],"curies":[{"name":"wp","href":"https:\/\/api.w.org\/{rel}","templated":true}]}}