{"id":8240,"date":"2026-03-24T16:24:49","date_gmt":"2026-03-24T15:24:49","guid":{"rendered":"https:\/\/audiowo.com\/product\/piiramatu-muusikaga-ringhaalingulitsents\/"},"modified":"2026-03-24T16:24:49","modified_gmt":"2026-03-24T15:24:49","slug":"piiramatu-muusikaga-ringhaalingulitsents","status":"publish","type":"product","link":"https:\/\/audiowo.com\/et\/toode\/piiramatu-muusikaga-ringhaalingulitsents\/","title":{"rendered":"Piiramatu muusikaga ringh\u00e4\u00e4lingulitsents"},"content":{"rendered":"<p>Ringh\u00e4\u00e4lingulitsents on loodud professionaalsetele produktsioonidele, sealhulgas telele, filmile, raadiole ja suuremahulistele meediaprojektidele.<\/p>\n<p>Hankige juurdep\u00e4\u00e4s tippkvaliteediga muusikale, mis sobib kinolinale, ringh\u00e4\u00e4lingusse ja kommertskasutusse, koos t\u00e4ieliku selguse ja paindlikkusega litsentsimisel.<\/p>\n<p>\u2714 Kasutamiseks tele-, filmi- ja raadioproduktsioonides<br \/>\n\u2714 Kvaliteetsed professionaalsed helipalad<br \/>\n\u2714 Sobib kommertsturustamiseks<br \/>\n\u2714 Usaldusv\u00e4\u00e4rne ja selge litsentsimine<\/p>\n<p>Terviklahendus produtsentidele, agentuuridele ja ringh\u00e4\u00e4linguorganisatsioonidele.<\/p>\n","protected":false},"excerpt":{"rendered":"<p>Professionaalne muusika telele, filmile ja raadiole. Kvaliteetsed helipalad koos selge litsentsiga ringh\u00e4\u00e4lingus kasutamiseks. <\/p>\n","protected":false},"featured_media":364,"comment_status":"closed","ping_status":"closed","template":"","meta":{"_acf_changed":false},"product_brand":[],"product_cat":[216],"product_tag":[],"class_list":{"0":"post-8240","1":"product","2":"type-product","3":"status-publish","4":"has-post-thumbnail","6":"product_cat-tellimused","8":"first","9":"instock","10":"taxable","11":"shipping-taxable","12":"purchasable","13":"product-type-subscription"},"acf":[],"_links":{"self":[{"href":"https:\/\/audiowo.com\/et\/wp-json\/wp\/v2\/product\/8240","targetHints":{"allow":["GET"]}}],"collection":[{"href":"https:\/\/audiowo.com\/et\/wp-json\/wp\/v2\/product"}],"about":[{"href":"https:\/\/audiowo.com\/et\/wp-json\/wp\/v2\/types\/product"}],"replies":[{"embeddable":true,"href":"https:\/\/audiowo.com\/et\/wp-json\/wp\/v2\/comments?post=8240"}],"version-history":[{"count":0,"href":"https:\/\/audiowo.com\/et\/wp-json\/wp\/v2\/product\/8240\/revisions"}],"wp:featuredmedia":[{"embeddable":true,"href":"https:\/\/audiowo.com\/et\/wp-json\/wp\/v2\/media\/364"}],"wp:attachment":[{"href":"https:\/\/audiowo.com\/et\/wp-json\/wp\/v2\/media?parent=8240"}],"wp:term":[{"taxonomy":"product_brand","embeddable":true,"href":"https:\/\/audiowo.com\/et\/wp-json\/wp\/v2\/product_brand?post=8240"},{"taxonomy":"product_cat","embeddable":true,"href":"https:\/\/audiowo.com\/et\/wp-json\/wp\/v2\/product_cat?post=8240"},{"taxonomy":"product_tag","embeddable":true,"href":"https:\/\/audiowo.com\/et\/wp-json\/wp\/v2\/product_tag?post=8240"}],"curies":[{"name":"wp","href":"https:\/\/api.w.org\/{rel}","templated":true}]}}