{"id":8255,"date":"2026-03-24T16:15:36","date_gmt":"2026-03-24T15:15:36","guid":{"rendered":"https:\/\/audiowo.com\/product\/arilitsents-piiramatu-muusika-jaoks\/"},"modified":"2026-03-24T16:15:36","modified_gmt":"2026-03-24T15:15:36","slug":"arilitsents-piiramatu-muusika-jaoks","status":"publish","type":"product","link":"https:\/\/audiowo.com\/et\/toode\/arilitsents-piiramatu-muusika-jaoks\/","title":{"rendered":"\u00c4rilitsents piiramatu muusika jaoks"},"content":{"rendered":"<p class=\"isSelectedEnd\">\u00c4rilitsents annab Teile juurdep\u00e4\u00e4su kvaliteetsele muusikale \u00e4rikeskkondades nagu kauplused, restoranid, baarid, hotellid ja kontorid.<\/p>\n<p class=\"isSelectedEnd\">Looge oma klientidele t\u00e4iuslik atmosf\u00e4\u00e4r professionaalselt kureeritud lugudega, mis on loodud meeleolu parandamiseks, k\u00fclastusaja pikendamiseks ja Teie br\u00e4ndikogemuse t\u00f5stmiseks.<\/p>\n<p class=\"isSelectedEnd\">\u2714 Piiramatu juurdep\u00e4\u00e4s muusikale<br \/>\n\u2714 Turvaline \u00e4riliseks kasutamiseks<br \/>\n\u2714 Regulaarselt uuendatav muusikakogu<br \/>\n\u2714 Lihtne voogedastus ja allalaadimine<\/p>\n<p>Ideaalne ettev\u00f5tetele, kes soovivad esmaklassilist taustamuusikat ilma keerulise litsentsimiseta.<\/p>\n","protected":false},"excerpt":{"rendered":"<p>Muusika kauplustele, restoranidele, hotellidele ja \u00e4ripindadele. Lihtne, turvaline ja kasutusvalmis. <\/p>\n","protected":false},"featured_media":340,"comment_status":"open","ping_status":"closed","template":"","meta":{"_acf_changed":false},"product_brand":[],"product_cat":[216],"product_tag":[],"class_list":{"0":"post-8255","1":"product","2":"type-product","3":"status-publish","4":"has-post-thumbnail","6":"product_cat-tellimused","8":"first","9":"instock","10":"taxable","11":"shipping-taxable","12":"purchasable","13":"product-type-subscription"},"acf":[],"_links":{"self":[{"href":"https:\/\/audiowo.com\/et\/wp-json\/wp\/v2\/product\/8255","targetHints":{"allow":["GET"]}}],"collection":[{"href":"https:\/\/audiowo.com\/et\/wp-json\/wp\/v2\/product"}],"about":[{"href":"https:\/\/audiowo.com\/et\/wp-json\/wp\/v2\/types\/product"}],"replies":[{"embeddable":true,"href":"https:\/\/audiowo.com\/et\/wp-json\/wp\/v2\/comments?post=8255"}],"version-history":[{"count":0,"href":"https:\/\/audiowo.com\/et\/wp-json\/wp\/v2\/product\/8255\/revisions"}],"wp:featuredmedia":[{"embeddable":true,"href":"https:\/\/audiowo.com\/et\/wp-json\/wp\/v2\/media\/340"}],"wp:attachment":[{"href":"https:\/\/audiowo.com\/et\/wp-json\/wp\/v2\/media?parent=8255"}],"wp:term":[{"taxonomy":"product_brand","embeddable":true,"href":"https:\/\/audiowo.com\/et\/wp-json\/wp\/v2\/product_brand?post=8255"},{"taxonomy":"product_cat","embeddable":true,"href":"https:\/\/audiowo.com\/et\/wp-json\/wp\/v2\/product_cat?post=8255"},{"taxonomy":"product_tag","embeddable":true,"href":"https:\/\/audiowo.com\/et\/wp-json\/wp\/v2\/product_tag?post=8255"}],"curies":[{"name":"wp","href":"https:\/\/api.w.org\/{rel}","templated":true}]}}