{"id":7801,"date":"2026-02-07T15:19:19","date_gmt":"2026-02-07T14:19:19","guid":{"rendered":"https:\/\/audiowo.com\/kaupallinen-musiikkilisenssi\/"},"modified":"2026-04-09T17:31:41","modified_gmt":"2026-04-09T15:31:41","slug":"kaupallinen-musiikkilisenssi","status":"publish","type":"page","link":"https:\/\/audiowo.com\/fi\/oikeudelliset-tiedot\/kaupallinen-musiikkilisenssi\/","title":{"rendered":"Kaupallinen musiikkilisenssi"},"content":{"rendered":"\t\t<div data-elementor-type=\"wp-page\" data-elementor-id=\"7801\" class=\"elementor elementor-7801 elementor-37\" data-elementor-post-type=\"page\">\n\t\t\t\t<div class=\"elementor-element elementor-element-7e52a01 e-flex e-con-boxed e-con e-parent\" data-id=\"7e52a01\" data-element_type=\"container\" data-e-type=\"container\">\n\t\t\t\t\t<div class=\"e-con-inner\">\n\t\t\t\t<div class=\"elementor-element elementor-element-2e5f5f9 elementor-widget elementor-widget-heading\" data-id=\"2e5f5f9\" data-element_type=\"widget\" data-e-type=\"widget\" data-widget_type=\"heading.default\">\n\t\t\t\t\t<h1 class=\"elementor-heading-title elementor-size-default\">Kaupallinen musiikkilisenssi<\/h1>\t\t\t\t<\/div>\n\t\t\t\t\t<\/div>\n\t\t\t\t<\/div>\n\t\t<div class=\"elementor-element elementor-element-6bda279 e-flex e-con-boxed e-con e-parent\" data-id=\"6bda279\" data-element_type=\"container\" data-e-type=\"container\">\n\t\t\t\t\t<div class=\"e-con-inner\">\n\t\t\t\t\t\t\t\t<p class=\"e-paragraph-base\" data-interaction-id=\"96a3464\"  data-e-type=\"widget\" data-id=\"96a3464\">\n\t\t\t\t\t\t\t\tT\u00e4m\u00e4 kaupallinen musiikkilisenssi (\"Sopimus\") on tehty seuraavien osapuolten v\u00e4lill\u00e4:<strong>Lisenssinantaja: <\/strong>Fidelis Marketing Group SL.<br>Toimii br\u00e4ndill\u00e4: ListenForFree.com ja <strong>Lisenssinsaaja:<\/strong><br>Tilaava yritys tai yksityishenkil\u00f6.Ostamalla tai k\u00e4ytt\u00e4m\u00e4ll\u00e4 t\u00e4t\u00e4 tilausta lisenssinsaaja hyv\u00e4ksyy seuraavat ehdot.\n\t\t\t\t\t<\/p>\n\t\t\t\t\t<\/div>\n\t\t\t\t<\/div>\n\t\t<div class=\"elementor-element elementor-element-bca82f1 e-flex e-con-boxed e-con e-parent\" data-id=\"bca82f1\" data-element_type=\"container\" data-e-type=\"container\">\n\t\t\t\t\t<div class=\"e-con-inner\">\n\t\t\t\t\t\t\t<h4 \n\t\tdata-interaction-id=\"ba71986\" \n\t\tclass=\"e-heading-base\" \n\t\t \n\t\tdata-e-type=\"widget\" data-id=\"ba71986\"\n\t>\n\t\n\t\t\t1. Lisensoitu musiikki\n\t\t<\/h4>\n\t\t\t\t\t<\/div>\n\t\t\t\t<\/div>\n\t\t<div class=\"elementor-element elementor-element-4168600 e-flex e-con-boxed e-con e-parent\" data-id=\"4168600\" data-element_type=\"container\" data-e-type=\"container\">\n\t\t\t\t\t<div class=\"e-con-inner\">\n\t\t\t\t\t\t\t\t<p class=\"e-paragraph-base\" data-interaction-id=\"22aecba\"  data-e-type=\"widget\" data-id=\"22aecba\">\n\t\t\t\t\t\t\t\tT\u00e4m\u00e4n tilauksen kautta saatavilla oleva musiikki (\"Lisensoitu musiikki\") koostuu yksinomaan alkuper\u00e4isist\u00e4 musiikkiteoksista, jotka:<strong>eiv\u00e4t ole rekister\u00f6ityj\u00e4<\/strong> mihink\u00e4\u00e4n esitysoikeusorganisaatioon (PRO), mukaan lukien mutta ei rajoittuen <strong>BUMA\/STEMRA, SGAE, PRS, ASCAP, BMI, SESAC<\/strong>;ovat t\u00e4ysin lisenssinantajan omistuksessa ja hallinnassa.\n\t\t\t\t\t<\/p>\n\t\t\t\t\t<\/div>\n\t\t\t\t<\/div>\n\t\t<div class=\"elementor-element elementor-element-e45531a e-flex e-con-boxed e-con e-parent\" data-id=\"e45531a\" data-element_type=\"container\" data-e-type=\"container\">\n\t\t\t\t\t<div class=\"e-con-inner\">\n\t\t\t\t\t\t\t<h4 \n\t\tdata-interaction-id=\"8d9bc2e\" \n\t\tclass=\"e-heading-base\" \n\t\t \n\t\tdata-e-type=\"widget\" data-id=\"8d9bc2e\"\n\t>\n\t\n\t\t\t2. Lisenssin my\u00f6nt\u00e4minen\n\t\t<\/h4>\n\t\t\t\t\t<\/div>\n\t\t\t\t<\/div>\n\t\t<div class=\"elementor-element elementor-element-7e0b0fb e-flex e-con-boxed e-con e-parent\" data-id=\"7e0b0fb\" data-element_type=\"container\" data-e-type=\"container\">\n\t\t\t\t\t<div class=\"e-con-inner\">\n\t\t\t\t\t\t\t\t<p class=\"e-paragraph-base\" data-interaction-id=\"41911e4\"  data-e-type=\"widget\" data-id=\"41911e4\">\n\t\t\t\t\t\t\t\tAktiivisen tilauksen ja maksun ehdolla lisenssinantaja my\u00f6nt\u00e4\u00e4 lisenssinsaajalle <strong>ei-yksinomaisen, ei-siirrett\u00e4v\u00e4n, rajoitetun kaupallisen lisenssin<\/strong>:Esitt\u00e4\u00e4 julkisesti lisensoitua musiikkia lisenssinsaajan fyysisiss\u00e4 liiketiloissa (esim. ravintolat, baarit, hotellit, v\u00e4hitt\u00e4iskaupat);K\u00e4ytt\u00e4\u00e4 lisensoitua musiikkia tausta- tai tunnelmamusiikkina asiakkaille ja henkil\u00f6kunnalle.T\u00e4m\u00e4 lisenssi on voimassa <strong>vain aktiivisen tilauksen ajan<\/strong>.\n\t\t\t\t\t<\/p>\n\t\t\t\t\t<\/div>\n\t\t\t\t<\/div>\n\t\t<div class=\"elementor-element elementor-element-462465d e-flex e-con-boxed e-con e-parent\" data-id=\"462465d\" data-element_type=\"container\" data-e-type=\"container\">\n\t\t\t\t\t<div class=\"e-con-inner\">\n\t\t\t\t\t\t\t<h4 \n\t\tdata-interaction-id=\"3e3c26e\" \n\t\tclass=\"e-heading-base\" \n\t\t \n\t\tdata-e-type=\"widget\" data-id=\"3e3c26e\"\n\t>\n\t\n\t\t\t3. Ei lis\u00e4rojalteja\n\t\t<\/h4>\n\t\t\t\t\t<\/div>\n\t\t\t\t<\/div>\n\t\t<div class=\"elementor-element elementor-element-f5590d4 e-flex e-con-boxed e-con e-parent\" data-id=\"f5590d4\" data-element_type=\"container\" data-e-type=\"container\">\n\t\t\t\t\t<div class=\"e-con-inner\">\n\t\t\t\t\t\t\t\t<p class=\"e-paragraph-base\" data-interaction-id=\"2f41f67\"  data-e-type=\"widget\" data-id=\"2f41f67\">\n\t\t\t\t\t\t\t\tKoska lisensoitu musiikki ei ole rekister\u00f6ity mihink\u00e4\u00e4n PRO-organisaatioon:Lisenssinsaajan <strong>ei tarvitse maksaa lis\u00e4rojalteja julkisesta esitt\u00e4misest\u00e4<\/strong> BUMA\/STEMRA:lle, SGAE:lle tai muille oikeusorganisaatioille lisensoituun musiikkiin liittyen;Kolmannen osapuolen rojaltivaateen ei tule synty\u00e4 t\u00e4m\u00e4n sopimuksen mukaisesta valtuutetusta k\u00e4yt\u00f6st\u00e4.\n\t\t\t\t\t<\/p>\n\t\t\t\t\t<\/div>\n\t\t\t\t<\/div>\n\t\t<div class=\"elementor-element elementor-element-77bea1d e-flex e-con-boxed e-con e-parent\" data-id=\"77bea1d\" data-element_type=\"container\" data-e-type=\"container\">\n\t\t\t\t\t<div class=\"e-con-inner\">\n\t\t\t\t\t\t\t<h4 \n\t\tdata-interaction-id=\"6ff8ef2\" \n\t\tclass=\"e-heading-base\" \n\t\t \n\t\tdata-e-type=\"widget\" data-id=\"6ff8ef2\"\n\t>\n\t\n\t\t\t4. Rajoitukset\n\t\t<\/h4>\n\t\t\t\t\t<\/div>\n\t\t\t\t<\/div>\n\t\t<div class=\"elementor-element elementor-element-bbd38b8 e-flex e-con-boxed e-con e-parent\" data-id=\"bbd38b8\" data-element_type=\"container\" data-e-type=\"container\">\n\t\t\t\t\t<div class=\"e-con-inner\">\n\t\t\t\t\t\t\t\t<p class=\"e-paragraph-base\" data-interaction-id=\"82c36a6\"  data-e-type=\"widget\" data-id=\"82c36a6\">\n\t\t\t\t\t\t\t\tLisenssinsaaja <strong>ei saa<\/strong>:J\u00e4lleenmyyd\u00e4, alilisensoida, jakaa tai asettaa lisensoitua musiikkia kolmansien osapuolten saataville;K\u00e4ytt\u00e4\u00e4 lisensoitua musiikkia audiovisuaalisissa tuotannoissa, mainoskampanjoissa, l\u00e4hetyksiss\u00e4, suoratoistoalustoilla tai synkronoinnissa ilman kirjallista lupaa;Muokata, remiksata tai v\u00e4itt\u00e4\u00e4 olevansa lisensoitujen musiikkiteosten tekij\u00e4.\n\t\t\t\t\t<\/p>\n\t\t\t\t\t<\/div>\n\t\t\t\t<\/div>\n\t\t<div class=\"elementor-element elementor-element-7280161 e-flex e-con-boxed e-con e-parent\" data-id=\"7280161\" data-element_type=\"container\" data-e-type=\"container\">\n\t\t\t\t\t<div class=\"e-con-inner\">\n\t\t\t\t\t\t\t<h4 \n\t\tdata-interaction-id=\"538f317\" \n\t\tclass=\"e-heading-base\" \n\t\t \n\t\tdata-e-type=\"widget\" data-id=\"538f317\"\n\t>\n\t\n\t\t\t5. Kattavuusalue\n\t\t<\/h4>\n\t\t\t\t\t<\/div>\n\t\t\t\t<\/div>\n\t\t<div class=\"elementor-element elementor-element-735d3aa e-flex e-con-boxed e-con e-parent\" data-id=\"735d3aa\" data-element_type=\"container\" data-e-type=\"container\">\n\t\t\t\t\t<div class=\"e-con-inner\">\n\t\t\t\t\t\t\t\t<p class=\"e-paragraph-base\" data-interaction-id=\"b647354\"  data-e-type=\"widget\" data-id=\"b647354\">\n\t\t\t\t\t\t\t\tLisenssi kattaa <strong>vain aktiivisessa tilauspaketissa m\u00e4\u00e4ritellyn m\u00e4\u00e4r\u00e4n toimipisteit\u00e4<\/strong>.<br>Lis\u00e4toimipisteet edellytt\u00e4v\u00e4t tilauksen p\u00e4ivitt\u00e4mist\u00e4\n\t\t\t\t\t<\/p>\n\t\t\t\t\t<\/div>\n\t\t\t\t<\/div>\n\t\t<div class=\"elementor-element elementor-element-550938f e-flex e-con-boxed e-con e-parent\" data-id=\"550938f\" data-element_type=\"container\" data-e-type=\"container\">\n\t\t\t\t\t<div class=\"e-con-inner\">\n\t\t\t\t\t\t\t<h4 \n\t\tdata-interaction-id=\"a335f82\" \n\t\tclass=\"e-heading-base\" \n\t\t \n\t\tdata-e-type=\"widget\" data-id=\"a335f82\"\n\t>\n\t\n\t\t\t6. Omistusoikeus\n\t\t<\/h4>\n\t\t\t\t\t<\/div>\n\t\t\t\t<\/div>\n\t\t<div class=\"elementor-element elementor-element-5a2edfb e-flex e-con-boxed e-con e-parent\" data-id=\"5a2edfb\" data-element_type=\"container\" data-e-type=\"container\">\n\t\t\t\t\t<div class=\"e-con-inner\">\n\t\t\t\t\t\t\t\t<p class=\"e-paragraph-base\" data-interaction-id=\"1d700da\"  data-e-type=\"widget\" data-id=\"1d700da\">\n\t\t\t\t\t\t\t\tKaikki tekij\u00e4noikeudet ja immateriaalioikeudet pysyv\u00e4t yksinomaan lisenssinantajan omaisuutena.<br>T\u00e4ll\u00e4 sopimuksella ei siirret\u00e4 omistusoikeutta.\n\t\t\t\t\t<\/p>\n\t\t\t\t\t<\/div>\n\t\t\t\t<\/div>\n\t\t<div class=\"elementor-element elementor-element-ab7741a e-flex e-con-boxed e-con e-parent\" data-id=\"ab7741a\" data-element_type=\"container\" data-e-type=\"container\">\n\t\t\t\t\t<div class=\"e-con-inner\">\n\t\t\t\t\t\t\t<h4 \n\t\tdata-interaction-id=\"c5ffa9b\" \n\t\tclass=\"e-heading-base\" \n\t\t \n\t\tdata-e-type=\"widget\" data-id=\"c5ffa9b\"\n\t>\n\t\n\t\t\t7. P\u00e4\u00e4tt\u00e4minen\n\t\t<\/h4>\n\t\t\t\t\t<\/div>\n\t\t\t\t<\/div>\n\t\t<div class=\"elementor-element elementor-element-de07e6f e-flex e-con-boxed e-con e-parent\" data-id=\"de07e6f\" data-element_type=\"container\" data-e-type=\"container\">\n\t\t\t\t\t<div class=\"e-con-inner\">\n\t\t\t\t\t\t\t\t<p class=\"e-paragraph-base\" data-interaction-id=\"1baadf3\"  data-e-type=\"widget\" data-id=\"1baadf3\">\n\t\t\t\t\t\t\t\tT\u00e4m\u00e4 sopimus p\u00e4\u00e4ttyy automaattisesti:Tilauksen p\u00e4\u00e4ttyess\u00e4 tai peruuntuessa;N\u00e4iden ehtojen rikkomisen yhteydess\u00e4.P\u00e4\u00e4ttymisen j\u00e4lkeen kaikki lisensoitujen musiikkiteosten k\u00e4ytt\u00f6 on lopetettava v\u00e4litt\u00f6m\u00e4sti.\n\t\t\t\t\t<\/p>\n\t\t\t\t\t<\/div>\n\t\t\t\t<\/div>\n\t\t<div class=\"elementor-element elementor-element-748397f e-flex e-con-boxed e-con e-parent\" data-id=\"748397f\" data-element_type=\"container\" data-e-type=\"container\">\n\t\t\t\t\t<div class=\"e-con-inner\">\n\t\t\t\t\t\t\t<h4 \n\t\tdata-interaction-id=\"8d4d8d9\" \n\t\tclass=\"e-heading-base\" \n\t\t \n\t\tdata-e-type=\"widget\" data-id=\"8d4d8d9\"\n\t>\n\t\n\t\t\t8. Vastuu ja korvausvelvollisuus\n\t\t<\/h4>\n\t\t\t\t\t<\/div>\n\t\t\t\t<\/div>\n\t\t<div class=\"elementor-element elementor-element-fe4e81b e-flex e-con-boxed e-con e-parent\" data-id=\"fe4e81b\" data-element_type=\"container\" data-e-type=\"container\">\n\t\t\t\t\t<div class=\"e-con-inner\">\n\t\t\t\t\t\t\t\t<p class=\"e-paragraph-base\" data-interaction-id=\"aeba6ec\"  data-e-type=\"widget\" data-id=\"aeba6ec\">\n\t\t\t\t\t\t\t\tLisenssinantaja takaa, ett\u00e4 sill\u00e4 on t\u00e4ydet oikeudet lisensoida lisensoitu musiikki kuvatulla tavalla.<br>Lisenssinsaaja sitoutuu k\u00e4ytt\u00e4m\u00e4\u00e4n lisensoitua musiikkia vain sallitulla tavalla.\n\t\t\t\t\t<\/p>\n\t\t\t\t\t<\/div>\n\t\t\t\t<\/div>\n\t\t<div class=\"elementor-element elementor-element-5ab2f97 e-flex e-con-boxed e-con e-parent\" data-id=\"5ab2f97\" data-element_type=\"container\" data-e-type=\"container\">\n\t\t\t\t\t<div class=\"e-con-inner\">\n\t\t\t\t\t\t\t<h4 \n\t\tdata-interaction-id=\"c594162\" \n\t\tclass=\"e-heading-base\" \n\t\t \n\t\tdata-e-type=\"widget\" data-id=\"c594162\"\n\t>\n\t\n\t\t\t9. Sovellettava laki\n\t\t<\/h4>\n\t\t\t\t\t<\/div>\n\t\t\t\t<\/div>\n\t\t<div class=\"elementor-element elementor-element-78ac651 e-flex e-con-boxed e-con e-parent\" data-id=\"78ac651\" data-element_type=\"container\" data-e-type=\"container\">\n\t\t\t\t\t<div class=\"e-con-inner\">\n\t\t\t\t\t\t\t\t<p class=\"e-paragraph-base\" data-interaction-id=\"3d2983d\"  data-e-type=\"widget\" data-id=\"3d2983d\">\n\t\t\t\t\t\t\t\tT\u00e4h\u00e4n sopimukseen sovelletaan <strong>Espanjan ja EU:n laink\u00e4ytt\u00f6alueen lakeja<\/strong> ottamatta huomioon lainvalintaperiaatteita.\n\t\t\t\t\t<\/p>\n\t\t\t\t\t<\/div>\n\t\t\t\t<\/div>\n\t\t<div class=\"elementor-element elementor-element-15e4089 e-flex e-con-boxed e-con e-parent\" data-id=\"15e4089\" data-element_type=\"container\" data-e-type=\"container\">\n\t\t\t\t\t<div class=\"e-con-inner\">\n\t\t\t\t\t\t\t<h4 \n\t\tdata-interaction-id=\"484b36e\" \n\t\tclass=\"e-heading-base\" \n\t\t \n\t\tdata-e-type=\"widget\" data-id=\"484b36e\"\n\t>\n\t\n\t\t\t10. Koko sopimus\n\t\t<\/h4>\n\t\t\t\t\t<\/div>\n\t\t\t\t<\/div>\n\t\t<div class=\"elementor-element elementor-element-c90ed9c e-flex e-con-boxed e-con e-parent\" data-id=\"c90ed9c\" data-element_type=\"container\" data-e-type=\"container\">\n\t\t\t\t\t<div class=\"e-con-inner\">\n\t\t\t\t\t\t\t\t<p class=\"e-paragraph-base\" data-interaction-id=\"d03c069\"  data-e-type=\"widget\" data-id=\"d03c069\">\n\t\t\t\t\t\t\t\tT\u00e4m\u00e4 sopimus muodostaa osapuolten v\u00e4lisen koko sopimuksen lisensoituun musiikkiin liittyen.\n\t\t\t\t\t<\/p>\n\t\t\t\t\t<\/div>\n\t\t\t\t<\/div>\n\t\t\t\t<\/div>\n\t\t","protected":false},"excerpt":{"rendered":"<p>Kaupallinen musiikkilisenssi T\u00e4m\u00e4 kaupallinen musiikkilisenssi (&#8221;Sopimus&#8221;) on tehty seuraavien osapuolten v\u00e4lill\u00e4:Lisenssinantaja: Fidelis Marketing Group SL.Toimii br\u00e4ndill\u00e4: ListenForFree.com ja Lisenssinsaaja:Tilaava yritys tai yksityishenkil\u00f6.Ostamalla tai k\u00e4ytt\u00e4m\u00e4ll\u00e4 t\u00e4t\u00e4 tilausta lisenssinsaaja hyv\u00e4ksyy seuraavat ehdot. 1. Lisensoitu musiikki T\u00e4m\u00e4n tilauksen kautta saatavilla oleva musiikki (&#8221;Lisensoitu musiikki&#8221;) koostuu yksinomaan alkuper\u00e4isist\u00e4 musiikkiteoksista, jotka:eiv\u00e4t ole rekister\u00f6ityj\u00e4 mihink\u00e4\u00e4n esitysoikeusorganisaatioon (PRO), mukaan lukien mutta ei [&hellip;]<\/p>\n","protected":false},"author":1,"featured_media":0,"parent":8443,"menu_order":0,"comment_status":"closed","ping_status":"closed","template":"elementor_header_footer","meta":{"_acf_changed":false,"footnotes":""},"class_list":["post-7801","page","type-page","status-publish","hentry"],"acf":[],"_links":{"self":[{"href":"https:\/\/audiowo.com\/fi\/wp-json\/wp\/v2\/pages\/7801","targetHints":{"allow":["GET"]}}],"collection":[{"href":"https:\/\/audiowo.com\/fi\/wp-json\/wp\/v2\/pages"}],"about":[{"href":"https:\/\/audiowo.com\/fi\/wp-json\/wp\/v2\/types\/page"}],"author":[{"embeddable":true,"href":"https:\/\/audiowo.com\/fi\/wp-json\/wp\/v2\/users\/1"}],"replies":[{"embeddable":true,"href":"https:\/\/audiowo.com\/fi\/wp-json\/wp\/v2\/comments?post=7801"}],"version-history":[{"count":0,"href":"https:\/\/audiowo.com\/fi\/wp-json\/wp\/v2\/pages\/7801\/revisions"}],"up":[{"embeddable":true,"href":"https:\/\/audiowo.com\/fi\/wp-json\/wp\/v2\/pages\/8443"}],"wp:attachment":[{"href":"https:\/\/audiowo.com\/fi\/wp-json\/wp\/v2\/media?parent=7801"}],"curies":[{"name":"wp","href":"https:\/\/api.w.org\/{rel}","templated":true}]}}