{"id":7837,"date":"2026-02-06T13:17:04","date_gmt":"2026-02-06T12:17:04","guid":{"rendered":"https:\/\/audiowo.com\/tietosuojakaytanto\/"},"modified":"2026-04-09T17:31:41","modified_gmt":"2026-04-09T15:31:41","slug":"tietosuojakaytanto","status":"publish","type":"page","link":"https:\/\/audiowo.com\/fi\/oikeudelliset-tiedot\/tietosuojakaytanto\/","title":{"rendered":"Tietosuojak\u00e4yt\u00e4nt\u00f6"},"content":{"rendered":"\t\t<div data-elementor-type=\"wp-page\" data-elementor-id=\"7837\" class=\"elementor elementor-7837 elementor-3\" data-elementor-post-type=\"page\">\n\t\t\t\t<div class=\"elementor-element elementor-element-3e40102 e-flex e-con-boxed e-con e-parent\" data-id=\"3e40102\" data-element_type=\"container\" data-e-type=\"container\">\n\t\t\t\t\t<div class=\"e-con-inner\">\n\t\t\t\t<div class=\"elementor-element elementor-element-d462c38 elementor-widget elementor-widget-heading\" data-id=\"d462c38\" data-element_type=\"widget\" data-e-type=\"widget\" data-widget_type=\"heading.default\">\n\t\t\t\t\t<h1 class=\"elementor-heading-title elementor-size-default\">Tietosuojak\u00e4yt\u00e4nt\u00f6<\/h1>\t\t\t\t<\/div>\n\t\t\t\t\t<\/div>\n\t\t\t\t<\/div>\n\t\t<div class=\"elementor-element elementor-element-76b9d70 e-flex e-con-boxed e-con e-parent\" data-id=\"76b9d70\" data-element_type=\"container\" data-e-type=\"container\">\n\t\t\t\t\t<div class=\"e-con-inner\">\n\t\t\t\t\t\t\t<h4 \n\t\tdata-interaction-id=\"8f0586a\" \n\t\tclass=\"e-heading-base\" \n\t\t \n\t\tdata-e-type=\"widget\" data-id=\"8f0586a\"\n\t>\n\t\n\t\t\t  1. Rekisterinpit\u00e4j\u00e4\n\t\t<\/h4>\n\t\t\t\t\t<\/div>\n\t\t\t\t<\/div>\n\t\t<div class=\"elementor-element elementor-element-2b1b74c e-flex e-con-boxed e-con e-parent\" data-id=\"2b1b74c\" data-element_type=\"container\" data-e-type=\"container\">\n\t\t\t\t\t<div class=\"e-con-inner\">\n\t\t\t\t\t\t\t\t<p class=\"e-paragraph-base\" data-interaction-id=\"699278d\"  data-e-type=\"widget\" data-id=\"699278d\">\n\t\t\t\t\t\t\t\t<strong>Fidelis Marketing Group S.L.<\/strong><br>Toimivat br\u00e4ndit: <strong>audiowo.com<\/strong>, <strong>escuchargratis.es<\/strong><br>Rekister\u00f6ity Espanjassa<br>(\"Yritys\", \"me\")\n\t\t\t\t\t<\/p>\n\t\t\t\t\t<\/div>\n\t\t\t\t<\/div>\n\t\t<div class=\"elementor-element elementor-element-dffd3b0 e-flex e-con-boxed e-con e-parent\" data-id=\"dffd3b0\" data-element_type=\"container\" data-e-type=\"container\">\n\t\t\t\t\t<div class=\"e-con-inner\">\n\t\t\t\t\t\t\t<h4 \n\t\tdata-interaction-id=\"e04e82b\" \n\t\tclass=\"e-heading-base\" \n\t\t \n\t\tdata-e-type=\"widget\" data-id=\"e04e82b\"\n\t>\n\t\n\t\t\t2. Ker\u00e4tt\u00e4v\u00e4t tiedot\n\t\t<\/h4>\n\t\t\t\t\t<\/div>\n\t\t\t\t<\/div>\n\t\t<div class=\"elementor-element elementor-element-de72aba e-flex e-con-boxed e-con e-parent\" data-id=\"de72aba\" data-element_type=\"container\" data-e-type=\"container\">\n\t\t\t\t\t<div class=\"e-con-inner\">\n\t\t\t\t\t\t\t\t<p class=\"e-paragraph-base\" data-interaction-id=\"9f9879c\"  data-e-type=\"widget\" data-id=\"9f9879c\">\n\t\t\t\t\t\t\t\tKer\u00e4\u00e4mme: Nimen, s\u00e4hk\u00f6postiosoitteen, yritystiedot, laskutustiedot, IP-osoitteen ja k\u00e4ytt\u00f6tiedot, ladatun sis\u00e4ll\u00f6n (artistit)\n\t\t\t\t\t<\/p>\n\t\t\t\t\t<\/div>\n\t\t\t\t<\/div>\n\t\t<div class=\"elementor-element elementor-element-eab8629 e-flex e-con-boxed e-con e-parent\" data-id=\"eab8629\" data-element_type=\"container\" data-e-type=\"container\">\n\t\t\t\t\t<div class=\"e-con-inner\">\n\t\t\t\t\t\t\t<h4 \n\t\tdata-interaction-id=\"f75ba1f\" \n\t\tclass=\"e-heading-base\" \n\t\t \n\t\tdata-e-type=\"widget\" data-id=\"f75ba1f\"\n\t>\n\t\n\t\t\t3. K\u00e4ytt\u00f6tarkoitus\n\t\t<\/h4>\n\t\t\t\t\t<\/div>\n\t\t\t\t<\/div>\n\t\t<div class=\"elementor-element elementor-element-30998a2 e-flex e-con-boxed e-con e-parent\" data-id=\"30998a2\" data-element_type=\"container\" data-e-type=\"container\">\n\t\t\t\t\t<div class=\"e-con-inner\">\n\t\t\t\t\t\t\t\t<p class=\"e-paragraph-base\" data-interaction-id=\"57a0ca2\"  data-e-type=\"widget\" data-id=\"57a0ca2\">\n\t\t\t\t\t\t\t\tTietoja k\u00e4sitell\u00e4\u00e4n seuraaviin tarkoituksiin: Palveluiden tarjoaminen, tilausten hallinta, maksujen k\u00e4sittely, lakis\u00e4\u00e4teisten velvoitteiden noudattaminen\n\t\t\t\t\t<\/p>\n\t\t\t\t\t<\/div>\n\t\t\t\t<\/div>\n\t\t<div class=\"elementor-element elementor-element-43f66c0 e-flex e-con-boxed e-con e-parent\" data-id=\"43f66c0\" data-element_type=\"container\" data-e-type=\"container\">\n\t\t\t\t\t<div class=\"e-con-inner\">\n\t\t\t\t\t\t\t<h4 \n\t\tdata-interaction-id=\"1d609ba\" \n\t\tclass=\"e-heading-base\" \n\t\t \n\t\tdata-e-type=\"widget\" data-id=\"1d609ba\"\n\t>\n\t\n\t\t\t4. Oikeusperuste\n\t\t<\/h4>\n\t\t\t\t\t<\/div>\n\t\t\t\t<\/div>\n\t\t<div class=\"elementor-element elementor-element-2c4a89a e-flex e-con-boxed e-con e-parent\" data-id=\"2c4a89a\" data-element_type=\"container\" data-e-type=\"container\">\n\t\t\t\t\t<div class=\"e-con-inner\">\n\t\t\t\t\t\t\t\t<p class=\"e-paragraph-base\" data-interaction-id=\"1992afd\"  data-e-type=\"widget\" data-id=\"1992afd\">\n\t\t\t\t\t\t\t\tK\u00e4sittely perustuu: Sopimukseen, lakis\u00e4\u00e4teisiin velvoitteisiin, oikeutettuun etuun\n\t\t\t\t\t<\/p>\n\t\t\t\t\t<\/div>\n\t\t\t\t<\/div>\n\t\t<div class=\"elementor-element elementor-element-ff2da94 e-flex e-con-boxed e-con e-parent\" data-id=\"ff2da94\" data-element_type=\"container\" data-e-type=\"container\">\n\t\t\t\t\t<div class=\"e-con-inner\">\n\t\t\t\t\t\t\t<h4 \n\t\tdata-interaction-id=\"dbaf626\" \n\t\tclass=\"e-heading-base\" \n\t\t \n\t\tdata-e-type=\"widget\" data-id=\"dbaf626\"\n\t>\n\t\n\t\t\t5. Tietojen jakaminen\n\t\t<\/h4>\n\t\t\t\t\t<\/div>\n\t\t\t\t<\/div>\n\t\t<div class=\"elementor-element elementor-element-c1dba76 e-flex e-con-boxed e-con e-parent\" data-id=\"c1dba76\" data-element_type=\"container\" data-e-type=\"container\">\n\t\t\t\t\t<div class=\"e-con-inner\">\n\t\t\t\t\t\t\t\t<p class=\"e-paragraph-base\" data-interaction-id=\"0a4693a\"  data-e-type=\"widget\" data-id=\"0a4693a\">\n\t\t\t\t\t\t\t\tTietoja voidaan jakaa: Maksupalveluntarjoajien, hosting- ja IT-palveluntarjoajien kanssa. Tietoja ei myyd\u00e4.\n\t\t\t\t\t<\/p>\n\t\t\t\t\t<\/div>\n\t\t\t\t<\/div>\n\t\t<div class=\"elementor-element elementor-element-a447c6b e-flex e-con-boxed e-con e-parent\" data-id=\"a447c6b\" data-element_type=\"container\" data-e-type=\"container\">\n\t\t\t\t\t<div class=\"e-con-inner\">\n\t\t\t\t\t\t\t<h4 \n\t\tdata-interaction-id=\"1565e33\" \n\t\tclass=\"e-heading-base\" \n\t\t \n\t\tdata-e-type=\"widget\" data-id=\"1565e33\"\n\t>\n\t\n\t\t\t6. Tietojen s\u00e4ilytys\n\t\t<\/h4>\n\t\t\t\t\t<\/div>\n\t\t\t\t<\/div>\n\t\t<div class=\"elementor-element elementor-element-ae54121 e-flex e-con-boxed e-con e-parent\" data-id=\"ae54121\" data-element_type=\"container\" data-e-type=\"container\">\n\t\t\t\t\t<div class=\"e-con-inner\">\n\t\t\t\t\t\t\t\t<p class=\"e-paragraph-base\" data-interaction-id=\"5784ae2\"  data-e-type=\"widget\" data-id=\"5784ae2\">\n\t\t\t\t\t\t\t\tTietoja s\u00e4ilytet\u00e4\u00e4n vain niin kauan kuin on tarpeen oikeudellisiin ja operatiivisiin tarkoituksiin.\n\t\t\t\t\t<\/p>\n\t\t\t\t\t<\/div>\n\t\t\t\t<\/div>\n\t\t<div class=\"elementor-element elementor-element-accb6e5 e-flex e-con-boxed e-con e-parent\" data-id=\"accb6e5\" data-element_type=\"container\" data-e-type=\"container\">\n\t\t\t\t\t<div class=\"e-con-inner\">\n\t\t\t\t\t\t\t<h4 \n\t\tdata-interaction-id=\"6563d9e\" \n\t\tclass=\"e-heading-base\" \n\t\t \n\t\tdata-e-type=\"widget\" data-id=\"6563d9e\"\n\t>\n\t\n\t\t\t7. K\u00e4ytt\u00e4j\u00e4n oikeudet\n\t\t<\/h4>\n\t\t\t\t\t<\/div>\n\t\t\t\t<\/div>\n\t\t<div class=\"elementor-element elementor-element-3a074de e-flex e-con-boxed e-con e-parent\" data-id=\"3a074de\" data-element_type=\"container\" data-e-type=\"container\">\n\t\t\t\t\t<div class=\"e-con-inner\">\n\t\t\t\t\t\t\t\t<p class=\"e-paragraph-base\" data-interaction-id=\"c3af79d\"  data-e-type=\"widget\" data-id=\"c3af79d\">\n\t\t\t\t\t\t\t\tK\u00e4ytt\u00e4j\u00e4t voivat pyyt\u00e4\u00e4: P\u00e4\u00e4sy\u00e4 tietoihin, tietojen oikaisua, poistamista, k\u00e4sittelyn rajoittamista, tietojen siirrett\u00e4vyytt\u00e4. Pyynn\u00f6t voi l\u00e4hett\u00e4\u00e4 osoitteeseen: <strong>info@fidelismarketinggroupsl.com<\/strong>\n\t\t\t\t\t<\/p>\n\t\t\t\t\t<\/div>\n\t\t\t\t<\/div>\n\t\t<div class=\"elementor-element elementor-element-507a5de e-flex e-con-boxed e-con e-parent\" data-id=\"507a5de\" data-element_type=\"container\" data-e-type=\"container\">\n\t\t\t\t\t<div class=\"e-con-inner\">\n\t\t\t\t\t\t\t<h4 \n\t\tdata-interaction-id=\"306dc3d\" \n\t\tclass=\"e-heading-base\" \n\t\t \n\t\tdata-e-type=\"widget\" data-id=\"306dc3d\"\n\t>\n\t\n\t\t\t8. Tietoturva\n\t\t<\/h4>\n\t\t\t\t\t<\/div>\n\t\t\t\t<\/div>\n\t\t<div class=\"elementor-element elementor-element-332492b e-flex e-con-boxed e-con e-parent\" data-id=\"332492b\" data-element_type=\"container\" data-e-type=\"container\">\n\t\t\t\t\t<div class=\"e-con-inner\">\n\t\t\t\t\t\t\t\t<p class=\"e-paragraph-base\" data-interaction-id=\"bba3fed\"  data-e-type=\"widget\" data-id=\"bba3fed\">\n\t\t\t\t\t\t\t\tSovellamme asianmukaisia teknisi\u00e4 ja organisatorisia toimenpiteit\u00e4.\n\t\t\t\t\t<\/p>\n\t\t\t\t\t<\/div>\n\t\t\t\t<\/div>\n\t\t\t\t<\/div>\n\t\t","protected":false},"excerpt":{"rendered":"<p>Tietosuojak\u00e4yt\u00e4nt\u00f6 1. Rekisterinpit\u00e4j\u00e4 Fidelis Marketing Group S.L.Toimivat br\u00e4ndit: audiowo.com, escuchargratis.esRekister\u00f6ity Espanjassa(&#8221;Yritys&#8221;, &#8221;me&#8221;) 2. Ker\u00e4tt\u00e4v\u00e4t tiedot Ker\u00e4\u00e4mme: Nimen, s\u00e4hk\u00f6postiosoitteen, yritystiedot, laskutustiedot, IP-osoitteen ja k\u00e4ytt\u00f6tiedot, ladatun sis\u00e4ll\u00f6n (artistit) 3. K\u00e4ytt\u00f6tarkoitus Tietoja k\u00e4sitell\u00e4\u00e4n seuraaviin tarkoituksiin: Palveluiden tarjoaminen, tilausten hallinta, maksujen k\u00e4sittely, lakis\u00e4\u00e4teisten velvoitteiden noudattaminen 4. Oikeusperuste K\u00e4sittely perustuu: Sopimukseen, lakis\u00e4\u00e4teisiin velvoitteisiin, oikeutettuun etuun 5. Tietojen jakaminen Tietoja voidaan [&hellip;]<\/p>\n","protected":false},"author":1,"featured_media":0,"parent":8443,"menu_order":0,"comment_status":"closed","ping_status":"closed","template":"elementor_header_footer","meta":{"_acf_changed":false,"footnotes":""},"class_list":["post-7837","page","type-page","status-publish","hentry"],"acf":[],"_links":{"self":[{"href":"https:\/\/audiowo.com\/fi\/wp-json\/wp\/v2\/pages\/7837","targetHints":{"allow":["GET"]}}],"collection":[{"href":"https:\/\/audiowo.com\/fi\/wp-json\/wp\/v2\/pages"}],"about":[{"href":"https:\/\/audiowo.com\/fi\/wp-json\/wp\/v2\/types\/page"}],"author":[{"embeddable":true,"href":"https:\/\/audiowo.com\/fi\/wp-json\/wp\/v2\/users\/1"}],"replies":[{"embeddable":true,"href":"https:\/\/audiowo.com\/fi\/wp-json\/wp\/v2\/comments?post=7837"}],"version-history":[{"count":0,"href":"https:\/\/audiowo.com\/fi\/wp-json\/wp\/v2\/pages\/7837\/revisions"}],"up":[{"embeddable":true,"href":"https:\/\/audiowo.com\/fi\/wp-json\/wp\/v2\/pages\/8443"}],"wp:attachment":[{"href":"https:\/\/audiowo.com\/fi\/wp-json\/wp\/v2\/media?parent=7837"}],"curies":[{"name":"wp","href":"https:\/\/api.w.org\/{rel}","templated":true}]}}