{"id":8281,"date":"2026-04-08T13:05:41","date_gmt":"2026-04-08T11:05:41","guid":{"rendered":"https:\/\/audiowo.com\/tilausmusiikki\/"},"modified":"2026-04-09T17:27:20","modified_gmt":"2026-04-09T15:27:20","slug":"tilausmusiikki","status":"publish","type":"page","link":"https:\/\/audiowo.com\/fi\/tilausmusiikki\/","title":{"rendered":"Tilausmusiikki"},"content":{"rendered":"\t\t<div data-elementor-type=\"wp-page\" data-elementor-id=\"8281\" class=\"elementor elementor-8281 elementor-5263\" data-elementor-post-type=\"page\">\n\t\t\t\t<div class=\"elementor-element elementor-element-7afe304 e-flex e-con-boxed e-con e-parent\" data-id=\"7afe304\" data-element_type=\"container\" data-e-type=\"container\">\n\t\t\t\t\t<div class=\"e-con-inner\">\n\t\t\t\t<div class=\"elementor-element elementor-element-d711f11 elementor-widget elementor-widget-heading\" data-id=\"d711f11\" data-element_type=\"widget\" data-e-type=\"widget\" data-widget_type=\"heading.default\">\n\t\t\t\t\t<h1 class=\"elementor-heading-title elementor-size-default\">Tilausmusiikkikappaleet<\/h1>\t\t\t\t<\/div>\n\t\t\t\t\t<\/div>\n\t\t\t\t<\/div>\n\t\t<div class=\"elementor-element elementor-element-b3a24c1 e-flex e-con-boxed e-con e-parent\" data-id=\"b3a24c1\" data-element_type=\"container\" data-e-type=\"container\">\n\t\t\t\t\t<div class=\"e-con-inner\">\n\t\t\t\t<div class=\"elementor-element elementor-element-958aea1 elementor-widget elementor-widget-heading\" data-id=\"958aea1\" data-element_type=\"widget\" data-e-type=\"widget\" data-widget_type=\"heading.default\">\n\t\t\t\t\t<h3 class=\"elementor-heading-title elementor-size-default\">R\u00e4\u00e4t\u00e4l\u00f6ity visionne ja br\u00e4ndienne mukaan<\/h3>\t\t\t\t<\/div>\n\t\t\t\t\t<\/div>\n\t\t\t\t<\/div>\n\t\t<div class=\"elementor-element elementor-element-11b1652 e-flex e-con-boxed e-con e-parent\" data-id=\"11b1652\" data-element_type=\"container\" data-e-type=\"container\">\n\t\t\t\t\t<div class=\"e-con-inner\">\n\t\t<div class=\"elementor-element elementor-element-dedd173 e-con-full e-flex e-con e-child\" data-id=\"dedd173\" data-element_type=\"container\" data-e-type=\"container\">\n\t\t\t\t<div class=\"elementor-element elementor-element-f6ccb80 elementor-widget elementor-widget-text-editor\" data-id=\"f6ccb80\" data-element_type=\"widget\" data-e-type=\"widget\" data-widget_type=\"text-editor.default\">\n\t\t\t\t\t\t\t\t\t<h3 data-section-id=\"yc8960\" data-start=\"398\" data-end=\"445\">Tilausmusiikki<\/h3><p data-start=\"447\" data-end=\"686\">Etittek\u00f6 ainutlaatuista musiikkikappaletta, joka sopii t\u00e4ydellisesti ideaanne, br\u00e4ndiinne tai projektiinne? Audiowossa jokainen kappale tuotetaan alusta alkaen tilausty\u00f6n\u00e4 ghost producer Don Fideliksen toimesta, mik\u00e4 takaa omaper\u00e4isyyden, laadun ja todella erottuvan soundin. <\/p><p data-start=\"688\" data-end=\"705\">Tarvitsetteko:<\/p><ul data-start=\"706\" data-end=\"946\"><li data-section-id=\"1jk1log\" data-start=\"706\" data-end=\"774\">Tietty\u00e4 genre\u00e4 (EDM, pop, hip-hop, elokuvamusiikki, ambient jne.)<\/li><li data-section-id=\"z43kc4\" data-start=\"775\" data-end=\"807\">T\u00e4ysin instrumentaalisen kappaleen<\/li><li data-section-id=\"19ebevm\" data-start=\"808\" data-end=\"835\">Mies- tai naislaulua<\/li><li data-section-id=\"xa32kv\" data-start=\"836\" data-end=\"894\">Musiikkia br\u00e4nd\u00e4ykseen, mainontaan tai yritysidentiteettiin<\/li><li data-section-id=\"16sjc85\" data-start=\"895\" data-end=\"946\">Tai kappaleen, joka perustuu tiettyyn teemaan tai tarinaan<\/li><li data-section-id=\"16sjc85\" data-start=\"895\" data-end=\"946\">Mill\u00e4 tahansa kielell\u00e4<\/li><\/ul><p data-start=\"948\" data-end=\"1007\">L\u00e4hes mik\u00e4 tahansa j\u00e4rkev\u00e4 konsepti voidaan k\u00e4\u00e4nt\u00e4\u00e4 musiikiksi.<\/p><h4 data-section-id=\"10gtqvy\" data-start=\"1009\" data-end=\"1039\">Kokemuksen ja teko\u00e4lyn yhdistelm\u00e4<\/h4><p data-start=\"1041\" data-end=\"1161\">Vuosien tuotantokokemuksen my\u00f6t\u00e4 Don Fidelis hy\u00f6dynt\u00e4\u00e4 nyt edistyneit\u00e4 teko\u00e4lyty\u00f6kaluja ty\u00f6nkulussaan. T\u00e4m\u00e4 mahdollistaa: <\/p><ul data-start=\"1162\" data-end=\"1265\"><li data-section-id=\"ngut33\" data-start=\"1162\" data-end=\"1190\">Nopeammat tuotantosyklit<\/li><li data-section-id=\"1gsr04c\" data-start=\"1191\" data-end=\"1223\">Suuremman luovan joustavuuden<\/li><li data-section-id=\"18f8q\" data-start=\"1224\" data-end=\"1265\">Hienostuneemman ja monipuolisemman soundisuunnittelun<\/li><\/ul><p data-start=\"1267\" data-end=\"1366\">Tulos: korkeampilaatuista musiikkia, toimitettuna tehokkaasti, tinkim\u00e4tt\u00e4 taiteellisesta kontrollista.<\/p><h4 data-section-id=\"u4dr43\" data-start=\"1368\" data-end=\"1398\">Ammattimainen \u00e4\u00e4nenlaatu<\/h4><p data-start=\"1400\" data-end=\"1471\">Jokainen kappale miksataan ja masteroitaan ammattimaisesti alan standardien mukaisesti:<\/p><ul data-start=\"1472\" data-end=\"1529\"><li data-section-id=\"lf88k\" data-start=\"1472\" data-end=\"1500\">Integroitu LUFS: ~12<\/li><li data-section-id=\"1xy6v74\" data-start=\"1501\" data-end=\"1529\">Lyhytaikainen LUFS: ~10<\/li><\/ul><p data-start=\"1531\" data-end=\"1615\">T\u00e4m\u00e4 varmistaa, ett\u00e4 musiikkinne kuulostaa voimakkaalta, kirkkaalta ja tasalaatuiselta kaikilla alustoilla.<\/p><h4 data-section-id=\"nq0mmo\" data-start=\"1617\" data-end=\"1645\">Miksi valita tilausmusiikki?<\/h4><ul data-start=\"1647\" data-end=\"1849\"><li data-section-id=\"sf6ua5\" data-start=\"1647\" data-end=\"1693\">100 % ainutlaatuista \u2014 ei varastomusiikkia tai kierr\u00e4tetty\u00e4 sis\u00e4lt\u00f6\u00e4<\/li><li data-section-id=\"vuf1xl\" data-start=\"1694\" data-end=\"1746\">T\u00e4ysin linjassa visionne tai br\u00e4ndi-identiteettinne kanssa<\/li><li data-section-id=\"1mos9vp\" data-start=\"1747\" data-end=\"1784\">Joustava genrejen ja tyylien suhteen<\/li><li data-section-id=\"1c7ouvu\" data-start=\"1785\" data-end=\"1849\">Sopii kaupalliseen k\u00e4ytt\u00f6\u00f6n, markkinointiin tai henkil\u00f6kohtaisiin projekteihin<\/li><\/ul>\t\t\t\t\t\t\t\t<\/div>\n\t\t\t\t<\/div>\n\t\t<div class=\"elementor-element elementor-element-435755d e-con-full e-flex e-con e-child\" data-id=\"435755d\" data-element_type=\"container\" data-e-type=\"container\">\n\t\t\t\t<div class=\"elementor-element elementor-element-625eccd elementor-grid-1 elementor-product-loop-item--align-center elementor-grid-tablet-3 elementor-grid-mobile-2 elementor-products-grid elementor-wc-products elementor-widget elementor-widget-woocommerce-products\" data-id=\"625eccd\" data-element_type=\"widget\" data-e-type=\"widget\" data-widget_type=\"woocommerce-products.default\">\n\t\t\t\t<div class=\"elementor-widget-container\">\n\t\t\t\t\t<div class=\"woocommerce columns-1 \"><ul class=\"products elementor-grid columns-1\">\n<li class=\"product type-product post-8103 status-publish first instock product_cat-luokittelematon has-post-thumbnail taxable shipping-taxable purchasable product-type-simple\">\n\t<a href=\"https:\/\/audiowo.com\/fi\/tuote\/tilausmusiikkiraita\/\" class=\"woocommerce-LoopProduct-link woocommerce-loop-product__link\"><img fetchpriority=\"high\" decoding=\"async\" width=\"300\" height=\"300\" src=\"https:\/\/audiowo.com\/wp-content\/uploads\/2026\/04\/Custom-made-music-track-Audiowo-Don-Fidelis-300x300.webp\" class=\"attachment-woocommerce_thumbnail size-woocommerce_thumbnail\" alt=\"Custom made music track - Audiowo - Don Fidelis\" srcset=\"https:\/\/audiowo.com\/wp-content\/uploads\/2026\/04\/Custom-made-music-track-Audiowo-Don-Fidelis-300x300.webp 300w, https:\/\/audiowo.com\/wp-content\/uploads\/2026\/04\/Custom-made-music-track-Audiowo-Don-Fidelis-150x150.webp 150w, https:\/\/audiowo.com\/wp-content\/uploads\/2026\/04\/Custom-made-music-track-Audiowo-Don-Fidelis-768x768.webp 768w, https:\/\/audiowo.com\/wp-content\/uploads\/2026\/04\/Custom-made-music-track-Audiowo-Don-Fidelis-600x600.webp 600w, https:\/\/audiowo.com\/wp-content\/uploads\/2026\/04\/Custom-made-music-track-Audiowo-Don-Fidelis-100x100.webp 100w, https:\/\/audiowo.com\/wp-content\/uploads\/2026\/04\/Custom-made-music-track-Audiowo-Don-Fidelis.webp 800w\" sizes=\"(max-width: 300px) 100vw, 300px\" \/><h2 class=\"woocommerce-loop-product__title\">Tilausmusiikkiraita<\/h2>\n\t<span class=\"price\"><span class=\"woocommerce-Price-amount amount\"><bdi>300,00&nbsp;<span class=\"woocommerce-Price-currencySymbol\">&euro;<\/span><\/bdi><\/span><\/span>\n<\/a><a href=\"\/fi\/wp-json\/wp\/v2\/pages\/8281?add-to-cart=8103\" aria-describedby=\"woocommerce_loop_add_to_cart_link_describedby_8103\" data-quantity=\"1\" class=\"button product_type_simple add_to_cart_button ajax_add_to_cart\" data-product_id=\"8103\" data-product_sku=\"\" aria-label=\"Lis\u00e4\u00e4 ostoskoriin: &ldquo;Tilausmusiikkiraita&rdquo;\" rel=\"nofollow\" data-success_message=\"\u201dTilausmusiikkiraita\u201d on lis\u00e4tty ostoskoriisi\" role=\"button\">Lis\u00e4\u00e4 ostoskoriin<\/a>\t<span id=\"woocommerce_loop_add_to_cart_link_describedby_8103\" class=\"screen-reader-text\">\n\t\t\t<\/span>\n<\/li>\n<\/ul>\n<\/div>\t\t\t\t<\/div>\n\t\t\t\t<\/div>\n\t\t\t\t<\/div>\n\t\t\t\t\t<\/div>\n\t\t\t\t<\/div>\n\t\t\t\t<\/div>\n\t\t","protected":false},"excerpt":{"rendered":"<p>Tilausmusiikkikappaleet R\u00e4\u00e4t\u00e4l\u00f6ity visionne ja br\u00e4ndienne mukaan Tilausmusiikki Etittek\u00f6 ainutlaatuista musiikkikappaletta, joka sopii t\u00e4ydellisesti ideaanne, br\u00e4ndiinne tai projektiinne? Audiowossa jokainen kappale tuotetaan alusta alkaen tilausty\u00f6n\u00e4 ghost producer Don Fideliksen toimesta, mik\u00e4 takaa omaper\u00e4isyyden, laadun ja todella erottuvan soundin. Tarvitsetteko: Tietty\u00e4 genre\u00e4 (EDM, pop, hip-hop, elokuvamusiikki, ambient jne.) T\u00e4ysin instrumentaalisen kappaleen Mies- tai naislaulua Musiikkia br\u00e4nd\u00e4ykseen, mainontaan [&hellip;]<\/p>\n","protected":false},"author":1,"featured_media":0,"parent":0,"menu_order":0,"comment_status":"closed","ping_status":"closed","template":"elementor_header_footer","meta":{"_acf_changed":false,"footnotes":""},"class_list":["post-8281","page","type-page","status-publish","hentry"],"acf":[],"_links":{"self":[{"href":"https:\/\/audiowo.com\/fi\/wp-json\/wp\/v2\/pages\/8281","targetHints":{"allow":["GET"]}}],"collection":[{"href":"https:\/\/audiowo.com\/fi\/wp-json\/wp\/v2\/pages"}],"about":[{"href":"https:\/\/audiowo.com\/fi\/wp-json\/wp\/v2\/types\/page"}],"author":[{"embeddable":true,"href":"https:\/\/audiowo.com\/fi\/wp-json\/wp\/v2\/users\/1"}],"replies":[{"embeddable":true,"href":"https:\/\/audiowo.com\/fi\/wp-json\/wp\/v2\/comments?post=8281"}],"version-history":[{"count":0,"href":"https:\/\/audiowo.com\/fi\/wp-json\/wp\/v2\/pages\/8281\/revisions"}],"wp:attachment":[{"href":"https:\/\/audiowo.com\/fi\/wp-json\/wp\/v2\/media?parent=8281"}],"curies":[{"name":"wp","href":"https:\/\/api.w.org\/{rel}","templated":true}]}}