{"id":8443,"date":"2026-02-07T16:40:00","date_gmt":"2026-02-07T15:40:00","guid":{"rendered":"https:\/\/audiowo.com\/oikeudelliset-tiedot\/"},"modified":"2026-04-09T17:32:05","modified_gmt":"2026-04-09T15:32:05","slug":"oikeudelliset-tiedot","status":"publish","type":"page","link":"https:\/\/audiowo.com\/fi\/oikeudelliset-tiedot\/","title":{"rendered":"Oikeudelliset tiedot"},"content":{"rendered":"\t\t<div data-elementor-type=\"wp-page\" data-elementor-id=\"8443\" class=\"elementor elementor-8443 elementor-58\" data-elementor-post-type=\"page\">\n\t\t\t\t<div class=\"elementor-element elementor-element-480bd68 e-flex e-con-boxed e-con e-parent\" data-id=\"480bd68\" data-element_type=\"container\" data-e-type=\"container\">\n\t\t\t\t\t<div class=\"e-con-inner\">\n\t\t\t\t<div class=\"elementor-element elementor-element-400ae8a elementor-widget elementor-widget-heading\" data-id=\"400ae8a\" data-element_type=\"widget\" data-e-type=\"widget\" data-widget_type=\"heading.default\">\n\t\t\t\t\t<h1 class=\"elementor-heading-title elementor-size-default\">Oikeudelliset tiedot<\/h1>\t\t\t\t<\/div>\n\t\t\t\t\t<\/div>\n\t\t\t\t<\/div>\n\t\t<div class=\"elementor-element elementor-element-35d147f e-flex e-con-boxed e-con e-parent\" data-id=\"35d147f\" data-element_type=\"container\" data-e-type=\"container\">\n\t\t\t\t\t<div class=\"e-con-inner\">\n\t\t\t\t\t\t\t\t<p class=\"e-paragraph-base\" data-interaction-id=\"82438c3\"  data-e-type=\"widget\" data-id=\"82438c3\">\n\t\t\t\t\t\t\t\tT\u00e4m\u00e4 sivu tarjoaa p\u00e4\u00e4syn kaikkiin oikeudellisiin asiakirjoihin, jotka liittyv\u00e4t <strong>Fidelis Marketing Group S.L:n<\/strong> yll\u00e4pit\u00e4miin verkkosivustoihin ja palveluihin, mukaan lukien musiikkilisensointialustat ja mainospalvelut. Suosittelemme kaikkia k\u00e4vij\u00f6it\u00e4, asiakkaita ja yhteisty\u00f6kumppaneita tutustumaan huolellisesti alla lueteltuihin sovellettaviin oikeudellisiin asiakirjoihin.\n\t\t\t\t\t<\/p>\n\t\t\t\t\t<\/div>\n\t\t\t\t<\/div>\n\t\t<div class=\"elementor-element elementor-element-cc0df9b e-flex e-con-boxed e-con e-parent\" data-id=\"cc0df9b\" data-element_type=\"container\" data-e-type=\"container\">\n\t\t\t\t\t<div class=\"e-con-inner\">\n\t\t\t\t\t\t\t\t<p class=\"e-paragraph-base\" data-interaction-id=\"1c0d19c\"  data-e-type=\"widget\" data-id=\"1c0d19c\">\n\t\t\t\t\t\t\t<a\n\t\t\t\t\thref=\"https:\/\/audiowo.com\/fi\/oikeudelliset-tiedot\/yleiset-kayttoehdot\/\" target=\"_self\"\n\t\t\t\t\tclass=\"e-paragraph-link-base\"\n\t\t\t\t>\n\t\t\t\t\t\t\ud83d\udcc4 Yleiset k\u00e4ytt\u00f6ehdot N\u00e4m\u00e4 ehdot s\u00e4\u00e4telev\u00e4t verkkosivustojemme, alustojen ja digitaalisten palveluiden yleist\u00e4 k\u00e4ytt\u00f6\u00e4, mukaan lukien p\u00e4\u00e4sy, maksut ja k\u00e4ytt\u00e4j\u00e4n vastuut.\n\t\t\t\t<\/a>\n\t\t\t\t\t<\/p>\n\t\t\t\t\t<\/div>\n\t\t\t\t<\/div>\n\t\t<div class=\"elementor-element elementor-element-b1c872e e-flex e-con-boxed e-con e-parent\" data-id=\"b1c872e\" data-element_type=\"container\" data-e-type=\"container\">\n\t\t\t\t\t<div class=\"e-con-inner\">\n\t\t\t\t\t\t\t\t<p class=\"e-paragraph-base\" data-interaction-id=\"6cc148a\"  data-e-type=\"widget\" data-id=\"6cc148a\">\n\t\t\t\t\t\t\t<a\n\t\t\t\t\thref=\"https:\/\/audiowo.com\/fi\/oikeudelliset-tiedot\/tietosuojakaytanto\/\" target=\"_self\"\n\t\t\t\t\tclass=\"e-paragraph-link-base\"\n\t\t\t\t>\n\t\t\t\t\t\t\ud83d\udd10 Tietosuojak\u00e4yt\u00e4nt\u00f6 Tietosuojak\u00e4yt\u00e4nt\u00f6mme selitt\u00e4\u00e4, miten ker\u00e4\u00e4mme, k\u00e4sittelemme ja suojaamme henkil\u00f6tietoja yleisen tietosuoja-asetuksen (GDPR) ja sovellettavien lakien mukaisesti.\n\t\t\t\t<\/a>\n\t\t\t\t\t<\/p>\n\t\t\t\t\t<\/div>\n\t\t\t\t<\/div>\n\t\t<div class=\"elementor-element elementor-element-9faa98e e-flex e-con-boxed e-con e-parent\" data-id=\"9faa98e\" data-element_type=\"container\" data-e-type=\"container\">\n\t\t\t\t\t<div class=\"e-con-inner\">\n\t\t\t\t\t\t\t\t<p class=\"e-paragraph-base\" data-interaction-id=\"adb4ca5\"  data-e-type=\"widget\" data-id=\"adb4ca5\">\n\t\t\t\t\t\t\t<a\n\t\t\t\t\thref=\"https:\/\/audiowo.com\/legal\/cookie-policy\/\" target=\"_self\"\n\t\t\t\t\tclass=\"e-paragraph-link-base\"\n\t\t\t\t>\n\t\t\t\t\t\t\ud83c\udf6a Ev\u00e4stek\u00e4yt\u00e4nt\u00f6 Ev\u00e4stek\u00e4yt\u00e4nt\u00f6mme selitt\u00e4\u00e4 v\u00e4ltt\u00e4m\u00e4tt\u00f6mien ja analytiikkaev\u00e4steiden k\u00e4yt\u00f6n sek\u00e4 sen, miten k\u00e4vij\u00e4t voivat hallita ev\u00e4steasetuksiaan.\n\t\t\t\t<\/a>\n\t\t\t\t\t<\/p>\n\t\t\t\t\t<\/div>\n\t\t\t\t<\/div>\n\t\t<div class=\"elementor-element elementor-element-e6668c4 e-flex e-con-boxed e-con e-parent\" data-id=\"e6668c4\" data-element_type=\"container\" data-e-type=\"container\">\n\t\t\t\t\t<div class=\"e-con-inner\">\n\t\t\t\t\t\t\t\t<p class=\"e-paragraph-base\" data-interaction-id=\"aa563ab\"  data-e-type=\"widget\" data-id=\"aa563ab\">\n\t\t\t\t\t\t\t<a\n\t\t\t\t\thref=\"https:\/\/audiowo.com\/fi\/oikeudelliset-tiedot\/kaupallinen-musiikkilisenssi\/\" target=\"_self\"\n\t\t\t\t\tclass=\"e-paragraph-link-base\"\n\t\t\t\t>\n\t\t\t\t\t\t\ud83c\udfb5 Kaupallinen musiikkilisenssisopimus T\u00e4m\u00e4 sopimus m\u00e4\u00e4rittelee ehdot, joilla yritykset voivat k\u00e4ytt\u00e4\u00e4 alustoillamme tarjottavaa lisensoitua taustamusiikkia, mukaan lukien sallittu k\u00e4ytt\u00f6, rajoitukset ja kesto.\n\t\t\t\t<\/a>\n\t\t\t\t\t<\/p>\n\t\t\t\t\t<\/div>\n\t\t\t\t<\/div>\n\t\t<div class=\"elementor-element elementor-element-ebd5358 e-flex e-con-boxed e-con e-parent\" data-id=\"ebd5358\" data-element_type=\"container\" data-e-type=\"container\">\n\t\t\t\t\t<div class=\"e-con-inner\">\n\t\t\t\t\t\t\t\t<p class=\"e-paragraph-base\" data-interaction-id=\"b8979ee\"  data-e-type=\"widget\" data-id=\"b8979ee\">\n\t\t\t\t\t\t\t<a\n\t\t\t\t\thref=\"https:\/\/audiowo.com\/fi\/oikeudelliset-tiedot\/promootiomusiikin-luovutussopimus\/\" target=\"_self\"\n\t\t\t\t\tclass=\"e-paragraph-link-base\"\n\t\t\t\t>\n\t\t\t\t\t\t\ud83c\udfa7 Mainosmusiikin yhteisty\u00f6sopimus (artistit) T\u00e4m\u00e4 sopimus koskee artisteja ja oikeudenhaltij\u00f6ita, jotka l\u00e4hett\u00e4v\u00e4t musiikkia mainostarkoituksessa sis\u00e4llytett\u00e4v\u00e4ksi alustoillemme ja kokoelmajulkaisuihimme.\n\t\t\t\t<\/a>\n\t\t\t\t\t<\/p>\n\t\t\t\t\t<\/div>\n\t\t\t\t<\/div>\n\t\t<div class=\"elementor-element elementor-element-2edecb2 e-flex e-con-boxed e-con e-parent\" data-id=\"2edecb2\" data-element_type=\"container\" data-e-type=\"container\">\n\t\t\t\t\t<div class=\"e-con-inner\">\n\t\t\t\t\t\t\t\t<p class=\"e-paragraph-base\" data-interaction-id=\"7e3466e\"  data-e-type=\"widget\" data-id=\"7e3466e\">\n\t\t\t\t\t\t\t\tLaink\u00e4ytt\u00f6 ja sovellettavuus: Ellei toisin mainita, kaikkia oikeudellisia asiakirjoja s\u00e4\u00e4telev\u00e4t <strong>Espanjan<\/strong> lait ja ne koskevat k\u00e4ytt\u00e4ji\u00e4 maailmanlaajuisesti.\n\t\t\t\t\t<\/p>\n\t\t\t\t\t<\/div>\n\t\t\t\t<\/div>\n\t\t<div class=\"elementor-element elementor-element-a6ce8fc e-flex e-con-boxed e-con e-parent\" data-id=\"a6ce8fc\" data-element_type=\"container\" data-e-type=\"container\">\n\t\t\t\t\t<div class=\"e-con-inner\">\n\t\t\t\t\t\t\t\t<p class=\"e-paragraph-base\" data-interaction-id=\"fa43eb2\"  data-e-type=\"widget\" data-id=\"fa43eb2\">\n\t\t\t\t\t\t\t<a\n\t\t\t\t\thref=\"https:\/\/audiowo.com\/fi\/ota-yhteytta\/\" target=\"_self\"\n\t\t\t\t\tclass=\"e-paragraph-link-base\"\n\t\t\t\t>\n\t\t\t\t\t\tYhteystiedot Oikeudellisia tai tietosuojaan liittyvi\u00e4 kysymyksi\u00e4 varten ottakaa yhteytt\u00e4 verkkosivustollamme ilmoitettujen yhteystietojen kautta.\n\t\t\t\t<\/a>\n\t\t\t\t\t<\/p>\n\t\t\t\t\t<\/div>\n\t\t\t\t<\/div>\n\t\t\t\t<\/div>\n\t\t","protected":false},"excerpt":{"rendered":"<p>Oikeudelliset tiedot T\u00e4m\u00e4 sivu tarjoaa p\u00e4\u00e4syn kaikkiin oikeudellisiin asiakirjoihin, jotka liittyv\u00e4t Fidelis Marketing Group S.L:n yll\u00e4pit\u00e4miin verkkosivustoihin ja palveluihin, mukaan lukien musiikkilisensointialustat ja mainospalvelut. Suosittelemme kaikkia k\u00e4vij\u00f6it\u00e4, asiakkaita ja yhteisty\u00f6kumppaneita tutustumaan huolellisesti alla lueteltuihin sovellettaviin oikeudellisiin asiakirjoihin. \ud83d\udcc4 Yleiset k\u00e4ytt\u00f6ehdot N\u00e4m\u00e4 ehdot s\u00e4\u00e4telev\u00e4t verkkosivustojemme, alustojen ja digitaalisten palveluiden yleist\u00e4 k\u00e4ytt\u00f6\u00e4, mukaan lukien p\u00e4\u00e4sy, maksut ja [&hellip;]<\/p>\n","protected":false},"author":1,"featured_media":0,"parent":0,"menu_order":0,"comment_status":"closed","ping_status":"closed","template":"elementor_header_footer","meta":{"_acf_changed":false,"footnotes":""},"class_list":["post-8443","page","type-page","status-publish","hentry"],"acf":[],"_links":{"self":[{"href":"https:\/\/audiowo.com\/fi\/wp-json\/wp\/v2\/pages\/8443","targetHints":{"allow":["GET"]}}],"collection":[{"href":"https:\/\/audiowo.com\/fi\/wp-json\/wp\/v2\/pages"}],"about":[{"href":"https:\/\/audiowo.com\/fi\/wp-json\/wp\/v2\/types\/page"}],"author":[{"embeddable":true,"href":"https:\/\/audiowo.com\/fi\/wp-json\/wp\/v2\/users\/1"}],"replies":[{"embeddable":true,"href":"https:\/\/audiowo.com\/fi\/wp-json\/wp\/v2\/comments?post=8443"}],"version-history":[{"count":0,"href":"https:\/\/audiowo.com\/fi\/wp-json\/wp\/v2\/pages\/8443\/revisions"}],"wp:attachment":[{"href":"https:\/\/audiowo.com\/fi\/wp-json\/wp\/v2\/media?parent=8443"}],"curies":[{"name":"wp","href":"https:\/\/api.w.org\/{rel}","templated":true}]}}