{"id":7770,"date":"2026-03-24T16:23:54","date_gmt":"2026-03-24T15:23:54","guid":{"rendered":"https:\/\/audiowo.com\/product\/creator-lisenssi-rajaton-musiikki\/"},"modified":"2026-03-24T16:23:54","modified_gmt":"2026-03-24T15:23:54","slug":"creator-lisenssi-rajaton-musiikki","status":"publish","type":"product","link":"https:\/\/audiowo.com\/fi\/tuote\/creator-lisenssi-rajaton-musiikki\/","title":{"rendered":"Creator-lisenssi Rajaton Musiikki"},"content":{"rendered":"<p>Creator-lisenssi on suunniteltu sis\u00e4ll\u00f6ntuottajille, jotka tarvitsevat korkealaatuista, tekij\u00e4noikeusturvallista musiikkia videoihin ja verkkoalustoille.<\/p>\n<p>T\u00e4ydellinen YouTubeen, sosiaaliseen mediaan, podcasteihin ja kaupalliseen videosis\u00e4lt\u00f6\u00f6n \u2013 t\u00e4m\u00e4 lisenssi varmistaa, ett\u00e4 projektisi pysyv\u00e4t suojattuina ja kuulostavat ammattimaisilta.<\/p>\n<p>\u2714 K\u00e4ytett\u00e4viss\u00e4 YouTube- ja sosiaalisen median videoissa<br \/>\n\u2714 Rahastusyst\u00e4v\u00e4llist\u00e4 musiikkia<br \/>\n\u2714 Ei tekij\u00e4noikeusvaatimuksia<br \/>\n\u2714 Lataa ja k\u00e4yt\u00e4 v\u00e4litt\u00f6m\u00e4sti<\/p>\n<p>Keskity luomiseen \u2013 me hoidamme musiikkilisensoinnin.<\/p>\n","protected":false},"excerpt":{"rendered":"<p>Tekij\u00e4noikeusturvallista musiikkia YouTubeen, sosiaaliseen mediaan ja videosis\u00e4ll\u00f6ntuottajille. Rahastaaksesi huoletta. <\/p>\n","protected":false},"featured_media":354,"comment_status":"closed","ping_status":"closed","template":"","meta":{"_acf_changed":false},"product_brand":[],"product_cat":[98],"product_tag":[],"class_list":{"0":"post-7770","1":"product","2":"type-product","3":"status-publish","4":"has-post-thumbnail","6":"product_cat-uncategorized-fi","8":"first","9":"instock","10":"taxable","11":"shipping-taxable","12":"purchasable","13":"product-type-subscription"},"acf":[],"_links":{"self":[{"href":"https:\/\/audiowo.com\/fi\/wp-json\/wp\/v2\/product\/7770","targetHints":{"allow":["GET"]}}],"collection":[{"href":"https:\/\/audiowo.com\/fi\/wp-json\/wp\/v2\/product"}],"about":[{"href":"https:\/\/audiowo.com\/fi\/wp-json\/wp\/v2\/types\/product"}],"replies":[{"embeddable":true,"href":"https:\/\/audiowo.com\/fi\/wp-json\/wp\/v2\/comments?post=7770"}],"version-history":[{"count":0,"href":"https:\/\/audiowo.com\/fi\/wp-json\/wp\/v2\/product\/7770\/revisions"}],"wp:featuredmedia":[{"embeddable":true,"href":"https:\/\/audiowo.com\/fi\/wp-json\/wp\/v2\/media\/354"}],"wp:attachment":[{"href":"https:\/\/audiowo.com\/fi\/wp-json\/wp\/v2\/media?parent=7770"}],"wp:term":[{"taxonomy":"product_brand","embeddable":true,"href":"https:\/\/audiowo.com\/fi\/wp-json\/wp\/v2\/product_brand?post=7770"},{"taxonomy":"product_cat","embeddable":true,"href":"https:\/\/audiowo.com\/fi\/wp-json\/wp\/v2\/product_cat?post=7770"},{"taxonomy":"product_tag","embeddable":true,"href":"https:\/\/audiowo.com\/fi\/wp-json\/wp\/v2\/product_tag?post=7770"}],"curies":[{"name":"wp","href":"https:\/\/api.w.org\/{rel}","templated":true}]}}