{"id":8103,"date":"2026-04-08T13:21:53","date_gmt":"2026-04-08T11:21:53","guid":{"rendered":"https:\/\/audiowo.com\/product\/tilausmusiikkiraita\/"},"modified":"2026-04-08T13:21:53","modified_gmt":"2026-04-08T11:21:53","slug":"tilausmusiikkiraita","status":"publish","type":"product","link":"https:\/\/audiowo.com\/fi\/tuote\/tilausmusiikkiraita\/","title":{"rendered":"Tilausmusiikkiraita"},"content":{"rendered":"<h3 data-section-id=\"kzbvll\" data-start=\"837\" data-end=\"853\">Mit\u00e4 saat<\/h3>\n<ul data-start=\"855\" data-end=\"1086\">\n<li data-section-id=\"1eu2wei\" data-start=\"855\" data-end=\"890\">\u2714 Tilausraita <strong data-start=\"875\" data-end=\"888\">miss\u00e4 tahansa tyylilajissa<\/strong><\/li>\n<li data-section-id=\"1ds2gtc\" data-start=\"891\" data-end=\"945\">\u2714 <strong data-start=\"895\" data-end=\"926\">Instrumentaalinen tai lauluilla<\/strong> (mies tai nainen)<\/li>\n<li data-section-id=\"3jg2wi\" data-start=\"946\" data-end=\"980\">\u2714 <strong data-start=\"950\" data-end=\"978\">100 % alkuper\u00e4inen tuotanto<\/strong><\/li>\n<li data-section-id=\"1t5qaaa\" data-start=\"981\" data-end=\"1017\">\u2714 <strong data-start=\"985\" data-end=\"1015\">4 korjauskierrosta sis\u00e4ltyy<\/strong><\/li>\n<li data-section-id=\"ctp5tw\" data-start=\"1018\" data-end=\"1055\">\u2714 Ammattimaisesti miksattu &amp; masteroitu<\/li>\n<li data-section-id=\"1w42kxf\" data-start=\"1056\" data-end=\"1086\">\u2714 Valmis kaupalliseen k\u00e4ytt\u00f6\u00f6n<\/li>\n<\/ul>\n<h3 data-section-id=\"1va2ym6\" data-start=\"1093\" data-end=\"1113\">Sanoitukset &amp; konsepti<\/h3>\n<p data-start=\"1115\" data-end=\"1145\">Jos raitasi sis\u00e4lt\u00e4\u00e4 laulua:<\/p>\n<ul data-start=\"1146\" data-end=\"1325\">\n<li data-section-id=\"1ucixgt\" data-start=\"1146\" data-end=\"1202\"><strong data-start=\"1152\" data-end=\"1200\">Sanoitukset k\u00e4yd\u00e4\u00e4n l\u00e4pi ja hyv\u00e4ksyt\u00e4\u00e4n etuk\u00e4teen<\/strong><\/li>\n<li data-section-id=\"1wc8nft\" data-start=\"1203\" data-end=\"1266\">Voitte toimittaa oman tekstinne tai tehd\u00e4 yhteisty\u00f6t\u00e4 konseptin parissa<\/li>\n<li data-section-id=\"1uvj11k\" data-start=\"1267\" data-end=\"1325\">Lopullinen suunta on aina linjassa visionne kanssa<\/li>\n<\/ul>\n<h3 data-section-id=\"ixpo5k\" data-start=\"1332\" data-end=\"1354\">Tuotannon laatu<\/h3>\n<p data-start=\"1356\" data-end=\"1415\">Kaikki raidat toimitetaan ammattimaisilla \u00e4\u00e4nistandardeilla:<\/p>\n<ul data-start=\"1416\" data-end=\"1473\">\n<li data-section-id=\"lf88k\" data-start=\"1416\" data-end=\"1444\"><strong data-start=\"1418\" data-end=\"1438\">Integroitu LUFS:<\/strong> ~12<\/li>\n<li data-section-id=\"1xy6v74\" data-start=\"1445\" data-end=\"1473\"><strong data-start=\"1447\" data-end=\"1467\">Lyhytaikainen LUFS:<\/strong> ~10<\/li>\n<\/ul>\n<p data-start=\"1475\" data-end=\"1531\">Optimoitu suoratoistoalustoille, mainoksille ja digitaaliseen k\u00e4ytt\u00f6\u00f6n.<\/p>\n<h3 data-section-id=\"o1tr05\" data-start=\"1538\" data-end=\"1550\">Ty\u00f6nkulku<\/h3>\n<ol data-start=\"1552\" data-end=\"1750\">\n<li data-section-id=\"46qe72\" data-start=\"1552\" data-end=\"1573\">Tee tilauksenne<\/li>\n<li data-section-id=\"4dsk2w\" data-start=\"1574\" data-end=\"1617\">Jaa ideanne, tyylienne ja referenssit<\/li>\n<li data-section-id=\"gwf447\" data-start=\"1618\" data-end=\"1653\">Vahvista sanoitukset (jos sovellettavissa)<\/li>\n<li data-section-id=\"1i86ysv\" data-start=\"1654\" data-end=\"1676\">Tuotanto alkaa<\/li>\n<li data-section-id=\"1na1y2n\" data-start=\"1677\" data-end=\"1697\">Vastaanota esikatselu<\/li>\n<li data-section-id=\"sgvehz\" data-start=\"1698\" data-end=\"1730\">Pyyd\u00e4 korjauksia (enint\u00e4\u00e4n 4)<\/li>\n<li data-section-id=\"1j7cqp8\" data-start=\"1731\" data-end=\"1750\">Lopullinen toimitus<\/li>\n<\/ol>\n<h3 data-section-id=\"1xnjjts\" data-start=\"1757\" data-end=\"1783\">Miksi valita Don Fidelis ja Audiowo.com<\/h3>\n<ul data-start=\"1785\" data-end=\"1942\">\n<li data-section-id=\"14y3yxp\" data-start=\"1785\" data-end=\"1815\">Kokenut ghost producer 20 vuoden kokemuksella<\/li>\n<li data-section-id=\"1wa8isb\" data-start=\"1816\" data-end=\"1863\">Ty\u00f6skentelee <strong data-start=\"1829\" data-end=\"1861\">AI-tehostetuilla tuotantoty\u00f6kaluilla<\/strong><\/li>\n<li data-section-id=\"167q9o4\" data-start=\"1864\" data-end=\"1905\">Nopea l\u00e4pimenoaika korkealla johdonmukaisuudella<\/li>\n<li data-section-id=\"a59152\" data-start=\"1906\" data-end=\"1942\">Joustava kaikissa musiikkityyleiss\u00e4<\/li>\n<\/ul>\n<h3 data-section-id=\"1x5ej4z\" data-start=\"1949\" data-end=\"1968\">T\u00e4rke\u00e4t huomiot<\/h3>\n<ul data-start=\"1970\" data-end=\"2116\">\n<li data-section-id=\"sd09u1\" data-start=\"1970\" data-end=\"2009\">Toimitusaika riippuu monimutkaisuudesta<\/li>\n<li data-section-id=\"vs6f81\" data-start=\"2010\" data-end=\"2060\">Selke\u00e4t ohjeet = paremmat ja nopeammat tulokset<\/li>\n<li data-section-id=\"1b3kjq6\" data-start=\"2061\" data-end=\"2116\">Lis\u00e4korjaukset saattavat olla saatavilla lis\u00e4maksusta<\/li>\n<\/ul>\n","protected":false},"excerpt":{"rendered":"<h3 data-section-id=\"77bgn1\" data-start=\"439\" data-end=\"492\">Tilausmusiikkiraita \u2013 t\u00e4ysin r\u00e4\u00e4t\u00e4l\u00f6ity tarpeidenne mukaan<\/h3>\n<p data-start=\"494\" data-end=\"694\">Tilaa <strong data-start=\"502\" data-end=\"548\">ammattimaisesti tuotettu tilausmusiikkiraita<\/strong> kiinte\u00e4\u00e4n hintaan <strong data-start=\"570\" data-end=\"578\">300 \u20ac<\/strong>. Ghost producer <strong data-start=\"606\" data-end=\"621\">Don Fideliksen<\/strong> luoma, jokainen raita rakennetaan alusta alkaen ideoidenne, tavoitteidenne ja tyylienne pohjalta. <\/p>\n<p data-start=\"696\" data-end=\"709\">Sopii:<\/p>\n<ul data-start=\"710\" data-end=\"830\">\n<li data-section-id=\"pauozy\" data-start=\"710\" data-end=\"733\">Artisteille ja laulajille<\/li>\n<li data-section-id=\"1avaya0\" data-start=\"734\" data-end=\"761\">Yrityksille ja br\u00e4nd\u00e4ykseen<\/li>\n<li data-section-id=\"w7ijlb\" data-start=\"762\" data-end=\"796\">YouTubeen, mainoksiin ja sosiaaliseen mediaan<\/li>\n<li data-section-id=\"1xa11m8\" data-start=\"797\" data-end=\"830\">Henkil\u00f6kohtaisiin tai luoviin projekteihin<\/li>\n<\/ul>\n","protected":false},"featured_media":5292,"comment_status":"closed","ping_status":"closed","template":"","meta":{"_acf_changed":false},"product_brand":[],"product_cat":[219],"product_tag":[],"class_list":{"0":"post-8103","1":"product","2":"type-product","3":"status-publish","4":"has-post-thumbnail","6":"product_cat-luokittelematon","8":"first","9":"instock","10":"taxable","11":"shipping-taxable","12":"purchasable","13":"product-type-simple"},"acf":[],"_links":{"self":[{"href":"https:\/\/audiowo.com\/fi\/wp-json\/wp\/v2\/product\/8103","targetHints":{"allow":["GET"]}}],"collection":[{"href":"https:\/\/audiowo.com\/fi\/wp-json\/wp\/v2\/product"}],"about":[{"href":"https:\/\/audiowo.com\/fi\/wp-json\/wp\/v2\/types\/product"}],"replies":[{"embeddable":true,"href":"https:\/\/audiowo.com\/fi\/wp-json\/wp\/v2\/comments?post=8103"}],"version-history":[{"count":0,"href":"https:\/\/audiowo.com\/fi\/wp-json\/wp\/v2\/product\/8103\/revisions"}],"wp:featuredmedia":[{"embeddable":true,"href":"https:\/\/audiowo.com\/fi\/wp-json\/wp\/v2\/media\/5292"}],"wp:attachment":[{"href":"https:\/\/audiowo.com\/fi\/wp-json\/wp\/v2\/media?parent=8103"}],"wp:term":[{"taxonomy":"product_brand","embeddable":true,"href":"https:\/\/audiowo.com\/fi\/wp-json\/wp\/v2\/product_brand?post=8103"},{"taxonomy":"product_cat","embeddable":true,"href":"https:\/\/audiowo.com\/fi\/wp-json\/wp\/v2\/product_cat?post=8103"},{"taxonomy":"product_tag","embeddable":true,"href":"https:\/\/audiowo.com\/fi\/wp-json\/wp\/v2\/product_tag?post=8103"}],"curies":[{"name":"wp","href":"https:\/\/api.w.org\/{rel}","templated":true}]}}