{"id":8128,"date":"2026-03-24T16:15:36","date_gmt":"2026-03-24T15:15:36","guid":{"rendered":"https:\/\/audiowo.com\/product\/yrityslisenssi-rajaton-musiikki\/"},"modified":"2026-03-24T16:15:36","modified_gmt":"2026-03-24T15:15:36","slug":"yrityslisenssi-rajaton-musiikki","status":"publish","type":"product","link":"https:\/\/audiowo.com\/fi\/tuote\/yrityslisenssi-rajaton-musiikki\/","title":{"rendered":"Yrityslisenssi Rajaton Musiikki"},"content":{"rendered":"<p class=\"isSelectedEnd\">Yrityslisenssi antaa teille p\u00e4\u00e4syn korkealaatuiseen musiikkiin kaupallisiin ymp\u00e4rist\u00f6ihin, kuten kauppoihin, ravintoloihin, baareihin, hotelleihin ja toimistoihin.<\/p>\n<p class=\"isSelectedEnd\">Luokaa t\u00e4ydellinen tunnelma asiakkaillenne ammattimaisesti kuratoitujen kappaleiden avulla, jotka on suunniteltu parantamaan tunnelmaa, lis\u00e4\u00e4m\u00e4\u00e4n viipymisaikaa ja nostamaan br\u00e4ndikokemustanne.<\/p>\n<p class=\"isSelectedEnd\">\u2714 Rajaton p\u00e4\u00e4sy musiikkiin<br \/>\n\u2714 Turvallinen kaupalliseen k\u00e4ytt\u00f6\u00f6n<br \/>\n\u2714 S\u00e4\u00e4nn\u00f6llisesti p\u00e4ivitetty musiikkikirjasto<br \/>\n\u2714 Helppo suoratoisto ja lataukset<\/p>\n<p>Ihanteellinen yrityksille, jotka haluavat premium-taustamusiikkia ilman lisensointiin liittyv\u00e4\u00e4 monimutkaisuutta.<\/p>\n","protected":false},"excerpt":{"rendered":"<p>Musiikkia kaupoille, ravintoloille, hotelleille ja kaupallisiin tiloihin. Yksinkertaista, turvallista ja valmiina k\u00e4ytett\u00e4v\u00e4ksi. <\/p>\n","protected":false},"featured_media":340,"comment_status":"open","ping_status":"closed","template":"","meta":{"_acf_changed":false},"product_brand":[],"product_cat":[98],"product_tag":[],"class_list":{"0":"post-8128","1":"product","2":"type-product","3":"status-publish","4":"has-post-thumbnail","6":"product_cat-uncategorized-fi","8":"first","9":"instock","10":"taxable","11":"shipping-taxable","12":"purchasable","13":"product-type-subscription"},"acf":[],"_links":{"self":[{"href":"https:\/\/audiowo.com\/fi\/wp-json\/wp\/v2\/product\/8128","targetHints":{"allow":["GET"]}}],"collection":[{"href":"https:\/\/audiowo.com\/fi\/wp-json\/wp\/v2\/product"}],"about":[{"href":"https:\/\/audiowo.com\/fi\/wp-json\/wp\/v2\/types\/product"}],"replies":[{"embeddable":true,"href":"https:\/\/audiowo.com\/fi\/wp-json\/wp\/v2\/comments?post=8128"}],"version-history":[{"count":0,"href":"https:\/\/audiowo.com\/fi\/wp-json\/wp\/v2\/product\/8128\/revisions"}],"wp:featuredmedia":[{"embeddable":true,"href":"https:\/\/audiowo.com\/fi\/wp-json\/wp\/v2\/media\/340"}],"wp:attachment":[{"href":"https:\/\/audiowo.com\/fi\/wp-json\/wp\/v2\/media?parent=8128"}],"wp:term":[{"taxonomy":"product_brand","embeddable":true,"href":"https:\/\/audiowo.com\/fi\/wp-json\/wp\/v2\/product_brand?post=8128"},{"taxonomy":"product_cat","embeddable":true,"href":"https:\/\/audiowo.com\/fi\/wp-json\/wp\/v2\/product_cat?post=8128"},{"taxonomy":"product_tag","embeddable":true,"href":"https:\/\/audiowo.com\/fi\/wp-json\/wp\/v2\/product_tag?post=8128"}],"curies":[{"name":"wp","href":"https:\/\/api.w.org\/{rel}","templated":true}]}}