{"id":8236,"date":"2026-03-24T16:24:49","date_gmt":"2026-03-24T15:24:49","guid":{"rendered":"https:\/\/audiowo.com\/product\/broadcast-lisenssi-rajaton-musiikki\/"},"modified":"2026-03-24T16:24:49","modified_gmt":"2026-03-24T15:24:49","slug":"broadcast-lisenssi-rajaton-musiikki","status":"publish","type":"product","link":"https:\/\/audiowo.com\/fi\/tuote\/broadcast-lisenssi-rajaton-musiikki\/","title":{"rendered":"Broadcast-lisenssi Rajaton Musiikki"},"content":{"rendered":"<p>Broadcast-lisenssi on suunniteltu ammattituotantoihin, kuten TV-, elokuva-, radio- ja laajamittaisiin mediaprojekteihin.<\/p>\n<p>P\u00e4\u00e4sy premium-laatuiseen musiikkiin, joka soveltuu elokuvalliseen, l\u00e4hetys- ja kaupalliseen k\u00e4ytt\u00f6\u00f6n, t\u00e4ydell\u00e4 lisensoinnin selkeydell\u00e4 ja joustavuudella.<\/p>\n<p>\u2714 K\u00e4ytt\u00f6 TV-, elokuva- ja radiotuotannoissa<br \/>\n\u2714 Korkealaatuiset, ammattimaiset kappaleet<br \/>\n\u2714 Soveltuu kaupalliseen jakeluun<br \/>\n\u2714 Luotettava ja selke\u00e4 lisensointi<\/p>\n<p>T\u00e4ydellinen ratkaisu tuottajille, toimistoille ja l\u00e4hetystoiminnan harjoittajille.<\/p>\n","protected":false},"excerpt":{"rendered":"<p>Ammattimaista musiikkia TV:lle, elokuvalle ja radiolle. Korkealaatuisia kappaleita selke\u00e4ll\u00e4 lisensoinnilla l\u00e4hetysk\u00e4ytt\u00f6\u00f6n. <\/p>\n","protected":false},"featured_media":364,"comment_status":"closed","ping_status":"closed","template":"","meta":{"_acf_changed":false},"product_brand":[],"product_cat":[98],"product_tag":[],"class_list":{"0":"post-8236","1":"product","2":"type-product","3":"status-publish","4":"has-post-thumbnail","6":"product_cat-uncategorized-fi","8":"first","9":"instock","10":"taxable","11":"shipping-taxable","12":"purchasable","13":"product-type-subscription"},"acf":[],"_links":{"self":[{"href":"https:\/\/audiowo.com\/fi\/wp-json\/wp\/v2\/product\/8236","targetHints":{"allow":["GET"]}}],"collection":[{"href":"https:\/\/audiowo.com\/fi\/wp-json\/wp\/v2\/product"}],"about":[{"href":"https:\/\/audiowo.com\/fi\/wp-json\/wp\/v2\/types\/product"}],"replies":[{"embeddable":true,"href":"https:\/\/audiowo.com\/fi\/wp-json\/wp\/v2\/comments?post=8236"}],"version-history":[{"count":0,"href":"https:\/\/audiowo.com\/fi\/wp-json\/wp\/v2\/product\/8236\/revisions"}],"wp:featuredmedia":[{"embeddable":true,"href":"https:\/\/audiowo.com\/fi\/wp-json\/wp\/v2\/media\/364"}],"wp:attachment":[{"href":"https:\/\/audiowo.com\/fi\/wp-json\/wp\/v2\/media?parent=8236"}],"wp:term":[{"taxonomy":"product_brand","embeddable":true,"href":"https:\/\/audiowo.com\/fi\/wp-json\/wp\/v2\/product_brand?post=8236"},{"taxonomy":"product_cat","embeddable":true,"href":"https:\/\/audiowo.com\/fi\/wp-json\/wp\/v2\/product_cat?post=8236"},{"taxonomy":"product_tag","embeddable":true,"href":"https:\/\/audiowo.com\/fi\/wp-json\/wp\/v2\/product_tag?post=8236"}],"curies":[{"name":"wp","href":"https:\/\/api.w.org\/{rel}","templated":true}]}}