{"id":8279,"date":"2026-04-08T13:05:41","date_gmt":"2026-04-08T11:05:41","guid":{"rendered":"https:\/\/audiowo.com\/sur-mesure\/"},"modified":"2026-04-09T17:27:20","modified_gmt":"2026-04-09T15:27:20","slug":"sur-mesure","status":"publish","type":"page","link":"https:\/\/audiowo.com\/fr\/sur-mesure\/","title":{"rendered":"Sur mesure"},"content":{"rendered":"\t\t<div data-elementor-type=\"wp-page\" data-elementor-id=\"8279\" class=\"elementor elementor-8279 elementor-5263\" data-elementor-post-type=\"page\">\n\t\t\t\t<div class=\"elementor-element elementor-element-7afe304 e-flex e-con-boxed e-con e-parent\" data-id=\"7afe304\" data-element_type=\"container\" data-e-type=\"container\">\n\t\t\t\t\t<div class=\"e-con-inner\">\n\t\t\t\t<div class=\"elementor-element elementor-element-d711f11 elementor-widget elementor-widget-heading\" data-id=\"d711f11\" data-element_type=\"widget\" data-e-type=\"widget\" data-widget_type=\"heading.default\">\n\t\t\t\t\t<h1 class=\"elementor-heading-title elementor-size-default\">Morceaux musicaux sur mesure<\/h1>\t\t\t\t<\/div>\n\t\t\t\t\t<\/div>\n\t\t\t\t<\/div>\n\t\t<div class=\"elementor-element elementor-element-b3a24c1 e-flex e-con-boxed e-con e-parent\" data-id=\"b3a24c1\" data-element_type=\"container\" data-e-type=\"container\">\n\t\t\t\t\t<div class=\"e-con-inner\">\n\t\t\t\t<div class=\"elementor-element elementor-element-958aea1 elementor-widget elementor-widget-heading\" data-id=\"958aea1\" data-element_type=\"widget\" data-e-type=\"widget\" data-widget_type=\"heading.default\">\n\t\t\t\t\t<h3 class=\"elementor-heading-title elementor-size-default\">Adapt\u00e9s \u00e0 votre vision et \u00e0 votre marque<\/h3>\t\t\t\t<\/div>\n\t\t\t\t\t<\/div>\n\t\t\t\t<\/div>\n\t\t<div class=\"elementor-element elementor-element-11b1652 e-flex e-con-boxed e-con e-parent\" data-id=\"11b1652\" data-element_type=\"container\" data-e-type=\"container\">\n\t\t\t\t\t<div class=\"e-con-inner\">\n\t\t<div class=\"elementor-element elementor-element-dedd173 e-con-full e-flex e-con e-child\" data-id=\"dedd173\" data-element_type=\"container\" data-e-type=\"container\">\n\t\t\t\t<div class=\"elementor-element elementor-element-f6ccb80 elementor-widget elementor-widget-text-editor\" data-id=\"f6ccb80\" data-element_type=\"widget\" data-e-type=\"widget\" data-widget_type=\"text-editor.default\">\n\t\t\t\t\t\t\t\t\t<h3 data-section-id=\"yc8960\" data-start=\"398\" data-end=\"445\">Musique sur mesure<\/h3><p data-start=\"447\" data-end=\"686\">Vous recherchez un morceau musical unique qui correspond parfaitement \u00e0 votre id\u00e9e, votre marque ou votre projet ? Chez Audiowo, chaque morceau est cr\u00e9\u00e9 sur mesure par le producteur fant\u00f4me Don Fidelis, garantissant originalit\u00e9, qualit\u00e9 et un son qui se d\u00e9marque v\u00e9ritablement. <\/p><p data-start=\"688\" data-end=\"705\">Que vous ayez besoin :<\/p><ul data-start=\"706\" data-end=\"946\"><li data-section-id=\"1jk1log\" data-start=\"706\" data-end=\"774\">D&rsquo;un genre sp\u00e9cifique (EDM, pop, hip-hop, cin\u00e9matique, ambient, etc.)<\/li><li data-section-id=\"z43kc4\" data-start=\"775\" data-end=\"807\">D&rsquo;un morceau enti\u00e8rement instrumental<\/li><li data-section-id=\"19ebevm\" data-start=\"808\" data-end=\"835\">De voix masculines ou f\u00e9minines<\/li><li data-section-id=\"xa32kv\" data-start=\"836\" data-end=\"894\">De musique pour l&rsquo;image de marque, la publicit\u00e9 ou l&rsquo;identit\u00e9 d&rsquo;entreprise<\/li><li data-section-id=\"16sjc85\" data-start=\"895\" data-end=\"946\">Ou d&rsquo;un morceau bas\u00e9 sur un th\u00e8me ou une histoire sp\u00e9cifique<\/li><li data-section-id=\"16sjc85\" data-start=\"895\" data-end=\"946\">Dans n&rsquo;importe quelle langue<\/li><\/ul><p data-start=\"948\" data-end=\"1007\">Presque tout concept raisonnable peut \u00eatre traduit en musique.<\/p><h4 data-section-id=\"10gtqvy\" data-start=\"1009\" data-end=\"1039\">Propuls\u00e9 par l&rsquo;exp\u00e9rience + l&rsquo;IA<\/h4><p data-start=\"1041\" data-end=\"1161\">Fort de plusieurs ann\u00e9es d&rsquo;expertise en production, Don Fidelis int\u00e8gre d\u00e9sormais des outils d&rsquo;IA avanc\u00e9s dans son processus de travail. Cela permet : <\/p><ul data-start=\"1162\" data-end=\"1265\"><li data-section-id=\"ngut33\" data-start=\"1162\" data-end=\"1190\">Des cycles de production plus rapides<\/li><li data-section-id=\"1gsr04c\" data-start=\"1191\" data-end=\"1223\">Une plus grande flexibilit\u00e9 cr\u00e9ative<\/li><li data-section-id=\"18f8q\" data-start=\"1224\" data-end=\"1265\">Une conception sonore plus raffin\u00e9e et diversifi\u00e9e<\/li><\/ul><p data-start=\"1267\" data-end=\"1366\">Le r\u00e9sultat : une musique de qualit\u00e9 sup\u00e9rieure, livr\u00e9e efficacement, sans compromettre le contr\u00f4le artistique.<\/p><h4 data-section-id=\"u4dr43\" data-start=\"1368\" data-end=\"1398\">Qualit\u00e9 sonore professionnelle<\/h4><p data-start=\"1400\" data-end=\"1471\">Chaque morceau est mix\u00e9 et masteris\u00e9 professionnellement selon les normes de l&rsquo;industrie :<\/p><ul data-start=\"1472\" data-end=\"1529\"><li data-section-id=\"lf88k\" data-start=\"1472\" data-end=\"1500\">LUFS int\u00e9gr\u00e9 : ~12<\/li><li data-section-id=\"1xy6v74\" data-start=\"1501\" data-end=\"1529\">LUFS \u00e0 court terme : ~10<\/li><\/ul><p data-start=\"1531\" data-end=\"1615\">Cela garantit que votre musique sonne puissante, claire et coh\u00e9rente sur toutes les plateformes.<\/p><h4 data-section-id=\"nq0mmo\" data-start=\"1617\" data-end=\"1645\">Pourquoi choisir la musique sur mesure ?<\/h4><ul data-start=\"1647\" data-end=\"1849\"><li data-section-id=\"sf6ua5\" data-start=\"1647\" data-end=\"1693\">100 % unique \u2014 aucun contenu g\u00e9n\u00e9rique ou recycl\u00e9<\/li><li data-section-id=\"vuf1xl\" data-start=\"1694\" data-end=\"1746\">Parfaitement align\u00e9e avec votre vision ou votre identit\u00e9 de marque<\/li><li data-section-id=\"1mos9vp\" data-start=\"1747\" data-end=\"1784\">Flexible selon les genres et les styles<\/li><li data-section-id=\"1c7ouvu\" data-start=\"1785\" data-end=\"1849\">Adapt\u00e9e \u00e0 un usage commercial, au marketing ou \u00e0 des projets personnels<\/li><\/ul>\t\t\t\t\t\t\t\t<\/div>\n\t\t\t\t<\/div>\n\t\t<div class=\"elementor-element elementor-element-435755d e-con-full e-flex e-con e-child\" data-id=\"435755d\" data-element_type=\"container\" data-e-type=\"container\">\n\t\t\t\t<div class=\"elementor-element elementor-element-625eccd elementor-grid-1 elementor-product-loop-item--align-center elementor-grid-tablet-3 elementor-grid-mobile-2 elementor-products-grid elementor-wc-products elementor-widget elementor-widget-woocommerce-products\" data-id=\"625eccd\" data-element_type=\"widget\" data-e-type=\"widget\" data-widget_type=\"woocommerce-products.default\">\n\t\t\t\t<div class=\"elementor-widget-container\">\n\t\t\t\t\t<div class=\"woocommerce columns-1 \"><ul class=\"products elementor-grid columns-1\">\n<li class=\"product type-product post-7965 status-publish first instock product_cat-non-classe-2 has-post-thumbnail taxable shipping-taxable purchasable product-type-simple\">\n\t<a href=\"https:\/\/audiowo.com\/fr\/produit\/piste-musicale-personnalisee\/\" class=\"woocommerce-LoopProduct-link woocommerce-loop-product__link\"><img fetchpriority=\"high\" decoding=\"async\" width=\"300\" height=\"300\" src=\"https:\/\/audiowo.com\/wp-content\/uploads\/2026\/04\/Custom-made-music-track-Audiowo-Don-Fidelis-300x300.webp\" class=\"attachment-woocommerce_thumbnail size-woocommerce_thumbnail\" alt=\"Custom made music track - Audiowo - Don Fidelis\" srcset=\"https:\/\/audiowo.com\/wp-content\/uploads\/2026\/04\/Custom-made-music-track-Audiowo-Don-Fidelis-300x300.webp 300w, https:\/\/audiowo.com\/wp-content\/uploads\/2026\/04\/Custom-made-music-track-Audiowo-Don-Fidelis-150x150.webp 150w, https:\/\/audiowo.com\/wp-content\/uploads\/2026\/04\/Custom-made-music-track-Audiowo-Don-Fidelis-768x768.webp 768w, https:\/\/audiowo.com\/wp-content\/uploads\/2026\/04\/Custom-made-music-track-Audiowo-Don-Fidelis-600x600.webp 600w, https:\/\/audiowo.com\/wp-content\/uploads\/2026\/04\/Custom-made-music-track-Audiowo-Don-Fidelis-100x100.webp 100w, https:\/\/audiowo.com\/wp-content\/uploads\/2026\/04\/Custom-made-music-track-Audiowo-Don-Fidelis.webp 800w\" sizes=\"(max-width: 300px) 100vw, 300px\" \/><h2 class=\"woocommerce-loop-product__title\">Piste musicale personnalis\u00e9e<\/h2>\n\t<span class=\"price\"><span class=\"woocommerce-Price-amount amount\"><bdi>300,00&nbsp;<span class=\"woocommerce-Price-currencySymbol\">&euro;<\/span><\/bdi><\/span><\/span>\n<\/a><a href=\"\/fr\/wp-json\/wp\/v2\/pages\/8279?add-to-cart=7965\" aria-describedby=\"woocommerce_loop_add_to_cart_link_describedby_7965\" data-quantity=\"1\" class=\"button product_type_simple add_to_cart_button ajax_add_to_cart\" data-product_id=\"7965\" data-product_sku=\"\" aria-label=\"Ajouter au panier\u00a0: &ldquo;Piste musicale personnalis\u00e9e&rdquo;\" rel=\"nofollow\" data-success_message=\"\u00ab&nbsp;Piste musicale personnalis\u00e9e&nbsp;\u00bb a \u00e9t\u00e9 ajout\u00e9 \u00e0 votre panier\" role=\"button\">Ajouter au panier<\/a>\t<span id=\"woocommerce_loop_add_to_cart_link_describedby_7965\" class=\"screen-reader-text\">\n\t\t\t<\/span>\n<\/li>\n<\/ul>\n<\/div>\t\t\t\t<\/div>\n\t\t\t\t<\/div>\n\t\t\t\t<\/div>\n\t\t\t\t\t<\/div>\n\t\t\t\t<\/div>\n\t\t\t\t<\/div>\n\t\t","protected":false},"excerpt":{"rendered":"<p>Morceaux musicaux sur mesure Adapt\u00e9s \u00e0 votre vision et \u00e0 votre marque Musique sur mesure Vous recherchez un morceau musical unique qui correspond parfaitement \u00e0 votre id\u00e9e, votre marque ou votre projet ? Chez Audiowo, chaque morceau est cr\u00e9\u00e9 sur mesure par le producteur fant\u00f4me Don Fidelis, garantissant originalit\u00e9, qualit\u00e9 et un son qui se [&hellip;]<\/p>\n","protected":false},"author":1,"featured_media":0,"parent":0,"menu_order":0,"comment_status":"closed","ping_status":"closed","template":"elementor_header_footer","meta":{"_acf_changed":false,"footnotes":""},"class_list":["post-8279","page","type-page","status-publish","hentry"],"acf":[],"_links":{"self":[{"href":"https:\/\/audiowo.com\/fr\/wp-json\/wp\/v2\/pages\/8279","targetHints":{"allow":["GET"]}}],"collection":[{"href":"https:\/\/audiowo.com\/fr\/wp-json\/wp\/v2\/pages"}],"about":[{"href":"https:\/\/audiowo.com\/fr\/wp-json\/wp\/v2\/types\/page"}],"author":[{"embeddable":true,"href":"https:\/\/audiowo.com\/fr\/wp-json\/wp\/v2\/users\/1"}],"replies":[{"embeddable":true,"href":"https:\/\/audiowo.com\/fr\/wp-json\/wp\/v2\/comments?post=8279"}],"version-history":[{"count":0,"href":"https:\/\/audiowo.com\/fr\/wp-json\/wp\/v2\/pages\/8279\/revisions"}],"wp:attachment":[{"href":"https:\/\/audiowo.com\/fr\/wp-json\/wp\/v2\/media?parent=8279"}],"curies":[{"name":"wp","href":"https:\/\/api.w.org\/{rel}","templated":true}]}}