{"id":8352,"date":"2026-02-08T13:37:11","date_gmt":"2026-02-08T12:37:11","guid":{"rendered":"https:\/\/audiowo.com\/politique-en-matiere-de-cookies\/"},"modified":"2026-04-09T17:31:37","modified_gmt":"2026-04-09T15:31:37","slug":"politique-en-matiere-de-cookies","status":"publish","type":"page","link":"https:\/\/audiowo.com\/fr\/mentions-legales\/politique-en-matiere-de-cookies\/","title":{"rendered":"Politique en mati\u00e8re de cookies"},"content":{"rendered":"\t\t<div data-elementor-type=\"wp-page\" data-elementor-id=\"8352\" class=\"elementor elementor-8352 elementor-92\" data-elementor-post-type=\"page\">\n\t\t\t\t<div class=\"elementor-element elementor-element-dc914a3 e-flex e-con-boxed e-con e-parent\" data-id=\"dc914a3\" data-element_type=\"container\" data-e-type=\"container\">\n\t\t\t\t\t<div class=\"e-con-inner\">\n\t\t\t\t<div class=\"elementor-element elementor-element-70d2002 elementor-widget elementor-widget-heading\" data-id=\"70d2002\" data-element_type=\"widget\" data-e-type=\"widget\" data-widget_type=\"heading.default\">\n\t\t\t\t\t<h1 class=\"elementor-heading-title elementor-size-default\">Politique en mati\u00e8re de cookies<\/h1>\t\t\t\t<\/div>\n\t\t\t\t\t<\/div>\n\t\t\t\t<\/div>\n\t\t<div class=\"elementor-element elementor-element-6892fd4 e-flex e-con-boxed e-con e-parent\" data-id=\"6892fd4\" data-element_type=\"container\" data-e-type=\"container\">\n\t\t\t\t\t<div class=\"e-con-inner\">\n\t\t\t\t\t\t\t<h4 \n\t\tdata-interaction-id=\"4c760cc\" \n\t\tclass=\"e-heading-base\" \n\t\t \n\t\tdata-e-type=\"widget\" data-id=\"4c760cc\"\n\t>\n\t\n\t\t\tPolitique en mati\u00e8re de cookies\n\t\t<\/h4>\n\t\t\t\t\t<\/div>\n\t\t\t\t<\/div>\n\t\t<div class=\"elementor-element elementor-element-8bed17a e-flex e-con-boxed e-con e-parent\" data-id=\"8bed17a\" data-element_type=\"container\" data-e-type=\"container\">\n\t\t\t\t\t<div class=\"e-con-inner\">\n\t\t\t\t\t\t\t\t<p class=\"e-paragraph-base\" data-interaction-id=\"95adcc4\"  data-e-type=\"widget\" data-id=\"95adcc4\">\n\t\t\t\t\t\t\t\tCette politique en mati\u00e8re de cookies explique ce que sont les cookies, quels types nous utilisons sur ce site web et comment vous pouvez g\u00e9rer vos pr\u00e9f\u00e9rences.\n\t\t\t\t\t<\/p>\n\t\t\t\t\t<\/div>\n\t\t\t\t<\/div>\n\t\t<div class=\"elementor-element elementor-element-cade8ea e-flex e-con-boxed e-con e-parent\" data-id=\"cade8ea\" data-element_type=\"container\" data-e-type=\"container\">\n\t\t\t\t\t<div class=\"e-con-inner\">\n\t\t\t\t\t\t\t<h4 \n\t\tdata-interaction-id=\"c7aaebc\" \n\t\tclass=\"e-heading-base\" \n\t\t \n\t\tdata-e-type=\"widget\" data-id=\"c7aaebc\"\n\t>\n\t\n\t\t\t1. Que sont les cookies ?\n\t\t<\/h4>\n\t\t\t\t\t<\/div>\n\t\t\t\t<\/div>\n\t\t<div class=\"elementor-element elementor-element-0e05939 e-flex e-con-boxed e-con e-parent\" data-id=\"0e05939\" data-element_type=\"container\" data-e-type=\"container\">\n\t\t\t\t\t<div class=\"e-con-inner\">\n\t\t\t\t\t\t\t\t<p class=\"e-paragraph-base\" data-interaction-id=\"d4152fe\"  data-e-type=\"widget\" data-id=\"d4152fe\">\n\t\t\t\t\t\t\t\tLes cookies sont de petits fichiers texte stock\u00e9s sur votre appareil lorsque vous visitez un site web. Ils aident le site \u00e0 fonctionner correctement, \u00e0 m\u00e9moriser les pr\u00e9f\u00e9rences et (si activ\u00e9s) \u00e0 fournir des statistiques d'utilisation. \n\t\t\t\t\t<\/p>\n\t\t\t\t\t<\/div>\n\t\t\t\t<\/div>\n\t\t<div class=\"elementor-element elementor-element-612e260 e-flex e-con-boxed e-con e-parent\" data-id=\"612e260\" data-element_type=\"container\" data-e-type=\"container\">\n\t\t\t\t\t<div class=\"e-con-inner\">\n\t\t\t\t\t\t\t<h4 \n\t\tdata-interaction-id=\"18116a3\" \n\t\tclass=\"e-heading-base\" \n\t\t \n\t\tdata-e-type=\"widget\" data-id=\"18116a3\"\n\t>\n\t\n\t\t\t2. Qui contr\u00f4le les cookies sur ce site ?\n\t\t<\/h4>\n\t\t\t\t\t<\/div>\n\t\t\t\t<\/div>\n\t\t<div class=\"elementor-element elementor-element-4c31965 e-flex e-con-boxed e-con e-parent\" data-id=\"4c31965\" data-element_type=\"container\" data-e-type=\"container\">\n\t\t\t\t\t<div class=\"e-con-inner\">\n\t\t\t\t\t\t\t\t<p class=\"e-paragraph-base\" data-interaction-id=\"1ff8fc0\"  data-e-type=\"widget\" data-id=\"1ff8fc0\">\n\t\t\t\t\t\t\t\tCe site web est exploit\u00e9 par : <strong>Fidelis Marketing Group S.L.<\/strong><br>Marques : <strong>audiowo.com<\/strong> et <strong>escuchargratis.es<\/strong><br>(\u00ab nous \u00bb)<br>Pour plus de d\u00e9tails sur le traitement des donn\u00e9es personnelles, veuillez consulter notre <strong>Politique de confidentialit\u00e9<\/strong>.\n\t\t\t\t\t<\/p>\n\t\t\t\t\t<\/div>\n\t\t\t\t<\/div>\n\t\t<div class=\"elementor-element elementor-element-cbb0dc9 e-flex e-con-boxed e-con e-parent\" data-id=\"cbb0dc9\" data-element_type=\"container\" data-e-type=\"container\">\n\t\t\t\t\t<div class=\"e-con-inner\">\n\t\t\t\t\t\t\t<h4 \n\t\tdata-interaction-id=\"4a85d0a\" \n\t\tclass=\"e-heading-base\" \n\t\t \n\t\tdata-e-type=\"widget\" data-id=\"4a85d0a\"\n\t>\n\t\n\t\t\t3. Les cookies que nous utilisons\n\t\t<\/h4>\n\t\t\t\t\t<\/div>\n\t\t\t\t<\/div>\n\t\t<div class=\"elementor-element elementor-element-9fad0bb e-flex e-con-boxed e-con e-parent\" data-id=\"9fad0bb\" data-element_type=\"container\" data-e-type=\"container\">\n\t\t\t\t\t<div class=\"e-con-inner\">\n\t\t\t\t\t\t\t\t<p class=\"e-paragraph-base\" data-interaction-id=\"fa73191\"  data-e-type=\"widget\" data-id=\"fa73191\">\n\t\t\t\t\t\t\t\t3.1 Cookies n\u00e9cessaires (toujours actifs)Ces cookies sont requis pour les fonctionnalit\u00e9s essentielles du site web et la prestation de services (par exemple, s\u00e9curit\u00e9, navigation de base, gestion de session, pr\u00e9f\u00e9rences techniques).<br><strong>Ils ne n\u00e9cessitent pas de consentement<\/strong>.<br>Exemples (peuvent varier selon la configuration) : Cookies de session\/d'authentification, Cookies de s\u00e9curit\u00e9, Cookies techniques essentiels\n\t\t\t\t\t<\/p>\n\t\t\t\t\t<\/div>\n\t\t\t\t<\/div>\n\t\t<div class=\"elementor-element elementor-element-4242391 e-flex e-con-boxed e-con e-parent\" data-id=\"4242391\" data-element_type=\"container\" data-e-type=\"container\">\n\t\t\t\t\t<div class=\"e-con-inner\">\n\t\t\t\t\t\t\t<h4 \n\t\tdata-interaction-id=\"1eaeeae\" \n\t\tclass=\"e-heading-base\" \n\t\t \n\t\tdata-e-type=\"widget\" data-id=\"1eaeeae\"\n\t>\n\t\n\t\t\t3.2 Cookies d'analyse (uniquement avec consentement)\n\t\t<\/h4>\n\t\t\t\t\t<\/div>\n\t\t\t\t<\/div>\n\t\t<div class=\"elementor-element elementor-element-7996d7e e-flex e-con-boxed e-con e-parent\" data-id=\"7996d7e\" data-element_type=\"container\" data-e-type=\"container\">\n\t\t\t\t\t<div class=\"e-con-inner\">\n\t\t\t\t\t\t\t\t<p class=\"e-paragraph-base\" data-interaction-id=\"d74dc8a\"  data-e-type=\"widget\" data-id=\"d74dc8a\">\n\t\t\t\t\t\t\t\tCes cookies nous aident \u00e0 comprendre comment les visiteurs utilisent le site (par exemple, pages visit\u00e9es, temps pass\u00e9 sur le site, r\u00e9f\u00e9rents) afin que nous puissions am\u00e9liorer les performances et la convivialit\u00e9.<br><strong>Les cookies d'analyse ne sont activ\u00e9s qu'apr\u00e8s que vous ayez donn\u00e9 votre consentement<\/strong> via notre banni\u00e8re de cookies.Si vous refusez les cookies d'analyse, le site web fonctionnera toujours normalement et l'acc\u00e8s \u00e0 nos services ne sera pas affect\u00e9.\n\t\t\t\t\t<\/p>\n\t\t\t\t\t<\/div>\n\t\t\t\t<\/div>\n\t\t<div class=\"elementor-element elementor-element-43f445b e-flex e-con-boxed e-con e-parent\" data-id=\"43f445b\" data-element_type=\"container\" data-e-type=\"container\">\n\t\t\t\t\t<div class=\"e-con-inner\">\n\t\t\t\t\t\t\t<h4 \n\t\tdata-interaction-id=\"33f6233\" \n\t\tclass=\"e-heading-base\" \n\t\t \n\t\tdata-e-type=\"widget\" data-id=\"33f6233\"\n\t>\n\t\n\t\t\t4. Comment nous g\u00e9rons le consentement\n\t\t<\/h4>\n\t\t\t\t\t<\/div>\n\t\t\t\t<\/div>\n\t\t<div class=\"elementor-element elementor-element-7902b33 e-flex e-con-boxed e-con e-parent\" data-id=\"7902b33\" data-element_type=\"container\" data-e-type=\"container\">\n\t\t\t\t\t<div class=\"e-con-inner\">\n\t\t\t\t\t\t\t\t<p class=\"e-paragraph-base\" data-interaction-id=\"13f75d4\"  data-e-type=\"widget\" data-id=\"13f75d4\">\n\t\t\t\t\t\t\t\tLors de votre premi\u00e8re visite sur le site (ou si vous n'avez pas fait de choix), une banni\u00e8re de cookies s'affiche. Vous pouvez : <strong>Accepter les cookies d'analyse - Refuser les cookies d'analyse<\/strong> \n\t\t\t\t\t<\/p>\n\t\t\t\t\t<\/div>\n\t\t\t\t<\/div>\n\t\t<div class=\"elementor-element elementor-element-512e9ce e-flex e-con-boxed e-con e-parent\" data-id=\"512e9ce\" data-element_type=\"container\" data-e-type=\"container\">\n\t\t\t\t\t<div class=\"e-con-inner\">\n\t\t\t\t\t\t\t<h4 \n\t\tdata-interaction-id=\"da0f765\" \n\t\tclass=\"e-heading-base\" \n\t\t \n\t\tdata-e-type=\"widget\" data-id=\"da0f765\"\n\t>\n\t\n\t\t\t5. Comment supprimer les cookies dans votre navigateur\n\t\t<\/h4>\n\t\t\t\t\t<\/div>\n\t\t\t\t<\/div>\n\t\t<div class=\"elementor-element elementor-element-76276a3 e-flex e-con-boxed e-con e-parent\" data-id=\"76276a3\" data-element_type=\"container\" data-e-type=\"container\">\n\t\t\t\t\t<div class=\"e-con-inner\">\n\t\t\t\t\t\t\t\t<p class=\"e-paragraph-base\" data-interaction-id=\"a24bffc\"  data-e-type=\"widget\" data-id=\"a24bffc\">\n\t\t\t\t\t\t\t\tVous pouvez \u00e9galement supprimer ou bloquer les cookies via les param\u00e8tres de votre navigateur. Veuillez noter que le blocage des cookies n\u00e9cessaires peut affecter les fonctionnalit\u00e9s essentielles. \n\t\t\t\t\t<\/p>\n\t\t\t\t\t<\/div>\n\t\t\t\t<\/div>\n\t\t<div class=\"elementor-element elementor-element-1177995 e-flex e-con-boxed e-con e-parent\" data-id=\"1177995\" data-element_type=\"container\" data-e-type=\"container\">\n\t\t\t\t\t<div class=\"e-con-inner\">\n\t\t\t\t\t\t\t<h4 \n\t\tdata-interaction-id=\"c28e0bd\" \n\t\tclass=\"e-heading-base\" \n\t\t \n\t\tdata-e-type=\"widget\" data-id=\"c28e0bd\"\n\t>\n\t\n\t\t\t6. Mises \u00e0 jour de cette politique\n\t\t<\/h4>\n\t\t\t\t\t<\/div>\n\t\t\t\t<\/div>\n\t\t<div class=\"elementor-element elementor-element-28144db e-flex e-con-boxed e-con e-parent\" data-id=\"28144db\" data-element_type=\"container\" data-e-type=\"container\">\n\t\t\t\t\t<div class=\"e-con-inner\">\n\t\t\t\t\t\t\t\t<p class=\"e-paragraph-base\" data-interaction-id=\"8e7cec5\"  data-e-type=\"widget\" data-id=\"8e7cec5\">\n\t\t\t\t\t\t\t\tNous pouvons mettre \u00e0 jour cette politique en mati\u00e8re de cookies pour refl\u00e9ter les changements l\u00e9gaux ou techniques. La version publi\u00e9e sur cette page est la version actuelle. \n\t\t\t\t\t<\/p>\n\t\t\t\t\t<\/div>\n\t\t\t\t<\/div>\n\t\t\t\t<\/div>\n\t\t","protected":false},"excerpt":{"rendered":"<p>Politique en mati\u00e8re de cookies Politique en mati\u00e8re de cookies Cette politique en mati\u00e8re de cookies explique ce que sont les cookies, quels types nous utilisons sur ce site web et comment vous pouvez g\u00e9rer vos pr\u00e9f\u00e9rences. 1. Que sont les cookies ? Les cookies sont de petits fichiers texte stock\u00e9s sur votre appareil lorsque [&hellip;]<\/p>\n","protected":false},"author":1,"featured_media":0,"parent":8441,"menu_order":0,"comment_status":"closed","ping_status":"closed","template":"elementor_header_footer","meta":{"_acf_changed":false,"footnotes":""},"class_list":["post-8352","page","type-page","status-publish","hentry"],"acf":[],"_links":{"self":[{"href":"https:\/\/audiowo.com\/fr\/wp-json\/wp\/v2\/pages\/8352","targetHints":{"allow":["GET"]}}],"collection":[{"href":"https:\/\/audiowo.com\/fr\/wp-json\/wp\/v2\/pages"}],"about":[{"href":"https:\/\/audiowo.com\/fr\/wp-json\/wp\/v2\/types\/page"}],"author":[{"embeddable":true,"href":"https:\/\/audiowo.com\/fr\/wp-json\/wp\/v2\/users\/1"}],"replies":[{"embeddable":true,"href":"https:\/\/audiowo.com\/fr\/wp-json\/wp\/v2\/comments?post=8352"}],"version-history":[{"count":0,"href":"https:\/\/audiowo.com\/fr\/wp-json\/wp\/v2\/pages\/8352\/revisions"}],"up":[{"embeddable":true,"href":"https:\/\/audiowo.com\/fr\/wp-json\/wp\/v2\/pages\/8441"}],"wp:attachment":[{"href":"https:\/\/audiowo.com\/fr\/wp-json\/wp\/v2\/media?parent=8352"}],"curies":[{"name":"wp","href":"https:\/\/api.w.org\/{rel}","templated":true}]}}