{"id":8360,"date":"2026-02-07T16:24:33","date_gmt":"2026-02-07T15:24:33","guid":{"rendered":"https:\/\/audiowo.com\/conditions-generales\/"},"modified":"2026-04-09T17:31:36","modified_gmt":"2026-04-09T15:31:36","slug":"conditions-generales","status":"publish","type":"page","link":"https:\/\/audiowo.com\/fr\/mentions-legales\/conditions-generales\/","title":{"rendered":"Conditions g\u00e9n\u00e9rales"},"content":{"rendered":"\t\t<div data-elementor-type=\"wp-page\" data-elementor-id=\"8360\" class=\"elementor elementor-8360 elementor-50\" data-elementor-post-type=\"page\">\n\t\t\t\t<div class=\"elementor-element elementor-element-c59cca5 e-flex e-con-boxed e-con e-parent\" data-id=\"c59cca5\" data-element_type=\"container\" data-e-type=\"container\">\n\t\t\t\t\t<div class=\"e-con-inner\">\n\t\t\t\t<div class=\"elementor-element elementor-element-cc421cf elementor-widget elementor-widget-heading\" data-id=\"cc421cf\" data-element_type=\"widget\" data-e-type=\"widget\" data-widget_type=\"heading.default\">\n\t\t\t\t\t<h1 class=\"elementor-heading-title elementor-size-default\">Conditions g\u00e9n\u00e9rales<\/h1>\t\t\t\t<\/div>\n\t\t\t\t\t<\/div>\n\t\t\t\t<\/div>\n\t\t<div class=\"elementor-element elementor-element-4617e24 e-flex e-con-boxed e-con e-parent\" data-id=\"4617e24\" data-element_type=\"container\" data-e-type=\"container\">\n\t\t\t\t\t<div class=\"e-con-inner\">\n\t\t\t\t\t\t\t<h4 \n\t\tdata-interaction-id=\"a033120\" \n\t\tclass=\"e-heading-base\" \n\t\t \n\t\tdata-e-type=\"widget\" data-id=\"a033120\"\n\t>\n\t\n\t\t\t1. Informations sur la soci\u00e9t\u00e9\n\t\t<\/h4>\n\t\t\t\t\t<\/div>\n\t\t\t\t<\/div>\n\t\t<div class=\"elementor-element elementor-element-c63537f e-flex e-con-boxed e-con e-parent\" data-id=\"c63537f\" data-element_type=\"container\" data-e-type=\"container\">\n\t\t\t\t\t<div class=\"e-con-inner\">\n\t\t\t\t\t\t\t\t<p class=\"e-paragraph-base\" data-interaction-id=\"0ffbea5\"  data-e-type=\"widget\" data-id=\"0ffbea5\">\n\t\t\t\t\t\t\t\tCe site web est exploit\u00e9 par :<strong>Fidelis Marketing Group S.L.<\/strong><br>Marques exploit\u00e9es : <strong>audiowo.com<\/strong>, <strong>escuchargratis.es<\/strong><br>Enregistr\u00e9e en Espagne<br>(ci-apr\u00e8s \u00ab la Soci\u00e9t\u00e9 \u00bb, \u00ab nous \u00bb)\n\t\t\t\t\t<\/p>\n\t\t\t\t\t<\/div>\n\t\t\t\t<\/div>\n\t\t<div class=\"elementor-element elementor-element-02875e6 e-flex e-con-boxed e-con e-parent\" data-id=\"02875e6\" data-element_type=\"container\" data-e-type=\"container\">\n\t\t\t\t\t<div class=\"e-con-inner\">\n\t\t\t\t\t\t\t<h4 \n\t\tdata-interaction-id=\"300ad99\" \n\t\tclass=\"e-heading-base\" \n\t\t \n\t\tdata-e-type=\"widget\" data-id=\"300ad99\"\n\t>\n\t\n\t\t\t2. Champ d'application\n\t\t<\/h4>\n\t\t\t\t\t<\/div>\n\t\t\t\t<\/div>\n\t\t<div class=\"elementor-element elementor-element-acb2627 e-flex e-con-boxed e-con e-parent\" data-id=\"acb2627\" data-element_type=\"container\" data-e-type=\"container\">\n\t\t\t\t\t<div class=\"e-con-inner\">\n\t\t\t\t\t\t\t\t<p class=\"e-paragraph-base\" data-interaction-id=\"5e831b1\"  data-e-type=\"widget\" data-id=\"5e831b1\">\n\t\t\t\t\t\t\t\tLes pr\u00e9sentes Conditions g\u00e9n\u00e9rales r\u00e9gissent l'utilisation de ce site web et de tous les services offerts, y compris :Abonnements de musique commercialeLicences de musique pour les clients professionnelsSoumissions de musique d'artistesAcc\u00e8s au contenu num\u00e9riqueEn acc\u00e9dant ou en utilisant le site web, vous acceptez les pr\u00e9sentes Conditions.\n\t\t\t\t\t<\/p>\n\t\t\t\t\t<\/div>\n\t\t\t\t<\/div>\n\t\t<div class=\"elementor-element elementor-element-41feb29 e-flex e-con-boxed e-con e-parent\" data-id=\"41feb29\" data-element_type=\"container\" data-e-type=\"container\">\n\t\t\t\t\t<div class=\"e-con-inner\">\n\t\t\t\t\t\t\t<h4 \n\t\tdata-interaction-id=\"02bb3f4\" \n\t\tclass=\"e-heading-base\" \n\t\t \n\t\tdata-e-type=\"widget\" data-id=\"02bb3f4\"\n\t>\n\t\n\t\t\t3. Services\n\t\t<\/h4>\n\t\t\t\t\t<\/div>\n\t\t\t\t<\/div>\n\t\t<div class=\"elementor-element elementor-element-456f098 e-flex e-con-boxed e-con e-parent\" data-id=\"456f098\" data-element_type=\"container\" data-e-type=\"container\">\n\t\t\t\t\t<div class=\"e-con-inner\">\n\t\t\t\t\t\t\t\t<p class=\"e-paragraph-base\" data-interaction-id=\"e9063de\"  data-e-type=\"widget\" data-id=\"e9063de\">\n\t\t\t\t\t\t\t\tLa Soci\u00e9t\u00e9 donne acc\u00e8s \u00e0 de la musique originale sous licence pour une utilisation commerciale en arri\u00e8re-plan par les entreprises.Toute la musique sous licence est :Non enregistr\u00e9e aupr\u00e8s d'une Soci\u00e9t\u00e9 de Gestion des Droits d'Auteur (PRO)Sous licence selon des accords sp\u00e9cifiques accept\u00e9s lors de l'achat ou de la soumission\n\t\t\t\t\t<\/p>\n\t\t\t\t\t<\/div>\n\t\t\t\t<\/div>\n\t\t<div class=\"elementor-element elementor-element-076f2ef e-flex e-con-boxed e-con e-parent\" data-id=\"076f2ef\" data-element_type=\"container\" data-e-type=\"container\">\n\t\t\t\t\t<div class=\"e-con-inner\">\n\t\t\t\t\t\t\t<h4 \n\t\tdata-interaction-id=\"075af63\" \n\t\tclass=\"e-heading-base\" \n\t\t \n\t\tdata-e-type=\"widget\" data-id=\"075af63\"\n\t>\n\t\n\t\t\t4. Licences commerciales\n\t\t<\/h4>\n\t\t\t\t\t<\/div>\n\t\t\t\t<\/div>\n\t\t<div class=\"elementor-element elementor-element-5debfa4 e-flex e-con-boxed e-con e-parent\" data-id=\"5debfa4\" data-element_type=\"container\" data-e-type=\"container\">\n\t\t\t\t\t<div class=\"e-con-inner\">\n\t\t\t\t\t\t\t\t<p class=\"e-paragraph-base\" data-interaction-id=\"5459fce\"  data-e-type=\"widget\" data-id=\"5459fce\">\n\t\t\t\t\t\t\t<a\n\t\t\t\t\thref=\"https:\/\/audiowo.com\/commercial-music-licence-agreement\/\" target=\"_self\"\n\t\t\t\t\tclass=\"e-paragraph-link-base\"\n\t\t\t\t>\n\t\t\t\t\t\tL'utilisation de la musique sous licence est r\u00e9gie exclusivement par le Contrat de licence de musique commerciale accept\u00e9 lors du paiement. Les abonnements :Sont annuels, sauf indication contraireSont non transf\u00e9rablesS'appliquent uniquement au nombre d'emplacements achet\u00e9s \n\t\t\t\t<\/a>\n\t\t\t\t\t<\/p>\n\t\t\t\t\t<\/div>\n\t\t\t\t<\/div>\n\t\t<div class=\"elementor-element elementor-element-73fd662 e-flex e-con-boxed e-con e-parent\" data-id=\"73fd662\" data-element_type=\"container\" data-e-type=\"container\">\n\t\t\t\t\t<div class=\"e-con-inner\">\n\t\t\t\t\t\t\t<h4 \n\t\tdata-interaction-id=\"a98afcd\" \n\t\tclass=\"e-heading-base\" \n\t\t \n\t\tdata-e-type=\"widget\" data-id=\"a98afcd\"\n\t>\n\t\n\t\t\t5. Contributions d'artistes\n\t\t<\/h4>\n\t\t\t\t\t<\/div>\n\t\t\t\t<\/div>\n\t\t<div class=\"elementor-element elementor-element-4a91aa9 e-flex e-con-boxed e-con e-parent\" data-id=\"4a91aa9\" data-element_type=\"container\" data-e-type=\"container\">\n\t\t\t\t\t<div class=\"e-con-inner\">\n\t\t\t\t\t\t\t\t<p class=\"e-paragraph-base\" data-interaction-id=\"964a47b\"  data-e-type=\"widget\" data-id=\"964a47b\">\n\t\t\t\t\t\t\t<a\n\t\t\t\t\thref=\"https:\/\/audiowo.com\/promotional-music-contribution-agreement\/\" target=\"_self\"\n\t\t\t\t\tclass=\"e-paragraph-link-base\"\n\t\t\t\t>\n\t\t\t\t\t\tLes artistes soumettant de la musique acceptent le Contrat de contribution musicale promotionnelle, qui r\u00e9git :Le transfert des droitsL'utilisation des titres soumisL'absence de compensationLa distribution promotionnelle\n\t\t\t\t<\/a>\n\t\t\t\t\t<\/p>\n\t\t\t\t\t<\/div>\n\t\t\t\t<\/div>\n\t\t<div class=\"elementor-element elementor-element-24e4e7b e-flex e-con-boxed e-con e-parent\" data-id=\"24e4e7b\" data-element_type=\"container\" data-e-type=\"container\">\n\t\t\t\t\t<div class=\"e-con-inner\">\n\t\t\t\t\t\t\t<h4 \n\t\tdata-interaction-id=\"b0cd755\" \n\t\tclass=\"e-heading-base\" \n\t\t \n\t\tdata-e-type=\"widget\" data-id=\"b0cd755\"\n\t>\n\t\n\t\t\t6. Propri\u00e9t\u00e9 intellectuelle\n\t\t<\/h4>\n\t\t\t\t\t<\/div>\n\t\t\t\t<\/div>\n\t\t<div class=\"elementor-element elementor-element-da64f05 e-flex e-con-boxed e-con e-parent\" data-id=\"da64f05\" data-element_type=\"container\" data-e-type=\"container\">\n\t\t\t\t\t<div class=\"e-con-inner\">\n\t\t\t\t\t\t\t\t<p class=\"e-paragraph-base\" data-interaction-id=\"fafe4f4\"  data-e-type=\"widget\" data-id=\"fafe4f4\">\n\t\t\t\t\t\t\t\tTout le contenu du site web est prot\u00e9g\u00e9 par les lois sur la propri\u00e9t\u00e9 intellectuelle.Toute utilisation, reproduction ou distribution non autoris\u00e9e est interdite.\n\t\t\t\t\t<\/p>\n\t\t\t\t\t<\/div>\n\t\t\t\t<\/div>\n\t\t<div class=\"elementor-element elementor-element-46c59d8 e-flex e-con-boxed e-con e-parent\" data-id=\"46c59d8\" data-element_type=\"container\" data-e-type=\"container\">\n\t\t\t\t\t<div class=\"e-con-inner\">\n\t\t\t\t\t\t\t<h4 \n\t\tdata-interaction-id=\"b927a10\" \n\t\tclass=\"e-heading-base\" \n\t\t \n\t\tdata-e-type=\"widget\" data-id=\"b927a10\"\n\t>\n\t\n\t\t\t7. Paiements et facturation\n\t\t<\/h4>\n\t\t\t\t\t<\/div>\n\t\t\t\t<\/div>\n\t\t<div class=\"elementor-element elementor-element-4a52b33 e-flex e-con-boxed e-con e-parent\" data-id=\"4a52b33\" data-element_type=\"container\" data-e-type=\"container\">\n\t\t\t\t\t<div class=\"e-con-inner\">\n\t\t\t\t\t\t\t\t<p class=\"e-paragraph-base\" data-interaction-id=\"ea80fd1\"  data-e-type=\"widget\" data-id=\"ea80fd1\">\n\t\t\t\t\t\t\t\tLes paiements sont trait\u00e9s par des prestataires tiers s\u00e9curis\u00e9s.La Soci\u00e9t\u00e9 se r\u00e9serve le droit de :Modifier les prixSuspendre l'acc\u00e8s en cas de non-paiement\n\t\t\t\t\t<\/p>\n\t\t\t\t\t<\/div>\n\t\t\t\t<\/div>\n\t\t<div class=\"elementor-element elementor-element-37258ce e-flex e-con-boxed e-con e-parent\" data-id=\"37258ce\" data-element_type=\"container\" data-e-type=\"container\">\n\t\t\t\t\t<div class=\"e-con-inner\">\n\t\t\t\t\t\t\t<h4 \n\t\tdata-interaction-id=\"3a0a1a4\" \n\t\tclass=\"e-heading-base\" \n\t\t \n\t\tdata-e-type=\"widget\" data-id=\"3a0a1a4\"\n\t>\n\t\n\t\t\t8. Responsabilit\u00e9\n\t\t<\/h4>\n\t\t\t\t\t<\/div>\n\t\t\t\t<\/div>\n\t\t<div class=\"elementor-element elementor-element-621b293 e-flex e-con-boxed e-con e-parent\" data-id=\"621b293\" data-element_type=\"container\" data-e-type=\"container\">\n\t\t\t\t\t<div class=\"e-con-inner\">\n\t\t\t\t\t\t\t\t<p class=\"e-paragraph-base\" data-interaction-id=\"4d5690e\"  data-e-type=\"widget\" data-id=\"4d5690e\">\n\t\t\t\t\t\t\t\tLa Soci\u00e9t\u00e9 n'est pas responsable des :Pertes commercialesPertes de profitsDommages indirectsL'utilisation de la musique rel\u00e8ve de la propre responsabilit\u00e9 de l'utilisateur dans le cadre des conditions de licence.\n\t\t\t\t\t<\/p>\n\t\t\t\t\t<\/div>\n\t\t\t\t<\/div>\n\t\t<div class=\"elementor-element elementor-element-a8a9206 e-flex e-con-boxed e-con e-parent\" data-id=\"a8a9206\" data-element_type=\"container\" data-e-type=\"container\">\n\t\t\t\t\t<div class=\"e-con-inner\">\n\t\t\t\t\t\t\t<h4 \n\t\tdata-interaction-id=\"d12364a\" \n\t\tclass=\"e-heading-base\" \n\t\t \n\t\tdata-e-type=\"widget\" data-id=\"d12364a\"\n\t>\n\t\n\t\t\t9. R\u00e9siliation\n\t\t<\/h4>\n\t\t\t\t\t<\/div>\n\t\t\t\t<\/div>\n\t\t<div class=\"elementor-element elementor-element-9d41ed1 e-flex e-con-boxed e-con e-parent\" data-id=\"9d41ed1\" data-element_type=\"container\" data-e-type=\"container\">\n\t\t\t\t\t<div class=\"e-con-inner\">\n\t\t\t\t\t\t\t\t<p class=\"e-paragraph-base\" data-interaction-id=\"a04a37c\"  data-e-type=\"widget\" data-id=\"a04a37c\">\n\t\t\t\t\t\t\t\tLa Soci\u00e9t\u00e9 peut suspendre ou r\u00e9silier l'acc\u00e8s en cas d'utilisation abusive ou de violation.\n\t\t\t\t\t<\/p>\n\t\t\t\t\t<\/div>\n\t\t\t\t<\/div>\n\t\t<div class=\"elementor-element elementor-element-fac78a1 e-flex e-con-boxed e-con e-parent\" data-id=\"fac78a1\" data-element_type=\"container\" data-e-type=\"container\">\n\t\t\t\t\t<div class=\"e-con-inner\">\n\t\t\t\t\t\t\t<h4 \n\t\tdata-interaction-id=\"0e7ff03\" \n\t\tclass=\"e-heading-base\" \n\t\t \n\t\tdata-e-type=\"widget\" data-id=\"0e7ff03\"\n\t>\n\t\n\t\t\t10. Droit applicable\n\t\t<\/h4>\n\t\t\t\t\t<\/div>\n\t\t\t\t<\/div>\n\t\t<div class=\"elementor-element elementor-element-096d75d e-flex e-con-boxed e-con e-parent\" data-id=\"096d75d\" data-element_type=\"container\" data-e-type=\"container\">\n\t\t\t\t\t<div class=\"e-con-inner\">\n\t\t\t\t\t\t\t\t<p class=\"e-paragraph-base\" data-interaction-id=\"3699cf9\"  data-e-type=\"widget\" data-id=\"3699cf9\">\n\t\t\t\t\t\t\t\tLes pr\u00e9sentes Conditions sont r\u00e9gies par le <strong>droit espagnol<\/strong>.<br>La juridiction rel\u00e8ve des tribunaux d'Espagne.\n\t\t\t\t\t<\/p>\n\t\t\t\t\t<\/div>\n\t\t\t\t<\/div>\n\t\t\t\t<\/div>\n\t\t","protected":false},"excerpt":{"rendered":"<p>Conditions g\u00e9n\u00e9rales 1. Informations sur la soci\u00e9t\u00e9 Ce site web est exploit\u00e9 par :Fidelis Marketing Group S.L.Marques exploit\u00e9es : audiowo.com, escuchargratis.esEnregistr\u00e9e en Espagne(ci-apr\u00e8s \u00ab la Soci\u00e9t\u00e9 \u00bb, \u00ab nous \u00bb) 2. Champ d&rsquo;application Les pr\u00e9sentes Conditions g\u00e9n\u00e9rales r\u00e9gissent l&rsquo;utilisation de ce site web et de tous les services offerts, y compris :Abonnements de musique commercialeLicences [&hellip;]<\/p>\n","protected":false},"author":1,"featured_media":0,"parent":8441,"menu_order":0,"comment_status":"closed","ping_status":"closed","template":"elementor_header_footer","meta":{"_acf_changed":false,"footnotes":""},"class_list":["post-8360","page","type-page","status-publish","hentry"],"acf":[],"_links":{"self":[{"href":"https:\/\/audiowo.com\/fr\/wp-json\/wp\/v2\/pages\/8360","targetHints":{"allow":["GET"]}}],"collection":[{"href":"https:\/\/audiowo.com\/fr\/wp-json\/wp\/v2\/pages"}],"about":[{"href":"https:\/\/audiowo.com\/fr\/wp-json\/wp\/v2\/types\/page"}],"author":[{"embeddable":true,"href":"https:\/\/audiowo.com\/fr\/wp-json\/wp\/v2\/users\/1"}],"replies":[{"embeddable":true,"href":"https:\/\/audiowo.com\/fr\/wp-json\/wp\/v2\/comments?post=8360"}],"version-history":[{"count":0,"href":"https:\/\/audiowo.com\/fr\/wp-json\/wp\/v2\/pages\/8360\/revisions"}],"up":[{"embeddable":true,"href":"https:\/\/audiowo.com\/fr\/wp-json\/wp\/v2\/pages\/8441"}],"wp:attachment":[{"href":"https:\/\/audiowo.com\/fr\/wp-json\/wp\/v2\/media?parent=8360"}],"curies":[{"name":"wp","href":"https:\/\/api.w.org\/{rel}","templated":true}]}}