{"id":7890,"date":"2026-03-24T16:23:54","date_gmt":"2026-03-24T15:23:54","guid":{"rendered":"https:\/\/audiowo.com\/product\/licence-createur-musique-illimitee\/"},"modified":"2026-03-24T16:23:54","modified_gmt":"2026-03-24T15:23:54","slug":"licence-createur-musique-illimitee","status":"publish","type":"product","link":"https:\/\/audiowo.com\/fr\/produit\/licence-createur-musique-illimitee\/","title":{"rendered":"Licence Cr\u00e9ateur Musique Illimit\u00e9e"},"content":{"rendered":"<p>La Licence Cr\u00e9ateur est con\u00e7ue pour les cr\u00e9ateurs de contenu qui ont besoin de musique de haute qualit\u00e9 et sans droits d&rsquo;auteur pour leurs vid\u00e9os et plateformes en ligne.<\/p>\n<p>Parfaite pour YouTube, les r\u00e9seaux sociaux, les podcasts et le contenu vid\u00e9o commercial, cette licence garantit que vos projets restent prot\u00e9g\u00e9s tout en ayant un son professionnel.<\/p>\n<p>\u2714 Utilisation dans les vid\u00e9os YouTube et les r\u00e9seaux sociaux<br \/>\n\u2714 Musique compatible avec la mon\u00e9tisation<br \/>\n\u2714 Aucune r\u00e9clamation pour droits d&rsquo;auteur<br \/>\n\u2714 T\u00e9l\u00e9chargez et int\u00e9grez instantan\u00e9ment<\/p>\n<p>Concentrez-vous sur la cr\u00e9ation \u2014 nous nous occupons de la licence musicale.<\/p>\n","protected":false},"excerpt":{"rendered":"<p>Musique sans droits d&rsquo;auteur pour YouTube, les r\u00e9seaux sociaux et les cr\u00e9ateurs vid\u00e9o. Mon\u00e9tisez sans soucis. <\/p>\n","protected":false},"featured_media":354,"comment_status":"closed","ping_status":"closed","template":"","meta":{"_acf_changed":false},"product_brand":[],"product_cat":[99],"product_tag":[],"class_list":{"0":"post-7890","1":"product","2":"type-product","3":"status-publish","4":"has-post-thumbnail","6":"product_cat-non-classe","8":"first","9":"instock","10":"taxable","11":"shipping-taxable","12":"purchasable","13":"product-type-subscription"},"acf":[],"_links":{"self":[{"href":"https:\/\/audiowo.com\/fr\/wp-json\/wp\/v2\/product\/7890","targetHints":{"allow":["GET"]}}],"collection":[{"href":"https:\/\/audiowo.com\/fr\/wp-json\/wp\/v2\/product"}],"about":[{"href":"https:\/\/audiowo.com\/fr\/wp-json\/wp\/v2\/types\/product"}],"replies":[{"embeddable":true,"href":"https:\/\/audiowo.com\/fr\/wp-json\/wp\/v2\/comments?post=7890"}],"version-history":[{"count":0,"href":"https:\/\/audiowo.com\/fr\/wp-json\/wp\/v2\/product\/7890\/revisions"}],"wp:featuredmedia":[{"embeddable":true,"href":"https:\/\/audiowo.com\/fr\/wp-json\/wp\/v2\/media\/354"}],"wp:attachment":[{"href":"https:\/\/audiowo.com\/fr\/wp-json\/wp\/v2\/media?parent=7890"}],"wp:term":[{"taxonomy":"product_brand","embeddable":true,"href":"https:\/\/audiowo.com\/fr\/wp-json\/wp\/v2\/product_brand?post=7890"},{"taxonomy":"product_cat","embeddable":true,"href":"https:\/\/audiowo.com\/fr\/wp-json\/wp\/v2\/product_cat?post=7890"},{"taxonomy":"product_tag","embeddable":true,"href":"https:\/\/audiowo.com\/fr\/wp-json\/wp\/v2\/product_tag?post=7890"}],"curies":[{"name":"wp","href":"https:\/\/api.w.org\/{rel}","templated":true}]}}