{"id":7965,"date":"2026-04-08T13:21:53","date_gmt":"2026-04-08T11:21:53","guid":{"rendered":"https:\/\/audiowo.com\/product\/piste-musicale-personnalisee\/"},"modified":"2026-04-08T13:21:53","modified_gmt":"2026-04-08T11:21:53","slug":"piste-musicale-personnalisee","status":"publish","type":"product","link":"https:\/\/audiowo.com\/fr\/produit\/piste-musicale-personnalisee\/","title":{"rendered":"Piste musicale personnalis\u00e9e"},"content":{"rendered":"<h3 data-section-id=\"kzbvll\" data-start=\"837\" data-end=\"853\">Ce que vous obtenez<\/h3>\n<ul data-start=\"855\" data-end=\"1086\">\n<li data-section-id=\"1eu2wei\" data-start=\"855\" data-end=\"890\">\u2714 Piste personnalis\u00e9e dans <strong data-start=\"875\" data-end=\"888\">n\u2019importe quel genre<\/strong><\/li>\n<li data-section-id=\"1ds2gtc\" data-start=\"891\" data-end=\"945\">\u2714 <strong data-start=\"895\" data-end=\"926\">Instrumental ou avec voix<\/strong> (homme ou femme)<\/li>\n<li data-section-id=\"3jg2wi\" data-start=\"946\" data-end=\"980\">\u2714 <strong data-start=\"950\" data-end=\"978\">Production 100 % originale<\/strong><\/li>\n<li data-section-id=\"1t5qaaa\" data-start=\"981\" data-end=\"1017\">\u2714 <strong data-start=\"985\" data-end=\"1015\">4 cycles de r\u00e9vision inclus<\/strong><\/li>\n<li data-section-id=\"ctp5tw\" data-start=\"1018\" data-end=\"1055\">\u2714 Mixage et matri\u00e7age professionnels<\/li>\n<li data-section-id=\"1w42kxf\" data-start=\"1056\" data-end=\"1086\">\u2714 Pr\u00eat pour un usage commercial<\/li>\n<\/ul>\n<h3 data-section-id=\"1va2ym6\" data-start=\"1093\" data-end=\"1113\">Paroles et concept<\/h3>\n<p data-start=\"1115\" data-end=\"1145\">Si votre piste inclut des voix :<\/p>\n<ul data-start=\"1146\" data-end=\"1325\">\n<li data-section-id=\"1ucixgt\" data-start=\"1146\" data-end=\"1202\">Les <strong data-start=\"1152\" data-end=\"1200\">paroles sont discut\u00e9es et approuv\u00e9es \u00e0 l\u2019avance<\/strong><\/li>\n<li data-section-id=\"1wc8nft\" data-start=\"1203\" data-end=\"1266\">Vous pouvez fournir votre propre texte ou collaborer sur le concept<\/li>\n<li data-section-id=\"1uvj11k\" data-start=\"1267\" data-end=\"1325\">La direction finale est toujours align\u00e9e sur votre vision<\/li>\n<\/ul>\n<h3 data-section-id=\"ixpo5k\" data-start=\"1332\" data-end=\"1354\">Qualit\u00e9 de production<\/h3>\n<p data-start=\"1356\" data-end=\"1415\">Toutes les pistes sont livr\u00e9es selon des normes audio professionnelles :<\/p>\n<ul data-start=\"1416\" data-end=\"1473\">\n<li data-section-id=\"lf88k\" data-start=\"1416\" data-end=\"1444\"><strong data-start=\"1418\" data-end=\"1438\">LUFS int\u00e9gr\u00e9s :<\/strong> ~12<\/li>\n<li data-section-id=\"1xy6v74\" data-start=\"1445\" data-end=\"1473\"><strong data-start=\"1447\" data-end=\"1467\">LUFS \u00e0 court terme :<\/strong> ~10<\/li>\n<\/ul>\n<p data-start=\"1475\" data-end=\"1531\">Optimis\u00e9 pour les plateformes de streaming, les publicit\u00e9s et l\u2019usage num\u00e9rique.<\/p>\n<h3 data-section-id=\"o1tr05\" data-start=\"1538\" data-end=\"1550\">Flux de travail<\/h3>\n<ol data-start=\"1552\" data-end=\"1750\">\n<li data-section-id=\"46qe72\" data-start=\"1552\" data-end=\"1573\">Passez votre commande<\/li>\n<li data-section-id=\"4dsk2w\" data-start=\"1574\" data-end=\"1617\">Partagez votre id\u00e9e, votre style et vos r\u00e9f\u00e9rences<\/li>\n<li data-section-id=\"gwf447\" data-start=\"1618\" data-end=\"1653\">Confirmez les paroles (le cas \u00e9ch\u00e9ant)<\/li>\n<li data-section-id=\"1i86ysv\" data-start=\"1654\" data-end=\"1676\">La production commence<\/li>\n<li data-section-id=\"1na1y2n\" data-start=\"1677\" data-end=\"1697\">Recevez un aper\u00e7u<\/li>\n<li data-section-id=\"sgvehz\" data-start=\"1698\" data-end=\"1730\">Demandez des r\u00e9visions (jusqu\u2019\u00e0 4)<\/li>\n<li data-section-id=\"1j7cqp8\" data-start=\"1731\" data-end=\"1750\">Livraison finale<\/li>\n<\/ol>\n<h3 data-section-id=\"1xnjjts\" data-start=\"1757\" data-end=\"1783\">Pourquoi choisir Don Fidelis et Audiowo.com<\/h3>\n<ul data-start=\"1785\" data-end=\"1942\">\n<li data-section-id=\"14y3yxp\" data-start=\"1785\" data-end=\"1815\">Producteur fant\u00f4me exp\u00e9riment\u00e9 depuis 20 ans<\/li>\n<li data-section-id=\"1wa8isb\" data-start=\"1816\" data-end=\"1863\">Travaille avec des <strong data-start=\"1829\" data-end=\"1861\">outils de production assist\u00e9s par IA<\/strong><\/li>\n<li data-section-id=\"167q9o4\" data-start=\"1864\" data-end=\"1905\">Ex\u00e9cution rapide avec une grande coh\u00e9rence<\/li>\n<li data-section-id=\"a59152\" data-start=\"1906\" data-end=\"1942\">Flexible dans tous les styles musicaux<\/li>\n<\/ul>\n<h3 data-section-id=\"1x5ej4z\" data-start=\"1949\" data-end=\"1968\">Notes importantes<\/h3>\n<ul data-start=\"1970\" data-end=\"2116\">\n<li data-section-id=\"sd09u1\" data-start=\"1970\" data-end=\"2009\">Le d\u00e9lai de livraison d\u00e9pend de la complexit\u00e9<\/li>\n<li data-section-id=\"vs6f81\" data-start=\"2010\" data-end=\"2060\">Des instructions claires = des r\u00e9sultats meilleurs et plus rapides<\/li>\n<li data-section-id=\"1b3kjq6\" data-start=\"2061\" data-end=\"2116\">Des r\u00e9visions suppl\u00e9mentaires peuvent \u00eatre disponibles \u00e0 un co\u00fbt additionnel<\/li>\n<\/ul>\n","protected":false},"excerpt":{"rendered":"<h3 data-section-id=\"77bgn1\" data-start=\"439\" data-end=\"492\">Piste musicale personnalis\u00e9e \u2013 Enti\u00e8rement adapt\u00e9e \u00e0 vos besoins<\/h3>\n<p data-start=\"494\" data-end=\"694\">Commandez une <strong data-start=\"502\" data-end=\"548\">piste musicale personnalis\u00e9e produite professionnellement<\/strong> pour un prix fixe de <strong data-start=\"570\" data-end=\"578\">300 \u20ac<\/strong>. Cr\u00e9\u00e9e par le producteur fant\u00f4me <strong data-start=\"606\" data-end=\"621\">Don Fidelis<\/strong>, chaque piste est con\u00e7ue de z\u00e9ro selon vos id\u00e9es, vos objectifs et votre style. <\/p>\n<p data-start=\"696\" data-end=\"709\">Convient pour :<\/p>\n<ul data-start=\"710\" data-end=\"830\">\n<li data-section-id=\"pauozy\" data-start=\"710\" data-end=\"733\">Artistes et chanteurs<\/li>\n<li data-section-id=\"1avaya0\" data-start=\"734\" data-end=\"761\">Entreprises et image de marque<\/li>\n<li data-section-id=\"w7ijlb\" data-start=\"762\" data-end=\"796\">YouTube, publicit\u00e9s et r\u00e9seaux sociaux<\/li>\n<li data-section-id=\"1xa11m8\" data-start=\"797\" data-end=\"830\">Projets personnels ou cr\u00e9atifs<\/li>\n<\/ul>\n","protected":false},"featured_media":5292,"comment_status":"closed","ping_status":"closed","template":"","meta":{"_acf_changed":false},"product_brand":[],"product_cat":[217],"product_tag":[],"class_list":{"0":"post-7965","1":"product","2":"type-product","3":"status-publish","4":"has-post-thumbnail","6":"product_cat-non-classe-2","8":"first","9":"instock","10":"taxable","11":"shipping-taxable","12":"purchasable","13":"product-type-simple"},"acf":[],"_links":{"self":[{"href":"https:\/\/audiowo.com\/fr\/wp-json\/wp\/v2\/product\/7965","targetHints":{"allow":["GET"]}}],"collection":[{"href":"https:\/\/audiowo.com\/fr\/wp-json\/wp\/v2\/product"}],"about":[{"href":"https:\/\/audiowo.com\/fr\/wp-json\/wp\/v2\/types\/product"}],"replies":[{"embeddable":true,"href":"https:\/\/audiowo.com\/fr\/wp-json\/wp\/v2\/comments?post=7965"}],"version-history":[{"count":0,"href":"https:\/\/audiowo.com\/fr\/wp-json\/wp\/v2\/product\/7965\/revisions"}],"wp:featuredmedia":[{"embeddable":true,"href":"https:\/\/audiowo.com\/fr\/wp-json\/wp\/v2\/media\/5292"}],"wp:attachment":[{"href":"https:\/\/audiowo.com\/fr\/wp-json\/wp\/v2\/media?parent=7965"}],"wp:term":[{"taxonomy":"product_brand","embeddable":true,"href":"https:\/\/audiowo.com\/fr\/wp-json\/wp\/v2\/product_brand?post=7965"},{"taxonomy":"product_cat","embeddable":true,"href":"https:\/\/audiowo.com\/fr\/wp-json\/wp\/v2\/product_cat?post=7965"},{"taxonomy":"product_tag","embeddable":true,"href":"https:\/\/audiowo.com\/fr\/wp-json\/wp\/v2\/product_tag?post=7965"}],"curies":[{"name":"wp","href":"https:\/\/api.w.org\/{rel}","templated":true}]}}