{"id":8250,"date":"2026-03-24T16:24:49","date_gmt":"2026-03-24T15:24:49","guid":{"rendered":"https:\/\/audiowo.com\/product\/licence-de-diffusion-musique-illimitee\/"},"modified":"2026-03-24T16:24:49","modified_gmt":"2026-03-24T15:24:49","slug":"licence-de-diffusion-musique-illimitee","status":"publish","type":"product","link":"https:\/\/audiowo.com\/fr\/produit\/licence-de-diffusion-musique-illimitee\/","title":{"rendered":"Licence de diffusion Musique illimit\u00e9e"},"content":{"rendered":"<p>La Licence de diffusion est con\u00e7ue pour les productions professionnelles incluant la TV, le cin\u00e9ma, la radio et les projets m\u00e9dias \u00e0 grande \u00e9chelle.<\/p>\n<p>Acc\u00e9dez \u00e0 de la musique de qualit\u00e9 sup\u00e9rieure adapt\u00e9e \u00e0 l\u2019usage cin\u00e9matographique, t\u00e9l\u00e9visuel et commercial, avec une clart\u00e9 et une flexibilit\u00e9 totales en mati\u00e8re de licence.<\/p>\n<p>\u2714 Utilisation dans les productions TV, cin\u00e9ma et radio<br \/>\n\u2714 Pistes professionnelles de haute qualit\u00e9<br \/>\n\u2714 Adapt\u00e9 \u00e0 la distribution commerciale<br \/>\n\u2714 Licences fiables et claires<\/p>\n<p>Une solution compl\u00e8te pour les producteurs, les agences et les diffuseurs.<\/p>\n","protected":false},"excerpt":{"rendered":"<p>Musique professionnelle pour TV, cin\u00e9ma et radio. Pistes de haute qualit\u00e9 avec licences claires pour la diffusion. <\/p>\n","protected":false},"featured_media":364,"comment_status":"closed","ping_status":"closed","template":"","meta":{"_acf_changed":false},"product_brand":[],"product_cat":[99],"product_tag":[],"class_list":{"0":"post-8250","1":"product","2":"type-product","3":"status-publish","4":"has-post-thumbnail","6":"product_cat-non-classe","8":"first","9":"instock","10":"taxable","11":"shipping-taxable","12":"purchasable","13":"product-type-subscription"},"acf":[],"_links":{"self":[{"href":"https:\/\/audiowo.com\/fr\/wp-json\/wp\/v2\/product\/8250","targetHints":{"allow":["GET"]}}],"collection":[{"href":"https:\/\/audiowo.com\/fr\/wp-json\/wp\/v2\/product"}],"about":[{"href":"https:\/\/audiowo.com\/fr\/wp-json\/wp\/v2\/types\/product"}],"replies":[{"embeddable":true,"href":"https:\/\/audiowo.com\/fr\/wp-json\/wp\/v2\/comments?post=8250"}],"version-history":[{"count":0,"href":"https:\/\/audiowo.com\/fr\/wp-json\/wp\/v2\/product\/8250\/revisions"}],"wp:featuredmedia":[{"embeddable":true,"href":"https:\/\/audiowo.com\/fr\/wp-json\/wp\/v2\/media\/364"}],"wp:attachment":[{"href":"https:\/\/audiowo.com\/fr\/wp-json\/wp\/v2\/media?parent=8250"}],"wp:term":[{"taxonomy":"product_brand","embeddable":true,"href":"https:\/\/audiowo.com\/fr\/wp-json\/wp\/v2\/product_brand?post=8250"},{"taxonomy":"product_cat","embeddable":true,"href":"https:\/\/audiowo.com\/fr\/wp-json\/wp\/v2\/product_cat?post=8250"},{"taxonomy":"product_tag","embeddable":true,"href":"https:\/\/audiowo.com\/fr\/wp-json\/wp\/v2\/product_tag?post=8250"}],"curies":[{"name":"wp","href":"https:\/\/api.w.org\/{rel}","templated":true}]}}