{"id":8277,"date":"2026-04-08T13:05:41","date_gmt":"2026-04-08T11:05:41","guid":{"rendered":"https:\/\/audiowo.com\/su-misura\/"},"modified":"2026-04-09T17:27:20","modified_gmt":"2026-04-09T15:27:20","slug":"su-misura","status":"publish","type":"page","link":"https:\/\/audiowo.com\/it\/su-misura\/","title":{"rendered":"Su misura"},"content":{"rendered":"\t\t<div data-elementor-type=\"wp-page\" data-elementor-id=\"8277\" class=\"elementor elementor-8277 elementor-5263\" data-elementor-post-type=\"page\">\n\t\t\t\t<div class=\"elementor-element elementor-element-7afe304 e-flex e-con-boxed e-con e-parent\" data-id=\"7afe304\" data-element_type=\"container\" data-e-type=\"container\">\n\t\t\t\t\t<div class=\"e-con-inner\">\n\t\t\t\t<div class=\"elementor-element elementor-element-d711f11 elementor-widget elementor-widget-heading\" data-id=\"d711f11\" data-element_type=\"widget\" data-e-type=\"widget\" data-widget_type=\"heading.default\">\n\t\t\t\t\t<h1 class=\"elementor-heading-title elementor-size-default\">Tracce Musicali Su Misura<\/h1>\t\t\t\t<\/div>\n\t\t\t\t\t<\/div>\n\t\t\t\t<\/div>\n\t\t<div class=\"elementor-element elementor-element-b3a24c1 e-flex e-con-boxed e-con e-parent\" data-id=\"b3a24c1\" data-element_type=\"container\" data-e-type=\"container\">\n\t\t\t\t\t<div class=\"e-con-inner\">\n\t\t\t\t<div class=\"elementor-element elementor-element-958aea1 elementor-widget elementor-widget-heading\" data-id=\"958aea1\" data-element_type=\"widget\" data-e-type=\"widget\" data-widget_type=\"heading.default\">\n\t\t\t\t\t<h3 class=\"elementor-heading-title elementor-size-default\">Personalizzate Secondo la Tua Visione e il Tuo Brand<\/h3>\t\t\t\t<\/div>\n\t\t\t\t\t<\/div>\n\t\t\t\t<\/div>\n\t\t<div class=\"elementor-element elementor-element-11b1652 e-flex e-con-boxed e-con e-parent\" data-id=\"11b1652\" data-element_type=\"container\" data-e-type=\"container\">\n\t\t\t\t\t<div class=\"e-con-inner\">\n\t\t<div class=\"elementor-element elementor-element-dedd173 e-con-full e-flex e-con e-child\" data-id=\"dedd173\" data-element_type=\"container\" data-e-type=\"container\">\n\t\t\t\t<div class=\"elementor-element elementor-element-f6ccb80 elementor-widget elementor-widget-text-editor\" data-id=\"f6ccb80\" data-element_type=\"widget\" data-e-type=\"widget\" data-widget_type=\"text-editor.default\">\n\t\t\t\t\t\t\t\t\t<h3 data-section-id=\"yc8960\" data-start=\"398\" data-end=\"445\">Musica Su Misura<\/h3><p data-start=\"447\" data-end=\"686\">Cerchi una traccia musicale unica che si adatti perfettamente alla tua idea, al tuo brand o al tuo progetto? Su Audiowo, ogni traccia \u00e8 creata su misura da zero dal ghost producer Don Fidelis, garantendo originalit\u00e0, qualit\u00e0 e un suono che si distingue davvero. <\/p><p data-start=\"688\" data-end=\"705\">Che tu abbia bisogno di:<\/p><ul data-start=\"706\" data-end=\"946\"><li data-section-id=\"1jk1log\" data-start=\"706\" data-end=\"774\">Un genere specifico (EDM, pop, hip-hop, cinematico, ambient, ecc.)<\/li><li data-section-id=\"z43kc4\" data-start=\"775\" data-end=\"807\">Una traccia completamente strumentale<\/li><li data-section-id=\"19ebevm\" data-start=\"808\" data-end=\"835\">Voci maschili o femminili<\/li><li data-section-id=\"xa32kv\" data-start=\"836\" data-end=\"894\">Musica per branding, pubblicit\u00e0 o identit\u00e0 aziendale<\/li><li data-section-id=\"16sjc85\" data-start=\"895\" data-end=\"946\">O una traccia basata su un tema o una storia specifica<\/li><li data-section-id=\"16sjc85\" data-start=\"895\" data-end=\"946\">In qualsiasi lingua<\/li><\/ul><p data-start=\"948\" data-end=\"1007\">Quasi ogni concetto ragionevole pu\u00f2 essere tradotto in musica.<\/p><h4 data-section-id=\"10gtqvy\" data-start=\"1009\" data-end=\"1039\">Potenziato da Esperienza + AI<\/h4><p data-start=\"1041\" data-end=\"1161\">Con anni di esperienza nella produzione, Don Fidelis integra ora strumenti AI avanzati nel flusso di lavoro. Questo consente: <\/p><ul data-start=\"1162\" data-end=\"1265\"><li data-section-id=\"ngut33\" data-start=\"1162\" data-end=\"1190\">Cicli di produzione pi\u00f9 rapidi<\/li><li data-section-id=\"1gsr04c\" data-start=\"1191\" data-end=\"1223\">Maggiore flessibilit\u00e0 creativa<\/li><li data-section-id=\"18f8q\" data-start=\"1224\" data-end=\"1265\">Sound design pi\u00f9 raffinato e diversificato<\/li><\/ul><p data-start=\"1267\" data-end=\"1366\">Il risultato: musica di qualit\u00e0 superiore, consegnata in modo efficiente, senza compromettere il controllo artistico.<\/p><h4 data-section-id=\"u4dr43\" data-start=\"1368\" data-end=\"1398\">Qualit\u00e0 Sonora Professionale<\/h4><p data-start=\"1400\" data-end=\"1471\">Ogni traccia \u00e8 mixata e masterizzata professionalmente secondo gli standard del settore:<\/p><ul data-start=\"1472\" data-end=\"1529\"><li data-section-id=\"lf88k\" data-start=\"1472\" data-end=\"1500\">LUFS integrato: ~12<\/li><li data-section-id=\"1xy6v74\" data-start=\"1501\" data-end=\"1529\">LUFS a breve termine: ~10<\/li><\/ul><p data-start=\"1531\" data-end=\"1615\">Questo garantisce che la tua musica suoni potente, chiara e coerente su tutte le piattaforme.<\/p><h4 data-section-id=\"nq0mmo\" data-start=\"1617\" data-end=\"1645\">Perch\u00e9 Scegliere Musica Su Misura?<\/h4><ul data-start=\"1647\" data-end=\"1849\"><li data-section-id=\"sf6ua5\" data-start=\"1647\" data-end=\"1693\">100% unica \u2014 nessun contenuto stock o riciclato<\/li><li data-section-id=\"vuf1xl\" data-start=\"1694\" data-end=\"1746\">Completamente allineata alla tua visione o identit\u00e0 di brand<\/li><li data-section-id=\"1mos9vp\" data-start=\"1747\" data-end=\"1784\">Flessibile tra generi e stili<\/li><li data-section-id=\"1c7ouvu\" data-start=\"1785\" data-end=\"1849\">Adatta per uso commerciale, marketing o progetti personali<\/li><\/ul>\t\t\t\t\t\t\t\t<\/div>\n\t\t\t\t<\/div>\n\t\t<div class=\"elementor-element elementor-element-435755d e-con-full e-flex e-con e-child\" data-id=\"435755d\" data-element_type=\"container\" data-e-type=\"container\">\n\t\t\t\t<div class=\"elementor-element elementor-element-625eccd elementor-grid-1 elementor-product-loop-item--align-center elementor-grid-tablet-3 elementor-grid-mobile-2 elementor-products-grid elementor-wc-products elementor-widget elementor-widget-woocommerce-products\" data-id=\"625eccd\" data-element_type=\"widget\" data-e-type=\"widget\" data-widget_type=\"woocommerce-products.default\">\n\t\t\t\t<div class=\"elementor-widget-container\">\n\t\t\t\t\t<div class=\"woocommerce columns-1 \"><ul class=\"products elementor-grid columns-1\">\n<li class=\"product type-product post-8219 status-publish first instock product_cat-non-categorizzato has-post-thumbnail taxable shipping-taxable purchasable product-type-simple\">\n\t<a href=\"https:\/\/audiowo.com\/it\/prodotto\/brano-musicale-personalizzato\/\" class=\"woocommerce-LoopProduct-link woocommerce-loop-product__link\"><img fetchpriority=\"high\" decoding=\"async\" width=\"300\" height=\"300\" src=\"https:\/\/audiowo.com\/wp-content\/uploads\/2026\/04\/Custom-made-music-track-Audiowo-Don-Fidelis-300x300.webp\" class=\"attachment-woocommerce_thumbnail size-woocommerce_thumbnail\" alt=\"Custom made music track - Audiowo - Don Fidelis\" srcset=\"https:\/\/audiowo.com\/wp-content\/uploads\/2026\/04\/Custom-made-music-track-Audiowo-Don-Fidelis-300x300.webp 300w, https:\/\/audiowo.com\/wp-content\/uploads\/2026\/04\/Custom-made-music-track-Audiowo-Don-Fidelis-150x150.webp 150w, https:\/\/audiowo.com\/wp-content\/uploads\/2026\/04\/Custom-made-music-track-Audiowo-Don-Fidelis-768x768.webp 768w, https:\/\/audiowo.com\/wp-content\/uploads\/2026\/04\/Custom-made-music-track-Audiowo-Don-Fidelis-600x600.webp 600w, https:\/\/audiowo.com\/wp-content\/uploads\/2026\/04\/Custom-made-music-track-Audiowo-Don-Fidelis-100x100.webp 100w, https:\/\/audiowo.com\/wp-content\/uploads\/2026\/04\/Custom-made-music-track-Audiowo-Don-Fidelis.webp 800w\" sizes=\"(max-width: 300px) 100vw, 300px\" \/><h2 class=\"woocommerce-loop-product__title\">Brano musicale personalizzato<\/h2>\n\t<span class=\"price\"><span class=\"woocommerce-Price-amount amount\"><bdi>300,00&nbsp;<span class=\"woocommerce-Price-currencySymbol\">&euro;<\/span><\/bdi><\/span><\/span>\n<\/a><a href=\"\/it\/wp-json\/wp\/v2\/pages\/8277?add-to-cart=8219\" aria-describedby=\"woocommerce_loop_add_to_cart_link_describedby_8219\" data-quantity=\"1\" class=\"button product_type_simple add_to_cart_button ajax_add_to_cart\" data-product_id=\"8219\" data-product_sku=\"\" aria-label=\"Aggiungi al carrello: &quot;Brano musicale personalizzato&quot;\" rel=\"nofollow\" data-success_message=\"\u201cBrano musicale personalizzato\u201d \u00e8 stato aggiunto al tuo carrello\" role=\"button\">Aggiungi al carrello<\/a>\t<span id=\"woocommerce_loop_add_to_cart_link_describedby_8219\" class=\"screen-reader-text\">\n\t\t\t<\/span>\n<\/li>\n<\/ul>\n<\/div>\t\t\t\t<\/div>\n\t\t\t\t<\/div>\n\t\t\t\t<\/div>\n\t\t\t\t\t<\/div>\n\t\t\t\t<\/div>\n\t\t\t\t<\/div>\n\t\t","protected":false},"excerpt":{"rendered":"<p>Tracce Musicali Su Misura Personalizzate Secondo la Tua Visione e il Tuo Brand Musica Su Misura Cerchi una traccia musicale unica che si adatti perfettamente alla tua idea, al tuo brand o al tuo progetto? Su Audiowo, ogni traccia \u00e8 creata su misura da zero dal ghost producer Don Fidelis, garantendo originalit\u00e0, qualit\u00e0 e un [&hellip;]<\/p>\n","protected":false},"author":1,"featured_media":0,"parent":0,"menu_order":0,"comment_status":"closed","ping_status":"closed","template":"elementor_header_footer","meta":{"_acf_changed":false,"footnotes":""},"class_list":["post-8277","page","type-page","status-publish","hentry"],"acf":[],"_links":{"self":[{"href":"https:\/\/audiowo.com\/it\/wp-json\/wp\/v2\/pages\/8277","targetHints":{"allow":["GET"]}}],"collection":[{"href":"https:\/\/audiowo.com\/it\/wp-json\/wp\/v2\/pages"}],"about":[{"href":"https:\/\/audiowo.com\/it\/wp-json\/wp\/v2\/types\/page"}],"author":[{"embeddable":true,"href":"https:\/\/audiowo.com\/it\/wp-json\/wp\/v2\/users\/1"}],"replies":[{"embeddable":true,"href":"https:\/\/audiowo.com\/it\/wp-json\/wp\/v2\/comments?post=8277"}],"version-history":[{"count":0,"href":"https:\/\/audiowo.com\/it\/wp-json\/wp\/v2\/pages\/8277\/revisions"}],"wp:attachment":[{"href":"https:\/\/audiowo.com\/it\/wp-json\/wp\/v2\/media?parent=8277"}],"curies":[{"name":"wp","href":"https:\/\/api.w.org\/{rel}","templated":true}]}}