{"id":8357,"date":"2026-02-07T16:24:33","date_gmt":"2026-02-07T15:24:33","guid":{"rendered":"https:\/\/audiowo.com\/termini-e-condizioni-generali\/"},"modified":"2026-04-09T17:31:52","modified_gmt":"2026-04-09T15:31:52","slug":"termini-e-condizioni-generali","status":"publish","type":"page","link":"https:\/\/audiowo.com\/it\/informazioni-legali\/termini-e-condizioni-generali\/","title":{"rendered":"Termini e condizioni generali"},"content":{"rendered":"\t\t<div data-elementor-type=\"wp-page\" data-elementor-id=\"8357\" class=\"elementor elementor-8357 elementor-50\" data-elementor-post-type=\"page\">\n\t\t\t\t<div class=\"elementor-element elementor-element-c59cca5 e-flex e-con-boxed e-con e-parent\" data-id=\"c59cca5\" data-element_type=\"container\" data-e-type=\"container\">\n\t\t\t\t\t<div class=\"e-con-inner\">\n\t\t\t\t<div class=\"elementor-element elementor-element-cc421cf elementor-widget elementor-widget-heading\" data-id=\"cc421cf\" data-element_type=\"widget\" data-e-type=\"widget\" data-widget_type=\"heading.default\">\n\t\t\t\t\t<h1 class=\"elementor-heading-title elementor-size-default\">Termini e condizioni generali<\/h1>\t\t\t\t<\/div>\n\t\t\t\t\t<\/div>\n\t\t\t\t<\/div>\n\t\t<div class=\"elementor-element elementor-element-4617e24 e-flex e-con-boxed e-con e-parent\" data-id=\"4617e24\" data-element_type=\"container\" data-e-type=\"container\">\n\t\t\t\t\t<div class=\"e-con-inner\">\n\t\t\t\t\t\t\t<h4 \n\t\tdata-interaction-id=\"a033120\" \n\t\tclass=\"e-heading-base\" \n\t\t \n\t\tdata-e-type=\"widget\" data-id=\"a033120\"\n\t>\n\t\n\t\t\t1. Informazioni sull'azienda\n\t\t<\/h4>\n\t\t\t\t\t<\/div>\n\t\t\t\t<\/div>\n\t\t<div class=\"elementor-element elementor-element-c63537f e-flex e-con-boxed e-con e-parent\" data-id=\"c63537f\" data-element_type=\"container\" data-e-type=\"container\">\n\t\t\t\t\t<div class=\"e-con-inner\">\n\t\t\t\t\t\t\t\t<p class=\"e-paragraph-base\" data-interaction-id=\"0ffbea5\"  data-e-type=\"widget\" data-id=\"0ffbea5\">\n\t\t\t\t\t\t\t\tQuesto sito web \u00e8 gestito da:<strong>Fidelis Marketing Group S.L.<\/strong><br>Marchi operativi: <strong>audiowo.com<\/strong>, <strong>escuchargratis.es<\/strong><br>Registrata in Spagna<br>(\"Azienda\", \"noi\", \"ci\")\n\t\t\t\t\t<\/p>\n\t\t\t\t\t<\/div>\n\t\t\t\t<\/div>\n\t\t<div class=\"elementor-element elementor-element-02875e6 e-flex e-con-boxed e-con e-parent\" data-id=\"02875e6\" data-element_type=\"container\" data-e-type=\"container\">\n\t\t\t\t\t<div class=\"e-con-inner\">\n\t\t\t\t\t\t\t<h4 \n\t\tdata-interaction-id=\"300ad99\" \n\t\tclass=\"e-heading-base\" \n\t\t \n\t\tdata-e-type=\"widget\" data-id=\"300ad99\"\n\t>\n\t\n\t\t\t2. Ambito di applicazione\n\t\t<\/h4>\n\t\t\t\t\t<\/div>\n\t\t\t\t<\/div>\n\t\t<div class=\"elementor-element elementor-element-acb2627 e-flex e-con-boxed e-con e-parent\" data-id=\"acb2627\" data-element_type=\"container\" data-e-type=\"container\">\n\t\t\t\t\t<div class=\"e-con-inner\">\n\t\t\t\t\t\t\t\t<p class=\"e-paragraph-base\" data-interaction-id=\"5e831b1\"  data-e-type=\"widget\" data-id=\"5e831b1\">\n\t\t\t\t\t\t\t\tQuesti Termini e condizioni generali regolano l'uso di questo sito web e di tutti i servizi offerti, tra cui: Abbonamenti musicali commerciali Licenze musicali per clienti business Invio di musica da parte di artisti Accesso a contenuti digitali Accedendo o utilizzando il sito web, accetti questi Termini.\n\t\t\t\t\t<\/p>\n\t\t\t\t\t<\/div>\n\t\t\t\t<\/div>\n\t\t<div class=\"elementor-element elementor-element-41feb29 e-flex e-con-boxed e-con e-parent\" data-id=\"41feb29\" data-element_type=\"container\" data-e-type=\"container\">\n\t\t\t\t\t<div class=\"e-con-inner\">\n\t\t\t\t\t\t\t<h4 \n\t\tdata-interaction-id=\"02bb3f4\" \n\t\tclass=\"e-heading-base\" \n\t\t \n\t\tdata-e-type=\"widget\" data-id=\"02bb3f4\"\n\t>\n\t\n\t\t\t3. Servizi\n\t\t<\/h4>\n\t\t\t\t\t<\/div>\n\t\t\t\t<\/div>\n\t\t<div class=\"elementor-element elementor-element-456f098 e-flex e-con-boxed e-con e-parent\" data-id=\"456f098\" data-element_type=\"container\" data-e-type=\"container\">\n\t\t\t\t\t<div class=\"e-con-inner\">\n\t\t\t\t\t\t\t\t<p class=\"e-paragraph-base\" data-interaction-id=\"e9063de\"  data-e-type=\"widget\" data-id=\"e9063de\">\n\t\t\t\t\t\t\t\tL'Azienda fornisce accesso a musica originale concessa in licenza per uso commerciale di sottofondo da parte di aziende. Tutta la musica concessa in licenza: Non \u00e8 registrata presso alcuna Performing Rights Organization (PRO) \u00c8 concessa in licenza secondo accordi specifici accettati durante l'acquisto o l'invio\n\t\t\t\t\t<\/p>\n\t\t\t\t\t<\/div>\n\t\t\t\t<\/div>\n\t\t<div class=\"elementor-element elementor-element-076f2ef e-flex e-con-boxed e-con e-parent\" data-id=\"076f2ef\" data-element_type=\"container\" data-e-type=\"container\">\n\t\t\t\t\t<div class=\"e-con-inner\">\n\t\t\t\t\t\t\t<h4 \n\t\tdata-interaction-id=\"075af63\" \n\t\tclass=\"e-heading-base\" \n\t\t \n\t\tdata-e-type=\"widget\" data-id=\"075af63\"\n\t>\n\t\n\t\t\t4. Licenze commerciali\n\t\t<\/h4>\n\t\t\t\t\t<\/div>\n\t\t\t\t<\/div>\n\t\t<div class=\"elementor-element elementor-element-5debfa4 e-flex e-con-boxed e-con e-parent\" data-id=\"5debfa4\" data-element_type=\"container\" data-e-type=\"container\">\n\t\t\t\t\t<div class=\"e-con-inner\">\n\t\t\t\t\t\t\t\t<p class=\"e-paragraph-base\" data-interaction-id=\"5459fce\"  data-e-type=\"widget\" data-id=\"5459fce\">\n\t\t\t\t\t\t\t<a\n\t\t\t\t\thref=\"https:\/\/audiowo.com\/commercial-music-licence-agreement\/\" target=\"_self\"\n\t\t\t\t\tclass=\"e-paragraph-link-base\"\n\t\t\t\t>\n\t\t\t\t\t\tL'uso della musica concessa in licenza \u00e8 regolato esclusivamente dal Contratto di licenza musicale commerciale accettato al momento del checkout. Gli abbonamenti: Sono annuali salvo diversa indicazione Non sono trasferibili Si applicano solo al numero di sedi acquistate \n\t\t\t\t<\/a>\n\t\t\t\t\t<\/p>\n\t\t\t\t\t<\/div>\n\t\t\t\t<\/div>\n\t\t<div class=\"elementor-element elementor-element-73fd662 e-flex e-con-boxed e-con e-parent\" data-id=\"73fd662\" data-element_type=\"container\" data-e-type=\"container\">\n\t\t\t\t\t<div class=\"e-con-inner\">\n\t\t\t\t\t\t\t<h4 \n\t\tdata-interaction-id=\"a98afcd\" \n\t\tclass=\"e-heading-base\" \n\t\t \n\t\tdata-e-type=\"widget\" data-id=\"a98afcd\"\n\t>\n\t\n\t\t\t5. Contributi degli artisti\n\t\t<\/h4>\n\t\t\t\t\t<\/div>\n\t\t\t\t<\/div>\n\t\t<div class=\"elementor-element elementor-element-4a91aa9 e-flex e-con-boxed e-con e-parent\" data-id=\"4a91aa9\" data-element_type=\"container\" data-e-type=\"container\">\n\t\t\t\t\t<div class=\"e-con-inner\">\n\t\t\t\t\t\t\t\t<p class=\"e-paragraph-base\" data-interaction-id=\"964a47b\"  data-e-type=\"widget\" data-id=\"964a47b\">\n\t\t\t\t\t\t\t<a\n\t\t\t\t\thref=\"https:\/\/audiowo.com\/promotional-music-contribution-agreement\/\" target=\"_self\"\n\t\t\t\t\tclass=\"e-paragraph-link-base\"\n\t\t\t\t>\n\t\t\t\t\t\tGli artisti che inviano musica accettano il Contratto di contributo musicale promozionale, che regola: Trasferimento dei diritti Uso dei brani inviati Assenza di compenso Distribuzione promozionale\n\t\t\t\t<\/a>\n\t\t\t\t\t<\/p>\n\t\t\t\t\t<\/div>\n\t\t\t\t<\/div>\n\t\t<div class=\"elementor-element elementor-element-24e4e7b e-flex e-con-boxed e-con e-parent\" data-id=\"24e4e7b\" data-element_type=\"container\" data-e-type=\"container\">\n\t\t\t\t\t<div class=\"e-con-inner\">\n\t\t\t\t\t\t\t<h4 \n\t\tdata-interaction-id=\"b0cd755\" \n\t\tclass=\"e-heading-base\" \n\t\t \n\t\tdata-e-type=\"widget\" data-id=\"b0cd755\"\n\t>\n\t\n\t\t\t6. Propriet\u00e0 intellettuale\n\t\t<\/h4>\n\t\t\t\t\t<\/div>\n\t\t\t\t<\/div>\n\t\t<div class=\"elementor-element elementor-element-da64f05 e-flex e-con-boxed e-con e-parent\" data-id=\"da64f05\" data-element_type=\"container\" data-e-type=\"container\">\n\t\t\t\t\t<div class=\"e-con-inner\">\n\t\t\t\t\t\t\t\t<p class=\"e-paragraph-base\" data-interaction-id=\"fafe4f4\"  data-e-type=\"widget\" data-id=\"fafe4f4\">\n\t\t\t\t\t\t\t\tTutti i contenuti del sito web sono protetti dalle leggi sulla propriet\u00e0 intellettuale. L'uso, la riproduzione o la distribuzione non autorizzati sono vietati.\n\t\t\t\t\t<\/p>\n\t\t\t\t\t<\/div>\n\t\t\t\t<\/div>\n\t\t<div class=\"elementor-element elementor-element-46c59d8 e-flex e-con-boxed e-con e-parent\" data-id=\"46c59d8\" data-element_type=\"container\" data-e-type=\"container\">\n\t\t\t\t\t<div class=\"e-con-inner\">\n\t\t\t\t\t\t\t<h4 \n\t\tdata-interaction-id=\"b927a10\" \n\t\tclass=\"e-heading-base\" \n\t\t \n\t\tdata-e-type=\"widget\" data-id=\"b927a10\"\n\t>\n\t\n\t\t\t7. Pagamenti e fatturazione\n\t\t<\/h4>\n\t\t\t\t\t<\/div>\n\t\t\t\t<\/div>\n\t\t<div class=\"elementor-element elementor-element-4a52b33 e-flex e-con-boxed e-con e-parent\" data-id=\"4a52b33\" data-element_type=\"container\" data-e-type=\"container\">\n\t\t\t\t\t<div class=\"e-con-inner\">\n\t\t\t\t\t\t\t\t<p class=\"e-paragraph-base\" data-interaction-id=\"ea80fd1\"  data-e-type=\"widget\" data-id=\"ea80fd1\">\n\t\t\t\t\t\t\t\tI pagamenti vengono elaborati tramite fornitori terzi sicuri. L'Azienda si riserva il diritto di: Modificare i prezzi Sospendere l'accesso in caso di mancato pagamento\n\t\t\t\t\t<\/p>\n\t\t\t\t\t<\/div>\n\t\t\t\t<\/div>\n\t\t<div class=\"elementor-element elementor-element-37258ce e-flex e-con-boxed e-con e-parent\" data-id=\"37258ce\" data-element_type=\"container\" data-e-type=\"container\">\n\t\t\t\t\t<div class=\"e-con-inner\">\n\t\t\t\t\t\t\t<h4 \n\t\tdata-interaction-id=\"3a0a1a4\" \n\t\tclass=\"e-heading-base\" \n\t\t \n\t\tdata-e-type=\"widget\" data-id=\"3a0a1a4\"\n\t>\n\t\n\t\t\t8. Responsabilit\u00e0\n\t\t<\/h4>\n\t\t\t\t\t<\/div>\n\t\t\t\t<\/div>\n\t\t<div class=\"elementor-element elementor-element-621b293 e-flex e-con-boxed e-con e-parent\" data-id=\"621b293\" data-element_type=\"container\" data-e-type=\"container\">\n\t\t\t\t\t<div class=\"e-con-inner\">\n\t\t\t\t\t\t\t\t<p class=\"e-paragraph-base\" data-interaction-id=\"4d5690e\"  data-e-type=\"widget\" data-id=\"4d5690e\">\n\t\t\t\t\t\t\t\tL'Azienda non \u00e8 responsabile per: Perdite aziendali Perdita di profitti Danni indiretti L'uso della musica \u00e8 a tua esclusiva responsabilit\u00e0 nei termini della licenza.\n\t\t\t\t\t<\/p>\n\t\t\t\t\t<\/div>\n\t\t\t\t<\/div>\n\t\t<div class=\"elementor-element elementor-element-a8a9206 e-flex e-con-boxed e-con e-parent\" data-id=\"a8a9206\" data-element_type=\"container\" data-e-type=\"container\">\n\t\t\t\t\t<div class=\"e-con-inner\">\n\t\t\t\t\t\t\t<h4 \n\t\tdata-interaction-id=\"d12364a\" \n\t\tclass=\"e-heading-base\" \n\t\t \n\t\tdata-e-type=\"widget\" data-id=\"d12364a\"\n\t>\n\t\n\t\t\t9. Risoluzione\n\t\t<\/h4>\n\t\t\t\t\t<\/div>\n\t\t\t\t<\/div>\n\t\t<div class=\"elementor-element elementor-element-9d41ed1 e-flex e-con-boxed e-con e-parent\" data-id=\"9d41ed1\" data-element_type=\"container\" data-e-type=\"container\">\n\t\t\t\t\t<div class=\"e-con-inner\">\n\t\t\t\t\t\t\t\t<p class=\"e-paragraph-base\" data-interaction-id=\"a04a37c\"  data-e-type=\"widget\" data-id=\"a04a37c\">\n\t\t\t\t\t\t\t\tL'Azienda pu\u00f2 sospendere o interrompere l'accesso in caso di uso improprio o violazione.\n\t\t\t\t\t<\/p>\n\t\t\t\t\t<\/div>\n\t\t\t\t<\/div>\n\t\t<div class=\"elementor-element elementor-element-fac78a1 e-flex e-con-boxed e-con e-parent\" data-id=\"fac78a1\" data-element_type=\"container\" data-e-type=\"container\">\n\t\t\t\t\t<div class=\"e-con-inner\">\n\t\t\t\t\t\t\t<h4 \n\t\tdata-interaction-id=\"0e7ff03\" \n\t\tclass=\"e-heading-base\" \n\t\t \n\t\tdata-e-type=\"widget\" data-id=\"0e7ff03\"\n\t>\n\t\n\t\t\t10. Legge applicabile\n\t\t<\/h4>\n\t\t\t\t\t<\/div>\n\t\t\t\t<\/div>\n\t\t<div class=\"elementor-element elementor-element-096d75d e-flex e-con-boxed e-con e-parent\" data-id=\"096d75d\" data-element_type=\"container\" data-e-type=\"container\">\n\t\t\t\t\t<div class=\"e-con-inner\">\n\t\t\t\t\t\t\t\t<p class=\"e-paragraph-base\" data-interaction-id=\"3699cf9\"  data-e-type=\"widget\" data-id=\"3699cf9\">\n\t\t\t\t\t\t\t\tQuesti Termini sono regolati dalla <strong>legge spagnola<\/strong>.<br>La giurisdizione \u00e8 dei tribunali spagnoli.\n\t\t\t\t\t<\/p>\n\t\t\t\t\t<\/div>\n\t\t\t\t<\/div>\n\t\t\t\t<\/div>\n\t\t","protected":false},"excerpt":{"rendered":"<p>Termini e condizioni generali 1. Informazioni sull&#8217;azienda Questo sito web \u00e8 gestito da:Fidelis Marketing Group S.L.Marchi operativi: audiowo.com, escuchargratis.esRegistrata in Spagna(&#8220;Azienda&#8221;, &#8220;noi&#8221;, &#8220;ci&#8221;) 2. Ambito di applicazione Questi Termini e condizioni generali regolano l&#8217;uso di questo sito web e di tutti i servizi offerti, tra cui: Abbonamenti musicali commerciali Licenze musicali per clienti business Invio [&hellip;]<\/p>\n","protected":false},"author":1,"featured_media":0,"parent":8446,"menu_order":0,"comment_status":"closed","ping_status":"closed","template":"elementor_header_footer","meta":{"_acf_changed":false,"footnotes":""},"class_list":["post-8357","page","type-page","status-publish","hentry"],"acf":[],"_links":{"self":[{"href":"https:\/\/audiowo.com\/it\/wp-json\/wp\/v2\/pages\/8357","targetHints":{"allow":["GET"]}}],"collection":[{"href":"https:\/\/audiowo.com\/it\/wp-json\/wp\/v2\/pages"}],"about":[{"href":"https:\/\/audiowo.com\/it\/wp-json\/wp\/v2\/types\/page"}],"author":[{"embeddable":true,"href":"https:\/\/audiowo.com\/it\/wp-json\/wp\/v2\/users\/1"}],"replies":[{"embeddable":true,"href":"https:\/\/audiowo.com\/it\/wp-json\/wp\/v2\/comments?post=8357"}],"version-history":[{"count":0,"href":"https:\/\/audiowo.com\/it\/wp-json\/wp\/v2\/pages\/8357\/revisions"}],"up":[{"embeddable":true,"href":"https:\/\/audiowo.com\/it\/wp-json\/wp\/v2\/pages\/8446"}],"wp:attachment":[{"href":"https:\/\/audiowo.com\/it\/wp-json\/wp\/v2\/media?parent=8357"}],"curies":[{"name":"wp","href":"https:\/\/api.w.org\/{rel}","templated":true}]}}