{"id":7946,"date":"2026-04-08T13:05:41","date_gmt":"2026-04-08T11:05:41","guid":{"rendered":"https:\/\/audiowo.com\/pagal-uzsakyma-sukurta\/"},"modified":"2026-04-09T16:15:37","modified_gmt":"2026-04-09T14:15:37","slug":"pagal-uzsakyma-sukurta","status":"publish","type":"page","link":"https:\/\/audiowo.com\/lt\/pagal-uzsakyma-sukurta\/","title":{"rendered":"Pagal u\u017esakym\u0105 sukurta"},"content":{"rendered":"\t\t<div data-elementor-type=\"wp-page\" data-elementor-id=\"7946\" class=\"elementor elementor-7946 elementor-5263\" data-elementor-post-type=\"page\">\n\t\t\t\t<div class=\"elementor-element elementor-element-7afe304 e-flex e-con-boxed e-con e-parent\" data-id=\"7afe304\" data-element_type=\"container\" data-e-type=\"container\">\n\t\t\t\t\t<div class=\"e-con-inner\">\n\t\t\t\t<div class=\"elementor-element elementor-element-d711f11 elementor-widget elementor-widget-heading\" data-id=\"d711f11\" data-element_type=\"widget\" data-e-type=\"widget\" data-widget_type=\"heading.default\">\n\t\t\t\t\t<h1 class=\"elementor-heading-title elementor-size-default\">Individualiai kuriamos muzikos kompozicijos<\/h1>\t\t\t\t<\/div>\n\t\t\t\t\t<\/div>\n\t\t\t\t<\/div>\n\t\t<div class=\"elementor-element elementor-element-b3a24c1 e-flex e-con-boxed e-con e-parent\" data-id=\"b3a24c1\" data-element_type=\"container\" data-e-type=\"container\">\n\t\t\t\t\t<div class=\"e-con-inner\">\n\t\t\t\t<div class=\"elementor-element elementor-element-958aea1 elementor-widget elementor-widget-heading\" data-id=\"958aea1\" data-element_type=\"widget\" data-e-type=\"widget\" data-widget_type=\"heading.default\">\n\t\t\t\t\t<h3 class=\"elementor-heading-title elementor-size-default\">Pritaikyta J\u016bs\u0173 vizijai ir prek\u0117s \u017eenklui<\/h3>\t\t\t\t<\/div>\n\t\t\t\t\t<\/div>\n\t\t\t\t<\/div>\n\t\t<div class=\"elementor-element elementor-element-11b1652 e-flex e-con-boxed e-con e-parent\" data-id=\"11b1652\" data-element_type=\"container\" data-e-type=\"container\">\n\t\t\t\t\t<div class=\"e-con-inner\">\n\t\t<div class=\"elementor-element elementor-element-dedd173 e-con-full e-flex e-con e-child\" data-id=\"dedd173\" data-element_type=\"container\" data-e-type=\"container\">\n\t\t\t\t<div class=\"elementor-element elementor-element-f6ccb80 elementor-widget elementor-widget-text-editor\" data-id=\"f6ccb80\" data-element_type=\"widget\" data-e-type=\"widget\" data-widget_type=\"text-editor.default\">\n\t\t\t\t\t\t\t\t\t<h3 data-section-id=\"yc8960\" data-start=\"398\" data-end=\"445\">Individualiai kuriama muzika<\/h3><p data-start=\"447\" data-end=\"686\">Ie\u0161kote unikalios muzikos kompozicijos, kuri puikiai atitikt\u0173 J\u016bs\u0173 id\u0117j\u0105, prek\u0117s \u017eenkl\u0105 ar projekt\u0105? \u201eAudiowo\u201c kiekviena kompozicija yra kuriama individualiai nuo nulio, o tai atlieka \u201eghost\u201c prodiuseris Don Fidelis, u\u017etikrinantis originalum\u0105, kokyb\u0119 ir i\u0161ties i\u0161skirtin\u012f skambes\u012f. <\/p><p data-start=\"688\" data-end=\"705\">Nesvarbu, ar Jums reikia:<\/p><ul data-start=\"706\" data-end=\"946\"><li data-section-id=\"1jk1log\" data-start=\"706\" data-end=\"774\">Konkretaus \u017eanro (EDM, pop, hiphopas, kinematografin\u0117, ambientin\u0117 ir kt.)<\/li><li data-section-id=\"z43kc4\" data-start=\"775\" data-end=\"807\">Visi\u0161kai instrumentin\u0117s kompozicijos<\/li><li data-section-id=\"19ebevm\" data-start=\"808\" data-end=\"835\">Vyri\u0161ko ar moteri\u0161ko vokalo<\/li><li data-section-id=\"xa32kv\" data-start=\"836\" data-end=\"894\">Muzikos prek\u0117s \u017eenklo k\u016brimui, reklamai ar \u012fmon\u0117s identitetui<\/li><li data-section-id=\"16sjc85\" data-start=\"895\" data-end=\"946\">Arba kompozicijos, paremtos konkre\u010dia tema ar istorija<\/li><li data-section-id=\"16sjc85\" data-start=\"895\" data-end=\"946\">Bet kokia kalba<\/li><\/ul><p data-start=\"948\" data-end=\"1007\">Beveik bet kokia pagr\u012fsta koncepcija gali b\u016bti paversta muzika.<\/p><h4 data-section-id=\"10gtqvy\" data-start=\"1009\" data-end=\"1039\">Paremtas patirtimi + DI<\/h4><p data-start=\"1041\" data-end=\"1161\">Tur\u0117damas ilgamet\u0119 prodiusavimo patirt\u012f, Don Fidelis dabar \u012f darbo eig\u0105 integruoja pa\u017eangias DI priemones. Tai leid\u017eia pasiekti: <\/p><ul data-start=\"1162\" data-end=\"1265\"><li data-section-id=\"ngut33\" data-start=\"1162\" data-end=\"1190\">Greitesnius gamybos ciklus<\/li><li data-section-id=\"1gsr04c\" data-start=\"1191\" data-end=\"1223\">Didesn\u012f k\u016brybin\u012f lankstum\u0105<\/li><li data-section-id=\"18f8q\" data-start=\"1224\" data-end=\"1265\">Rafinuotesn\u012f ir \u012fvairesn\u012f garso dizain\u0105<\/li><\/ul><p data-start=\"1267\" data-end=\"1366\">Rezultatas: auk\u0161tesn\u0117s kokyb\u0117s muzika, pristatoma efektyviai, nepakenkiant meninei kontrolei.<\/p><h4 data-section-id=\"u4dr43\" data-start=\"1368\" data-end=\"1398\">Profesionali garso kokyb\u0117<\/h4><p data-start=\"1400\" data-end=\"1471\">Kiekviena kompozicija profesionaliai sumai\u0161oma ir masterizuojama pagal pramon\u0117s standartus:<\/p><ul data-start=\"1472\" data-end=\"1529\"><li data-section-id=\"lf88k\" data-start=\"1472\" data-end=\"1500\">Integruotas LUFS: ~12<\/li><li data-section-id=\"1xy6v74\" data-start=\"1501\" data-end=\"1529\">Trumpalaikis LUFS: ~10<\/li><\/ul><p data-start=\"1531\" data-end=\"1615\">Tai u\u017etikrina, kad J\u016bs\u0173 muzika skamb\u0117t\u0173 galingai, ai\u0161kiai ir nuosekliai visose platformose.<\/p><h4 data-section-id=\"nq0mmo\" data-start=\"1617\" data-end=\"1645\">Kod\u0117l verta rinktis individualiai kuriam\u0105 muzik\u0105?<\/h4><ul data-start=\"1647\" data-end=\"1849\"><li data-section-id=\"sf6ua5\" data-start=\"1647\" data-end=\"1693\">100 % unikali \u2013 joki\u0173 standartini\u0173 ar perdirbt\u0173 turini\u0173<\/li><li data-section-id=\"vuf1xl\" data-start=\"1694\" data-end=\"1746\">Visi\u0161kai atitinka J\u016bs\u0173 vizij\u0105 ar prek\u0117s \u017eenklo identitet\u0105<\/li><li data-section-id=\"1mos9vp\" data-start=\"1747\" data-end=\"1784\">Lanksti \u012fvairiuose \u017eanruose ir stiliuose<\/li><li data-section-id=\"1c7ouvu\" data-start=\"1785\" data-end=\"1849\">Tinka komerciniam naudojimui, rinkodarai ar asmeniniams projektams<\/li><\/ul>\t\t\t\t\t\t\t\t<\/div>\n\t\t\t\t<\/div>\n\t\t<div class=\"elementor-element elementor-element-435755d e-con-full e-flex e-con e-child\" data-id=\"435755d\" data-element_type=\"container\" data-e-type=\"container\">\n\t\t\t\t<div class=\"elementor-element elementor-element-625eccd elementor-grid-1 elementor-product-loop-item--align-center elementor-grid-tablet-3 elementor-grid-mobile-2 elementor-products-grid elementor-wc-products elementor-widget elementor-widget-woocommerce-products\" data-id=\"625eccd\" data-element_type=\"widget\" data-e-type=\"widget\" data-widget_type=\"woocommerce-products.default\">\n\t\t\t\t<div class=\"elementor-widget-container\">\n\t\t\t\t\t<div class=\"woocommerce columns-1 \"><ul class=\"products elementor-grid columns-1\">\n<li class=\"product type-product post-8217 status-publish first instock product_cat-be-kategorijos has-post-thumbnail taxable shipping-taxable purchasable product-type-simple\">\n\t<a href=\"https:\/\/audiowo.com\/lt\/produktas\/individualiai-sukurtas-muzikos-takelis\/\" class=\"woocommerce-LoopProduct-link woocommerce-loop-product__link\"><img fetchpriority=\"high\" decoding=\"async\" width=\"300\" height=\"300\" src=\"https:\/\/audiowo.com\/wp-content\/uploads\/2026\/04\/Custom-made-music-track-Audiowo-Don-Fidelis-300x300.webp\" class=\"attachment-woocommerce_thumbnail size-woocommerce_thumbnail\" alt=\"Custom made music track - Audiowo - Don Fidelis\" srcset=\"https:\/\/audiowo.com\/wp-content\/uploads\/2026\/04\/Custom-made-music-track-Audiowo-Don-Fidelis-300x300.webp 300w, https:\/\/audiowo.com\/wp-content\/uploads\/2026\/04\/Custom-made-music-track-Audiowo-Don-Fidelis-150x150.webp 150w, https:\/\/audiowo.com\/wp-content\/uploads\/2026\/04\/Custom-made-music-track-Audiowo-Don-Fidelis-768x768.webp 768w, https:\/\/audiowo.com\/wp-content\/uploads\/2026\/04\/Custom-made-music-track-Audiowo-Don-Fidelis-600x600.webp 600w, https:\/\/audiowo.com\/wp-content\/uploads\/2026\/04\/Custom-made-music-track-Audiowo-Don-Fidelis-100x100.webp 100w, https:\/\/audiowo.com\/wp-content\/uploads\/2026\/04\/Custom-made-music-track-Audiowo-Don-Fidelis.webp 800w\" sizes=\"(max-width: 300px) 100vw, 300px\" \/><h2 class=\"woocommerce-loop-product__title\">Individualiai sukurtas muzikos takelis<\/h2>\n\t<span class=\"price\"><span class=\"woocommerce-Price-amount amount\"><bdi>300,00&nbsp;<span class=\"woocommerce-Price-currencySymbol\">&euro;<\/span><\/bdi><\/span><\/span>\n<\/a><a href=\"\/lt\/wp-json\/wp\/v2\/pages\/7946?add-to-cart=8217\" aria-describedby=\"woocommerce_loop_add_to_cart_link_describedby_8217\" data-quantity=\"1\" class=\"button product_type_simple add_to_cart_button ajax_add_to_cart\" data-product_id=\"8217\" data-product_sku=\"\" aria-label=\"Add to cart: &ldquo;Individualiai sukurtas muzikos takelis&rdquo;\" rel=\"nofollow\" data-success_message=\"\u201eIndividualiai sukurtas muzikos takelis\u201c buvo prid\u0117ta \u012f J\u016bs\u0173 krep\u0161el\u012f.\" role=\"button\">\u012e krep\u0161el\u012f<\/a>\t<span id=\"woocommerce_loop_add_to_cart_link_describedby_8217\" class=\"screen-reader-text\">\n\t\t\t<\/span>\n<\/li>\n<\/ul>\n<\/div>\t\t\t\t<\/div>\n\t\t\t\t<\/div>\n\t\t\t\t<\/div>\n\t\t\t\t\t<\/div>\n\t\t\t\t<\/div>\n\t\t\t\t<\/div>\n\t\t","protected":false},"excerpt":{"rendered":"<p>Individualiai kuriamos muzikos kompozicijos Pritaikyta J\u016bs\u0173 vizijai ir prek\u0117s \u017eenklui Individualiai kuriama muzika Ie\u0161kote unikalios muzikos kompozicijos, kuri puikiai atitikt\u0173 J\u016bs\u0173 id\u0117j\u0105, prek\u0117s \u017eenkl\u0105 ar projekt\u0105? \u201eAudiowo\u201c kiekviena kompozicija yra kuriama individualiai nuo nulio, o tai atlieka \u201eghost\u201c prodiuseris Don Fidelis, u\u017etikrinantis originalum\u0105, kokyb\u0119 ir i\u0161ties i\u0161skirtin\u012f skambes\u012f. Nesvarbu, ar Jums reikia: Konkretaus \u017eanro (EDM, [&hellip;]<\/p>\n","protected":false},"author":1,"featured_media":0,"parent":0,"menu_order":0,"comment_status":"closed","ping_status":"closed","template":"elementor_header_footer","meta":{"_acf_changed":false,"footnotes":""},"class_list":["post-7946","page","type-page","status-publish","hentry"],"acf":[],"_links":{"self":[{"href":"https:\/\/audiowo.com\/lt\/wp-json\/wp\/v2\/pages\/7946","targetHints":{"allow":["GET"]}}],"collection":[{"href":"https:\/\/audiowo.com\/lt\/wp-json\/wp\/v2\/pages"}],"about":[{"href":"https:\/\/audiowo.com\/lt\/wp-json\/wp\/v2\/types\/page"}],"author":[{"embeddable":true,"href":"https:\/\/audiowo.com\/lt\/wp-json\/wp\/v2\/users\/1"}],"replies":[{"embeddable":true,"href":"https:\/\/audiowo.com\/lt\/wp-json\/wp\/v2\/comments?post=7946"}],"version-history":[{"count":0,"href":"https:\/\/audiowo.com\/lt\/wp-json\/wp\/v2\/pages\/7946\/revisions"}],"wp:attachment":[{"href":"https:\/\/audiowo.com\/lt\/wp-json\/wp\/v2\/media?parent=7946"}],"curies":[{"name":"wp","href":"https:\/\/api.w.org\/{rel}","templated":true}]}}