{"id":7999,"date":"2026-02-07T16:04:34","date_gmt":"2026-02-07T15:04:34","guid":{"rendered":"https:\/\/audiowo.com\/reklamines-muzikos-teikimo-sutartis\/"},"modified":"2026-04-09T17:31:36","modified_gmt":"2026-04-09T15:31:36","slug":"reklamines-muzikos-teikimo-sutartis","status":"publish","type":"page","link":"https:\/\/audiowo.com\/lt\/teisine-informacija\/reklamines-muzikos-teikimo-sutartis\/","title":{"rendered":"Reklamin\u0117s muzikos teikimo sutartis"},"content":{"rendered":"\t\t<div data-elementor-type=\"wp-page\" data-elementor-id=\"7999\" class=\"elementor elementor-7999 elementor-44\" data-elementor-post-type=\"page\">\n\t\t\t\t<div class=\"elementor-element elementor-element-a93c18d e-flex e-con-boxed e-con e-parent\" data-id=\"a93c18d\" data-element_type=\"container\" data-e-type=\"container\">\n\t\t\t\t\t<div class=\"e-con-inner\">\n\t\t\t\t<div class=\"elementor-element elementor-element-c04a1da elementor-widget elementor-widget-heading\" data-id=\"c04a1da\" data-element_type=\"widget\" data-e-type=\"widget\" data-widget_type=\"heading.default\">\n\t\t\t\t\t<h1 class=\"elementor-heading-title elementor-size-default\">Reklamin\u0117s muzikos teikimo sutartis<\/h1>\t\t\t\t<\/div>\n\t\t\t\t\t<\/div>\n\t\t\t\t<\/div>\n\t\t<div class=\"elementor-element elementor-element-a5d71bc e-flex e-con-boxed e-con e-parent\" data-id=\"a5d71bc\" data-element_type=\"container\" data-e-type=\"container\">\n\t\t\t\t\t<div class=\"e-con-inner\">\n\t\t\t\t\t\t\t\t<p class=\"e-paragraph-base\" data-interaction-id=\"64d5bb1\"  data-e-type=\"widget\" data-id=\"64d5bb1\">\n\t\t\t\t\t\t\t\tReklamin\u0117s muzikos teikimo sutartis\u0160i Reklamin\u0117s muzikos teikimo sutartis (toliau \u2013 \u201eSutartis\u201c) sudaroma tarp: <strong>Bendrov\u0117s:<\/strong><br><strong>Fidelis Marketing Group S.L.<\/strong><br>Veikian\u010dios su preki\u0173 \u017eenklais <strong>audiowo.com<\/strong> ir <strong>escuchargratis.es<\/strong><br><br>(toliau \u2013 \u201eBendrov\u0117\u201c) ir <strong>Teik\u0117jo: <\/strong>Muzikos k\u016brin\u012f teikian\u010dio menininko arba teisi\u0173 tur\u0117tojo (toliau \u2013 \u201eTeik\u0117jas\u201c)\u012ekeldamas muzikos k\u016brin\u012f, Teik\u0117jas sutinka su \u0161iomis s\u0105lygomis.\n\t\t\t\t\t<\/p>\n\t\t\t\t\t<\/div>\n\t\t\t\t<\/div>\n\t\t<div class=\"elementor-element elementor-element-de80c50 e-flex e-con-boxed e-con e-parent\" data-id=\"de80c50\" data-element_type=\"container\" data-e-type=\"container\">\n\t\t\t\t\t<div class=\"e-con-inner\">\n\t\t\t\t\t\t\t<h4 \n\t\tdata-interaction-id=\"181912c\" \n\t\tclass=\"e-heading-base\" \n\t\t \n\t\tdata-e-type=\"widget\" data-id=\"181912c\"\n\t>\n\t\n\t\t\t1. Sutarties tikslas\n\t\t<\/h4>\n\t\t\t\t\t<\/div>\n\t\t\t\t<\/div>\n\t\t<div class=\"elementor-element elementor-element-3625bcd e-flex e-con-boxed e-con e-parent\" data-id=\"3625bcd\" data-element_type=\"container\" data-e-type=\"container\">\n\t\t\t\t\t<div class=\"e-con-inner\">\n\t\t\t\t\t\t\t\t<p class=\"e-paragraph-base\" data-interaction-id=\"2728fe8\"  data-e-type=\"widget\" data-id=\"2728fe8\">\n\t\t\t\t\t\t\t\t\u0160ios Sutarties tikslas yra <strong>reklama<\/strong>.<br>Teik\u0117jas savanori\u0161kai pateikia vien\u0105 ar daugiau muzikos k\u016brini\u0173 (toliau \u2013 \u201eK\u016brinys\u201c), kurie bus naudojami kaip <strong>reklamin\u0117 fonin\u0117 muzika<\/strong> Bendrov\u0117s komercin\u0117se muzikos platformose.\n\t\t\t\t\t<\/p>\n\t\t\t\t\t<\/div>\n\t\t\t\t<\/div>\n\t\t<div class=\"elementor-element elementor-element-5788690 e-flex e-con-boxed e-con e-parent\" data-id=\"5788690\" data-element_type=\"container\" data-e-type=\"container\">\n\t\t\t\t\t<div class=\"e-con-inner\">\n\t\t\t\t\t\t\t<h4 \n\t\tdata-interaction-id=\"40b0c00\" \n\t\tclass=\"e-heading-base\" \n\t\t \n\t\tdata-e-type=\"widget\" data-id=\"40b0c00\"\n\t>\n\t\n\t\t\t2. Teisi\u0173 perdavimas\n\t\t<\/h4>\n\t\t\t\t\t<\/div>\n\t\t\t\t<\/div>\n\t\t<div class=\"elementor-element elementor-element-9211709 e-flex e-con-boxed e-con e-parent\" data-id=\"9211709\" data-element_type=\"container\" data-e-type=\"container\">\n\t\t\t\t\t<div class=\"e-con-inner\">\n\t\t\t\t\t\t\t\t<p class=\"e-paragraph-base\" data-interaction-id=\"d0efa90\"  data-e-type=\"widget\" data-id=\"d0efa90\">\n\t\t\t\t\t\t\t\tTeik\u0117jas \u0161iuo dokumentu <strong>neat\u0161aukiamai perleid\u017eia ir perduoda visas teises, nuosavyb\u0117s teises ir interesus<\/strong> \u012f K\u016brin\u012f \u201eFidelis Marketing Group S.L.\u201c, \u012fskaitant, bet neapsiribojant:Autori\u0173 teises ir gretutines teises;Komercinio naudojimo teises;Platinimo, atk\u016brimo, vie\u0161o atlikimo ir perdavimo teises.\u0160is perdavimas yra <strong>nuolatinis ir neat\u0161aukiamas<\/strong>.\n\t\t\t\t\t<\/p>\n\t\t\t\t\t<\/div>\n\t\t\t\t<\/div>\n\t\t<div class=\"elementor-element elementor-element-ab6979e e-flex e-con-boxed e-con e-parent\" data-id=\"ab6979e\" data-element_type=\"container\" data-e-type=\"container\">\n\t\t\t\t\t<div class=\"e-con-inner\">\n\t\t\t\t\t\t\t<h4 \n\t\tdata-interaction-id=\"2570dab\" \n\t\tclass=\"e-heading-base\" \n\t\t \n\t\tdata-e-type=\"widget\" data-id=\"2570dab\"\n\t>\n\t\n\t\t\t3. Jokio atlygio\n\t\t<\/h4>\n\t\t\t\t\t<\/div>\n\t\t\t\t<\/div>\n\t\t<div class=\"elementor-element elementor-element-d156def e-flex e-con-boxed e-con e-parent\" data-id=\"d156def\" data-element_type=\"container\" data-e-type=\"container\">\n\t\t\t\t\t<div class=\"e-con-inner\">\n\t\t\t\t\t\t\t\t<p class=\"e-paragraph-base\" data-interaction-id=\"31effb3\"  data-e-type=\"widget\" data-id=\"31effb3\">\n\t\t\t\t\t\t\t\tTeik\u0117jas <strong>atsisako bet kokios teis\u0117s \u012f finansin\u012f atlyg\u012f<\/strong>, autorinius atlyginimus ar b\u016bsimus reikalavimus, susijusius su K\u016briniu;K\u016brinys teikiamas <strong>nemokamai<\/strong> kaip reklaminis ind\u0117lis;Nesuteikiamos jokios garantijos d\u0117l vie\u0161inimo, naudojimo ar s\u0117km\u0117s.\n\t\t\t\t\t<\/p>\n\t\t\t\t\t<\/div>\n\t\t\t\t<\/div>\n\t\t<div class=\"elementor-element elementor-element-1a4aa4a e-flex e-con-boxed e-con e-parent\" data-id=\"1a4aa4a\" data-element_type=\"container\" data-e-type=\"container\">\n\t\t\t\t\t<div class=\"e-con-inner\">\n\t\t\t\t\t\t\t<h4 \n\t\tdata-interaction-id=\"01f7c8b\" \n\t\tclass=\"e-heading-base\" \n\t\t \n\t\tdata-e-type=\"widget\" data-id=\"01f7c8b\"\n\t>\n\t\n\t\t\t4. Klient\u0173 komercinis naudojimas\n\t\t<\/h4>\n\t\t\t\t\t<\/div>\n\t\t\t\t<\/div>\n\t\t<div class=\"elementor-element elementor-element-dd9a088 e-flex e-con-boxed e-con e-parent\" data-id=\"dd9a088\" data-element_type=\"container\" data-e-type=\"container\">\n\t\t\t\t\t<div class=\"e-con-inner\">\n\t\t\t\t\t\t\t\t<p class=\"e-paragraph-base\" data-interaction-id=\"0ba6009\"  data-e-type=\"widget\" data-id=\"0ba6009\">\n\t\t\t\t\t\t\t<a\n\t\t\t\t\thref=\"https:\/\/audiowo.com\/lt\/teisine-informacija\/komercines-muzikos-licencijos-sutartis\/\" target=\"_self\"\n\t\t\t\t\tclass=\"e-paragraph-link-base\"\n\t\t\t\t>\n\t\t\t\t\t\tBendrov\u0117 gali licencijuoti K\u016brin\u012f savo klientams (\u012fskaitant restoranus, barus, prekybos centrus, vie\u0161bu\u010dius, turinio k\u016br\u0117jus ir internetines platformas) naudoti kaip fonin\u0119 muzik\u0105, pagal Bendrov\u0117s Komercin\u0117s muzikos licencijos sutarties s\u0105lygas.\n\t\t\t\t<\/a>\n\t\t\t\t\t<\/p>\n\t\t\t\t\t<\/div>\n\t\t\t\t<\/div>\n\t\t<div class=\"elementor-element elementor-element-728f4ad e-flex e-con-boxed e-con e-parent\" data-id=\"728f4ad\" data-element_type=\"container\" data-e-type=\"container\">\n\t\t\t\t\t<div class=\"e-con-inner\">\n\t\t\t\t\t\t\t<h4 \n\t\tdata-interaction-id=\"b9945ef\" \n\t\tclass=\"e-heading-base\" \n\t\t \n\t\tdata-e-type=\"widget\" data-id=\"b9945ef\"\n\t>\n\t\n\t\t\t5. Skaitmeninis platinimas\n\t\t<\/h4>\n\t\t\t\t\t<\/div>\n\t\t\t\t<\/div>\n\t\t<div class=\"elementor-element elementor-element-fd016e6 e-flex e-con-boxed e-con e-parent\" data-id=\"fd016e6\" data-element_type=\"container\" data-e-type=\"container\">\n\t\t\t\t\t<div class=\"e-con-inner\">\n\t\t\t\t\t\t\t\t<p class=\"e-paragraph-base\" data-interaction-id=\"f95d515\"  data-e-type=\"widget\" data-id=\"f95d515\">\n\t\t\t\t\t\t\t\tBendrov\u0117 gali publikuoti K\u016brin\u012f skaitmenin\u0117se platformose, \u012fskaitant, bet neapsiribojant: \u201eSpotify\u201c, \u201eApple Music\u201c, \u201eAmazon Music\u201c kaip <strong>kompiliacini\u0173 album\u0173<\/strong>, valdom\u0173 Bendrov\u0117s, dal\u012f. Teik\u0117jas pripa\u017e\u012fsta, kad: Nebus mokami jokie autoriniai atlyginimai ar pajamos; Platinimas skirtas tik reklaminiams tikslams. \n\t\t\t\t\t<\/p>\n\t\t\t\t\t<\/div>\n\t\t\t\t<\/div>\n\t\t<div class=\"elementor-element elementor-element-868c844 e-flex e-con-boxed e-con e-parent\" data-id=\"868c844\" data-element_type=\"container\" data-e-type=\"container\">\n\t\t\t\t\t<div class=\"e-con-inner\">\n\t\t\t\t\t\t\t<h4 \n\t\tdata-interaction-id=\"fc43385\" \n\t\tclass=\"e-heading-base\" \n\t\t \n\t\tdata-e-type=\"widget\" data-id=\"fc43385\"\n\t>\n\t\n\t\t\t6. Autoriaus nurodymas\n\t\t<\/h4>\n\t\t\t\t\t<\/div>\n\t\t\t\t<\/div>\n\t\t<div class=\"elementor-element elementor-element-3cf9ecb e-flex e-con-boxed e-con e-parent\" data-id=\"3cf9ecb\" data-element_type=\"container\" data-e-type=\"container\">\n\t\t\t\t\t<div class=\"e-con-inner\">\n\t\t\t\t\t\t\t\t<p class=\"e-paragraph-base\" data-interaction-id=\"3245f0e\"  data-e-type=\"widget\" data-id=\"3245f0e\">\n\t\t\t\t\t\t\t\tKai pagr\u012fstai \u012fmanoma, Teik\u0117jo <strong>menininko vardas ir duomenys<\/strong> bus rodomi susij\u0119 su K\u016briniu.<br>Ta\u010diau autoriaus nurodymas <strong>negali b\u016bti garantuojamas<\/strong> visuose naudojimo kontekstuose.\n\t\t\t\t\t<\/p>\n\t\t\t\t\t<\/div>\n\t\t\t\t<\/div>\n\t\t<div class=\"elementor-element elementor-element-90884f8 e-flex e-con-boxed e-con e-parent\" data-id=\"90884f8\" data-element_type=\"container\" data-e-type=\"container\">\n\t\t\t\t\t<div class=\"e-con-inner\">\n\t\t\t\t\t\t\t<h4 \n\t\tdata-interaction-id=\"e7a2536\" \n\t\tclass=\"e-heading-base\" \n\t\t \n\t\tdata-e-type=\"widget\" data-id=\"e7a2536\"\n\t>\n\t\n\t\t\t7. Kokyb\u0117s standartai\n\t\t<\/h4>\n\t\t\t\t\t<\/div>\n\t\t\t\t<\/div>\n\t\t<div class=\"elementor-element elementor-element-17179e0 e-flex e-con-boxed e-con e-parent\" data-id=\"17179e0\" data-element_type=\"container\" data-e-type=\"container\">\n\t\t\t\t\t<div class=\"e-con-inner\">\n\t\t\t\t\t\t\t\t<p class=\"e-paragraph-base\" data-interaction-id=\"99a4d2a\"  data-e-type=\"widget\" data-id=\"99a4d2a\">\n\t\t\t\t\t\t\t\tTeik\u0117jas patvirtina, kad K\u016brinys:Yra profesionaliai sukurtas ir \u012fra\u0161ytas;Sudaro tik originalus turinys;Nepa\u017eeid\u017eia tre\u010di\u0173j\u0173 \u0161ali\u0173 teisi\u0173;N\u0117ra esam\u0173 k\u016brini\u0173 kopija ar imitacija;Gali b\u016bti tikrinamas <strong>garso atpa\u017einimo patikromis<\/strong>, \u012fskaitant \u201eShazam\u201c. Dirbtinio intelekto \u012franki\u0173 naudojimas leid\u017eiamas <strong>tik tuo atveju, jei visos teis\u0117s yra visi\u0161kai i\u0161valytos<\/strong> ir garso kokyb\u0117 atitinka profesionalius standartus. \n\t\t\t\t\t<\/p>\n\t\t\t\t\t<\/div>\n\t\t\t\t<\/div>\n\t\t<div class=\"elementor-element elementor-element-10b5145 e-flex e-con-boxed e-con e-parent\" data-id=\"10b5145\" data-element_type=\"container\" data-e-type=\"container\">\n\t\t\t\t\t<div class=\"e-con-inner\">\n\t\t\t\t\t\t\t<h4 \n\t\tdata-interaction-id=\"a398a1f\" \n\t\tclass=\"e-heading-base\" \n\t\t \n\t\tdata-e-type=\"widget\" data-id=\"a398a1f\"\n\t>\n\t\n\t\t\t8. PRO \/ Teisi\u0173 organizacijos\n\t\t<\/h4>\n\t\t\t\t\t<\/div>\n\t\t\t\t<\/div>\n\t\t<div class=\"elementor-element elementor-element-78d648d e-flex e-con-boxed e-con e-parent\" data-id=\"78d648d\" data-element_type=\"container\" data-e-type=\"container\">\n\t\t\t\t\t<div class=\"e-con-inner\">\n\t\t\t\t\t\t\t\t<p class=\"e-paragraph-base\" data-interaction-id=\"b2fec2d\"  data-e-type=\"widget\" data-id=\"b2fec2d\">\n\t\t\t\t\t\t\t\tTeik\u0117jas garantuoja, kad K\u016brinys:<strong>N\u0117ra registruotas<\/strong> jokioje atlik\u0117j\u0173 teisi\u0173 organizacijoje (PRO), \u012fskaitant <strong>BUMA\/STEMRA, SGAE, PRS, ASCAP, BMI, SESAC<\/strong>;<strong>Niekada nebus registruotas<\/strong> jokioje tokioje organizacijoje ateityje.\n\t\t\t\t\t<\/p>\n\t\t\t\t\t<\/div>\n\t\t\t\t<\/div>\n\t\t<div class=\"elementor-element elementor-element-8c747b1 e-flex e-con-boxed e-con e-parent\" data-id=\"8c747b1\" data-element_type=\"container\" data-e-type=\"container\">\n\t\t\t\t\t<div class=\"e-con-inner\">\n\t\t\t\t\t\t\t<h4 \n\t\tdata-interaction-id=\"934a8cd\" \n\t\tclass=\"e-heading-base\" \n\t\t \n\t\tdata-e-type=\"widget\" data-id=\"934a8cd\"\n\t>\n\t\n\t\t\t9. Jokio \u012fsipareigojimo naudoti\n\t\t<\/h4>\n\t\t\t\t\t<\/div>\n\t\t\t\t<\/div>\n\t\t<div class=\"elementor-element elementor-element-3bee980 e-flex e-con-boxed e-con e-parent\" data-id=\"3bee980\" data-element_type=\"container\" data-e-type=\"container\">\n\t\t\t\t\t<div class=\"e-con-inner\">\n\t\t\t\t\t\t\t\t<p class=\"e-paragraph-base\" data-interaction-id=\"8c8c737\"  data-e-type=\"widget\" data-id=\"8c8c737\">\n\t\t\t\t\t\t\t\tBendrov\u0117 <strong>neturi jokio \u012fsipareigojimo<\/strong> reklamuoti, platinti ar licencijuoti K\u016brinio;Jei K\u016brinys nenaudojamas klient\u0173, Bendrov\u0117 gali <strong>pa\u0161alinti j\u012f i\u0161 savo katalog\u0173<\/strong> savo nuo\u017ei\u016bra;\u012etraukimas nesukuria joki\u0173 teisi\u0173 ar l\u016bkes\u010di\u0173.\n\t\t\t\t\t<\/p>\n\t\t\t\t\t<\/div>\n\t\t\t\t<\/div>\n\t\t<div class=\"elementor-element elementor-element-938c733 e-flex e-con-boxed e-con e-parent\" data-id=\"938c733\" data-element_type=\"container\" data-e-type=\"container\">\n\t\t\t\t\t<div class=\"e-con-inner\">\n\t\t\t\t\t\t\t<h4 \n\t\tdata-interaction-id=\"ecd2cad\" \n\t\tclass=\"e-heading-base\" \n\t\t \n\t\tdata-e-type=\"widget\" data-id=\"ecd2cad\"\n\t>\n\t\n\t\t\t10. Neat\u0161aukiamumas\n\t\t<\/h4>\n\t\t\t\t\t<\/div>\n\t\t\t\t<\/div>\n\t\t<div class=\"elementor-element elementor-element-130efa8 e-flex e-con-boxed e-con e-parent\" data-id=\"130efa8\" data-element_type=\"container\" data-e-type=\"container\">\n\t\t\t\t\t<div class=\"e-con-inner\">\n\t\t\t\t\t\t\t\t<p class=\"e-paragraph-base\" data-interaction-id=\"333554d\"  data-e-type=\"widget\" data-id=\"333554d\">\n\t\t\t\t\t\t\t\tPateikus ir pri\u0117mus, Teik\u0117jas <strong>negali at\u0161aukti ar atsiimti<\/strong> K\u016brinio.\n\t\t\t\t\t<\/p>\n\t\t\t\t\t<\/div>\n\t\t\t\t<\/div>\n\t\t<div class=\"elementor-element elementor-element-9e31629 e-flex e-con-boxed e-con e-parent\" data-id=\"9e31629\" data-element_type=\"container\" data-e-type=\"container\">\n\t\t\t\t\t<div class=\"e-con-inner\">\n\t\t\t\t\t\t\t<h4 \n\t\tdata-interaction-id=\"8c1ede6\" \n\t\tclass=\"e-heading-base\" \n\t\t \n\t\tdata-e-type=\"widget\" data-id=\"8c1ede6\"\n\t>\n\t\n\t\t\t11. Taikytina teis\u0117\n\t\t<\/h4>\n\t\t\t\t\t<\/div>\n\t\t\t\t<\/div>\n\t\t<div class=\"elementor-element elementor-element-2cc228a e-flex e-con-boxed e-con e-parent\" data-id=\"2cc228a\" data-element_type=\"container\" data-e-type=\"container\">\n\t\t\t\t\t<div class=\"e-con-inner\">\n\t\t\t\t\t\t\t\t<p class=\"e-paragraph-base\" data-interaction-id=\"7c738b8\"  data-e-type=\"widget\" data-id=\"7c738b8\">\n\t\t\t\t\t\t\t\t\u0160iai Sutar\u010diai taikoma <strong>Ispanijos<\/strong> teis\u0117.\n\t\t\t\t\t<\/p>\n\t\t\t\t\t<\/div>\n\t\t\t\t<\/div>\n\t\t<div class=\"elementor-element elementor-element-02efac0 e-flex e-con-boxed e-con e-parent\" data-id=\"02efac0\" data-element_type=\"container\" data-e-type=\"container\">\n\t\t\t\t\t<div class=\"e-con-inner\">\n\t\t\t\t\t\t\t<h4 \n\t\tdata-interaction-id=\"0a3a60f\" \n\t\tclass=\"e-heading-base\" \n\t\t \n\t\tdata-e-type=\"widget\" data-id=\"0a3a60f\"\n\t>\n\t\n\t\t\t12. Visa Sutartis\n\t\t<\/h4>\n\t\t\t\t\t<\/div>\n\t\t\t\t<\/div>\n\t\t<div class=\"elementor-element elementor-element-5ac4d09 e-flex e-con-boxed e-con e-parent\" data-id=\"5ac4d09\" data-element_type=\"container\" data-e-type=\"container\">\n\t\t\t\t\t<div class=\"e-con-inner\">\n\t\t\t\t\t\t\t\t<p class=\"e-paragraph-base\" data-interaction-id=\"960f892\"  data-e-type=\"widget\" data-id=\"960f892\">\n\t\t\t\t\t\t\t\t\u0160i Sutartis sudaro vis\u0105 \u0161ali\u0173 susitarim\u0105.\n\t\t\t\t\t<\/p>\n\t\t\t\t\t<\/div>\n\t\t\t\t<\/div>\n\t\t\t\t<\/div>\n\t\t","protected":false},"excerpt":{"rendered":"<p>Reklamin\u0117s muzikos teikimo sutartis Reklamin\u0117s muzikos teikimo sutartis\u0160i Reklamin\u0117s muzikos teikimo sutartis (toliau \u2013 \u201eSutartis\u201c) sudaroma tarp: Bendrov\u0117s:Fidelis Marketing Group S.L.Veikian\u010dios su preki\u0173 \u017eenklais audiowo.com ir escuchargratis.es (toliau \u2013 \u201eBendrov\u0117\u201c) ir Teik\u0117jo: Muzikos k\u016brin\u012f teikian\u010dio menininko arba teisi\u0173 tur\u0117tojo (toliau \u2013 \u201eTeik\u0117jas\u201c)\u012ekeldamas muzikos k\u016brin\u012f, Teik\u0117jas sutinka su \u0161iomis s\u0105lygomis. 1. Sutarties tikslas \u0160ios Sutarties tikslas [&hellip;]<\/p>\n","protected":false},"author":1,"featured_media":0,"parent":8442,"menu_order":0,"comment_status":"closed","ping_status":"closed","template":"elementor_header_footer","meta":{"_acf_changed":false,"footnotes":""},"class_list":["post-7999","page","type-page","status-publish","hentry"],"acf":[],"_links":{"self":[{"href":"https:\/\/audiowo.com\/lt\/wp-json\/wp\/v2\/pages\/7999","targetHints":{"allow":["GET"]}}],"collection":[{"href":"https:\/\/audiowo.com\/lt\/wp-json\/wp\/v2\/pages"}],"about":[{"href":"https:\/\/audiowo.com\/lt\/wp-json\/wp\/v2\/types\/page"}],"author":[{"embeddable":true,"href":"https:\/\/audiowo.com\/lt\/wp-json\/wp\/v2\/users\/1"}],"replies":[{"embeddable":true,"href":"https:\/\/audiowo.com\/lt\/wp-json\/wp\/v2\/comments?post=7999"}],"version-history":[{"count":0,"href":"https:\/\/audiowo.com\/lt\/wp-json\/wp\/v2\/pages\/7999\/revisions"}],"up":[{"embeddable":true,"href":"https:\/\/audiowo.com\/lt\/wp-json\/wp\/v2\/pages\/8442"}],"wp:attachment":[{"href":"https:\/\/audiowo.com\/lt\/wp-json\/wp\/v2\/media?parent=7999"}],"curies":[{"name":"wp","href":"https:\/\/api.w.org\/{rel}","templated":true}]}}