{"id":8350,"date":"2026-02-08T13:37:11","date_gmt":"2026-02-08T12:37:11","guid":{"rendered":"https:\/\/audiowo.com\/slapuku-politika\/"},"modified":"2026-04-09T17:31:38","modified_gmt":"2026-04-09T15:31:38","slug":"slapuku-politika","status":"publish","type":"page","link":"https:\/\/audiowo.com\/lt\/teisine-informacija\/slapuku-politika\/","title":{"rendered":"Slapuk\u0173 politika"},"content":{"rendered":"\t\t<div data-elementor-type=\"wp-page\" data-elementor-id=\"8350\" class=\"elementor elementor-8350 elementor-92\" data-elementor-post-type=\"page\">\n\t\t\t\t<div class=\"elementor-element elementor-element-dc914a3 e-flex e-con-boxed e-con e-parent\" data-id=\"dc914a3\" data-element_type=\"container\" data-e-type=\"container\">\n\t\t\t\t\t<div class=\"e-con-inner\">\n\t\t\t\t<div class=\"elementor-element elementor-element-70d2002 elementor-widget elementor-widget-heading\" data-id=\"70d2002\" data-element_type=\"widget\" data-e-type=\"widget\" data-widget_type=\"heading.default\">\n\t\t\t\t\t<h1 class=\"elementor-heading-title elementor-size-default\">Slapuk\u0173 politika<\/h1>\t\t\t\t<\/div>\n\t\t\t\t\t<\/div>\n\t\t\t\t<\/div>\n\t\t<div class=\"elementor-element elementor-element-6892fd4 e-flex e-con-boxed e-con e-parent\" data-id=\"6892fd4\" data-element_type=\"container\" data-e-type=\"container\">\n\t\t\t\t\t<div class=\"e-con-inner\">\n\t\t\t\t\t\t\t<h4 \n\t\tdata-interaction-id=\"4c760cc\" \n\t\tclass=\"e-heading-base\" \n\t\t \n\t\tdata-e-type=\"widget\" data-id=\"4c760cc\"\n\t>\n\t\n\t\t\tSlapuk\u0173 politika\n\t\t<\/h4>\n\t\t\t\t\t<\/div>\n\t\t\t\t<\/div>\n\t\t<div class=\"elementor-element elementor-element-8bed17a e-flex e-con-boxed e-con e-parent\" data-id=\"8bed17a\" data-element_type=\"container\" data-e-type=\"container\">\n\t\t\t\t\t<div class=\"e-con-inner\">\n\t\t\t\t\t\t\t\t<p class=\"e-paragraph-base\" data-interaction-id=\"95adcc4\"  data-e-type=\"widget\" data-id=\"95adcc4\">\n\t\t\t\t\t\t\t\t\u0160ioje slapuk\u0173 politikoje paai\u0161kinama, kas yra slapukai, koki\u0173 tip\u0173 naudojame \u0161ioje svetain\u0117je ir kaip galite valdyti savo nuostatas.\n\t\t\t\t\t<\/p>\n\t\t\t\t\t<\/div>\n\t\t\t\t<\/div>\n\t\t<div class=\"elementor-element elementor-element-cade8ea e-flex e-con-boxed e-con e-parent\" data-id=\"cade8ea\" data-element_type=\"container\" data-e-type=\"container\">\n\t\t\t\t\t<div class=\"e-con-inner\">\n\t\t\t\t\t\t\t<h4 \n\t\tdata-interaction-id=\"c7aaebc\" \n\t\tclass=\"e-heading-base\" \n\t\t \n\t\tdata-e-type=\"widget\" data-id=\"c7aaebc\"\n\t>\n\t\n\t\t\t1. Kas yra slapukai?\n\t\t<\/h4>\n\t\t\t\t\t<\/div>\n\t\t\t\t<\/div>\n\t\t<div class=\"elementor-element elementor-element-0e05939 e-flex e-con-boxed e-con e-parent\" data-id=\"0e05939\" data-element_type=\"container\" data-e-type=\"container\">\n\t\t\t\t\t<div class=\"e-con-inner\">\n\t\t\t\t\t\t\t\t<p class=\"e-paragraph-base\" data-interaction-id=\"d4152fe\"  data-e-type=\"widget\" data-id=\"d4152fe\">\n\t\t\t\t\t\t\t\tSlapukai yra nedideli tekstiniai failai, saugomi j\u016bs\u0173 \u012frenginyje, kai apsilankote svetain\u0117je. Jie padeda svetainei tinkamai veikti, \u012fsiminti nuostatas ir (jei \u012fjungta) teikti naudojimo statistik\u0105. \n\t\t\t\t\t<\/p>\n\t\t\t\t\t<\/div>\n\t\t\t\t<\/div>\n\t\t<div class=\"elementor-element elementor-element-612e260 e-flex e-con-boxed e-con e-parent\" data-id=\"612e260\" data-element_type=\"container\" data-e-type=\"container\">\n\t\t\t\t\t<div class=\"e-con-inner\">\n\t\t\t\t\t\t\t<h4 \n\t\tdata-interaction-id=\"18116a3\" \n\t\tclass=\"e-heading-base\" \n\t\t \n\t\tdata-e-type=\"widget\" data-id=\"18116a3\"\n\t>\n\t\n\t\t\t2. Kas valdo slapukus \u0161ioje svetain\u0117je?\n\t\t<\/h4>\n\t\t\t\t\t<\/div>\n\t\t\t\t<\/div>\n\t\t<div class=\"elementor-element elementor-element-4c31965 e-flex e-con-boxed e-con e-parent\" data-id=\"4c31965\" data-element_type=\"container\" data-e-type=\"container\">\n\t\t\t\t\t<div class=\"e-con-inner\">\n\t\t\t\t\t\t\t\t<p class=\"e-paragraph-base\" data-interaction-id=\"1ff8fc0\"  data-e-type=\"widget\" data-id=\"1ff8fc0\">\n\t\t\t\t\t\t\t\t\u0160i\u0105 svetain\u0119 valdo: <strong>Fidelis Marketing Group S.L.<\/strong><br>Prek\u0117s \u017eenklai: <strong>audiowo.com<\/strong> ir <strong>escuchargratis.es<\/strong><br>(\u201emes\u201c)<br>I\u0161samesn\u0117s informacijos apie asmens duomen\u0173 tvarkym\u0105 ie\u0161kokite m\u016bs\u0173 <strong>Privatumo politikoje<\/strong>.\n\t\t\t\t\t<\/p>\n\t\t\t\t\t<\/div>\n\t\t\t\t<\/div>\n\t\t<div class=\"elementor-element elementor-element-cbb0dc9 e-flex e-con-boxed e-con e-parent\" data-id=\"cbb0dc9\" data-element_type=\"container\" data-e-type=\"container\">\n\t\t\t\t\t<div class=\"e-con-inner\">\n\t\t\t\t\t\t\t<h4 \n\t\tdata-interaction-id=\"4a85d0a\" \n\t\tclass=\"e-heading-base\" \n\t\t \n\t\tdata-e-type=\"widget\" data-id=\"4a85d0a\"\n\t>\n\t\n\t\t\t3. M\u016bs\u0173 naudojami slapukai\n\t\t<\/h4>\n\t\t\t\t\t<\/div>\n\t\t\t\t<\/div>\n\t\t<div class=\"elementor-element elementor-element-9fad0bb e-flex e-con-boxed e-con e-parent\" data-id=\"9fad0bb\" data-element_type=\"container\" data-e-type=\"container\">\n\t\t\t\t\t<div class=\"e-con-inner\">\n\t\t\t\t\t\t\t\t<p class=\"e-paragraph-base\" data-interaction-id=\"fa73191\"  data-e-type=\"widget\" data-id=\"fa73191\">\n\t\t\t\t\t\t\t\t3.1 B\u016btini slapukai (visada \u012fjungti)\u0160ie slapukai yra b\u016btini pagrindinei svetain\u0117s funkcionalumui ir paslaug\u0173 teikimui (pvz., saugumui, pagrindinei navigacijai, seans\u0173 tvarkymui, techniniams nustatymams).<br><strong>Jiems sutikimas nereikalingas<\/strong>.<br>Pavyzd\u017eiai (gali skirtis priklausomai nuo konfig\u016bracijos): seanso \/ autentifikavimo slapukai, saugumo slapukai, b\u016btini techniniai slapukai\n\t\t\t\t\t<\/p>\n\t\t\t\t\t<\/div>\n\t\t\t\t<\/div>\n\t\t<div class=\"elementor-element elementor-element-4242391 e-flex e-con-boxed e-con e-parent\" data-id=\"4242391\" data-element_type=\"container\" data-e-type=\"container\">\n\t\t\t\t\t<div class=\"e-con-inner\">\n\t\t\t\t\t\t\t<h4 \n\t\tdata-interaction-id=\"1eaeeae\" \n\t\tclass=\"e-heading-base\" \n\t\t \n\t\tdata-e-type=\"widget\" data-id=\"1eaeeae\"\n\t>\n\t\n\t\t\t3.2 Analitikos slapukai (tik gavus sutikim\u0105)\n\t\t<\/h4>\n\t\t\t\t\t<\/div>\n\t\t\t\t<\/div>\n\t\t<div class=\"elementor-element elementor-element-7996d7e e-flex e-con-boxed e-con e-parent\" data-id=\"7996d7e\" data-element_type=\"container\" data-e-type=\"container\">\n\t\t\t\t\t<div class=\"e-con-inner\">\n\t\t\t\t\t\t\t\t<p class=\"e-paragraph-base\" data-interaction-id=\"d74dc8a\"  data-e-type=\"widget\" data-id=\"d74dc8a\">\n\t\t\t\t\t\t\t\t\u0160ie slapukai padeda mums suprasti, kaip lankytojai naudojasi svetaine (pvz., aplankyti puslapiai, svetain\u0117je praleistas laikas, nukreipimo \u0161altiniai), kad gal\u0117tume pagerinti na\u0161um\u0105 ir naudojim\u0105.<br><strong>Analitikos slapukai suaktyvinami tik gavus j\u016bs\u0173 sutikim\u0105<\/strong> per m\u016bs\u0173 slapuk\u0173 juost\u0105.Jei atmesite analitikos slapukus, svetain\u0117 vis tiek veiks \u012fprastai ir prieiga prie m\u016bs\u0173 paslaug\u0173 nebus paveikta.\n\t\t\t\t\t<\/p>\n\t\t\t\t\t<\/div>\n\t\t\t\t<\/div>\n\t\t<div class=\"elementor-element elementor-element-43f445b e-flex e-con-boxed e-con e-parent\" data-id=\"43f445b\" data-element_type=\"container\" data-e-type=\"container\">\n\t\t\t\t\t<div class=\"e-con-inner\">\n\t\t\t\t\t\t\t<h4 \n\t\tdata-interaction-id=\"33f6233\" \n\t\tclass=\"e-heading-base\" \n\t\t \n\t\tdata-e-type=\"widget\" data-id=\"33f6233\"\n\t>\n\t\n\t\t\t4. Kaip valdome sutikim\u0105\n\t\t<\/h4>\n\t\t\t\t\t<\/div>\n\t\t\t\t<\/div>\n\t\t<div class=\"elementor-element elementor-element-7902b33 e-flex e-con-boxed e-con e-parent\" data-id=\"7902b33\" data-element_type=\"container\" data-e-type=\"container\">\n\t\t\t\t\t<div class=\"e-con-inner\">\n\t\t\t\t\t\t\t\t<p class=\"e-paragraph-base\" data-interaction-id=\"13f75d4\"  data-e-type=\"widget\" data-id=\"13f75d4\">\n\t\t\t\t\t\t\t\tKai pirm\u0105 kart\u0105 apsilankote svetain\u0117je (arba jei dar nepadar\u0117te pasirinkimo), rodoma slapuk\u0173 juosta. Galite: <strong>Priimti analitikos slapukus - Atmesti analitikos slapukus<\/strong> \n\t\t\t\t\t<\/p>\n\t\t\t\t\t<\/div>\n\t\t\t\t<\/div>\n\t\t<div class=\"elementor-element elementor-element-512e9ce e-flex e-con-boxed e-con e-parent\" data-id=\"512e9ce\" data-element_type=\"container\" data-e-type=\"container\">\n\t\t\t\t\t<div class=\"e-con-inner\">\n\t\t\t\t\t\t\t<h4 \n\t\tdata-interaction-id=\"da0f765\" \n\t\tclass=\"e-heading-base\" \n\t\t \n\t\tdata-e-type=\"widget\" data-id=\"da0f765\"\n\t>\n\t\n\t\t\t5. Kaip i\u0161trinti slapukus nar\u0161ykl\u0117je\n\t\t<\/h4>\n\t\t\t\t\t<\/div>\n\t\t\t\t<\/div>\n\t\t<div class=\"elementor-element elementor-element-76276a3 e-flex e-con-boxed e-con e-parent\" data-id=\"76276a3\" data-element_type=\"container\" data-e-type=\"container\">\n\t\t\t\t\t<div class=\"e-con-inner\">\n\t\t\t\t\t\t\t\t<p class=\"e-paragraph-base\" data-interaction-id=\"a24bffc\"  data-e-type=\"widget\" data-id=\"a24bffc\">\n\t\t\t\t\t\t\t\tTaip pat galite i\u0161trinti arba blokuoti slapukus per savo nar\u0161ykl\u0117s nustatymus. Atkreipkite d\u0117mes\u012f, kad blokuojant b\u016btinus slapukus gali b\u016bti paveiktas pagrindinis funkcionalumas. \n\t\t\t\t\t<\/p>\n\t\t\t\t\t<\/div>\n\t\t\t\t<\/div>\n\t\t<div class=\"elementor-element elementor-element-1177995 e-flex e-con-boxed e-con e-parent\" data-id=\"1177995\" data-element_type=\"container\" data-e-type=\"container\">\n\t\t\t\t\t<div class=\"e-con-inner\">\n\t\t\t\t\t\t\t<h4 \n\t\tdata-interaction-id=\"c28e0bd\" \n\t\tclass=\"e-heading-base\" \n\t\t \n\t\tdata-e-type=\"widget\" data-id=\"c28e0bd\"\n\t>\n\t\n\t\t\t6. \u0160ios politikos atnaujinimai\n\t\t<\/h4>\n\t\t\t\t\t<\/div>\n\t\t\t\t<\/div>\n\t\t<div class=\"elementor-element elementor-element-28144db e-flex e-con-boxed e-con e-parent\" data-id=\"28144db\" data-element_type=\"container\" data-e-type=\"container\">\n\t\t\t\t\t<div class=\"e-con-inner\">\n\t\t\t\t\t\t\t\t<p class=\"e-paragraph-base\" data-interaction-id=\"8e7cec5\"  data-e-type=\"widget\" data-id=\"8e7cec5\">\n\t\t\t\t\t\t\t\tGalime atnaujinti \u0161i\u0105 slapuk\u0173 politik\u0105, kad atspind\u0117tume teisinius ar techninius pakeitimus. \u0160iame puslapyje paskelbta versija yra dabartin\u0117. \n\t\t\t\t\t<\/p>\n\t\t\t\t\t<\/div>\n\t\t\t\t<\/div>\n\t\t\t\t<\/div>\n\t\t","protected":false},"excerpt":{"rendered":"<p>Slapuk\u0173 politika Slapuk\u0173 politika \u0160ioje slapuk\u0173 politikoje paai\u0161kinama, kas yra slapukai, koki\u0173 tip\u0173 naudojame \u0161ioje svetain\u0117je ir kaip galite valdyti savo nuostatas. 1. Kas yra slapukai? Slapukai yra nedideli tekstiniai failai, saugomi j\u016bs\u0173 \u012frenginyje, kai apsilankote svetain\u0117je. Jie padeda svetainei tinkamai veikti, \u012fsiminti nuostatas ir (jei \u012fjungta) teikti naudojimo statistik\u0105. 2. Kas valdo slapukus \u0161ioje [&hellip;]<\/p>\n","protected":false},"author":1,"featured_media":0,"parent":8442,"menu_order":0,"comment_status":"closed","ping_status":"closed","template":"elementor_header_footer","meta":{"_acf_changed":false,"footnotes":""},"class_list":["post-8350","page","type-page","status-publish","hentry"],"acf":[],"_links":{"self":[{"href":"https:\/\/audiowo.com\/lt\/wp-json\/wp\/v2\/pages\/8350","targetHints":{"allow":["GET"]}}],"collection":[{"href":"https:\/\/audiowo.com\/lt\/wp-json\/wp\/v2\/pages"}],"about":[{"href":"https:\/\/audiowo.com\/lt\/wp-json\/wp\/v2\/types\/page"}],"author":[{"embeddable":true,"href":"https:\/\/audiowo.com\/lt\/wp-json\/wp\/v2\/users\/1"}],"replies":[{"embeddable":true,"href":"https:\/\/audiowo.com\/lt\/wp-json\/wp\/v2\/comments?post=8350"}],"version-history":[{"count":0,"href":"https:\/\/audiowo.com\/lt\/wp-json\/wp\/v2\/pages\/8350\/revisions"}],"up":[{"embeddable":true,"href":"https:\/\/audiowo.com\/lt\/wp-json\/wp\/v2\/pages\/8442"}],"wp:attachment":[{"href":"https:\/\/audiowo.com\/lt\/wp-json\/wp\/v2\/media?parent=8350"}],"curies":[{"name":"wp","href":"https:\/\/api.w.org\/{rel}","templated":true}]}}