{"id":8356,"date":"2026-02-07T16:24:33","date_gmt":"2026-02-07T15:24:33","guid":{"rendered":"https:\/\/audiowo.com\/bendrosios-salygos\/"},"modified":"2026-04-09T17:31:37","modified_gmt":"2026-04-09T15:31:37","slug":"bendrosios-salygos","status":"publish","type":"page","link":"https:\/\/audiowo.com\/lt\/teisine-informacija\/bendrosios-salygos\/","title":{"rendered":"Bendrosios s\u0105lygos"},"content":{"rendered":"\t\t<div data-elementor-type=\"wp-page\" data-elementor-id=\"8356\" class=\"elementor elementor-8356 elementor-50\" data-elementor-post-type=\"page\">\n\t\t\t\t<div class=\"elementor-element elementor-element-c59cca5 e-flex e-con-boxed e-con e-parent\" data-id=\"c59cca5\" data-element_type=\"container\" data-e-type=\"container\">\n\t\t\t\t\t<div class=\"e-con-inner\">\n\t\t\t\t<div class=\"elementor-element elementor-element-cc421cf elementor-widget elementor-widget-heading\" data-id=\"cc421cf\" data-element_type=\"widget\" data-e-type=\"widget\" data-widget_type=\"heading.default\">\n\t\t\t\t\t<h1 class=\"elementor-heading-title elementor-size-default\">Bendrosios s\u0105lygos<\/h1>\t\t\t\t<\/div>\n\t\t\t\t\t<\/div>\n\t\t\t\t<\/div>\n\t\t<div class=\"elementor-element elementor-element-4617e24 e-flex e-con-boxed e-con e-parent\" data-id=\"4617e24\" data-element_type=\"container\" data-e-type=\"container\">\n\t\t\t\t\t<div class=\"e-con-inner\">\n\t\t\t\t\t\t\t<h4 \n\t\tdata-interaction-id=\"a033120\" \n\t\tclass=\"e-heading-base\" \n\t\t \n\t\tdata-e-type=\"widget\" data-id=\"a033120\"\n\t>\n\t\n\t\t\t1. Informacija apie \u012fmon\u0119\n\t\t<\/h4>\n\t\t\t\t\t<\/div>\n\t\t\t\t<\/div>\n\t\t<div class=\"elementor-element elementor-element-c63537f e-flex e-con-boxed e-con e-parent\" data-id=\"c63537f\" data-element_type=\"container\" data-e-type=\"container\">\n\t\t\t\t\t<div class=\"e-con-inner\">\n\t\t\t\t\t\t\t\t<p class=\"e-paragraph-base\" data-interaction-id=\"0ffbea5\"  data-e-type=\"widget\" data-id=\"0ffbea5\">\n\t\t\t\t\t\t\t\t\u0160i\u0105 svetain\u0119 valdo:<strong>Fidelis Marketing Group S.L.<\/strong><br>Veikiantys preki\u0173 \u017eenklai: <strong>audiowo.com<\/strong>, <strong>escuchargratis.es<\/strong><br>Registruota Ispanijoje<br>(toliau \u2013 \u201eBendrov\u0117\u201c, \u201emes\u201c, \u201emums\u201c)\n\t\t\t\t\t<\/p>\n\t\t\t\t\t<\/div>\n\t\t\t\t<\/div>\n\t\t<div class=\"elementor-element elementor-element-02875e6 e-flex e-con-boxed e-con e-parent\" data-id=\"02875e6\" data-element_type=\"container\" data-e-type=\"container\">\n\t\t\t\t\t<div class=\"e-con-inner\">\n\t\t\t\t\t\t\t<h4 \n\t\tdata-interaction-id=\"300ad99\" \n\t\tclass=\"e-heading-base\" \n\t\t \n\t\tdata-e-type=\"widget\" data-id=\"300ad99\"\n\t>\n\t\n\t\t\t2. Taikymo sritis\n\t\t<\/h4>\n\t\t\t\t\t<\/div>\n\t\t\t\t<\/div>\n\t\t<div class=\"elementor-element elementor-element-acb2627 e-flex e-con-boxed e-con e-parent\" data-id=\"acb2627\" data-element_type=\"container\" data-e-type=\"container\">\n\t\t\t\t\t<div class=\"e-con-inner\">\n\t\t\t\t\t\t\t\t<p class=\"e-paragraph-base\" data-interaction-id=\"5e831b1\"  data-e-type=\"widget\" data-id=\"5e831b1\">\n\t\t\t\t\t\t\t\t\u0160ios Bendrosios s\u0105lygos reglamentuoja naudojim\u0105si \u0161ia svetaine ir visomis si\u016blomomis paslaugomis, \u012fskaitant:Komercin\u0117s muzikos prenumeratosMuzikos licencijavimas verslo klientamsAtlik\u0117j\u0173 muzikos pateikimasSkaitmeninio turinio prieigaNaudodamiesi svetaine, j\u016bs sutinkate su \u0161iomis S\u0105lygomis.\n\t\t\t\t\t<\/p>\n\t\t\t\t\t<\/div>\n\t\t\t\t<\/div>\n\t\t<div class=\"elementor-element elementor-element-41feb29 e-flex e-con-boxed e-con e-parent\" data-id=\"41feb29\" data-element_type=\"container\" data-e-type=\"container\">\n\t\t\t\t\t<div class=\"e-con-inner\">\n\t\t\t\t\t\t\t<h4 \n\t\tdata-interaction-id=\"02bb3f4\" \n\t\tclass=\"e-heading-base\" \n\t\t \n\t\tdata-e-type=\"widget\" data-id=\"02bb3f4\"\n\t>\n\t\n\t\t\t3. Paslaugos\n\t\t<\/h4>\n\t\t\t\t\t<\/div>\n\t\t\t\t<\/div>\n\t\t<div class=\"elementor-element elementor-element-456f098 e-flex e-con-boxed e-con e-parent\" data-id=\"456f098\" data-element_type=\"container\" data-e-type=\"container\">\n\t\t\t\t\t<div class=\"e-con-inner\">\n\t\t\t\t\t\t\t\t<p class=\"e-paragraph-base\" data-interaction-id=\"e9063de\"  data-e-type=\"widget\" data-id=\"e9063de\">\n\t\t\t\t\t\t\t\tBendrov\u0117 suteikia prieig\u0105 prie originalios muzikos, licencijuotos komerciniam foniniam naudojimui \u012fmon\u0117se.Visa licencijuota muzika:N\u0117ra registruota jokioje atlikimo teisi\u0173 organizacijoje (PRO)Licencijuojama pagal konkre\u010dius susitarimus, priimtus pirkimo ar pateikimo metu\n\t\t\t\t\t<\/p>\n\t\t\t\t\t<\/div>\n\t\t\t\t<\/div>\n\t\t<div class=\"elementor-element elementor-element-076f2ef e-flex e-con-boxed e-con e-parent\" data-id=\"076f2ef\" data-element_type=\"container\" data-e-type=\"container\">\n\t\t\t\t\t<div class=\"e-con-inner\">\n\t\t\t\t\t\t\t<h4 \n\t\tdata-interaction-id=\"075af63\" \n\t\tclass=\"e-heading-base\" \n\t\t \n\t\tdata-e-type=\"widget\" data-id=\"075af63\"\n\t>\n\t\n\t\t\t4. Komercin\u0117s licencijos\n\t\t<\/h4>\n\t\t\t\t\t<\/div>\n\t\t\t\t<\/div>\n\t\t<div class=\"elementor-element elementor-element-5debfa4 e-flex e-con-boxed e-con e-parent\" data-id=\"5debfa4\" data-element_type=\"container\" data-e-type=\"container\">\n\t\t\t\t\t<div class=\"e-con-inner\">\n\t\t\t\t\t\t\t\t<p class=\"e-paragraph-base\" data-interaction-id=\"5459fce\"  data-e-type=\"widget\" data-id=\"5459fce\">\n\t\t\t\t\t\t\t<a\n\t\t\t\t\thref=\"https:\/\/audiowo.com\/commercial-music-licence-agreement\/\" target=\"_self\"\n\t\t\t\t\tclass=\"e-paragraph-link-base\"\n\t\t\t\t>\n\t\t\t\t\t\tLicencijuotos muzikos naudojim\u0105 reglamentuoja i\u0161imtinai atsiskaitymo metu priimta Komercin\u0117s muzikos licencijos sutartis. Prenumeratos:Yra metin\u0117s, nebent nurodyta kitaipN\u0117ra perleid\u017eiamosTaikomos tik \u012fsigytam viet\u0173 skai\u010diui \n\t\t\t\t<\/a>\n\t\t\t\t\t<\/p>\n\t\t\t\t\t<\/div>\n\t\t\t\t<\/div>\n\t\t<div class=\"elementor-element elementor-element-73fd662 e-flex e-con-boxed e-con e-parent\" data-id=\"73fd662\" data-element_type=\"container\" data-e-type=\"container\">\n\t\t\t\t\t<div class=\"e-con-inner\">\n\t\t\t\t\t\t\t<h4 \n\t\tdata-interaction-id=\"a98afcd\" \n\t\tclass=\"e-heading-base\" \n\t\t \n\t\tdata-e-type=\"widget\" data-id=\"a98afcd\"\n\t>\n\t\n\t\t\t5. Atlik\u0117j\u0173 ind\u0117lis\n\t\t<\/h4>\n\t\t\t\t\t<\/div>\n\t\t\t\t<\/div>\n\t\t<div class=\"elementor-element elementor-element-4a91aa9 e-flex e-con-boxed e-con e-parent\" data-id=\"4a91aa9\" data-element_type=\"container\" data-e-type=\"container\">\n\t\t\t\t\t<div class=\"e-con-inner\">\n\t\t\t\t\t\t\t\t<p class=\"e-paragraph-base\" data-interaction-id=\"964a47b\"  data-e-type=\"widget\" data-id=\"964a47b\">\n\t\t\t\t\t\t\t<a\n\t\t\t\t\thref=\"https:\/\/audiowo.com\/promotional-music-contribution-agreement\/\" target=\"_self\"\n\t\t\t\t\tclass=\"e-paragraph-link-base\"\n\t\t\t\t>\n\t\t\t\t\t\tMuzik\u0105 pateikiantys atlik\u0117jai sutinka su Reklamin\u0117s muzikos ind\u0117lio sutartimi, kuri reglamentuoja:Teisi\u0173 perdavim\u0105Pateikt\u0173 k\u016brini\u0173 naudojim\u0105Atlygio nebuvim\u0105Reklamin\u012f platinim\u0105\n\t\t\t\t<\/a>\n\t\t\t\t\t<\/p>\n\t\t\t\t\t<\/div>\n\t\t\t\t<\/div>\n\t\t<div class=\"elementor-element elementor-element-24e4e7b e-flex e-con-boxed e-con e-parent\" data-id=\"24e4e7b\" data-element_type=\"container\" data-e-type=\"container\">\n\t\t\t\t\t<div class=\"e-con-inner\">\n\t\t\t\t\t\t\t<h4 \n\t\tdata-interaction-id=\"b0cd755\" \n\t\tclass=\"e-heading-base\" \n\t\t \n\t\tdata-e-type=\"widget\" data-id=\"b0cd755\"\n\t>\n\t\n\t\t\t6. Intelektin\u0117 nuosavyb\u0117\n\t\t<\/h4>\n\t\t\t\t\t<\/div>\n\t\t\t\t<\/div>\n\t\t<div class=\"elementor-element elementor-element-da64f05 e-flex e-con-boxed e-con e-parent\" data-id=\"da64f05\" data-element_type=\"container\" data-e-type=\"container\">\n\t\t\t\t\t<div class=\"e-con-inner\">\n\t\t\t\t\t\t\t\t<p class=\"e-paragraph-base\" data-interaction-id=\"fafe4f4\"  data-e-type=\"widget\" data-id=\"fafe4f4\">\n\t\t\t\t\t\t\t\tVisas svetain\u0117s turinys yra saugomas intelektin\u0117s nuosavyb\u0117s \u012fstatym\u0173.Neteis\u0117tas naudojimas, kopijavimas ar platinimas yra draud\u017eiamas.\n\t\t\t\t\t<\/p>\n\t\t\t\t\t<\/div>\n\t\t\t\t<\/div>\n\t\t<div class=\"elementor-element elementor-element-46c59d8 e-flex e-con-boxed e-con e-parent\" data-id=\"46c59d8\" data-element_type=\"container\" data-e-type=\"container\">\n\t\t\t\t\t<div class=\"e-con-inner\">\n\t\t\t\t\t\t\t<h4 \n\t\tdata-interaction-id=\"b927a10\" \n\t\tclass=\"e-heading-base\" \n\t\t \n\t\tdata-e-type=\"widget\" data-id=\"b927a10\"\n\t>\n\t\n\t\t\t7. Mok\u0117jimai &amp; Atsiskaitymas\n\t\t<\/h4>\n\t\t\t\t\t<\/div>\n\t\t\t\t<\/div>\n\t\t<div class=\"elementor-element elementor-element-4a52b33 e-flex e-con-boxed e-con e-parent\" data-id=\"4a52b33\" data-element_type=\"container\" data-e-type=\"container\">\n\t\t\t\t\t<div class=\"e-con-inner\">\n\t\t\t\t\t\t\t\t<p class=\"e-paragraph-base\" data-interaction-id=\"ea80fd1\"  data-e-type=\"widget\" data-id=\"ea80fd1\">\n\t\t\t\t\t\t\t\tMok\u0117jimai apdorojami per saugius tre\u010di\u0173j\u0173 \u0161ali\u0173 teik\u0117jus.Bendrov\u0117 pasilieka teis\u0119:Keisti kainodar\u0105Sustabdyti prieig\u0105 d\u0117l neapmok\u0117jimo\n\t\t\t\t\t<\/p>\n\t\t\t\t\t<\/div>\n\t\t\t\t<\/div>\n\t\t<div class=\"elementor-element elementor-element-37258ce e-flex e-con-boxed e-con e-parent\" data-id=\"37258ce\" data-element_type=\"container\" data-e-type=\"container\">\n\t\t\t\t\t<div class=\"e-con-inner\">\n\t\t\t\t\t\t\t<h4 \n\t\tdata-interaction-id=\"3a0a1a4\" \n\t\tclass=\"e-heading-base\" \n\t\t \n\t\tdata-e-type=\"widget\" data-id=\"3a0a1a4\"\n\t>\n\t\n\t\t\t8. Atsakomyb\u0117\n\t\t<\/h4>\n\t\t\t\t\t<\/div>\n\t\t\t\t<\/div>\n\t\t<div class=\"elementor-element elementor-element-621b293 e-flex e-con-boxed e-con e-parent\" data-id=\"621b293\" data-element_type=\"container\" data-e-type=\"container\">\n\t\t\t\t\t<div class=\"e-con-inner\">\n\t\t\t\t\t\t\t\t<p class=\"e-paragraph-base\" data-interaction-id=\"4d5690e\"  data-e-type=\"widget\" data-id=\"4d5690e\">\n\t\t\t\t\t\t\t\tBendrov\u0117 neatsako u\u017e:Verslo nuostoliusPrarast\u0105 peln\u0105Netiesiogin\u0119 \u017eal\u0105Muzikos naudojimas yra vartotojo atsakomyb\u0117 pagal licencijos s\u0105lygas.\n\t\t\t\t\t<\/p>\n\t\t\t\t\t<\/div>\n\t\t\t\t<\/div>\n\t\t<div class=\"elementor-element elementor-element-a8a9206 e-flex e-con-boxed e-con e-parent\" data-id=\"a8a9206\" data-element_type=\"container\" data-e-type=\"container\">\n\t\t\t\t\t<div class=\"e-con-inner\">\n\t\t\t\t\t\t\t<h4 \n\t\tdata-interaction-id=\"d12364a\" \n\t\tclass=\"e-heading-base\" \n\t\t \n\t\tdata-e-type=\"widget\" data-id=\"d12364a\"\n\t>\n\t\n\t\t\t9. Nutraukimas\n\t\t<\/h4>\n\t\t\t\t\t<\/div>\n\t\t\t\t<\/div>\n\t\t<div class=\"elementor-element elementor-element-9d41ed1 e-flex e-con-boxed e-con e-parent\" data-id=\"9d41ed1\" data-element_type=\"container\" data-e-type=\"container\">\n\t\t\t\t\t<div class=\"e-con-inner\">\n\t\t\t\t\t\t\t\t<p class=\"e-paragraph-base\" data-interaction-id=\"a04a37c\"  data-e-type=\"widget\" data-id=\"a04a37c\">\n\t\t\t\t\t\t\t\tBendrov\u0117 gali sustabdyti arba nutraukti prieig\u0105 piktnaud\u017eiavimo ar pa\u017eeidimo atveju.\n\t\t\t\t\t<\/p>\n\t\t\t\t\t<\/div>\n\t\t\t\t<\/div>\n\t\t<div class=\"elementor-element elementor-element-fac78a1 e-flex e-con-boxed e-con e-parent\" data-id=\"fac78a1\" data-element_type=\"container\" data-e-type=\"container\">\n\t\t\t\t\t<div class=\"e-con-inner\">\n\t\t\t\t\t\t\t<h4 \n\t\tdata-interaction-id=\"0e7ff03\" \n\t\tclass=\"e-heading-base\" \n\t\t \n\t\tdata-e-type=\"widget\" data-id=\"0e7ff03\"\n\t>\n\t\n\t\t\t10. Taikytina teis\u0117\n\t\t<\/h4>\n\t\t\t\t\t<\/div>\n\t\t\t\t<\/div>\n\t\t<div class=\"elementor-element elementor-element-096d75d e-flex e-con-boxed e-con e-parent\" data-id=\"096d75d\" data-element_type=\"container\" data-e-type=\"container\">\n\t\t\t\t\t<div class=\"e-con-inner\">\n\t\t\t\t\t\t\t\t<p class=\"e-paragraph-base\" data-interaction-id=\"3699cf9\"  data-e-type=\"widget\" data-id=\"3699cf9\">\n\t\t\t\t\t\t\t\t\u0160ios S\u0105lygos reglamentuojamos <strong>Ispanijos \u012fstatymais<\/strong>.<br>Jurisdikcija priklauso Ispanijos teismams.\n\t\t\t\t\t<\/p>\n\t\t\t\t\t<\/div>\n\t\t\t\t<\/div>\n\t\t\t\t<\/div>\n\t\t","protected":false},"excerpt":{"rendered":"<p>Bendrosios s\u0105lygos 1. Informacija apie \u012fmon\u0119 \u0160i\u0105 svetain\u0119 valdo:Fidelis Marketing Group S.L.Veikiantys preki\u0173 \u017eenklai: audiowo.com, escuchargratis.esRegistruota Ispanijoje(toliau \u2013 \u201eBendrov\u0117\u201c, \u201emes\u201c, \u201emums\u201c) 2. Taikymo sritis \u0160ios Bendrosios s\u0105lygos reglamentuoja naudojim\u0105si \u0161ia svetaine ir visomis si\u016blomomis paslaugomis, \u012fskaitant:Komercin\u0117s muzikos prenumeratosMuzikos licencijavimas verslo klientamsAtlik\u0117j\u0173 muzikos pateikimasSkaitmeninio turinio prieigaNaudodamiesi svetaine, j\u016bs sutinkate su \u0161iomis S\u0105lygomis. 3. Paslaugos Bendrov\u0117 suteikia [&hellip;]<\/p>\n","protected":false},"author":1,"featured_media":0,"parent":8442,"menu_order":0,"comment_status":"closed","ping_status":"closed","template":"elementor_header_footer","meta":{"_acf_changed":false,"footnotes":""},"class_list":["post-8356","page","type-page","status-publish","hentry"],"acf":[],"_links":{"self":[{"href":"https:\/\/audiowo.com\/lt\/wp-json\/wp\/v2\/pages\/8356","targetHints":{"allow":["GET"]}}],"collection":[{"href":"https:\/\/audiowo.com\/lt\/wp-json\/wp\/v2\/pages"}],"about":[{"href":"https:\/\/audiowo.com\/lt\/wp-json\/wp\/v2\/types\/page"}],"author":[{"embeddable":true,"href":"https:\/\/audiowo.com\/lt\/wp-json\/wp\/v2\/users\/1"}],"replies":[{"embeddable":true,"href":"https:\/\/audiowo.com\/lt\/wp-json\/wp\/v2\/comments?post=8356"}],"version-history":[{"count":0,"href":"https:\/\/audiowo.com\/lt\/wp-json\/wp\/v2\/pages\/8356\/revisions"}],"up":[{"embeddable":true,"href":"https:\/\/audiowo.com\/lt\/wp-json\/wp\/v2\/pages\/8442"}],"wp:attachment":[{"href":"https:\/\/audiowo.com\/lt\/wp-json\/wp\/v2\/media?parent=8356"}],"curies":[{"name":"wp","href":"https:\/\/api.w.org\/{rel}","templated":true}]}}