{"id":8442,"date":"2026-02-07T16:40:00","date_gmt":"2026-02-07T15:40:00","guid":{"rendered":"https:\/\/audiowo.com\/teisine-informacija\/"},"modified":"2026-04-09T17:32:07","modified_gmt":"2026-04-09T15:32:07","slug":"teisine-informacija","status":"publish","type":"page","link":"https:\/\/audiowo.com\/lt\/teisine-informacija\/","title":{"rendered":"Teisin\u0117 informacija"},"content":{"rendered":"\t\t<div data-elementor-type=\"wp-page\" data-elementor-id=\"8442\" class=\"elementor elementor-8442 elementor-58\" data-elementor-post-type=\"page\">\n\t\t\t\t<div class=\"elementor-element elementor-element-480bd68 e-flex e-con-boxed e-con e-parent\" data-id=\"480bd68\" data-element_type=\"container\" data-e-type=\"container\">\n\t\t\t\t\t<div class=\"e-con-inner\">\n\t\t\t\t<div class=\"elementor-element elementor-element-400ae8a elementor-widget elementor-widget-heading\" data-id=\"400ae8a\" data-element_type=\"widget\" data-e-type=\"widget\" data-widget_type=\"heading.default\">\n\t\t\t\t\t<h1 class=\"elementor-heading-title elementor-size-default\">Teisin\u0117 informacija<\/h1>\t\t\t\t<\/div>\n\t\t\t\t\t<\/div>\n\t\t\t\t<\/div>\n\t\t<div class=\"elementor-element elementor-element-35d147f e-flex e-con-boxed e-con e-parent\" data-id=\"35d147f\" data-element_type=\"container\" data-e-type=\"container\">\n\t\t\t\t\t<div class=\"e-con-inner\">\n\t\t\t\t\t\t\t\t<p class=\"e-paragraph-base\" data-interaction-id=\"82438c3\"  data-e-type=\"widget\" data-id=\"82438c3\">\n\t\t\t\t\t\t\t\t\u0160iame puslapyje rasite visus teisinius dokumentus, susijusius su <strong>\u201eFidelis Marketing Group S.L.\u201c<\/strong> valdomomis svetain\u0117mis ir paslaugomis, \u012fskaitant jos muzikos licencijavimo platformas ir reklamos paslaugas. Kvie\u010diame visus lankytojus, klientus ir bendradarbius atid\u017eiai per\u017ei\u016br\u0117ti toliau i\u0161vardytus taikomus teisinius dokumentus.\n\t\t\t\t\t<\/p>\n\t\t\t\t\t<\/div>\n\t\t\t\t<\/div>\n\t\t<div class=\"elementor-element elementor-element-cc0df9b e-flex e-con-boxed e-con e-parent\" data-id=\"cc0df9b\" data-element_type=\"container\" data-e-type=\"container\">\n\t\t\t\t\t<div class=\"e-con-inner\">\n\t\t\t\t\t\t\t\t<p class=\"e-paragraph-base\" data-interaction-id=\"1c0d19c\"  data-e-type=\"widget\" data-id=\"1c0d19c\">\n\t\t\t\t\t\t\t<a\n\t\t\t\t\thref=\"https:\/\/audiowo.com\/lt\/teisine-informacija\/bendrosios-salygos\/\" target=\"_self\"\n\t\t\t\t\tclass=\"e-paragraph-link-base\"\n\t\t\t\t>\n\t\t\t\t\t\t\ud83d\udcc4 Bendrosios s\u0105lygos ir nuostatos. \u0160ios s\u0105lygos reglamentuoja bendr\u0105j\u012f m\u016bs\u0173 svetaini\u0173, platform\u0173 ir skaitmenini\u0173 paslaug\u0173 naudojim\u0105, \u012fskaitant prieig\u0105, mok\u0117jimus ir vartotoj\u0173 atsakomyb\u0119.\n\t\t\t\t<\/a>\n\t\t\t\t\t<\/p>\n\t\t\t\t\t<\/div>\n\t\t\t\t<\/div>\n\t\t<div class=\"elementor-element elementor-element-b1c872e e-flex e-con-boxed e-con e-parent\" data-id=\"b1c872e\" data-element_type=\"container\" data-e-type=\"container\">\n\t\t\t\t\t<div class=\"e-con-inner\">\n\t\t\t\t\t\t\t\t<p class=\"e-paragraph-base\" data-interaction-id=\"6cc148a\"  data-e-type=\"widget\" data-id=\"6cc148a\">\n\t\t\t\t\t\t\t<a\n\t\t\t\t\thref=\"https:\/\/audiowo.com\/lt\/teisine-informacija\/privatumo-politika\/\" target=\"_self\"\n\t\t\t\t\tclass=\"e-paragraph-link-base\"\n\t\t\t\t>\n\t\t\t\t\t\t\ud83d\udd10 Privatumo politika. M\u016bs\u0173 privatumo politika paai\u0161kina, kaip mes renkame, tvarkome ir saugome asmens duomenis pagal Bendr\u0105j\u012f duomen\u0173 apsaugos reglament\u0105 (BDAR) ir taikomus \u012fstatymus.\n\t\t\t\t<\/a>\n\t\t\t\t\t<\/p>\n\t\t\t\t\t<\/div>\n\t\t\t\t<\/div>\n\t\t<div class=\"elementor-element elementor-element-9faa98e e-flex e-con-boxed e-con e-parent\" data-id=\"9faa98e\" data-element_type=\"container\" data-e-type=\"container\">\n\t\t\t\t\t<div class=\"e-con-inner\">\n\t\t\t\t\t\t\t\t<p class=\"e-paragraph-base\" data-interaction-id=\"adb4ca5\"  data-e-type=\"widget\" data-id=\"adb4ca5\">\n\t\t\t\t\t\t\t<a\n\t\t\t\t\thref=\"https:\/\/audiowo.com\/lt\/teisine-informacija\/slapuku-politika\/\" target=\"_self\"\n\t\t\t\t\tclass=\"e-paragraph-link-base\"\n\t\t\t\t>\n\t\t\t\t\t\t\ud83c\udf6a Slapuk\u0173 politika. M\u016bs\u0173 slapuk\u0173 politika paai\u0161kina b\u016btin\u0173j\u0173 ir analiz\u0117s slapuk\u0173 naudojim\u0105 bei tai, kaip lankytojai gali tvarkyti savo slapuk\u0173 nuostatas.\n\t\t\t\t<\/a>\n\t\t\t\t\t<\/p>\n\t\t\t\t\t<\/div>\n\t\t\t\t<\/div>\n\t\t<div class=\"elementor-element elementor-element-e6668c4 e-flex e-con-boxed e-con e-parent\" data-id=\"e6668c4\" data-element_type=\"container\" data-e-type=\"container\">\n\t\t\t\t\t<div class=\"e-con-inner\">\n\t\t\t\t\t\t\t\t<p class=\"e-paragraph-base\" data-interaction-id=\"aa563ab\"  data-e-type=\"widget\" data-id=\"aa563ab\">\n\t\t\t\t\t\t\t<a\n\t\t\t\t\thref=\"https:\/\/audiowo.com\/lt\/teisine-informacija\/komercines-muzikos-licencijos-sutartis\/\" target=\"_self\"\n\t\t\t\t\tclass=\"e-paragraph-link-base\"\n\t\t\t\t>\n\t\t\t\t\t\t\ud83c\udfb5 Komercin\u0117s muzikos licencijos sutartis. \u0160i sutartis apibr\u0117\u017eia s\u0105lygas, kuriomis \u012fmon\u0117s gali naudoti licencijuot\u0105 fonin\u0119 muzik\u0105, teikiam\u0105 per m\u016bs\u0173 platformas, \u012fskaitant leid\u017eiam\u0105 naudojim\u0105, apribojimus ir trukm\u0119.\n\t\t\t\t<\/a>\n\t\t\t\t\t<\/p>\n\t\t\t\t\t<\/div>\n\t\t\t\t<\/div>\n\t\t<div class=\"elementor-element elementor-element-ebd5358 e-flex e-con-boxed e-con e-parent\" data-id=\"ebd5358\" data-element_type=\"container\" data-e-type=\"container\">\n\t\t\t\t\t<div class=\"e-con-inner\">\n\t\t\t\t\t\t\t\t<p class=\"e-paragraph-base\" data-interaction-id=\"b8979ee\"  data-e-type=\"widget\" data-id=\"b8979ee\">\n\t\t\t\t\t\t\t<a\n\t\t\t\t\thref=\"https:\/\/audiowo.com\/lt\/teisine-informacija\/reklamines-muzikos-teikimo-sutartis\/\" target=\"_self\"\n\t\t\t\t\tclass=\"e-paragraph-link-base\"\n\t\t\t\t>\n\t\t\t\t\t\t\ud83c\udfa7 Reklamin\u0117s muzikos prisid\u0117jimo sutartis (atlik\u0117jams). \u0160i sutartis taikoma atlik\u0117jams ir teisi\u0173 tur\u0117tojams, kurie teikia muzik\u0105 reklaminiam \u012ftraukimui \u012f m\u016bs\u0173 platformas ir rinkini\u0173 leidimus.\n\t\t\t\t<\/a>\n\t\t\t\t\t<\/p>\n\t\t\t\t\t<\/div>\n\t\t\t\t<\/div>\n\t\t<div class=\"elementor-element elementor-element-2edecb2 e-flex e-con-boxed e-con e-parent\" data-id=\"2edecb2\" data-element_type=\"container\" data-e-type=\"container\">\n\t\t\t\t\t<div class=\"e-con-inner\">\n\t\t\t\t\t\t\t\t<p class=\"e-paragraph-base\" data-interaction-id=\"7e3466e\"  data-e-type=\"widget\" data-id=\"7e3466e\">\n\t\t\t\t\t\t\t\tJurisdikcija ir taikomumas: Jei nenurodyta kitaip, visi teisiniai dokumentai yra reglamentuojami <strong>Ispanijos<\/strong> \u012fstatym\u0173 ir taikomi vartotojams visame pasaulyje.\n\t\t\t\t\t<\/p>\n\t\t\t\t\t<\/div>\n\t\t\t\t<\/div>\n\t\t<div class=\"elementor-element elementor-element-a6ce8fc e-flex e-con-boxed e-con e-parent\" data-id=\"a6ce8fc\" data-element_type=\"container\" data-e-type=\"container\">\n\t\t\t\t\t<div class=\"e-con-inner\">\n\t\t\t\t\t\t\t\t<p class=\"e-paragraph-base\" data-interaction-id=\"fa43eb2\"  data-e-type=\"widget\" data-id=\"fa43eb2\">\n\t\t\t\t\t\t\t<a\n\t\t\t\t\thref=\"https:\/\/audiowo.com\/lt\/susisiekite-su-mumis\/\" target=\"_self\"\n\t\t\t\t\tclass=\"e-paragraph-link-base\"\n\t\t\t\t>\n\t\t\t\t\t\tKontaktas. D\u0117l teisini\u0173 ar su privatumu susijusi\u0173 klausim\u0173 susisiekite su mumis naudodami m\u016bs\u0173 svetain\u0117je pateiktus duomenis.\n\t\t\t\t<\/a>\n\t\t\t\t\t<\/p>\n\t\t\t\t\t<\/div>\n\t\t\t\t<\/div>\n\t\t\t\t<\/div>\n\t\t","protected":false},"excerpt":{"rendered":"<p>Teisin\u0117 informacija \u0160iame puslapyje rasite visus teisinius dokumentus, susijusius su \u201eFidelis Marketing Group S.L.\u201c valdomomis svetain\u0117mis ir paslaugomis, \u012fskaitant jos muzikos licencijavimo platformas ir reklamos paslaugas. Kvie\u010diame visus lankytojus, klientus ir bendradarbius atid\u017eiai per\u017ei\u016br\u0117ti toliau i\u0161vardytus taikomus teisinius dokumentus. \ud83d\udcc4 Bendrosios s\u0105lygos ir nuostatos. \u0160ios s\u0105lygos reglamentuoja bendr\u0105j\u012f m\u016bs\u0173 svetaini\u0173, platform\u0173 ir skaitmenini\u0173 paslaug\u0173 naudojim\u0105, [&hellip;]<\/p>\n","protected":false},"author":1,"featured_media":0,"parent":0,"menu_order":0,"comment_status":"closed","ping_status":"closed","template":"elementor_header_footer","meta":{"_acf_changed":false,"footnotes":""},"class_list":["post-8442","page","type-page","status-publish","hentry"],"acf":[],"_links":{"self":[{"href":"https:\/\/audiowo.com\/lt\/wp-json\/wp\/v2\/pages\/8442","targetHints":{"allow":["GET"]}}],"collection":[{"href":"https:\/\/audiowo.com\/lt\/wp-json\/wp\/v2\/pages"}],"about":[{"href":"https:\/\/audiowo.com\/lt\/wp-json\/wp\/v2\/types\/page"}],"author":[{"embeddable":true,"href":"https:\/\/audiowo.com\/lt\/wp-json\/wp\/v2\/users\/1"}],"replies":[{"embeddable":true,"href":"https:\/\/audiowo.com\/lt\/wp-json\/wp\/v2\/comments?post=8442"}],"version-history":[{"count":0,"href":"https:\/\/audiowo.com\/lt\/wp-json\/wp\/v2\/pages\/8442\/revisions"}],"wp:attachment":[{"href":"https:\/\/audiowo.com\/lt\/wp-json\/wp\/v2\/media?parent=8442"}],"curies":[{"name":"wp","href":"https:\/\/api.w.org\/{rel}","templated":true}]}}