{"id":7849,"date":"2026-03-24T16:23:54","date_gmt":"2026-03-24T15:23:54","guid":{"rendered":"https:\/\/audiowo.com\/product\/kurejo-licencija-neribota-muzika\/"},"modified":"2026-03-24T16:23:54","modified_gmt":"2026-03-24T15:23:54","slug":"kurejo-licencija-neribota-muzika","status":"publish","type":"product","link":"https:\/\/audiowo.com\/lt\/produktas\/kurejo-licencija-neribota-muzika\/","title":{"rendered":"K\u016br\u0117jo licencija: neribota muzika"},"content":{"rendered":"<p>K\u016br\u0117jo licencija skirta turinio k\u016br\u0117jams, kuriems reikalinga auk\u0161tos kokyb\u0117s, autori\u0173 teisi\u0173 saugi muzika vaizdo \u012fra\u0161ams ir interneto platformoms.<\/p>\n<p>Puikiai tinka \u201eYouTube\u201c, socialinei \u017einiasklaidai, tinklalaid\u0117ms ir komerciniam vaizdo turiniui. \u0160i licencija u\u017etikrina, kad J\u016bs\u0173 projektai i\u0161liks apsaugoti ir skamb\u0117s profesionaliai.<\/p>\n<p>\u2714 Naudojimas \u201eYouTube\u201c ir socialin\u0117s \u017einiasklaidos vaizdo \u012fra\u0161uose<br \/>\n\u2714 Monetizavimui tinkama muzika<br \/>\n\u2714 Joki\u0173 autori\u0173 teisi\u0173 pretenzij\u0173<br \/>\n\u2714 Atsisi\u0173skite ir integruokite akimirksniu<\/p>\n<p>Susitelkite \u012f k\u016bryb\u0105 \u2013 mes pasir\u016bpinsime muzikos licencijavimu.<\/p>\n","protected":false},"excerpt":{"rendered":"<p>Autori\u0173 teisi\u0173 saugi muzika \u201eYouTube\u201c, socialinei \u017einiasklaidai ir vaizdo \u012fra\u0161\u0173 k\u016br\u0117jams. Monetizuokite be r\u016bpes\u010di\u0173.<\/p>\n","protected":false},"featured_media":354,"comment_status":"closed","ping_status":"closed","template":"","meta":{"_acf_changed":false},"product_brand":[],"product_cat":[104],"product_tag":[],"class_list":{"0":"post-7849","1":"product","2":"type-product","3":"status-publish","4":"has-post-thumbnail","6":"product_cat-uncategorized-lt","8":"first","9":"instock","10":"taxable","11":"shipping-taxable","12":"purchasable","13":"product-type-subscription"},"acf":[],"_links":{"self":[{"href":"https:\/\/audiowo.com\/lt\/wp-json\/wp\/v2\/product\/7849","targetHints":{"allow":["GET"]}}],"collection":[{"href":"https:\/\/audiowo.com\/lt\/wp-json\/wp\/v2\/product"}],"about":[{"href":"https:\/\/audiowo.com\/lt\/wp-json\/wp\/v2\/types\/product"}],"replies":[{"embeddable":true,"href":"https:\/\/audiowo.com\/lt\/wp-json\/wp\/v2\/comments?post=7849"}],"version-history":[{"count":0,"href":"https:\/\/audiowo.com\/lt\/wp-json\/wp\/v2\/product\/7849\/revisions"}],"wp:featuredmedia":[{"embeddable":true,"href":"https:\/\/audiowo.com\/lt\/wp-json\/wp\/v2\/media\/354"}],"wp:attachment":[{"href":"https:\/\/audiowo.com\/lt\/wp-json\/wp\/v2\/media?parent=7849"}],"wp:term":[{"taxonomy":"product_brand","embeddable":true,"href":"https:\/\/audiowo.com\/lt\/wp-json\/wp\/v2\/product_brand?post=7849"},{"taxonomy":"product_cat","embeddable":true,"href":"https:\/\/audiowo.com\/lt\/wp-json\/wp\/v2\/product_cat?post=7849"},{"taxonomy":"product_tag","embeddable":true,"href":"https:\/\/audiowo.com\/lt\/wp-json\/wp\/v2\/product_tag?post=7849"}],"curies":[{"name":"wp","href":"https:\/\/api.w.org\/{rel}","templated":true}]}}