{"id":8095,"date":"2026-03-24T16:15:36","date_gmt":"2026-03-24T15:15:36","guid":{"rendered":"https:\/\/audiowo.com\/product\/verslo-licencija-neribotai-muzikai\/"},"modified":"2026-03-24T16:15:36","modified_gmt":"2026-03-24T15:15:36","slug":"verslo-licencija-neribotai-muzikai","status":"publish","type":"product","link":"https:\/\/audiowo.com\/lt\/produktas\/verslo-licencija-neribotai-muzikai\/","title":{"rendered":"Verslo licencija neribotai muzikai"},"content":{"rendered":"<p class=\"isSelectedEnd\">Verslo licencija suteikia prieig\u0105 prie auk\u0161tos kokyb\u0117s muzikos komercin\u0117ms erdv\u0117ms, tokioms kaip parduotuv\u0117s, restoranai, barai, vie\u0161bu\u010diai ir biurai.<\/p>\n<p class=\"isSelectedEnd\">Sukurkite tobul\u0105 atmosfer\u0105 savo klientams su profesionaliai parinktais k\u016briniais, sukurtais nuotaikai gerinti, buvimo laikui pailginti ir j\u016bs\u0173 prek\u0117s \u017eenklo \u012fsp\u016bd\u017eiui sustiprinti.<\/p>\n<p class=\"isSelectedEnd\">\u2714 Neribota prieiga prie muzikos<br \/>\n\u2714 Saugi komerciniam naudojimui<br \/>\n\u2714 Reguliariai atnaujinama muzikos biblioteka<br \/>\n\u2714 Paprasta transliacija ir atsisiuntimai<\/p>\n<p>Idealu verslui, norin\u010diam auk\u0161\u010diausios kokyb\u0117s fonin\u0117s muzikos be licencijavimo sud\u0117tingumo.<\/p>\n","protected":false},"excerpt":{"rendered":"<p>Muzika parduotuv\u0117ms, restoranams, vie\u0161bu\u010diams ir komercin\u0117ms erdv\u0117ms. Paprasta, saugi ir paruo\u0161ta naudoti. <\/p>\n","protected":false},"featured_media":340,"comment_status":"open","ping_status":"closed","template":"","meta":{"_acf_changed":false},"product_brand":[],"product_cat":[104],"product_tag":[],"class_list":{"0":"post-8095","1":"product","2":"type-product","3":"status-publish","4":"has-post-thumbnail","6":"product_cat-uncategorized-lt","8":"first","9":"instock","10":"taxable","11":"shipping-taxable","12":"purchasable","13":"product-type-subscription"},"acf":[],"_links":{"self":[{"href":"https:\/\/audiowo.com\/lt\/wp-json\/wp\/v2\/product\/8095","targetHints":{"allow":["GET"]}}],"collection":[{"href":"https:\/\/audiowo.com\/lt\/wp-json\/wp\/v2\/product"}],"about":[{"href":"https:\/\/audiowo.com\/lt\/wp-json\/wp\/v2\/types\/product"}],"replies":[{"embeddable":true,"href":"https:\/\/audiowo.com\/lt\/wp-json\/wp\/v2\/comments?post=8095"}],"version-history":[{"count":0,"href":"https:\/\/audiowo.com\/lt\/wp-json\/wp\/v2\/product\/8095\/revisions"}],"wp:featuredmedia":[{"embeddable":true,"href":"https:\/\/audiowo.com\/lt\/wp-json\/wp\/v2\/media\/340"}],"wp:attachment":[{"href":"https:\/\/audiowo.com\/lt\/wp-json\/wp\/v2\/media?parent=8095"}],"wp:term":[{"taxonomy":"product_brand","embeddable":true,"href":"https:\/\/audiowo.com\/lt\/wp-json\/wp\/v2\/product_brand?post=8095"},{"taxonomy":"product_cat","embeddable":true,"href":"https:\/\/audiowo.com\/lt\/wp-json\/wp\/v2\/product_cat?post=8095"},{"taxonomy":"product_tag","embeddable":true,"href":"https:\/\/audiowo.com\/lt\/wp-json\/wp\/v2\/product_tag?post=8095"}],"curies":[{"name":"wp","href":"https:\/\/api.w.org\/{rel}","templated":true}]}}