{"id":8217,"date":"2026-04-08T13:21:53","date_gmt":"2026-04-08T11:21:53","guid":{"rendered":"https:\/\/audiowo.com\/product\/individualiai-sukurtas-muzikos-takelis\/"},"modified":"2026-04-08T13:21:53","modified_gmt":"2026-04-08T11:21:53","slug":"individualiai-sukurtas-muzikos-takelis","status":"publish","type":"product","link":"https:\/\/audiowo.com\/lt\/produktas\/individualiai-sukurtas-muzikos-takelis\/","title":{"rendered":"Individualiai sukurtas muzikos takelis"},"content":{"rendered":"<h3 data-section-id=\"kzbvll\" data-start=\"837\" data-end=\"853\">K\u0105 gaunate<\/h3>\n<ul data-start=\"855\" data-end=\"1086\">\n<li data-section-id=\"1eu2wei\" data-start=\"855\" data-end=\"890\">\u2714 Individualus takelis <strong data-start=\"875\" data-end=\"888\">bet kokio \u017eanro<\/strong><\/li>\n<li data-section-id=\"1ds2gtc\" data-start=\"891\" data-end=\"945\">\u2714 <strong data-start=\"895\" data-end=\"926\">Instrumentinis arba su vokalais<\/strong> (vyri\u0161kais arba moteri\u0161kais)<\/li>\n<li data-section-id=\"3jg2wi\" data-start=\"946\" data-end=\"980\">\u2714 <strong data-start=\"950\" data-end=\"978\">100 % originali produkcija<\/strong><\/li>\n<li data-section-id=\"1t5qaaa\" data-start=\"981\" data-end=\"1017\">\u2714 <strong data-start=\"985\" data-end=\"1015\">\u012eskai\u010diuoti 4 pataisym\u0173 raundai<\/strong><\/li>\n<li data-section-id=\"ctp5tw\" data-start=\"1018\" data-end=\"1055\">\u2714 Profesionaliai sumiksuota ir masterinta<\/li>\n<li data-section-id=\"1w42kxf\" data-start=\"1056\" data-end=\"1086\">\u2714 Paruo\u0161ta komerciniam naudojimui<\/li>\n<\/ul>\n<h3 data-section-id=\"1va2ym6\" data-start=\"1093\" data-end=\"1113\">Dain\u0173 \u017eod\u017eiai ir koncepcija<\/h3>\n<p data-start=\"1115\" data-end=\"1145\">Jei j\u016bs\u0173 takelyje yra vokalai:<\/p>\n<ul data-start=\"1146\" data-end=\"1325\">\n<li data-section-id=\"1ucixgt\" data-start=\"1146\" data-end=\"1202\"><strong data-start=\"1152\" data-end=\"1200\">Dain\u0173 \u017eod\u017eiai aptariami ir patvirtinami i\u0161 anksto<\/strong><\/li>\n<li data-section-id=\"1wc8nft\" data-start=\"1203\" data-end=\"1266\">Galite pateikti savo tekst\u0105 arba bendradarbiauti kuriant koncepcij\u0105<\/li>\n<li data-section-id=\"1uvj11k\" data-start=\"1267\" data-end=\"1325\">Galutin\u0117 kryptis visada suderinama su j\u016bs\u0173 vizija<\/li>\n<\/ul>\n<h3 data-section-id=\"ixpo5k\" data-start=\"1332\" data-end=\"1354\">Produkcijos kokyb\u0117<\/h3>\n<p data-start=\"1356\" data-end=\"1415\">Visi takeliai pristatomi pagal profesinius garso standartus:<\/p>\n<ul data-start=\"1416\" data-end=\"1473\">\n<li data-section-id=\"lf88k\" data-start=\"1416\" data-end=\"1444\"><strong data-start=\"1418\" data-end=\"1438\">Integruoti LUFS:<\/strong> ~12<\/li>\n<li data-section-id=\"1xy6v74\" data-start=\"1445\" data-end=\"1473\"><strong data-start=\"1447\" data-end=\"1467\">Trumpalaikiai LUFS:<\/strong> ~10<\/li>\n<\/ul>\n<p data-start=\"1475\" data-end=\"1531\">Optimizuota transliavimo platformoms, reklamoms ir skaitmeniniam naudojimui.<\/p>\n<h3 data-section-id=\"o1tr05\" data-start=\"1538\" data-end=\"1550\">Darbo eiga<\/h3>\n<ol data-start=\"1552\" data-end=\"1750\">\n<li data-section-id=\"46qe72\" data-start=\"1552\" data-end=\"1573\">Pateikite u\u017esakym\u0105<\/li>\n<li data-section-id=\"4dsk2w\" data-start=\"1574\" data-end=\"1617\">Pasidalykite savo id\u0117ja, stiliumi ir pavyzd\u017eiais<\/li>\n<li data-section-id=\"gwf447\" data-start=\"1618\" data-end=\"1653\">Patvirtinkite dain\u0173 \u017eod\u017eius (jei taikoma)<\/li>\n<li data-section-id=\"1i86ysv\" data-start=\"1654\" data-end=\"1676\">Prasideda produkcija<\/li>\n<li data-section-id=\"1na1y2n\" data-start=\"1677\" data-end=\"1697\">Gaukite per\u017ei\u016br\u0105<\/li>\n<li data-section-id=\"sgvehz\" data-start=\"1698\" data-end=\"1730\">Pra\u0161ykite pataisym\u0173 (iki 4)<\/li>\n<li data-section-id=\"1j7cqp8\" data-start=\"1731\" data-end=\"1750\">Galutinis pristatymas<\/li>\n<\/ol>\n<h3 data-section-id=\"1xnjjts\" data-start=\"1757\" data-end=\"1783\">Kod\u0117l pasirinkti Don Fidelis ir Audiowo.com<\/h3>\n<ul data-start=\"1785\" data-end=\"1942\">\n<li data-section-id=\"14y3yxp\" data-start=\"1785\" data-end=\"1815\">Patyr\u0119s ghost produceris su 20 met\u0173 patirtimi<\/li>\n<li data-section-id=\"1wa8isb\" data-start=\"1816\" data-end=\"1863\">Dirba su <strong data-start=\"1829\" data-end=\"1861\">dirbtinio intelekto papildytais produkcijos \u012frankiais<\/strong><\/li>\n<li data-section-id=\"167q9o4\" data-start=\"1864\" data-end=\"1905\">Greitas \u012fgyvendinimas i\u0161laikant auk\u0161t\u0105 nuoseklum\u0105<\/li>\n<li data-section-id=\"a59152\" data-start=\"1906\" data-end=\"1942\">Lankstumas vis\u0173 muzikos stili\u0173 at\u017evilgiu<\/li>\n<\/ul>\n<h3 data-section-id=\"1x5ej4z\" data-start=\"1949\" data-end=\"1968\">Svarbios pastabos<\/h3>\n<ul data-start=\"1970\" data-end=\"2116\">\n<li data-section-id=\"sd09u1\" data-start=\"1970\" data-end=\"2009\">Pristatymo laikas priklauso nuo sud\u0117tingumo<\/li>\n<li data-section-id=\"vs6f81\" data-start=\"2010\" data-end=\"2060\">Ai\u0161kios instrukcijos = geresni ir greitesni rezultatai<\/li>\n<li data-section-id=\"1b3kjq6\" data-start=\"2061\" data-end=\"2116\">Papildomi pataisymai gali b\u016bti prieinami u\u017e papildom\u0105 mokest\u012f<\/li>\n<\/ul>\n","protected":false},"excerpt":{"rendered":"<h3 data-section-id=\"77bgn1\" data-start=\"439\" data-end=\"492\">Individualiai sukurtas muzikos takelis \u2013 visi\u0161kai pritaikytas j\u016bs\u0173 poreikiams<\/h3>\n<p data-start=\"494\" data-end=\"694\">U\u017esisakykite <strong data-start=\"502\" data-end=\"548\">profesionaliai sukurt\u0105 individual\u0173 muzikos takel\u012f<\/strong> u\u017e fiksuot\u0105 <strong data-start=\"570\" data-end=\"578\">300 \u20ac<\/strong> kain\u0105. Sukurtas ghost producerio <strong data-start=\"606\" data-end=\"621\">Don Fidelis<\/strong>, kiekvienas takelis kuriamas nuo nulio pagal j\u016bs\u0173 id\u0117jas, tikslus ir stili\u0173. <\/p>\n<p data-start=\"696\" data-end=\"709\">Tinka:<\/p>\n<ul data-start=\"710\" data-end=\"830\">\n<li data-section-id=\"pauozy\" data-start=\"710\" data-end=\"733\">Atlik\u0117jams ir dainininkams<\/li>\n<li data-section-id=\"1avaya0\" data-start=\"734\" data-end=\"761\">Verslui ir prek\u0117s \u017eenklui<\/li>\n<li data-section-id=\"w7ijlb\" data-start=\"762\" data-end=\"796\">YouTube, reklamoms ir socialinei medijai<\/li>\n<li data-section-id=\"1xa11m8\" data-start=\"797\" data-end=\"830\">Asmeniniams ar k\u016brybiniams projektams<\/li>\n<\/ul>\n","protected":false},"featured_media":5292,"comment_status":"closed","ping_status":"closed","template":"","meta":{"_acf_changed":false},"product_brand":[],"product_cat":[226],"product_tag":[],"class_list":{"0":"post-8217","1":"product","2":"type-product","3":"status-publish","4":"has-post-thumbnail","6":"product_cat-be-kategorijos","8":"first","9":"instock","10":"taxable","11":"shipping-taxable","12":"purchasable","13":"product-type-simple"},"acf":[],"_links":{"self":[{"href":"https:\/\/audiowo.com\/lt\/wp-json\/wp\/v2\/product\/8217","targetHints":{"allow":["GET"]}}],"collection":[{"href":"https:\/\/audiowo.com\/lt\/wp-json\/wp\/v2\/product"}],"about":[{"href":"https:\/\/audiowo.com\/lt\/wp-json\/wp\/v2\/types\/product"}],"replies":[{"embeddable":true,"href":"https:\/\/audiowo.com\/lt\/wp-json\/wp\/v2\/comments?post=8217"}],"version-history":[{"count":0,"href":"https:\/\/audiowo.com\/lt\/wp-json\/wp\/v2\/product\/8217\/revisions"}],"wp:featuredmedia":[{"embeddable":true,"href":"https:\/\/audiowo.com\/lt\/wp-json\/wp\/v2\/media\/5292"}],"wp:attachment":[{"href":"https:\/\/audiowo.com\/lt\/wp-json\/wp\/v2\/media?parent=8217"}],"wp:term":[{"taxonomy":"product_brand","embeddable":true,"href":"https:\/\/audiowo.com\/lt\/wp-json\/wp\/v2\/product_brand?post=8217"},{"taxonomy":"product_cat","embeddable":true,"href":"https:\/\/audiowo.com\/lt\/wp-json\/wp\/v2\/product_cat?post=8217"},{"taxonomy":"product_tag","embeddable":true,"href":"https:\/\/audiowo.com\/lt\/wp-json\/wp\/v2\/product_tag?post=8217"}],"curies":[{"name":"wp","href":"https:\/\/api.w.org\/{rel}","templated":true}]}}