{"id":8243,"date":"2026-03-24T16:24:49","date_gmt":"2026-03-24T15:24:49","guid":{"rendered":"https:\/\/audiowo.com\/product\/transliavimo-licencija-neribotai-muzikai\/"},"modified":"2026-03-24T16:24:49","modified_gmt":"2026-03-24T15:24:49","slug":"transliavimo-licencija-neribotai-muzikai","status":"publish","type":"product","link":"https:\/\/audiowo.com\/lt\/produktas\/transliavimo-licencija-neribotai-muzikai\/","title":{"rendered":"Transliavimo licencija neribotai muzikai"},"content":{"rendered":"<p>Transliavimo licencija sukurta profesionalioms gamyboms, \u012fskaitant TV, film\u0105, radij\u0105 ir didelio masto medijos projektus.<\/p>\n<p>Prieiga prie auk\u0161\u010diausios kokyb\u0117s muzikos, tinkan\u010dios kinematografiniam, transliavimo ir komerciniam naudojimui, su ai\u0161kia ir lank\u0161\u010dia licencijavimo sistema.<\/p>\n<p>\u2714 Naudojimas TV, film\u0173 ir radijo laidose<br \/>\n\u2714 Auk\u0161tos kokyb\u0117s, profesional\u016bs k\u016briniai<br \/>\n\u2714 Tinka komerciniam platinimui<br \/>\n\u2714 Patikimas ir ai\u0161kus licencijavimas<\/p>\n<p>Visapusi\u0161kas sprendimas gamintojams, agent\u016broms ir transliuotojams.<\/p>\n","protected":false},"excerpt":{"rendered":"<p>Profesionali muzika TV, filmams ir radijui. Auk\u0161tos kokyb\u0117s k\u016briniai su ai\u0161kia licencija transliavimui. <\/p>\n","protected":false},"featured_media":364,"comment_status":"closed","ping_status":"closed","template":"","meta":{"_acf_changed":false},"product_brand":[],"product_cat":[104],"product_tag":[],"class_list":{"0":"post-8243","1":"product","2":"type-product","3":"status-publish","4":"has-post-thumbnail","6":"product_cat-uncategorized-lt","8":"first","9":"instock","10":"taxable","11":"shipping-taxable","12":"purchasable","13":"product-type-subscription"},"acf":[],"_links":{"self":[{"href":"https:\/\/audiowo.com\/lt\/wp-json\/wp\/v2\/product\/8243","targetHints":{"allow":["GET"]}}],"collection":[{"href":"https:\/\/audiowo.com\/lt\/wp-json\/wp\/v2\/product"}],"about":[{"href":"https:\/\/audiowo.com\/lt\/wp-json\/wp\/v2\/types\/product"}],"replies":[{"embeddable":true,"href":"https:\/\/audiowo.com\/lt\/wp-json\/wp\/v2\/comments?post=8243"}],"version-history":[{"count":0,"href":"https:\/\/audiowo.com\/lt\/wp-json\/wp\/v2\/product\/8243\/revisions"}],"wp:featuredmedia":[{"embeddable":true,"href":"https:\/\/audiowo.com\/lt\/wp-json\/wp\/v2\/media\/364"}],"wp:attachment":[{"href":"https:\/\/audiowo.com\/lt\/wp-json\/wp\/v2\/media?parent=8243"}],"wp:term":[{"taxonomy":"product_brand","embeddable":true,"href":"https:\/\/audiowo.com\/lt\/wp-json\/wp\/v2\/product_brand?post=8243"},{"taxonomy":"product_cat","embeddable":true,"href":"https:\/\/audiowo.com\/lt\/wp-json\/wp\/v2\/product_cat?post=8243"},{"taxonomy":"product_tag","embeddable":true,"href":"https:\/\/audiowo.com\/lt\/wp-json\/wp\/v2\/product_tag?post=8243"}],"curies":[{"name":"wp","href":"https:\/\/api.w.org\/{rel}","templated":true}]}}