{"id":7621,"date":"2026-04-08T13:05:41","date_gmt":"2026-04-08T11:05:41","guid":{"rendered":"https:\/\/audiowo.com\/izgatavots-pec-pasutijuma\/"},"modified":"2026-04-09T15:53:43","modified_gmt":"2026-04-09T13:53:43","slug":"izgatavots-pec-pasutijuma","status":"publish","type":"page","link":"https:\/\/audiowo.com\/lv\/izgatavots-pec-pasutijuma\/","title":{"rendered":"Izgatavots p\u0113c pas\u016bt\u012bjuma"},"content":{"rendered":"\t\t<div data-elementor-type=\"wp-page\" data-elementor-id=\"7621\" class=\"elementor elementor-7621 elementor-5263\" data-elementor-post-type=\"page\">\n\t\t\t\t<div class=\"elementor-element elementor-element-7afe304 e-flex e-con-boxed e-con e-parent\" data-id=\"7afe304\" data-element_type=\"container\" data-e-type=\"container\">\n\t\t\t\t\t<div class=\"e-con-inner\">\n\t\t\t\t<div class=\"elementor-element elementor-element-d711f11 elementor-widget elementor-widget-heading\" data-id=\"d711f11\" data-element_type=\"widget\" data-e-type=\"widget\" data-widget_type=\"heading.default\">\n\t\t\t\t\t<h1 class=\"elementor-heading-title elementor-size-default\">P\u0113c pas\u016bt\u012bjuma izgatavoti m\u016bzikas ieraksti<\/h1>\t\t\t\t<\/div>\n\t\t\t\t\t<\/div>\n\t\t\t\t<\/div>\n\t\t<div class=\"elementor-element elementor-element-b3a24c1 e-flex e-con-boxed e-con e-parent\" data-id=\"b3a24c1\" data-element_type=\"container\" data-e-type=\"container\">\n\t\t\t\t\t<div class=\"e-con-inner\">\n\t\t\t\t<div class=\"elementor-element elementor-element-958aea1 elementor-widget elementor-widget-heading\" data-id=\"958aea1\" data-element_type=\"widget\" data-e-type=\"widget\" data-widget_type=\"heading.default\">\n\t\t\t\t\t<h3 class=\"elementor-heading-title elementor-size-default\">Piel\u0101goti j\u016bsu v\u012bzijai un z\u012bmolam<\/h3>\t\t\t\t<\/div>\n\t\t\t\t\t<\/div>\n\t\t\t\t<\/div>\n\t\t<div class=\"elementor-element elementor-element-11b1652 e-flex e-con-boxed e-con e-parent\" data-id=\"11b1652\" data-element_type=\"container\" data-e-type=\"container\">\n\t\t\t\t\t<div class=\"e-con-inner\">\n\t\t<div class=\"elementor-element elementor-element-dedd173 e-con-full e-flex e-con e-child\" data-id=\"dedd173\" data-element_type=\"container\" data-e-type=\"container\">\n\t\t\t\t<div class=\"elementor-element elementor-element-f6ccb80 elementor-widget elementor-widget-text-editor\" data-id=\"f6ccb80\" data-element_type=\"widget\" data-e-type=\"widget\" data-widget_type=\"text-editor.default\">\n\t\t\t\t\t\t\t\t\t<h3 data-section-id=\"yc8960\" data-start=\"398\" data-end=\"445\">P\u0113c pas\u016bt\u012bjuma izgatavota m\u016bzika<\/h3><p data-start=\"447\" data-end=\"686\">Mekl\u0113jat unik\u0101lu m\u016bzikas ierakstu, kas perfekti atbilst j\u016bsu idejai, z\u012bmolam vai projektam? Audiowo platform\u0101 katru ierakstu no nulles izstr\u0101d\u0101 \u201eghost\u201d producents Don Fidelis, nodro\u0161inot ori\u0123inalit\u0101ti, kvalit\u0101ti un skan\u0113jumu, kas patiesi izce\u013cas. <\/p><p data-start=\"688\" data-end=\"705\">Neatkar\u012bgi no t\u0101, vai jums nepiecie\u0161ams:<\/p><ul data-start=\"706\" data-end=\"946\"><li data-section-id=\"1jk1log\" data-start=\"706\" data-end=\"774\">Konkr\u0113ts \u017eanrs (EDM, pops, hiphops, kinematogr\u0101fisk\u0101 m\u016bzika, ambients u. c.)<\/li><li data-section-id=\"z43kc4\" data-start=\"775\" data-end=\"807\">Piln\u012bb\u0101 instrument\u0101ls ska\u0146darbs<\/li><li data-section-id=\"19ebevm\" data-start=\"808\" data-end=\"835\">V\u012brie\u0161u vai sievie\u0161u vok\u0101ls<\/li><li data-section-id=\"xa32kv\" data-start=\"836\" data-end=\"894\">M\u016bzika z\u012bmola veido\u0161anai, rekl\u0101mai vai uz\u0146\u0113muma identit\u0101tei<\/li><li data-section-id=\"16sjc85\" data-start=\"895\" data-end=\"946\">Vai ieraksts, kura pamat\u0101 ir konkr\u0113ta t\u0113ma vai st\u0101sts<\/li><li data-section-id=\"16sjc85\" data-start=\"895\" data-end=\"946\">Jebkur\u0101 valod\u0101<\/li><\/ul><p data-start=\"948\" data-end=\"1007\">Gandr\u012bz jebkuru sapr\u0101t\u012bgu koncepciju var p\u0101rv\u0113rst m\u016bzik\u0101.<\/p><h4 data-section-id=\"10gtqvy\" data-start=\"1009\" data-end=\"1039\">Pieredzes un m\u0101ksl\u012bg\u0101 intelekta sp\u0113ks<\/h4><p data-start=\"1041\" data-end=\"1161\">Ar gadiem ilgu pieredzi produc\u0113\u0161an\u0101 Don Fidelis tagad darba proces\u0101 integr\u0113 progres\u012bvus m\u0101ksl\u012bg\u0101 intelekta r\u012bkus. Tas nodro\u0161ina: <\/p><ul data-start=\"1162\" data-end=\"1265\"><li data-section-id=\"ngut33\" data-start=\"1162\" data-end=\"1190\">\u0100tr\u0101kus produc\u0113\u0161anas ciklus<\/li><li data-section-id=\"1gsr04c\" data-start=\"1191\" data-end=\"1223\">Liel\u0101ku rado\u0161o elast\u012bbu<\/li><li data-section-id=\"18f8q\" data-start=\"1224\" data-end=\"1265\">Izsmalcin\u0101t\u0101ku un daudzveid\u012bg\u0101ku ska\u0146as dizainu<\/li><\/ul><p data-start=\"1267\" data-end=\"1366\">Rezult\u0101ts: augst\u0101kas kvalit\u0101tes m\u016bzika, kas pieg\u0101d\u0101ta efekt\u012bvi, nezaud\u0113jot m\u0101ksliniecisko kontroli.<\/p><h4 data-section-id=\"u4dr43\" data-start=\"1368\" data-end=\"1398\">Profesion\u0101la ska\u0146as kvalit\u0101te<\/h4><p data-start=\"1400\" data-end=\"1471\">Katrs ieraksts tiek profesion\u0101li miks\u0113ts un m\u0101ster\u0113ts atbilsto\u0161i nozares standartiem:<\/p><ul data-start=\"1472\" data-end=\"1529\"><li data-section-id=\"lf88k\" data-start=\"1472\" data-end=\"1500\">Integr\u0113tais LUFS: ~12<\/li><li data-section-id=\"1xy6v74\" data-start=\"1501\" data-end=\"1529\">\u012astermi\u0146a LUFS: ~10<\/li><\/ul><p data-start=\"1531\" data-end=\"1615\">Tas nodro\u0161ina, ka j\u016bsu m\u016bzika skan sp\u0113c\u012bgi, skaidri un konsekventi vis\u0101s platform\u0101s.<\/p><h4 data-section-id=\"nq0mmo\" data-start=\"1617\" data-end=\"1645\">K\u0101p\u0113c izv\u0113l\u0113ties piel\u0101gotu m\u016bziku?<\/h4><ul data-start=\"1647\" data-end=\"1849\"><li data-section-id=\"sf6ua5\" data-start=\"1647\" data-end=\"1693\">100 % unik\u0101la \u2014 nek\u0101du gatavu paraugu vai atk\u0101rtoti izmantota satura<\/li><li data-section-id=\"vuf1xl\" data-start=\"1694\" data-end=\"1746\">Piln\u012bb\u0101 saska\u0146ota ar j\u016bsu v\u012bziju vai z\u012bmola identit\u0101ti<\/li><li data-section-id=\"1mos9vp\" data-start=\"1747\" data-end=\"1784\">Elast\u012bba da\u017e\u0101dos \u017eanros un stilos<\/li><li data-section-id=\"1c7ouvu\" data-start=\"1785\" data-end=\"1849\">Piem\u0113rota komerci\u0101lai lieto\u0161anai, m\u0101rketingam vai person\u012bgiem projektiem<\/li><\/ul>\t\t\t\t\t\t\t\t<\/div>\n\t\t\t\t<\/div>\n\t\t<div class=\"elementor-element elementor-element-435755d e-con-full e-flex e-con e-child\" data-id=\"435755d\" data-element_type=\"container\" data-e-type=\"container\">\n\t\t\t\t<div class=\"elementor-element elementor-element-625eccd elementor-grid-1 elementor-product-loop-item--align-center elementor-grid-tablet-3 elementor-grid-mobile-2 elementor-products-grid elementor-wc-products elementor-widget elementor-widget-woocommerce-products\" data-id=\"625eccd\" data-element_type=\"widget\" data-e-type=\"widget\" data-widget_type=\"woocommerce-products.default\">\n\t\t\t\t<div class=\"elementor-widget-container\">\n\t\t\t\t\t<div class=\"woocommerce columns-1 \"><ul class=\"products elementor-grid columns-1\">\n<li class=\"product type-product post-8213 status-publish first instock product_cat-nekategorizets has-post-thumbnail taxable shipping-taxable purchasable product-type-simple\">\n\t<a href=\"https:\/\/audiowo.com\/lv\/products\/pielagots-muzikas-ieraksts\/\" class=\"woocommerce-LoopProduct-link woocommerce-loop-product__link\"><img fetchpriority=\"high\" decoding=\"async\" width=\"300\" height=\"300\" src=\"https:\/\/audiowo.com\/wp-content\/uploads\/2026\/04\/Custom-made-music-track-Audiowo-Don-Fidelis-300x300.webp\" class=\"attachment-woocommerce_thumbnail size-woocommerce_thumbnail\" alt=\"Custom made music track - Audiowo - Don Fidelis\" srcset=\"https:\/\/audiowo.com\/wp-content\/uploads\/2026\/04\/Custom-made-music-track-Audiowo-Don-Fidelis-300x300.webp 300w, https:\/\/audiowo.com\/wp-content\/uploads\/2026\/04\/Custom-made-music-track-Audiowo-Don-Fidelis-150x150.webp 150w, https:\/\/audiowo.com\/wp-content\/uploads\/2026\/04\/Custom-made-music-track-Audiowo-Don-Fidelis-768x768.webp 768w, https:\/\/audiowo.com\/wp-content\/uploads\/2026\/04\/Custom-made-music-track-Audiowo-Don-Fidelis-600x600.webp 600w, https:\/\/audiowo.com\/wp-content\/uploads\/2026\/04\/Custom-made-music-track-Audiowo-Don-Fidelis-100x100.webp 100w, https:\/\/audiowo.com\/wp-content\/uploads\/2026\/04\/Custom-made-music-track-Audiowo-Don-Fidelis.webp 800w\" sizes=\"(max-width: 300px) 100vw, 300px\" \/><h2 class=\"woocommerce-loop-product__title\">Piel\u0101gots m\u016bzikas ieraksts<\/h2>\n\t<span class=\"price\"><span class=\"woocommerce-Price-amount amount\"><bdi>300,00&nbsp;<span class=\"woocommerce-Price-currencySymbol\">&euro;<\/span><\/bdi><\/span><\/span>\n<\/a><a href=\"\/lv\/wp-json\/wp\/v2\/pages\/7621?add-to-cart=8213\" aria-describedby=\"woocommerce_loop_add_to_cart_link_describedby_8213\" data-quantity=\"1\" class=\"button product_type_simple add_to_cart_button ajax_add_to_cart\" data-product_id=\"8213\" data-product_sku=\"\" aria-label=\"Add to cart: &ldquo;Piel\u0101gots m\u016bzikas ieraksts&rdquo;\" rel=\"nofollow\" data-success_message=\"\u201ePiel\u0101gots m\u016bzikas ieraksts\u201d ir pievienots j\u016bsu grozam\" role=\"button\">Pievienot grozam<\/a>\t<span id=\"woocommerce_loop_add_to_cart_link_describedby_8213\" class=\"screen-reader-text\">\n\t\t\t<\/span>\n<\/li>\n<\/ul>\n<\/div>\t\t\t\t<\/div>\n\t\t\t\t<\/div>\n\t\t\t\t<\/div>\n\t\t\t\t\t<\/div>\n\t\t\t\t<\/div>\n\t\t\t\t<\/div>\n\t\t","protected":false},"excerpt":{"rendered":"<p>P\u0113c pas\u016bt\u012bjuma izgatavoti m\u016bzikas ieraksti Piel\u0101goti j\u016bsu v\u012bzijai un z\u012bmolam P\u0113c pas\u016bt\u012bjuma izgatavota m\u016bzika Mekl\u0113jat unik\u0101lu m\u016bzikas ierakstu, kas perfekti atbilst j\u016bsu idejai, z\u012bmolam vai projektam? Audiowo platform\u0101 katru ierakstu no nulles izstr\u0101d\u0101 \u201eghost\u201d producents Don Fidelis, nodro\u0161inot ori\u0123inalit\u0101ti, kvalit\u0101ti un skan\u0113jumu, kas patiesi izce\u013cas. Neatkar\u012bgi no t\u0101, vai jums nepiecie\u0161ams: Konkr\u0113ts \u017eanrs (EDM, pops, [&hellip;]<\/p>\n","protected":false},"author":1,"featured_media":0,"parent":0,"menu_order":0,"comment_status":"closed","ping_status":"closed","template":"elementor_header_footer","meta":{"_acf_changed":false,"footnotes":""},"class_list":["post-7621","page","type-page","status-publish","hentry"],"acf":[],"_links":{"self":[{"href":"https:\/\/audiowo.com\/lv\/wp-json\/wp\/v2\/pages\/7621","targetHints":{"allow":["GET"]}}],"collection":[{"href":"https:\/\/audiowo.com\/lv\/wp-json\/wp\/v2\/pages"}],"about":[{"href":"https:\/\/audiowo.com\/lv\/wp-json\/wp\/v2\/types\/page"}],"author":[{"embeddable":true,"href":"https:\/\/audiowo.com\/lv\/wp-json\/wp\/v2\/users\/1"}],"replies":[{"embeddable":true,"href":"https:\/\/audiowo.com\/lv\/wp-json\/wp\/v2\/comments?post=7621"}],"version-history":[{"count":0,"href":"https:\/\/audiowo.com\/lv\/wp-json\/wp\/v2\/pages\/7621\/revisions"}],"wp:attachment":[{"href":"https:\/\/audiowo.com\/lv\/wp-json\/wp\/v2\/media?parent=7621"}],"curies":[{"name":"wp","href":"https:\/\/api.w.org\/{rel}","templated":true}]}}