{"id":7967,"date":"2026-02-06T13:17:04","date_gmt":"2026-02-06T12:17:04","guid":{"rendered":"https:\/\/audiowo.com\/privatuma-politika\/"},"modified":"2026-04-09T17:31:41","modified_gmt":"2026-04-09T15:31:41","slug":"privatuma-politika","status":"publish","type":"page","link":"https:\/\/audiowo.com\/lv\/juridiski\/privatuma-politika\/","title":{"rendered":"Priv\u0101tuma politika"},"content":{"rendered":"\t\t<div data-elementor-type=\"wp-page\" data-elementor-id=\"7967\" class=\"elementor elementor-7967 elementor-3\" data-elementor-post-type=\"page\">\n\t\t\t\t<div class=\"elementor-element elementor-element-3e40102 e-flex e-con-boxed e-con e-parent\" data-id=\"3e40102\" data-element_type=\"container\" data-e-type=\"container\">\n\t\t\t\t\t<div class=\"e-con-inner\">\n\t\t\t\t<div class=\"elementor-element elementor-element-d462c38 elementor-widget elementor-widget-heading\" data-id=\"d462c38\" data-element_type=\"widget\" data-e-type=\"widget\" data-widget_type=\"heading.default\">\n\t\t\t\t\t<h1 class=\"elementor-heading-title elementor-size-default\">Priv\u0101tuma politika<\/h1>\t\t\t\t<\/div>\n\t\t\t\t\t<\/div>\n\t\t\t\t<\/div>\n\t\t<div class=\"elementor-element elementor-element-76b9d70 e-flex e-con-boxed e-con e-parent\" data-id=\"76b9d70\" data-element_type=\"container\" data-e-type=\"container\">\n\t\t\t\t\t<div class=\"e-con-inner\">\n\t\t\t\t\t\t\t<h4 \n\t\tdata-interaction-id=\"8f0586a\" \n\t\tclass=\"e-heading-base\" \n\t\t \n\t\tdata-e-type=\"widget\" data-id=\"8f0586a\"\n\t>\n\t\n\t\t\t  1. Datu p\u0101rzinis\n\t\t<\/h4>\n\t\t\t\t\t<\/div>\n\t\t\t\t<\/div>\n\t\t<div class=\"elementor-element elementor-element-2b1b74c e-flex e-con-boxed e-con e-parent\" data-id=\"2b1b74c\" data-element_type=\"container\" data-e-type=\"container\">\n\t\t\t\t\t<div class=\"e-con-inner\">\n\t\t\t\t\t\t\t\t<p class=\"e-paragraph-base\" data-interaction-id=\"699278d\"  data-e-type=\"widget\" data-id=\"699278d\">\n\t\t\t\t\t\t\t\t<strong>Fidelis Marketing Group S.L.<\/strong><br>Darb\u012bbas z\u012bmoli: <strong>audiowo.com<\/strong>, <strong>escuchargratis.es<\/strong><br>Re\u0123istr\u0113ts Sp\u0101nij\u0101<br>(\u201cUz\u0146\u0113mums\u201d, \u201cm\u0113s\u201d)\n\t\t\t\t\t<\/p>\n\t\t\t\t\t<\/div>\n\t\t\t\t<\/div>\n\t\t<div class=\"elementor-element elementor-element-dffd3b0 e-flex e-con-boxed e-con e-parent\" data-id=\"dffd3b0\" data-element_type=\"container\" data-e-type=\"container\">\n\t\t\t\t\t<div class=\"e-con-inner\">\n\t\t\t\t\t\t\t<h4 \n\t\tdata-interaction-id=\"e04e82b\" \n\t\tclass=\"e-heading-base\" \n\t\t \n\t\tdata-e-type=\"widget\" data-id=\"e04e82b\"\n\t>\n\t\n\t\t\t2. V\u0101ktie dati\n\t\t<\/h4>\n\t\t\t\t\t<\/div>\n\t\t\t\t<\/div>\n\t\t<div class=\"elementor-element elementor-element-de72aba e-flex e-con-boxed e-con e-parent\" data-id=\"de72aba\" data-element_type=\"container\" data-e-type=\"container\">\n\t\t\t\t\t<div class=\"e-con-inner\">\n\t\t\t\t\t\t\t\t<p class=\"e-paragraph-base\" data-interaction-id=\"9f9879c\"  data-e-type=\"widget\" data-id=\"9f9879c\">\n\t\t\t\t\t\t\t\tM\u0113s v\u0101cam: V\u0101rds, e-pasts, uz\u0146\u0113muma inform\u0101cija, nor\u0113\u0137inu inform\u0101cija, IP adrese un lieto\u0161anas dati, aug\u0161upiel\u0101d\u0113tais saturs (m\u0101kslinieki)\n\t\t\t\t\t<\/p>\n\t\t\t\t\t<\/div>\n\t\t\t\t<\/div>\n\t\t<div class=\"elementor-element elementor-element-eab8629 e-flex e-con-boxed e-con e-parent\" data-id=\"eab8629\" data-element_type=\"container\" data-e-type=\"container\">\n\t\t\t\t\t<div class=\"e-con-inner\">\n\t\t\t\t\t\t\t<h4 \n\t\tdata-interaction-id=\"f75ba1f\" \n\t\tclass=\"e-heading-base\" \n\t\t \n\t\tdata-e-type=\"widget\" data-id=\"f75ba1f\"\n\t>\n\t\n\t\t\t3. M\u0113r\u0137is\n\t\t<\/h4>\n\t\t\t\t\t<\/div>\n\t\t\t\t<\/div>\n\t\t<div class=\"elementor-element elementor-element-30998a2 e-flex e-con-boxed e-con e-parent\" data-id=\"30998a2\" data-element_type=\"container\" data-e-type=\"container\">\n\t\t\t\t\t<div class=\"e-con-inner\">\n\t\t\t\t\t\t\t\t<p class=\"e-paragraph-base\" data-interaction-id=\"57a0ca2\"  data-e-type=\"widget\" data-id=\"57a0ca2\">\n\t\t\t\t\t\t\t\tDati tiek apstr\u0101d\u0101ti, lai: sniegtu pakalpojumus, p\u0101rvald\u012btu abonementus, apstr\u0101d\u0101tu maks\u0101jumus, izpild\u012btu juridisk\u0101s saist\u012bbas\n\t\t\t\t\t<\/p>\n\t\t\t\t\t<\/div>\n\t\t\t\t<\/div>\n\t\t<div class=\"elementor-element elementor-element-43f66c0 e-flex e-con-boxed e-con e-parent\" data-id=\"43f66c0\" data-element_type=\"container\" data-e-type=\"container\">\n\t\t\t\t\t<div class=\"e-con-inner\">\n\t\t\t\t\t\t\t<h4 \n\t\tdata-interaction-id=\"1d609ba\" \n\t\tclass=\"e-heading-base\" \n\t\t \n\t\tdata-e-type=\"widget\" data-id=\"1d609ba\"\n\t>\n\t\n\t\t\t4. Juridiskais pamats\n\t\t<\/h4>\n\t\t\t\t\t<\/div>\n\t\t\t\t<\/div>\n\t\t<div class=\"elementor-element elementor-element-2c4a89a e-flex e-con-boxed e-con e-parent\" data-id=\"2c4a89a\" data-element_type=\"container\" data-e-type=\"container\">\n\t\t\t\t\t<div class=\"e-con-inner\">\n\t\t\t\t\t\t\t\t<p class=\"e-paragraph-base\" data-interaction-id=\"1992afd\"  data-e-type=\"widget\" data-id=\"1992afd\">\n\t\t\t\t\t\t\t\tApstr\u0101des pamat\u0101 ir: l\u012bgumisk\u0101 nepiecie\u0161am\u012bba, juridisk\u0101s saist\u012bbas, likum\u012bg\u0101s intereses\n\t\t\t\t\t<\/p>\n\t\t\t\t\t<\/div>\n\t\t\t\t<\/div>\n\t\t<div class=\"elementor-element elementor-element-ff2da94 e-flex e-con-boxed e-con e-parent\" data-id=\"ff2da94\" data-element_type=\"container\" data-e-type=\"container\">\n\t\t\t\t\t<div class=\"e-con-inner\">\n\t\t\t\t\t\t\t<h4 \n\t\tdata-interaction-id=\"dbaf626\" \n\t\tclass=\"e-heading-base\" \n\t\t \n\t\tdata-e-type=\"widget\" data-id=\"dbaf626\"\n\t>\n\t\n\t\t\t5. Datu koplieto\u0161ana\n\t\t<\/h4>\n\t\t\t\t\t<\/div>\n\t\t\t\t<\/div>\n\t\t<div class=\"elementor-element elementor-element-c1dba76 e-flex e-con-boxed e-con e-parent\" data-id=\"c1dba76\" data-element_type=\"container\" data-e-type=\"container\">\n\t\t\t\t\t<div class=\"e-con-inner\">\n\t\t\t\t\t\t\t\t<p class=\"e-paragraph-base\" data-interaction-id=\"0a4693a\"  data-e-type=\"widget\" data-id=\"0a4693a\">\n\t\t\t\t\t\t\t\tDati var tikt kop\u012bgoti ar: maks\u0101jumu pakalpojumu sniedz\u0113jiem, mitin\u0101\u0161anas un IT pakalpojumu sniedz\u0113jiem. Dati netiek p\u0101rdoti.\n\t\t\t\t\t<\/p>\n\t\t\t\t\t<\/div>\n\t\t\t\t<\/div>\n\t\t<div class=\"elementor-element elementor-element-a447c6b e-flex e-con-boxed e-con e-parent\" data-id=\"a447c6b\" data-element_type=\"container\" data-e-type=\"container\">\n\t\t\t\t\t<div class=\"e-con-inner\">\n\t\t\t\t\t\t\t<h4 \n\t\tdata-interaction-id=\"1565e33\" \n\t\tclass=\"e-heading-base\" \n\t\t \n\t\tdata-e-type=\"widget\" data-id=\"1565e33\"\n\t>\n\t\n\t\t\t6. Datu glab\u0101\u0161ana\n\t\t<\/h4>\n\t\t\t\t\t<\/div>\n\t\t\t\t<\/div>\n\t\t<div class=\"elementor-element elementor-element-ae54121 e-flex e-con-boxed e-con e-parent\" data-id=\"ae54121\" data-element_type=\"container\" data-e-type=\"container\">\n\t\t\t\t\t<div class=\"e-con-inner\">\n\t\t\t\t\t\t\t\t<p class=\"e-paragraph-base\" data-interaction-id=\"5784ae2\"  data-e-type=\"widget\" data-id=\"5784ae2\">\n\t\t\t\t\t\t\t\tDati tiek glab\u0101ti tikai tik ilgi, cik nepiecie\u0161ams juridiskiem un darb\u012bbas m\u0113r\u0137iem.\n\t\t\t\t\t<\/p>\n\t\t\t\t\t<\/div>\n\t\t\t\t<\/div>\n\t\t<div class=\"elementor-element elementor-element-accb6e5 e-flex e-con-boxed e-con e-parent\" data-id=\"accb6e5\" data-element_type=\"container\" data-e-type=\"container\">\n\t\t\t\t\t<div class=\"e-con-inner\">\n\t\t\t\t\t\t\t<h4 \n\t\tdata-interaction-id=\"6563d9e\" \n\t\tclass=\"e-heading-base\" \n\t\t \n\t\tdata-e-type=\"widget\" data-id=\"6563d9e\"\n\t>\n\t\n\t\t\t7. Lietot\u0101ju ties\u012bbas\n\t\t<\/h4>\n\t\t\t\t\t<\/div>\n\t\t\t\t<\/div>\n\t\t<div class=\"elementor-element elementor-element-3a074de e-flex e-con-boxed e-con e-parent\" data-id=\"3a074de\" data-element_type=\"container\" data-e-type=\"container\">\n\t\t\t\t\t<div class=\"e-con-inner\">\n\t\t\t\t\t\t\t\t<p class=\"e-paragraph-base\" data-interaction-id=\"c3af79d\"  data-e-type=\"widget\" data-id=\"c3af79d\">\n\t\t\t\t\t\t\t\tLietot\u0101ji var piepras\u012bt: piek\u013cuvi, labo\u0161anu, dz\u0113\u0161anu, ierobe\u017eo\u0161anu, datu p\u0101rnesam\u012bbu. Piepras\u012bjumus var s\u016bt\u012bt uz: <strong>info@fidelismarketinggroupsl.com<\/strong>\n\t\t\t\t\t<\/p>\n\t\t\t\t\t<\/div>\n\t\t\t\t<\/div>\n\t\t<div class=\"elementor-element elementor-element-507a5de e-flex e-con-boxed e-con e-parent\" data-id=\"507a5de\" data-element_type=\"container\" data-e-type=\"container\">\n\t\t\t\t\t<div class=\"e-con-inner\">\n\t\t\t\t\t\t\t<h4 \n\t\tdata-interaction-id=\"306dc3d\" \n\t\tclass=\"e-heading-base\" \n\t\t \n\t\tdata-e-type=\"widget\" data-id=\"306dc3d\"\n\t>\n\t\n\t\t\t8. Dro\u0161\u012bba\n\t\t<\/h4>\n\t\t\t\t\t<\/div>\n\t\t\t\t<\/div>\n\t\t<div class=\"elementor-element elementor-element-332492b e-flex e-con-boxed e-con e-parent\" data-id=\"332492b\" data-element_type=\"container\" data-e-type=\"container\">\n\t\t\t\t\t<div class=\"e-con-inner\">\n\t\t\t\t\t\t\t\t<p class=\"e-paragraph-base\" data-interaction-id=\"bba3fed\"  data-e-type=\"widget\" data-id=\"bba3fed\">\n\t\t\t\t\t\t\t\tTiek piem\u0113roti atbilsto\u0161i tehniski un organizatoriski pas\u0101kumi.\n\t\t\t\t\t<\/p>\n\t\t\t\t\t<\/div>\n\t\t\t\t<\/div>\n\t\t\t\t<\/div>\n\t\t","protected":false},"excerpt":{"rendered":"<p>Priv\u0101tuma politika 1. Datu p\u0101rzinis Fidelis Marketing Group S.L.Darb\u012bbas z\u012bmoli: audiowo.com, escuchargratis.esRe\u0123istr\u0113ts Sp\u0101nij\u0101(\u201cUz\u0146\u0113mums\u201d, \u201cm\u0113s\u201d) 2. V\u0101ktie dati M\u0113s v\u0101cam: V\u0101rds, e-pasts, uz\u0146\u0113muma inform\u0101cija, nor\u0113\u0137inu inform\u0101cija, IP adrese un lieto\u0161anas dati, aug\u0161upiel\u0101d\u0113tais saturs (m\u0101kslinieki) 3. M\u0113r\u0137is Dati tiek apstr\u0101d\u0101ti, lai: sniegtu pakalpojumus, p\u0101rvald\u012btu abonementus, apstr\u0101d\u0101tu maks\u0101jumus, izpild\u012btu juridisk\u0101s saist\u012bbas 4. Juridiskais pamats Apstr\u0101des pamat\u0101 ir: l\u012bgumisk\u0101 [&hellip;]<\/p>\n","protected":false},"author":1,"featured_media":0,"parent":8444,"menu_order":0,"comment_status":"closed","ping_status":"closed","template":"elementor_header_footer","meta":{"_acf_changed":false,"footnotes":""},"class_list":["post-7967","page","type-page","status-publish","hentry"],"acf":[],"_links":{"self":[{"href":"https:\/\/audiowo.com\/lv\/wp-json\/wp\/v2\/pages\/7967","targetHints":{"allow":["GET"]}}],"collection":[{"href":"https:\/\/audiowo.com\/lv\/wp-json\/wp\/v2\/pages"}],"about":[{"href":"https:\/\/audiowo.com\/lv\/wp-json\/wp\/v2\/types\/page"}],"author":[{"embeddable":true,"href":"https:\/\/audiowo.com\/lv\/wp-json\/wp\/v2\/users\/1"}],"replies":[{"embeddable":true,"href":"https:\/\/audiowo.com\/lv\/wp-json\/wp\/v2\/comments?post=7967"}],"version-history":[{"count":0,"href":"https:\/\/audiowo.com\/lv\/wp-json\/wp\/v2\/pages\/7967\/revisions"}],"up":[{"embeddable":true,"href":"https:\/\/audiowo.com\/lv\/wp-json\/wp\/v2\/pages\/8444"}],"wp:attachment":[{"href":"https:\/\/audiowo.com\/lv\/wp-json\/wp\/v2\/media?parent=7967"}],"curies":[{"name":"wp","href":"https:\/\/api.w.org\/{rel}","templated":true}]}}