{"id":7998,"date":"2026-02-07T15:19:19","date_gmt":"2026-02-07T14:19:19","guid":{"rendered":"https:\/\/audiowo.com\/komercialas-muzikas-licences-ligums\/"},"modified":"2026-04-09T17:31:42","modified_gmt":"2026-04-09T15:31:42","slug":"komercialas-muzikas-licences-ligums","status":"publish","type":"page","link":"https:\/\/audiowo.com\/lv\/juridiski\/komercialas-muzikas-licences-ligums\/","title":{"rendered":"Komerci\u0101l\u0101s m\u016bzikas licences l\u012bgums"},"content":{"rendered":"\t\t<div data-elementor-type=\"wp-page\" data-elementor-id=\"7998\" class=\"elementor elementor-7998 elementor-37\" data-elementor-post-type=\"page\">\n\t\t\t\t<div class=\"elementor-element elementor-element-7e52a01 e-flex e-con-boxed e-con e-parent\" data-id=\"7e52a01\" data-element_type=\"container\" data-e-type=\"container\">\n\t\t\t\t\t<div class=\"e-con-inner\">\n\t\t\t\t<div class=\"elementor-element elementor-element-2e5f5f9 elementor-widget elementor-widget-heading\" data-id=\"2e5f5f9\" data-element_type=\"widget\" data-e-type=\"widget\" data-widget_type=\"heading.default\">\n\t\t\t\t\t<h1 class=\"elementor-heading-title elementor-size-default\">Komerci\u0101l\u0101s m\u016bzikas licences l\u012bgums<\/h1>\t\t\t\t<\/div>\n\t\t\t\t\t<\/div>\n\t\t\t\t<\/div>\n\t\t<div class=\"elementor-element elementor-element-6bda279 e-flex e-con-boxed e-con e-parent\" data-id=\"6bda279\" data-element_type=\"container\" data-e-type=\"container\">\n\t\t\t\t\t<div class=\"e-con-inner\">\n\t\t\t\t\t\t\t\t<p class=\"e-paragraph-base\" data-interaction-id=\"96a3464\"  data-e-type=\"widget\" data-id=\"96a3464\">\n\t\t\t\t\t\t\t\t\u0160is Komerci\u0101l\u0101s m\u016bzikas licences l\u012bgums (\u201cL\u012bgums\u201d) tiek nosl\u0113gts starp:<strong>Licenci\u0101rs: <\/strong>Fidelis Marketing Group SL.<br>Darbojas ar z\u012bmolu: ListenForFree.com un <strong>Licenci\u0101ts:<\/strong><br>Abon\u0113jo\u0161\u0101 uz\u0146\u0113m\u0113jdarb\u012bbas vien\u012bba vai fiziska persona. Ieg\u0101d\u0101joties vai izmantojot \u0161o abonementu, Licenci\u0101ts piekr\u012bt \u0161\u0101diem noteikumiem.\n\t\t\t\t\t<\/p>\n\t\t\t\t\t<\/div>\n\t\t\t\t<\/div>\n\t\t<div class=\"elementor-element elementor-element-bca82f1 e-flex e-con-boxed e-con e-parent\" data-id=\"bca82f1\" data-element_type=\"container\" data-e-type=\"container\">\n\t\t\t\t\t<div class=\"e-con-inner\">\n\t\t\t\t\t\t\t<h4 \n\t\tdata-interaction-id=\"ba71986\" \n\t\tclass=\"e-heading-base\" \n\t\t \n\t\tdata-e-type=\"widget\" data-id=\"ba71986\"\n\t>\n\t\n\t\t\t1. Licenc\u0113t\u0101 m\u016bzika\n\t\t<\/h4>\n\t\t\t\t\t<\/div>\n\t\t\t\t<\/div>\n\t\t<div class=\"elementor-element elementor-element-4168600 e-flex e-con-boxed e-con e-parent\" data-id=\"4168600\" data-element_type=\"container\" data-e-type=\"container\">\n\t\t\t\t\t<div class=\"e-con-inner\">\n\t\t\t\t\t\t\t\t<p class=\"e-paragraph-base\" data-interaction-id=\"22aecba\"  data-e-type=\"widget\" data-id=\"22aecba\">\n\t\t\t\t\t\t\t\tM\u016bzika, kas pieejama saska\u0146\u0101 ar \u0161o abonementu (\u201cLicenc\u0113t\u0101 m\u016bzika\u201d), sast\u0101v tikai no ori\u0123in\u0101liem m\u016bzikas darbiem, kas:<strong>nav re\u0123istr\u0113ti<\/strong> nevien\u0101 izpildties\u012bbu organiz\u0101cij\u0101 (PRO), tostarp, bet ne tikai, <strong>BUMA\/STEMRA, SGAE, PRS, ASCAP, BMI, SESAC<\/strong>;Piln\u012bb\u0101 pieder Licenci\u0101ram un tiek kontrol\u0113ti no t\u0101 puses.\n\t\t\t\t\t<\/p>\n\t\t\t\t\t<\/div>\n\t\t\t\t<\/div>\n\t\t<div class=\"elementor-element elementor-element-e45531a e-flex e-con-boxed e-con e-parent\" data-id=\"e45531a\" data-element_type=\"container\" data-e-type=\"container\">\n\t\t\t\t\t<div class=\"e-con-inner\">\n\t\t\t\t\t\t\t<h4 \n\t\tdata-interaction-id=\"8d9bc2e\" \n\t\tclass=\"e-heading-base\" \n\t\t \n\t\tdata-e-type=\"widget\" data-id=\"8d9bc2e\"\n\t>\n\t\n\t\t\t2. Licences pie\u0161\u0137ir\u0161ana\n\t\t<\/h4>\n\t\t\t\t\t<\/div>\n\t\t\t\t<\/div>\n\t\t<div class=\"elementor-element elementor-element-7e0b0fb e-flex e-con-boxed e-con e-parent\" data-id=\"7e0b0fb\" data-element_type=\"container\" data-e-type=\"container\">\n\t\t\t\t\t<div class=\"e-con-inner\">\n\t\t\t\t\t\t\t\t<p class=\"e-paragraph-base\" data-interaction-id=\"41911e4\"  data-e-type=\"widget\" data-id=\"41911e4\">\n\t\t\t\t\t\t\t\tSaska\u0146\u0101 ar akt\u012bvu abonementu un maks\u0101jumu, Licenci\u0101rs pie\u0161\u0137ir Licenci\u0101tam <strong>neekskluz\u012bvu, nenododamu, ierobe\u017eotu komerci\u0101lu licenci<\/strong>, lai:Publiski atska\u0146otu Licenc\u0113to m\u016bziku Licenci\u0101ta fiziskaj\u0101s uz\u0146\u0113m\u0113jdarb\u012bbas viet\u0101s (piem\u0113ram, restor\u0101nos, b\u0101ros, viesn\u012bc\u0101s, mazumtirdzniec\u012bbas veikalos);Izmantotu Licenc\u0113to m\u016bziku k\u0101 fona vai ambientu m\u016bziku klientiem un darbiniekiem.\u0160\u012b licence ir der\u012bga <strong>tikai akt\u012bv\u0101 abonementa darb\u012bbas laik\u0101<\/strong>.\n\t\t\t\t\t<\/p>\n\t\t\t\t\t<\/div>\n\t\t\t\t<\/div>\n\t\t<div class=\"elementor-element elementor-element-462465d e-flex e-con-boxed e-con e-parent\" data-id=\"462465d\" data-element_type=\"container\" data-e-type=\"container\">\n\t\t\t\t\t<div class=\"e-con-inner\">\n\t\t\t\t\t\t\t<h4 \n\t\tdata-interaction-id=\"3e3c26e\" \n\t\tclass=\"e-heading-base\" \n\t\t \n\t\tdata-e-type=\"widget\" data-id=\"3e3c26e\"\n\t>\n\t\n\t\t\t3. Bez papildu autoratl\u012bdz\u012bb\u0101m\n\t\t<\/h4>\n\t\t\t\t\t<\/div>\n\t\t\t\t<\/div>\n\t\t<div class=\"elementor-element elementor-element-f5590d4 e-flex e-con-boxed e-con e-parent\" data-id=\"f5590d4\" data-element_type=\"container\" data-e-type=\"container\">\n\t\t\t\t\t<div class=\"e-con-inner\">\n\t\t\t\t\t\t\t\t<p class=\"e-paragraph-base\" data-interaction-id=\"2f41f67\"  data-e-type=\"widget\" data-id=\"2f41f67\">\n\t\t\t\t\t\t\t\tT\u0101 k\u0101 Licenc\u0113t\u0101 m\u016bzika nav re\u0123istr\u0113ta nevien\u0101 PRO:Licenci\u0101tam <strong>nav j\u0101veic nek\u0101di papildu publisk\u0101s atska\u0146o\u0161anas autoratl\u012bdz\u012bbas maks\u0101jumi<\/strong> BUMA\/STEMRA, SGAE vai jebkurai citai ties\u012bbu organiz\u0101cijai par Licenc\u0113to m\u016bziku;Saska\u0146\u0101 ar \u0161o L\u012bgumu, no at\u013cautas izmanto\u0161anas nerad\u012bsies nek\u0101das tre\u0161o pu\u0161u autoratl\u012bdz\u012bbas pras\u012bbas.\n\t\t\t\t\t<\/p>\n\t\t\t\t\t<\/div>\n\t\t\t\t<\/div>\n\t\t<div class=\"elementor-element elementor-element-77bea1d e-flex e-con-boxed e-con e-parent\" data-id=\"77bea1d\" data-element_type=\"container\" data-e-type=\"container\">\n\t\t\t\t\t<div class=\"e-con-inner\">\n\t\t\t\t\t\t\t<h4 \n\t\tdata-interaction-id=\"6ff8ef2\" \n\t\tclass=\"e-heading-base\" \n\t\t \n\t\tdata-e-type=\"widget\" data-id=\"6ff8ef2\"\n\t>\n\t\n\t\t\t4. Ierobe\u017eojumi\n\t\t<\/h4>\n\t\t\t\t\t<\/div>\n\t\t\t\t<\/div>\n\t\t<div class=\"elementor-element elementor-element-bbd38b8 e-flex e-con-boxed e-con e-parent\" data-id=\"bbd38b8\" data-element_type=\"container\" data-e-type=\"container\">\n\t\t\t\t\t<div class=\"e-con-inner\">\n\t\t\t\t\t\t\t\t<p class=\"e-paragraph-base\" data-interaction-id=\"82c36a6\"  data-e-type=\"widget\" data-id=\"82c36a6\">\n\t\t\t\t\t\t\t\tLicenci\u0101ts <strong>nedr\u012bkst<\/strong>:P\u0101rdot t\u0101l\u0101k, sublicenc\u0113t, izplat\u012bt vai dar\u012bt Licenc\u0113to m\u016bziku pieejamu tre\u0161aj\u0101m person\u0101m;Izmantot Licenc\u0113to m\u016bziku audiovizu\u0101l\u0101m produkcij\u0101m, rekl\u0101mas kampa\u0146\u0101m, apraidei, straum\u0113\u0161anas platform\u0101m vai sinhroniz\u0101cijai bez rakstiskas at\u013caujas;Modific\u0113t, remiks\u0113t vai piepras\u012bt Licenc\u0113t\u0101s m\u016bzikas autor\u012bbu.\n\t\t\t\t\t<\/p>\n\t\t\t\t\t<\/div>\n\t\t\t\t<\/div>\n\t\t<div class=\"elementor-element elementor-element-7280161 e-flex e-con-boxed e-con e-parent\" data-id=\"7280161\" data-element_type=\"container\" data-e-type=\"container\">\n\t\t\t\t\t<div class=\"e-con-inner\">\n\t\t\t\t\t\t\t<h4 \n\t\tdata-interaction-id=\"538f317\" \n\t\tclass=\"e-heading-base\" \n\t\t \n\t\tdata-e-type=\"widget\" data-id=\"538f317\"\n\t>\n\t\n\t\t\t5. Aptvert\u0101s atra\u0161an\u0101s vietas\n\t\t<\/h4>\n\t\t\t\t\t<\/div>\n\t\t\t\t<\/div>\n\t\t<div class=\"elementor-element elementor-element-735d3aa e-flex e-con-boxed e-con e-parent\" data-id=\"735d3aa\" data-element_type=\"container\" data-e-type=\"container\">\n\t\t\t\t\t<div class=\"e-con-inner\">\n\t\t\t\t\t\t\t\t<p class=\"e-paragraph-base\" data-interaction-id=\"b647354\"  data-e-type=\"widget\" data-id=\"b647354\">\n\t\t\t\t\t\t\t\tLicence aptver <strong>tikai akt\u012bvaj\u0101 abonementa pl\u0101n\u0101 nor\u0101d\u012bto atra\u0161an\u0101s vietu skaitu<\/strong>.<br>Papildu atra\u0161an\u0101s viet\u0101m nepiecie\u0161ams jaun\u0101ks abonements.\n\t\t\t\t\t<\/p>\n\t\t\t\t\t<\/div>\n\t\t\t\t<\/div>\n\t\t<div class=\"elementor-element elementor-element-550938f e-flex e-con-boxed e-con e-parent\" data-id=\"550938f\" data-element_type=\"container\" data-e-type=\"container\">\n\t\t\t\t\t<div class=\"e-con-inner\">\n\t\t\t\t\t\t\t<h4 \n\t\tdata-interaction-id=\"a335f82\" \n\t\tclass=\"e-heading-base\" \n\t\t \n\t\tdata-e-type=\"widget\" data-id=\"a335f82\"\n\t>\n\t\n\t\t\t6. \u012apa\u0161umties\u012bbas\n\t\t<\/h4>\n\t\t\t\t\t<\/div>\n\t\t\t\t<\/div>\n\t\t<div class=\"elementor-element elementor-element-5a2edfb e-flex e-con-boxed e-con e-parent\" data-id=\"5a2edfb\" data-element_type=\"container\" data-e-type=\"container\">\n\t\t\t\t\t<div class=\"e-con-inner\">\n\t\t\t\t\t\t\t\t<p class=\"e-paragraph-base\" data-interaction-id=\"1d700da\"  data-e-type=\"widget\" data-id=\"1d700da\">\n\t\t\t\t\t\t\t\tVisas autorties\u012bbas un intelektu\u0101l\u0101 \u012bpa\u0161uma ties\u012bbas paliek Licenci\u0101ra ekskluz\u012bv\u0101 \u012bpa\u0161um\u0101.<br>Saska\u0146\u0101 ar \u0161o L\u012bgumu \u012bpa\u0161umties\u012bbas netiek nodotas.\n\t\t\t\t\t<\/p>\n\t\t\t\t\t<\/div>\n\t\t\t\t<\/div>\n\t\t<div class=\"elementor-element elementor-element-ab7741a e-flex e-con-boxed e-con e-parent\" data-id=\"ab7741a\" data-element_type=\"container\" data-e-type=\"container\">\n\t\t\t\t\t<div class=\"e-con-inner\">\n\t\t\t\t\t\t\t<h4 \n\t\tdata-interaction-id=\"c5ffa9b\" \n\t\tclass=\"e-heading-base\" \n\t\t \n\t\tdata-e-type=\"widget\" data-id=\"c5ffa9b\"\n\t>\n\t\n\t\t\t7. Izbeig\u0161ana\n\t\t<\/h4>\n\t\t\t\t\t<\/div>\n\t\t\t\t<\/div>\n\t\t<div class=\"elementor-element elementor-element-de07e6f e-flex e-con-boxed e-con e-parent\" data-id=\"de07e6f\" data-element_type=\"container\" data-e-type=\"container\">\n\t\t\t\t\t<div class=\"e-con-inner\">\n\t\t\t\t\t\t\t\t<p class=\"e-paragraph-base\" data-interaction-id=\"1baadf3\"  data-e-type=\"widget\" data-id=\"1baadf3\">\n\t\t\t\t\t\t\t\t\u0160is L\u012bgums autom\u0101tiski izbeidzas, ja:Abonements beidzas vai tiek atcelts;Tiek p\u0101rk\u0101pti \u0161ie noteikumi.P\u0113c izbeig\u0161anas visa Licenc\u0113t\u0101s m\u016bzikas izmanto\u0161ana nekav\u0113joties j\u0101p\u0101rtrauc.\n\t\t\t\t\t<\/p>\n\t\t\t\t\t<\/div>\n\t\t\t\t<\/div>\n\t\t<div class=\"elementor-element elementor-element-748397f e-flex e-con-boxed e-con e-parent\" data-id=\"748397f\" data-element_type=\"container\" data-e-type=\"container\">\n\t\t\t\t\t<div class=\"e-con-inner\">\n\t\t\t\t\t\t\t<h4 \n\t\tdata-interaction-id=\"8d4d8d9\" \n\t\tclass=\"e-heading-base\" \n\t\t \n\t\tdata-e-type=\"widget\" data-id=\"8d4d8d9\"\n\t>\n\t\n\t\t\t8. Atbild\u012bba un atl\u012bdzin\u0101\u0161ana\n\t\t<\/h4>\n\t\t\t\t\t<\/div>\n\t\t\t\t<\/div>\n\t\t<div class=\"elementor-element elementor-element-fe4e81b e-flex e-con-boxed e-con e-parent\" data-id=\"fe4e81b\" data-element_type=\"container\" data-e-type=\"container\">\n\t\t\t\t\t<div class=\"e-con-inner\">\n\t\t\t\t\t\t\t\t<p class=\"e-paragraph-base\" data-interaction-id=\"aeba6ec\"  data-e-type=\"widget\" data-id=\"aeba6ec\">\n\t\t\t\t\t\t\t\tLicenci\u0101rs garant\u0113, ka tam ir pilnas ties\u012bbas licenc\u0113t Licenc\u0113to m\u016bziku, k\u0101 aprakst\u012bts.<br>Licenci\u0101ts piekr\u012bt izmantot Licenc\u0113to m\u016bziku tikai at\u013cautaj\u0101 veid\u0101.\n\t\t\t\t\t<\/p>\n\t\t\t\t\t<\/div>\n\t\t\t\t<\/div>\n\t\t<div class=\"elementor-element elementor-element-5ab2f97 e-flex e-con-boxed e-con e-parent\" data-id=\"5ab2f97\" data-element_type=\"container\" data-e-type=\"container\">\n\t\t\t\t\t<div class=\"e-con-inner\">\n\t\t\t\t\t\t\t<h4 \n\t\tdata-interaction-id=\"c594162\" \n\t\tclass=\"e-heading-base\" \n\t\t \n\t\tdata-e-type=\"widget\" data-id=\"c594162\"\n\t>\n\t\n\t\t\t9. Piem\u0113rojamie ties\u012bbu akti\n\t\t<\/h4>\n\t\t\t\t\t<\/div>\n\t\t\t\t<\/div>\n\t\t<div class=\"elementor-element elementor-element-78ac651 e-flex e-con-boxed e-con e-parent\" data-id=\"78ac651\" data-element_type=\"container\" data-e-type=\"container\">\n\t\t\t\t\t<div class=\"e-con-inner\">\n\t\t\t\t\t\t\t\t<p class=\"e-paragraph-base\" data-interaction-id=\"3d2983d\"  data-e-type=\"widget\" data-id=\"3d2983d\">\n\t\t\t\t\t\t\t\t\u0160o L\u012bgumu regul\u0113 <strong>Sp\u0101nijas un ES jurisdikcijas<\/strong> ties\u012bbu akti, ne\u0146emot v\u0113r\u0101 ties\u012bbu normu kol\u012bzijas principus.\n\t\t\t\t\t<\/p>\n\t\t\t\t\t<\/div>\n\t\t\t\t<\/div>\n\t\t<div class=\"elementor-element elementor-element-15e4089 e-flex e-con-boxed e-con e-parent\" data-id=\"15e4089\" data-element_type=\"container\" data-e-type=\"container\">\n\t\t\t\t\t<div class=\"e-con-inner\">\n\t\t\t\t\t\t\t<h4 \n\t\tdata-interaction-id=\"484b36e\" \n\t\tclass=\"e-heading-base\" \n\t\t \n\t\tdata-e-type=\"widget\" data-id=\"484b36e\"\n\t>\n\t\n\t\t\t10. Piln\u012bgs l\u012bgums\n\t\t<\/h4>\n\t\t\t\t\t<\/div>\n\t\t\t\t<\/div>\n\t\t<div class=\"elementor-element elementor-element-c90ed9c e-flex e-con-boxed e-con e-parent\" data-id=\"c90ed9c\" data-element_type=\"container\" data-e-type=\"container\">\n\t\t\t\t\t<div class=\"e-con-inner\">\n\t\t\t\t\t\t\t\t<p class=\"e-paragraph-base\" data-interaction-id=\"d03c069\"  data-e-type=\"widget\" data-id=\"d03c069\">\n\t\t\t\t\t\t\t\t\u0160is L\u012bgums ir piln\u012bgs pu\u0161u starp\u0101 nosl\u0113gtais l\u012bgums par Licenc\u0113to m\u016bziku.\n\t\t\t\t\t<\/p>\n\t\t\t\t\t<\/div>\n\t\t\t\t<\/div>\n\t\t\t\t<\/div>\n\t\t","protected":false},"excerpt":{"rendered":"<p>Komerci\u0101l\u0101s m\u016bzikas licences l\u012bgums \u0160is Komerci\u0101l\u0101s m\u016bzikas licences l\u012bgums (\u201cL\u012bgums\u201d) tiek nosl\u0113gts starp:Licenci\u0101rs: Fidelis Marketing Group SL.Darbojas ar z\u012bmolu: ListenForFree.com un Licenci\u0101ts:Abon\u0113jo\u0161\u0101 uz\u0146\u0113m\u0113jdarb\u012bbas vien\u012bba vai fiziska persona. Ieg\u0101d\u0101joties vai izmantojot \u0161o abonementu, Licenci\u0101ts piekr\u012bt \u0161\u0101diem noteikumiem. 1. Licenc\u0113t\u0101 m\u016bzika M\u016bzika, kas pieejama saska\u0146\u0101 ar \u0161o abonementu (\u201cLicenc\u0113t\u0101 m\u016bzika\u201d), sast\u0101v tikai no ori\u0123in\u0101liem m\u016bzikas darbiem, kas:nav [&hellip;]<\/p>\n","protected":false},"author":1,"featured_media":0,"parent":8444,"menu_order":0,"comment_status":"closed","ping_status":"closed","template":"elementor_header_footer","meta":{"_acf_changed":false,"footnotes":""},"class_list":["post-7998","page","type-page","status-publish","hentry"],"acf":[],"_links":{"self":[{"href":"https:\/\/audiowo.com\/lv\/wp-json\/wp\/v2\/pages\/7998","targetHints":{"allow":["GET"]}}],"collection":[{"href":"https:\/\/audiowo.com\/lv\/wp-json\/wp\/v2\/pages"}],"about":[{"href":"https:\/\/audiowo.com\/lv\/wp-json\/wp\/v2\/types\/page"}],"author":[{"embeddable":true,"href":"https:\/\/audiowo.com\/lv\/wp-json\/wp\/v2\/users\/1"}],"replies":[{"embeddable":true,"href":"https:\/\/audiowo.com\/lv\/wp-json\/wp\/v2\/comments?post=7998"}],"version-history":[{"count":0,"href":"https:\/\/audiowo.com\/lv\/wp-json\/wp\/v2\/pages\/7998\/revisions"}],"up":[{"embeddable":true,"href":"https:\/\/audiowo.com\/lv\/wp-json\/wp\/v2\/pages\/8444"}],"wp:attachment":[{"href":"https:\/\/audiowo.com\/lv\/wp-json\/wp\/v2\/media?parent=7998"}],"curies":[{"name":"wp","href":"https:\/\/api.w.org\/{rel}","templated":true}]}}