{"id":8289,"date":"2026-04-06T13:10:21","date_gmt":"2026-04-06T11:10:21","guid":{"rendered":"https:\/\/audiowo.com\/sazinieties-ar-mums\/"},"modified":"2026-04-26T14:22:37","modified_gmt":"2026-04-26T12:22:37","slug":"contact-us","status":"publish","type":"page","link":"https:\/\/audiowo.com\/lv\/contact-us\/","title":{"rendered":"Sazinieties ar mums"},"content":{"rendered":"\t\t<div data-elementor-type=\"wp-page\" data-elementor-id=\"8289\" class=\"elementor elementor-8289 elementor-3522\" data-elementor-post-type=\"page\">\n\t\t\t\t<div class=\"elementor-element elementor-element-83c6d3b e-flex e-con-boxed e-con e-parent\" data-id=\"83c6d3b\" data-element_type=\"container\" data-e-type=\"container\">\n\t\t\t\t\t<div class=\"e-con-inner\">\n\t\t\t\t<div class=\"elementor-element elementor-element-8af9681 elementor-widget elementor-widget-heading\" data-id=\"8af9681\" data-element_type=\"widget\" data-e-type=\"widget\" data-widget_type=\"heading.default\">\n\t\t\t\t\t<h1 class=\"elementor-heading-title elementor-size-default\">Sazinieties ar mums<\/h1>\t\t\t\t<\/div>\n\t\t\t\t\t<\/div>\n\t\t\t\t<\/div>\n\t\t<div class=\"elementor-element elementor-element-29a8972 e-flex e-con-boxed e-con e-parent\" data-id=\"29a8972\" data-element_type=\"container\" data-e-type=\"container\">\n\t\t\t\t\t<div class=\"e-con-inner\">\n\t\t<div class=\"elementor-element elementor-element-bbc5a20 e-con-full e-flex e-con e-child\" data-id=\"bbc5a20\" data-element_type=\"container\" data-e-type=\"container\">\n\t\t\t\t<div class=\"elementor-element elementor-element-1360b13 elementor-widget elementor-widget-text-editor\" data-id=\"1360b13\" data-element_type=\"widget\" data-e-type=\"widget\" data-widget_type=\"text-editor.default\">\n\t\t\t\t\t\t\t\t\t<h4 data-start=\"1033\" data-end=\"1057\"><span role=\"text\"><strong data-start=\"1038\" data-end=\"1057\">Sazinieties ar AUDIOWO.com<\/strong><\/span><\/h4><p data-start=\"371\" data-end=\"541\">Vai jums ir jaut\u0101jumi par m\u016bsu m\u016bzikas licenc\u0113m, sertifik\u0101tiem vai audio izmanto\u0161anu j\u016bsu uz\u0146\u0113mum\u0101 vai projekt\u0101? M\u016bsu komanda ir gatava jums \u0101tri un profesion\u0101li pal\u012bdz\u0113t. <\/p><p data-start=\"543\" data-end=\"709\">AUDIOWO.com ir da\u013ca no <strong data-start=\"566\" data-end=\"596\">Fidelis Marketing Group SL<\/strong>, Sp\u0101nij\u0101 b\u0101z\u0113ta uz\u0146\u0113muma, kas specializ\u0113jas tie\u0161\u0101 m\u016bzikas licenc\u0113\u0161an\u0101, nepa\u013caujoties uz tradicion\u0101laj\u0101m PRO organiz\u0101cij\u0101m.<\/p><p data-start=\"711\" data-end=\"833\">M\u0113s atbalst\u0101m uz\u0146\u0113mumus, veidot\u0101jus un raidorganiz\u0101cijas ar skaidr\u0101m, juridiski struktur\u0113t\u0101m un starptautiski piem\u0113rojam\u0101m licenc\u0113m.<\/p><h4 data-start=\"1254\" data-end=\"1275\"><span role=\"text\"><strong data-start=\"1259\" data-end=\"1275\">\u0100trs atbalsts<\/strong><\/span><\/h4><p data-start=\"1277\" data-end=\"1422\">M\u016bsu m\u0113r\u0137is ir p\u0113c iesp\u0113jas \u0101tr\u0101k atbild\u0113t uz visiem jaut\u0101jumiem. Eso\u0161ajiem klientiem ieteicams pieteikties sav\u0101 <strong data-start=\"1386\" data-end=\"1400\">Man\u0101 kont\u0101<\/strong>, lai tie\u0161i piek\u013c\u016btu: <\/p><ul data-start=\"1424\" data-end=\"1485\"><li data-section-id=\"iod2zy\" data-start=\"1424\" data-end=\"1440\">Sertifik\u0101ti<\/li><li data-section-id=\"1j6ih2i\" data-start=\"1441\" data-end=\"1453\">R\u0113\u0137ini<\/li><li data-section-id=\"1pcwdp4\" data-start=\"1454\" data-end=\"1471\">Abonementi<\/li><li data-section-id=\"1oncmlr\" data-start=\"1472\" data-end=\"1485\">Lejupiel\u0101des<\/li><\/ul>\t\t\t\t\t\t\t\t<\/div>\n\t\t\t\t<\/div>\n\t\t<div class=\"elementor-element elementor-element-1fc1448 e-con-full e-flex e-con e-child\" data-id=\"1fc1448\" data-element_type=\"container\" data-e-type=\"container\">\n\t\t\t\t<div class=\"elementor-element elementor-element-62f82cc elementor-widget elementor-widget-image\" data-id=\"62f82cc\" data-element_type=\"widget\" data-e-type=\"widget\" data-widget_type=\"image.default\">\n\t\t\t\t\t\t\t\t\t\t\t\t\t\t\t<img fetchpriority=\"high\" decoding=\"async\" width=\"360\" height=\"275\" src=\"https:\/\/audiowo.com\/wp-content\/uploads\/2026\/04\/cropped-logo-Audiowo.jpg\" class=\"attachment-large size-large wp-image-8291\" alt=\"logo Audiowo\" srcset=\"https:\/\/audiowo.com\/wp-content\/uploads\/2026\/04\/cropped-logo-Audiowo.jpg 360w, https:\/\/audiowo.com\/wp-content\/uploads\/2026\/04\/cropped-logo-Audiowo-300x229.jpg 300w\" sizes=\"(max-width: 360px) 100vw, 360px\" \/>\t\t\t\t\t\t\t\t\t\t\t\t\t\t\t<\/div>\n\t\t\t\t<div class=\"elementor-element elementor-element-d46eabf elementor-widget elementor-widget-text-editor\" data-id=\"d46eabf\" data-element_type=\"widget\" data-e-type=\"widget\" data-widget_type=\"text-editor.default\">\n\t\t\t\t\t\t\t\t\t<p data-start=\"866\" data-end=\"959\"><strong>AUDIOWO.com<\/strong><br>Fidelis Marketing Group SL<br data-start=\"910\" data-end=\"913\">Calle Noruega a.h. 483<br data-start=\"935\" data-end=\"938\">03590 Altea<br data-start=\"949\" data-end=\"952\">Sp\u0101nija<\/p><p data-start=\"961\" data-end=\"1026\">\ud83d\udcde <strong data-start=\"964\" data-end=\"974\">T\u0101lrunis:<\/strong> +34 865 71 25 82<br data-start=\"991\" data-end=\"994\">\ud83e\uddfe <strong data-start=\"997\" data-end=\"1012\">PVN numurs:<\/strong> ESB13784806<\/p>\t\t\t\t\t\t\t\t<\/div>\n\t\t\t\t<\/div>\n\t\t\t\t\t<\/div>\n\t\t\t\t<\/div>\n\t\t<div class=\"elementor-element elementor-element-aa22a62 e-flex e-con-boxed e-con e-parent\" data-id=\"aa22a62\" data-element_type=\"container\" data-e-type=\"container\" data-settings=\"{&quot;background_background&quot;:&quot;gradient&quot;}\">\n\t\t\t\t\t<div class=\"e-con-inner\">\n\t\t<div class=\"elementor-element elementor-element-e98a38b e-con-full e-flex e-con e-child\" data-id=\"e98a38b\" data-element_type=\"container\" data-e-type=\"container\">\n\t\t\t\t<div class=\"elementor-element elementor-element-3e11994 elementor-widget elementor-widget-text-editor\" data-id=\"3e11994\" data-element_type=\"widget\" data-e-type=\"widget\" data-widget_type=\"text-editor.default\">\n\t\t\t\t\t\t\t\t\t<h4 data-start=\"1033\" data-end=\"1057\"><span role=\"text\"><strong data-start=\"1038\" data-end=\"1057\">K\u0101 m\u0113s varam pal\u012bdz\u0113t<\/strong><\/span><\/h4><ul data-start=\"1059\" data-end=\"1247\"><li data-section-id=\"1b41vub\" data-start=\"1059\" data-end=\"1107\">M\u016bzikas licenc\u0113\u0161ana (uz\u0146\u0113mumiem, veidot\u0101jiem, raidorganiz\u0101cij\u0101m)<\/li><li data-section-id=\"1o50n8f\" data-start=\"1108\" data-end=\"1139\">Sertifik\u0101ti un PDF licences<\/li><li data-section-id=\"2a092b\" data-start=\"1140\" data-end=\"1178\">M\u016bzikas izmanto\u0161ana bez PRO saist\u012bb\u0101m<\/li><li data-section-id=\"kpuvv5\" data-start=\"1179\" data-end=\"1207\">R\u0113\u0137ini un abonementi<\/li><li data-section-id=\"1t7olud\" data-start=\"1208\" data-end=\"1247\">Juridiskie jaut\u0101jumi par m\u016bzikas izmanto\u0161anu<\/li><\/ul><p data-start=\"1521\" data-end=\"1678\"> <\/p>\t\t\t\t\t\t\t\t<\/div>\n\t\t\t\t<\/div>\n\t\t<div class=\"elementor-element elementor-element-0da1d19 e-con-full e-flex e-con e-child\" data-id=\"0da1d19\" data-element_type=\"container\" data-e-type=\"container\">\n\t\t\t\t<div class=\"elementor-element elementor-element-821c7a0 elementor-button-align-stretch elementor-widget elementor-widget-form\" data-id=\"821c7a0\" data-element_type=\"widget\" data-e-type=\"widget\" data-settings=\"{&quot;step_next_label&quot;:&quot;N\\u0101kamais&quot;,&quot;step_previous_label&quot;:&quot;Iepriek\\u0161\\u0113jais&quot;,&quot;button_width&quot;:&quot;100&quot;,&quot;step_type&quot;:&quot;number_text&quot;,&quot;step_icon_shape&quot;:&quot;circle&quot;}\" data-widget_type=\"form.default\">\n\t\t\t\t\t\t\t<form class=\"elementor-form\" method=\"post\" name=\"Jauna veidlapa\" aria-label=\"Jauna veidlapa\">\n\t\t\t<input type=\"hidden\" name=\"post_id\" value=\"8289\"\/>\n\t\t\t<input type=\"hidden\" name=\"form_id\" value=\"821c7a0\"\/>\n\t\t\t<input type=\"hidden\" name=\"referer_title\" value=\"Sazinieties ar mums\" \/>\n\n\t\t\t\t\t\t\t<input type=\"hidden\" name=\"queried_id\" value=\"8289\"\/>\n\t\t\t\n\t\t\t<div class=\"elementor-form-fields-wrapper elementor-labels-\">\n\t\t\t\t\t\t\t\t<div class=\"elementor-field-type-text elementor-field-group elementor-column elementor-field-group-name elementor-col-100\">\n\t\t\t\t\t\t\t\t\t\t\t\t<label for=\"form-field-name\" class=\"elementor-field-label elementor-screen-only\">\n\t\t\t\t\t\t\t\tV\u0101rds\t\t\t\t\t\t\t<\/label>\n\t\t\t\t\t\t\t\t\t\t\t\t\t\t<input size=\"1\" type=\"text\" name=\"form_fields[name]\" id=\"form-field-name\" class=\"elementor-field elementor-size-sm  elementor-field-textual\" placeholder=\"V\u0101rds\">\n\t\t\t\t\t\t\t\t\t\t\t<\/div>\n\t\t\t\t\t\t\t\t<div class=\"elementor-field-type-email elementor-field-group elementor-column elementor-field-group-email elementor-col-100 elementor-field-required\">\n\t\t\t\t\t\t\t\t\t\t\t\t<label for=\"form-field-email\" class=\"elementor-field-label elementor-screen-only\">\n\t\t\t\t\t\t\t\tE-pasts\t\t\t\t\t\t\t<\/label>\n\t\t\t\t\t\t\t\t\t\t\t\t\t\t<input size=\"1\" type=\"email\" name=\"form_fields[email]\" id=\"form-field-email\" class=\"elementor-field elementor-size-sm  elementor-field-textual\" placeholder=\"E-pasts\" required=\"required\">\n\t\t\t\t\t\t\t\t\t\t\t<\/div>\n\t\t\t\t\t\t\t\t<div class=\"elementor-field-type-textarea elementor-field-group elementor-column elementor-field-group-message elementor-col-100\">\n\t\t\t\t\t\t\t\t\t\t\t\t<label for=\"form-field-message\" class=\"elementor-field-label elementor-screen-only\">\n\t\t\t\t\t\t\t\tZi\u0146ojums\t\t\t\t\t\t\t<\/label>\n\t\t\t\t\t\t<textarea class=\"elementor-field-textual elementor-field  elementor-size-sm\" name=\"form_fields[message]\" id=\"form-field-message\" rows=\"4\" placeholder=\"Zi\u0146ojums\"><\/textarea>\t\t\t\t<\/div>\n\t\t\t\t\t\t\t\t<div class=\"elementor-field-type-recaptcha_v3 elementor-field-group elementor-column elementor-field-group-field_0b8fecd elementor-col-100 recaptcha_v3-bottomright\">\n\t\t\t\t\t<div class=\"elementor-field\" id=\"form-field-field_0b8fecd\"><div class=\"elementor-g-recaptcha\" data-sitekey=\"6LeSjaksAAAAAFzOI5Py2T54MP-PM0i_JsDSLFK7\" data-type=\"v3\" data-action=\"Form\" data-badge=\"bottomright\" data-size=\"invisible\"><\/div><\/div>\t\t\t\t<\/div>\n\t\t\t\t\t\t\t\t<div class=\"elementor-field-group elementor-column elementor-field-type-submit elementor-col-100 e-form__buttons\">\n\t\t\t\t\t<button class=\"elementor-button elementor-size-sm\" type=\"submit\">\n\t\t\t\t\t\t<span class=\"elementor-button-content-wrapper\">\n\t\t\t\t\t\t\t\t\t\t\t\t\t\t\t\t\t\t\t\t\t\t<span class=\"elementor-button-text\">S\u016bt\u012bt<\/span>\n\t\t\t\t\t\t\t\t\t\t\t\t\t<\/span>\n\t\t\t\t\t<\/button>\n\t\t\t\t<\/div>\n\t\t\t<\/div>\n\t\t<\/form>\n\t\t\t\t\t\t<\/div>\n\t\t\t\t<\/div>\n\t\t\t\t\t<\/div>\n\t\t\t\t<\/div>\n\t\t<div class=\"elementor-element elementor-element-71094ea e-flex e-con-boxed e-con e-parent\" data-id=\"71094ea\" data-element_type=\"container\" data-e-type=\"container\">\n\t\t\t\t\t<div class=\"e-con-inner\">\n\t\t<div class=\"elementor-element elementor-element-89de029 e-con-full e-flex e-con e-child\" data-id=\"89de029\" data-element_type=\"container\" data-e-type=\"container\">\n\t\t\t\t<div class=\"elementor-element elementor-element-c5bc123 elementor-widget elementor-widget-text-editor\" data-id=\"c5bc123\" data-element_type=\"widget\" data-e-type=\"widget\" data-widget_type=\"text-editor.default\">\n\t\t\t\t\t\t\t\t\t<h4 data-start=\"1492\" data-end=\"1519\"><span role=\"text\"><strong data-start=\"1497\" data-end=\"1519\">Juridiskie jaut\u0101jumi un atbilst\u012bba<\/strong><\/span><\/h4><p data-start=\"1521\" data-end=\"1678\">Visas licences, kas tiek nodro\u0161in\u0101tas caur AUDIOWO.com, tiek regul\u0113tas saska\u0146\u0101 ar <strong data-start=\"1575\" data-end=\"1590\">Sp\u0101nijas ties\u012bbu aktiem<\/strong> un tiek izsniegtas k\u0101 <strong data-start=\"1609\" data-end=\"1628\">tie\u0161\u0101s licences<\/strong>, kas aptver gan muzik\u0101los darbus, gan ska\u0146u ierakstus.<\/p>\t\t\t\t\t\t\t\t<\/div>\n\t\t\t\t<\/div>\n\t\t<div class=\"elementor-element elementor-element-6b55269 e-con-full e-flex e-con e-child\" data-id=\"6b55269\" data-element_type=\"container\" data-e-type=\"container\">\n\t\t\t\t<\/div>\n\t\t\t\t\t<\/div>\n\t\t\t\t<\/div>\n\t\t\t\t<\/div>\n\t\t","protected":false},"excerpt":{"rendered":"<p>Sazinieties ar mums Sazinieties ar AUDIOWO.com Vai jums ir jaut\u0101jumi par m\u016bsu m\u016bzikas licenc\u0113m, sertifik\u0101tiem vai audio izmanto\u0161anu j\u016bsu uz\u0146\u0113mum\u0101 vai projekt\u0101? M\u016bsu komanda ir gatava jums \u0101tri un profesion\u0101li pal\u012bdz\u0113t. AUDIOWO.com ir da\u013ca no Fidelis Marketing Group SL, Sp\u0101nij\u0101 b\u0101z\u0113ta uz\u0146\u0113muma, kas specializ\u0113jas tie\u0161\u0101 m\u016bzikas licenc\u0113\u0161an\u0101, nepa\u013caujoties uz tradicion\u0101laj\u0101m PRO organiz\u0101cij\u0101m. M\u0113s atbalst\u0101m uz\u0146\u0113mumus, [&hellip;]<\/p>\n","protected":false},"author":1,"featured_media":0,"parent":0,"menu_order":0,"comment_status":"closed","ping_status":"closed","template":"elementor_header_footer","meta":{"_acf_changed":false,"footnotes":""},"class_list":["post-8289","page","type-page","status-publish","hentry"],"acf":[],"_links":{"self":[{"href":"https:\/\/audiowo.com\/lv\/wp-json\/wp\/v2\/pages\/8289","targetHints":{"allow":["GET"]}}],"collection":[{"href":"https:\/\/audiowo.com\/lv\/wp-json\/wp\/v2\/pages"}],"about":[{"href":"https:\/\/audiowo.com\/lv\/wp-json\/wp\/v2\/types\/page"}],"author":[{"embeddable":true,"href":"https:\/\/audiowo.com\/lv\/wp-json\/wp\/v2\/users\/1"}],"replies":[{"embeddable":true,"href":"https:\/\/audiowo.com\/lv\/wp-json\/wp\/v2\/comments?post=8289"}],"version-history":[{"count":1,"href":"https:\/\/audiowo.com\/lv\/wp-json\/wp\/v2\/pages\/8289\/revisions"}],"predecessor-version":[{"id":13970,"href":"https:\/\/audiowo.com\/lv\/wp-json\/wp\/v2\/pages\/8289\/revisions\/13970"}],"wp:attachment":[{"href":"https:\/\/audiowo.com\/lv\/wp-json\/wp\/v2\/media?parent=8289"}],"curies":[{"name":"wp","href":"https:\/\/api.w.org\/{rel}","templated":true}]}}