{"id":8349,"date":"2026-02-08T13:37:11","date_gmt":"2026-02-08T12:37:11","guid":{"rendered":"https:\/\/audiowo.com\/sikdatnu-politika\/"},"modified":"2026-04-09T17:31:44","modified_gmt":"2026-04-09T15:31:44","slug":"sikdatnu-politika","status":"publish","type":"page","link":"https:\/\/audiowo.com\/lv\/juridiski\/sikdatnu-politika\/","title":{"rendered":"S\u012bkdat\u0146u politika"},"content":{"rendered":"\t\t<div data-elementor-type=\"wp-page\" data-elementor-id=\"8349\" class=\"elementor elementor-8349 elementor-92\" data-elementor-post-type=\"page\">\n\t\t\t\t<div class=\"elementor-element elementor-element-dc914a3 e-flex e-con-boxed e-con e-parent\" data-id=\"dc914a3\" data-element_type=\"container\" data-e-type=\"container\">\n\t\t\t\t\t<div class=\"e-con-inner\">\n\t\t\t\t<div class=\"elementor-element elementor-element-70d2002 elementor-widget elementor-widget-heading\" data-id=\"70d2002\" data-element_type=\"widget\" data-e-type=\"widget\" data-widget_type=\"heading.default\">\n\t\t\t\t\t<h1 class=\"elementor-heading-title elementor-size-default\">S\u012bkdat\u0146u politika<\/h1>\t\t\t\t<\/div>\n\t\t\t\t\t<\/div>\n\t\t\t\t<\/div>\n\t\t<div class=\"elementor-element elementor-element-6892fd4 e-flex e-con-boxed e-con e-parent\" data-id=\"6892fd4\" data-element_type=\"container\" data-e-type=\"container\">\n\t\t\t\t\t<div class=\"e-con-inner\">\n\t\t\t\t\t\t\t<h4 \n\t\tdata-interaction-id=\"4c760cc\" \n\t\tclass=\"e-heading-base\" \n\t\t \n\t\tdata-e-type=\"widget\" data-id=\"4c760cc\"\n\t>\n\t\n\t\t\tS\u012bkdat\u0146u politika\n\t\t<\/h4>\n\t\t\t\t\t<\/div>\n\t\t\t\t<\/div>\n\t\t<div class=\"elementor-element elementor-element-8bed17a e-flex e-con-boxed e-con e-parent\" data-id=\"8bed17a\" data-element_type=\"container\" data-e-type=\"container\">\n\t\t\t\t\t<div class=\"e-con-inner\">\n\t\t\t\t\t\t\t\t<p class=\"e-paragraph-base\" data-interaction-id=\"95adcc4\"  data-e-type=\"widget\" data-id=\"95adcc4\">\n\t\t\t\t\t\t\t\t\u0160\u012b s\u012bkdat\u0146u politika skaidro, kas ir s\u012bkdatnes, k\u0101da veida s\u012bkdatnes m\u0113s izmantojam \u0161aj\u0101 t\u012bmek\u013ca vietn\u0113 un k\u0101 varat p\u0101rvald\u012bt savas preferences.\n\t\t\t\t\t<\/p>\n\t\t\t\t\t<\/div>\n\t\t\t\t<\/div>\n\t\t<div class=\"elementor-element elementor-element-cade8ea e-flex e-con-boxed e-con e-parent\" data-id=\"cade8ea\" data-element_type=\"container\" data-e-type=\"container\">\n\t\t\t\t\t<div class=\"e-con-inner\">\n\t\t\t\t\t\t\t<h4 \n\t\tdata-interaction-id=\"c7aaebc\" \n\t\tclass=\"e-heading-base\" \n\t\t \n\t\tdata-e-type=\"widget\" data-id=\"c7aaebc\"\n\t>\n\t\n\t\t\t1. Kas ir s\u012bkdatnes?\n\t\t<\/h4>\n\t\t\t\t\t<\/div>\n\t\t\t\t<\/div>\n\t\t<div class=\"elementor-element elementor-element-0e05939 e-flex e-con-boxed e-con e-parent\" data-id=\"0e05939\" data-element_type=\"container\" data-e-type=\"container\">\n\t\t\t\t\t<div class=\"e-con-inner\">\n\t\t\t\t\t\t\t\t<p class=\"e-paragraph-base\" data-interaction-id=\"d4152fe\"  data-e-type=\"widget\" data-id=\"d4152fe\">\n\t\t\t\t\t\t\t\tS\u012bkdatnes ir mazi teksta faili, kas tiek saglab\u0101ti j\u016bsu ier\u012bc\u0113, kad apmekl\u0113jat t\u012bmek\u013ca vietni. T\u0101s pal\u012bdz vietnei darboties pareizi, atcer\u0113ties preferences un (ja iesp\u0113jots) nodro\u0161in\u0101t lieto\u0161anas statistiku. \n\t\t\t\t\t<\/p>\n\t\t\t\t\t<\/div>\n\t\t\t\t<\/div>\n\t\t<div class=\"elementor-element elementor-element-612e260 e-flex e-con-boxed e-con e-parent\" data-id=\"612e260\" data-element_type=\"container\" data-e-type=\"container\">\n\t\t\t\t\t<div class=\"e-con-inner\">\n\t\t\t\t\t\t\t<h4 \n\t\tdata-interaction-id=\"18116a3\" \n\t\tclass=\"e-heading-base\" \n\t\t \n\t\tdata-e-type=\"widget\" data-id=\"18116a3\"\n\t>\n\t\n\t\t\t2. Kas kontrol\u0113 s\u012bkdatnes \u0161aj\u0101 vietn\u0113?\n\t\t<\/h4>\n\t\t\t\t\t<\/div>\n\t\t\t\t<\/div>\n\t\t<div class=\"elementor-element elementor-element-4c31965 e-flex e-con-boxed e-con e-parent\" data-id=\"4c31965\" data-element_type=\"container\" data-e-type=\"container\">\n\t\t\t\t\t<div class=\"e-con-inner\">\n\t\t\t\t\t\t\t\t<p class=\"e-paragraph-base\" data-interaction-id=\"1ff8fc0\"  data-e-type=\"widget\" data-id=\"1ff8fc0\">\n\t\t\t\t\t\t\t\t\u0160o t\u012bmek\u013ca vietni p\u0101rvalda: <strong>Fidelis Marketing Group S.L.<\/strong><br>Z\u012bmoli: <strong>audiowo.com<\/strong> un <strong>escuchargratis.es<\/strong><br>(\u201em\u0113s\u201d, \u201emums\u201d)<br>S\u012bk\u0101ku inform\u0101ciju par personas datu apstr\u0101di skatiet m\u016bsu <strong>Priv\u0101tuma politik\u0101<\/strong>.\n\t\t\t\t\t<\/p>\n\t\t\t\t\t<\/div>\n\t\t\t\t<\/div>\n\t\t<div class=\"elementor-element elementor-element-cbb0dc9 e-flex e-con-boxed e-con e-parent\" data-id=\"cbb0dc9\" data-element_type=\"container\" data-e-type=\"container\">\n\t\t\t\t\t<div class=\"e-con-inner\">\n\t\t\t\t\t\t\t<h4 \n\t\tdata-interaction-id=\"4a85d0a\" \n\t\tclass=\"e-heading-base\" \n\t\t \n\t\tdata-e-type=\"widget\" data-id=\"4a85d0a\"\n\t>\n\t\n\t\t\t3. S\u012bkdatnes, ko izmantojam\n\t\t<\/h4>\n\t\t\t\t\t<\/div>\n\t\t\t\t<\/div>\n\t\t<div class=\"elementor-element elementor-element-9fad0bb e-flex e-con-boxed e-con e-parent\" data-id=\"9fad0bb\" data-element_type=\"container\" data-e-type=\"container\">\n\t\t\t\t\t<div class=\"e-con-inner\">\n\t\t\t\t\t\t\t\t<p class=\"e-paragraph-base\" data-interaction-id=\"fa73191\"  data-e-type=\"widget\" data-id=\"fa73191\">\n\t\t\t\t\t\t\t\t3.1 Nepiecie\u0161am\u0101s s\u012bkdatnes (vienm\u0113r akt\u012bvas)\u0160\u012bs s\u012bkdatnes ir nepiecie\u0161amas t\u012bmek\u013ca vietnes pamatfunkcionalit\u0101tei un pakalpojumu snieg\u0161anai (piem\u0113ram, dro\u0161\u012bbai, pamata navig\u0101cijai, sesiju p\u0101rvald\u012bbai, tehniskaj\u0101m preferenc\u0113m).<br><strong>T\u0101m nav nepiecie\u0161ama piekri\u0161ana<\/strong>.<br>Piem\u0113ri (var at\u0161\u0137irties atkar\u012bb\u0101 no konfigur\u0101cijas): Sesiju \/ autentifik\u0101cijas s\u012bkdatnes, Dro\u0161\u012bbas s\u012bkdatnes, B\u016btisk\u0101s tehnisk\u0101s s\u012bkdatnes\n\t\t\t\t\t<\/p>\n\t\t\t\t\t<\/div>\n\t\t\t\t<\/div>\n\t\t<div class=\"elementor-element elementor-element-4242391 e-flex e-con-boxed e-con e-parent\" data-id=\"4242391\" data-element_type=\"container\" data-e-type=\"container\">\n\t\t\t\t\t<div class=\"e-con-inner\">\n\t\t\t\t\t\t\t<h4 \n\t\tdata-interaction-id=\"1eaeeae\" \n\t\tclass=\"e-heading-base\" \n\t\t \n\t\tdata-e-type=\"widget\" data-id=\"1eaeeae\"\n\t>\n\t\n\t\t\t3.2 Anal\u012btisk\u0101s s\u012bkdatnes (tikai ar piekri\u0161anu)\n\t\t<\/h4>\n\t\t\t\t\t<\/div>\n\t\t\t\t<\/div>\n\t\t<div class=\"elementor-element elementor-element-7996d7e e-flex e-con-boxed e-con e-parent\" data-id=\"7996d7e\" data-element_type=\"container\" data-e-type=\"container\">\n\t\t\t\t\t<div class=\"e-con-inner\">\n\t\t\t\t\t\t\t\t<p class=\"e-paragraph-base\" data-interaction-id=\"d74dc8a\"  data-e-type=\"widget\" data-id=\"d74dc8a\">\n\t\t\t\t\t\t\t\t\u0160\u012bs s\u012bkdatnes pal\u012bdz mums saprast, k\u0101 apmekl\u0113t\u0101ji izmanto vietni (piem\u0113ram, apmekl\u0113t\u0101s lapas, vietn\u0113 pavad\u012btais laiks, novirz\u012bt\u0101ji), lai m\u0113s var\u0113tu uzlabot veiktsp\u0113ju un lietojam\u012bbu.<br><strong>Anal\u012btisk\u0101s s\u012bkdatnes tiek aktiviz\u0113tas tikai p\u0113c j\u016bsu piekri\u0161anas<\/strong>, izmantojot m\u016bsu s\u012bkdat\u0146u joslu.Ja j\u016bs noraid\u0101t anal\u012btisk\u0101s s\u012bkdatnes, vietne joproj\u0101m darbosies norm\u0101li, un piek\u013cuve m\u016bsu pakalpojumiem netiks ietekm\u0113ta.\n\t\t\t\t\t<\/p>\n\t\t\t\t\t<\/div>\n\t\t\t\t<\/div>\n\t\t<div class=\"elementor-element elementor-element-43f445b e-flex e-con-boxed e-con e-parent\" data-id=\"43f445b\" data-element_type=\"container\" data-e-type=\"container\">\n\t\t\t\t\t<div class=\"e-con-inner\">\n\t\t\t\t\t\t\t<h4 \n\t\tdata-interaction-id=\"33f6233\" \n\t\tclass=\"e-heading-base\" \n\t\t \n\t\tdata-e-type=\"widget\" data-id=\"33f6233\"\n\t>\n\t\n\t\t\t4. K\u0101 m\u0113s p\u0101rvald\u0101m piekri\u0161anu\n\t\t<\/h4>\n\t\t\t\t\t<\/div>\n\t\t\t\t<\/div>\n\t\t<div class=\"elementor-element elementor-element-7902b33 e-flex e-con-boxed e-con e-parent\" data-id=\"7902b33\" data-element_type=\"container\" data-e-type=\"container\">\n\t\t\t\t\t<div class=\"e-con-inner\">\n\t\t\t\t\t\t\t\t<p class=\"e-paragraph-base\" data-interaction-id=\"13f75d4\"  data-e-type=\"widget\" data-id=\"13f75d4\">\n\t\t\t\t\t\t\t\tKad pirmo reizi apmekl\u0113jat vietni (vai ja neesat izdar\u012bjis izv\u0113li), tiek par\u0101d\u012bta s\u012bkdat\u0146u josla. J\u016bs varat: <strong>Pie\u0146emt anal\u012btisk\u0101s s\u012bkdatnes \u2013 Noraid\u012bt anal\u012btisk\u0101s s\u012bkdatnes<\/strong> \n\t\t\t\t\t<\/p>\n\t\t\t\t\t<\/div>\n\t\t\t\t<\/div>\n\t\t<div class=\"elementor-element elementor-element-512e9ce e-flex e-con-boxed e-con e-parent\" data-id=\"512e9ce\" data-element_type=\"container\" data-e-type=\"container\">\n\t\t\t\t\t<div class=\"e-con-inner\">\n\t\t\t\t\t\t\t<h4 \n\t\tdata-interaction-id=\"da0f765\" \n\t\tclass=\"e-heading-base\" \n\t\t \n\t\tdata-e-type=\"widget\" data-id=\"da0f765\"\n\t>\n\t\n\t\t\t5. K\u0101 dz\u0113st s\u012bkdatnes p\u0101rl\u016bkprogramm\u0101\n\t\t<\/h4>\n\t\t\t\t\t<\/div>\n\t\t\t\t<\/div>\n\t\t<div class=\"elementor-element elementor-element-76276a3 e-flex e-con-boxed e-con e-parent\" data-id=\"76276a3\" data-element_type=\"container\" data-e-type=\"container\">\n\t\t\t\t\t<div class=\"e-con-inner\">\n\t\t\t\t\t\t\t\t<p class=\"e-paragraph-base\" data-interaction-id=\"a24bffc\"  data-e-type=\"widget\" data-id=\"a24bffc\">\n\t\t\t\t\t\t\t\tJ\u016bs varat ar\u012b dz\u0113st vai blo\u0137\u0113t s\u012bkdatnes, izmantojot p\u0101rl\u016bkprogrammas iestat\u012bjumus. L\u016bdzu, \u0146emiet v\u0113r\u0101, ka nepiecie\u0161amo s\u012bkdat\u0146u blo\u0137\u0113\u0161ana var ietekm\u0113t pamatfunkcionalit\u0101ti. \n\t\t\t\t\t<\/p>\n\t\t\t\t\t<\/div>\n\t\t\t\t<\/div>\n\t\t<div class=\"elementor-element elementor-element-1177995 e-flex e-con-boxed e-con e-parent\" data-id=\"1177995\" data-element_type=\"container\" data-e-type=\"container\">\n\t\t\t\t\t<div class=\"e-con-inner\">\n\t\t\t\t\t\t\t<h4 \n\t\tdata-interaction-id=\"c28e0bd\" \n\t\tclass=\"e-heading-base\" \n\t\t \n\t\tdata-e-type=\"widget\" data-id=\"c28e0bd\"\n\t>\n\t\n\t\t\t6. \u0160\u012bs politikas atjaunin\u0101jumi\n\t\t<\/h4>\n\t\t\t\t\t<\/div>\n\t\t\t\t<\/div>\n\t\t<div class=\"elementor-element elementor-element-28144db e-flex e-con-boxed e-con e-parent\" data-id=\"28144db\" data-element_type=\"container\" data-e-type=\"container\">\n\t\t\t\t\t<div class=\"e-con-inner\">\n\t\t\t\t\t\t\t\t<p class=\"e-paragraph-base\" data-interaction-id=\"8e7cec5\"  data-e-type=\"widget\" data-id=\"8e7cec5\">\n\t\t\t\t\t\t\t\tM\u0113s varam atjaunin\u0101t \u0161o s\u012bkdat\u0146u politiku, lai atspogu\u013cotu juridiskas vai tehniskas izmai\u0146as. \u0160aj\u0101 lap\u0101 public\u0113t\u0101 versija ir pa\u0161reiz\u0113j\u0101. \n\t\t\t\t\t<\/p>\n\t\t\t\t\t<\/div>\n\t\t\t\t<\/div>\n\t\t\t\t<\/div>\n\t\t","protected":false},"excerpt":{"rendered":"<p>S\u012bkdat\u0146u politika S\u012bkdat\u0146u politika \u0160\u012b s\u012bkdat\u0146u politika skaidro, kas ir s\u012bkdatnes, k\u0101da veida s\u012bkdatnes m\u0113s izmantojam \u0161aj\u0101 t\u012bmek\u013ca vietn\u0113 un k\u0101 varat p\u0101rvald\u012bt savas preferences. 1. Kas ir s\u012bkdatnes? S\u012bkdatnes ir mazi teksta faili, kas tiek saglab\u0101ti j\u016bsu ier\u012bc\u0113, kad apmekl\u0113jat t\u012bmek\u013ca vietni. T\u0101s pal\u012bdz vietnei darboties pareizi, atcer\u0113ties preferences un (ja iesp\u0113jots) nodro\u0161in\u0101t lieto\u0161anas [&hellip;]<\/p>\n","protected":false},"author":1,"featured_media":0,"parent":8444,"menu_order":0,"comment_status":"closed","ping_status":"closed","template":"elementor_header_footer","meta":{"_acf_changed":false,"footnotes":""},"class_list":["post-8349","page","type-page","status-publish","hentry"],"acf":[],"_links":{"self":[{"href":"https:\/\/audiowo.com\/lv\/wp-json\/wp\/v2\/pages\/8349","targetHints":{"allow":["GET"]}}],"collection":[{"href":"https:\/\/audiowo.com\/lv\/wp-json\/wp\/v2\/pages"}],"about":[{"href":"https:\/\/audiowo.com\/lv\/wp-json\/wp\/v2\/types\/page"}],"author":[{"embeddable":true,"href":"https:\/\/audiowo.com\/lv\/wp-json\/wp\/v2\/users\/1"}],"replies":[{"embeddable":true,"href":"https:\/\/audiowo.com\/lv\/wp-json\/wp\/v2\/comments?post=8349"}],"version-history":[{"count":0,"href":"https:\/\/audiowo.com\/lv\/wp-json\/wp\/v2\/pages\/8349\/revisions"}],"up":[{"embeddable":true,"href":"https:\/\/audiowo.com\/lv\/wp-json\/wp\/v2\/pages\/8444"}],"wp:attachment":[{"href":"https:\/\/audiowo.com\/lv\/wp-json\/wp\/v2\/media?parent=8349"}],"curies":[{"name":"wp","href":"https:\/\/api.w.org\/{rel}","templated":true}]}}