{"id":8367,"date":"2026-02-07T16:04:34","date_gmt":"2026-02-07T15:04:34","guid":{"rendered":"https:\/\/audiowo.com\/reklamas-muzikas-ieguldijuma-ligums\/"},"modified":"2026-04-09T17:31:42","modified_gmt":"2026-04-09T15:31:42","slug":"reklamas-muzikas-ieguldijuma-ligums","status":"publish","type":"page","link":"https:\/\/audiowo.com\/lv\/juridiski\/reklamas-muzikas-ieguldijuma-ligums\/","title":{"rendered":"Rekl\u0101mas m\u016bzikas ieguld\u012bjuma l\u012bgums"},"content":{"rendered":"\t\t<div data-elementor-type=\"wp-page\" data-elementor-id=\"8367\" class=\"elementor elementor-8367 elementor-44\" data-elementor-post-type=\"page\">\n\t\t\t\t<div class=\"elementor-element elementor-element-a93c18d e-flex e-con-boxed e-con e-parent\" data-id=\"a93c18d\" data-element_type=\"container\" data-e-type=\"container\">\n\t\t\t\t\t<div class=\"e-con-inner\">\n\t\t\t\t<div class=\"elementor-element elementor-element-c04a1da elementor-widget elementor-widget-heading\" data-id=\"c04a1da\" data-element_type=\"widget\" data-e-type=\"widget\" data-widget_type=\"heading.default\">\n\t\t\t\t\t<h1 class=\"elementor-heading-title elementor-size-default\">Rekl\u0101mas m\u016bzikas ieguld\u012bjuma l\u012bgums<\/h1>\t\t\t\t<\/div>\n\t\t\t\t\t<\/div>\n\t\t\t\t<\/div>\n\t\t<div class=\"elementor-element elementor-element-a5d71bc e-flex e-con-boxed e-con e-parent\" data-id=\"a5d71bc\" data-element_type=\"container\" data-e-type=\"container\">\n\t\t\t\t\t<div class=\"e-con-inner\">\n\t\t\t\t\t\t\t\t<p class=\"e-paragraph-base\" data-interaction-id=\"64d5bb1\"  data-e-type=\"widget\" data-id=\"64d5bb1\">\n\t\t\t\t\t\t\t\tRekl\u0101mas m\u016bzikas ieguld\u012bjuma l\u012bgums\u0160is Rekl\u0101mas m\u016bzikas ieguld\u012bjuma l\u012bgums (\u201cL\u012bgums\u201d) tiek nosl\u0113gts starp: <strong>Uz\u0146\u0113mums:<\/strong><br><strong>Fidelis Marketing Group S.L.<\/strong><br>Darbojas ar z\u012bmoliem <strong>audiowo.com<\/strong> un <strong>escuchargratis.es<\/strong><br><br>(\u201cUz\u0146\u0113mums\u201d) un <strong>Iesniedz\u0113js: <\/strong>M\u016bzikas iesniedz\u0113js vai ties\u012bbu \u012bpa\u0161nieks (\u201cIesniedz\u0113js\u201d)Aug\u0161upiel\u0101d\u0113jot muzik\u0101lu darbu, Iesniedz\u0113js piekr\u012bt \u0161\u0101diem noteikumiem.\n\t\t\t\t\t<\/p>\n\t\t\t\t\t<\/div>\n\t\t\t\t<\/div>\n\t\t<div class=\"elementor-element elementor-element-de80c50 e-flex e-con-boxed e-con e-parent\" data-id=\"de80c50\" data-element_type=\"container\" data-e-type=\"container\">\n\t\t\t\t\t<div class=\"e-con-inner\">\n\t\t\t\t\t\t\t<h4 \n\t\tdata-interaction-id=\"181912c\" \n\t\tclass=\"e-heading-base\" \n\t\t \n\t\tdata-e-type=\"widget\" data-id=\"181912c\"\n\t>\n\t\n\t\t\t1. L\u012bguma m\u0113r\u0137is\n\t\t<\/h4>\n\t\t\t\t\t<\/div>\n\t\t\t\t<\/div>\n\t\t<div class=\"elementor-element elementor-element-3625bcd e-flex e-con-boxed e-con e-parent\" data-id=\"3625bcd\" data-element_type=\"container\" data-e-type=\"container\">\n\t\t\t\t\t<div class=\"e-con-inner\">\n\t\t\t\t\t\t\t\t<p class=\"e-paragraph-base\" data-interaction-id=\"2728fe8\"  data-e-type=\"widget\" data-id=\"2728fe8\">\n\t\t\t\t\t\t\t\t\u0160\u012b L\u012bguma m\u0113r\u0137is ir <strong>rekl\u0101ma<\/strong>.<br>Iesniedz\u0113js br\u012bvpr\u0101t\u012bgi iesniedz vienu vai vair\u0101kus muzik\u0101lus darbus (\u201cSka\u0146darbs\u201d), lai tos izmantotu k\u0101 <strong>rekl\u0101mas fona m\u016bziku<\/strong> Uz\u0146\u0113muma komerci\u0101laj\u0101s m\u016bzikas platform\u0101s.\n\t\t\t\t\t<\/p>\n\t\t\t\t\t<\/div>\n\t\t\t\t<\/div>\n\t\t<div class=\"elementor-element elementor-element-5788690 e-flex e-con-boxed e-con e-parent\" data-id=\"5788690\" data-element_type=\"container\" data-e-type=\"container\">\n\t\t\t\t\t<div class=\"e-con-inner\">\n\t\t\t\t\t\t\t<h4 \n\t\tdata-interaction-id=\"40b0c00\" \n\t\tclass=\"e-heading-base\" \n\t\t \n\t\tdata-e-type=\"widget\" data-id=\"40b0c00\"\n\t>\n\t\n\t\t\t2. Ties\u012bbu nodo\u0161ana\n\t\t<\/h4>\n\t\t\t\t\t<\/div>\n\t\t\t\t<\/div>\n\t\t<div class=\"elementor-element elementor-element-9211709 e-flex e-con-boxed e-con e-parent\" data-id=\"9211709\" data-element_type=\"container\" data-e-type=\"container\">\n\t\t\t\t\t<div class=\"e-con-inner\">\n\t\t\t\t\t\t\t\t<p class=\"e-paragraph-base\" data-interaction-id=\"d0efa90\"  data-e-type=\"widget\" data-id=\"d0efa90\">\n\t\t\t\t\t\t\t\tIesniedz\u0113js ar \u0161o <strong>neatgriezeniski nodod visas ties\u012bbas, \u012bpa\u0161umties\u012bbas un intereses<\/strong> uz Ska\u0146darbu uz\u0146\u0113mumam Fidelis Marketing Group S.L., tostarp, bet ne tikai:Autorties\u012bbas un blakusties\u012bbas;Komerci\u0101l\u0101s izmanto\u0161anas ties\u012bbas;Izplat\u012b\u0161anas, reproduc\u0113\u0161anas, publiskas atska\u0146o\u0161anas un pazi\u0146o\u0161anas ties\u012bbas.\u0160\u012b nodo\u0161ana ir <strong>past\u0101v\u012bga un neatgriezeniska<\/strong>.\n\t\t\t\t\t<\/p>\n\t\t\t\t\t<\/div>\n\t\t\t\t<\/div>\n\t\t<div class=\"elementor-element elementor-element-ab6979e e-flex e-con-boxed e-con e-parent\" data-id=\"ab6979e\" data-element_type=\"container\" data-e-type=\"container\">\n\t\t\t\t\t<div class=\"e-con-inner\">\n\t\t\t\t\t\t\t<h4 \n\t\tdata-interaction-id=\"2570dab\" \n\t\tclass=\"e-heading-base\" \n\t\t \n\t\tdata-e-type=\"widget\" data-id=\"2570dab\"\n\t>\n\t\n\t\t\t3. Bez atl\u012bdz\u012bbas\n\t\t<\/h4>\n\t\t\t\t\t<\/div>\n\t\t\t\t<\/div>\n\t\t<div class=\"elementor-element elementor-element-d156def e-flex e-con-boxed e-con e-parent\" data-id=\"d156def\" data-element_type=\"container\" data-e-type=\"container\">\n\t\t\t\t\t<div class=\"e-con-inner\">\n\t\t\t\t\t\t\t\t<p class=\"e-paragraph-base\" data-interaction-id=\"31effb3\"  data-e-type=\"widget\" data-id=\"31effb3\">\n\t\t\t\t\t\t\t\tIesniedz\u0113js <strong>atsak\u0101s no jebk\u0101d\u0101m ties\u012bb\u0101m uz finansi\u0101lu atl\u012bdz\u012bbu<\/strong>, autoratl\u012bdz\u012bbu vai n\u0101kotnes pras\u012bb\u0101m saist\u012bb\u0101 ar Ska\u0146darbu;Ska\u0146darbs tiek nodro\u0161in\u0101ts <strong>bez maksas<\/strong> k\u0101 rekl\u0101mas ieguld\u012bjums;Netiek sniegtas garantijas par atpaz\u012bstam\u012bbu, lieto\u0161anu vai pan\u0101kumiem.\n\t\t\t\t\t<\/p>\n\t\t\t\t\t<\/div>\n\t\t\t\t<\/div>\n\t\t<div class=\"elementor-element elementor-element-1a4aa4a e-flex e-con-boxed e-con e-parent\" data-id=\"1a4aa4a\" data-element_type=\"container\" data-e-type=\"container\">\n\t\t\t\t\t<div class=\"e-con-inner\">\n\t\t\t\t\t\t\t<h4 \n\t\tdata-interaction-id=\"01f7c8b\" \n\t\tclass=\"e-heading-base\" \n\t\t \n\t\tdata-e-type=\"widget\" data-id=\"01f7c8b\"\n\t>\n\t\n\t\t\t4. Klientu komerci\u0101la izmanto\u0161ana\n\t\t<\/h4>\n\t\t\t\t\t<\/div>\n\t\t\t\t<\/div>\n\t\t<div class=\"elementor-element elementor-element-dd9a088 e-flex e-con-boxed e-con e-parent\" data-id=\"dd9a088\" data-element_type=\"container\" data-e-type=\"container\">\n\t\t\t\t\t<div class=\"e-con-inner\">\n\t\t\t\t\t\t\t\t<p class=\"e-paragraph-base\" data-interaction-id=\"0ba6009\"  data-e-type=\"widget\" data-id=\"0ba6009\">\n\t\t\t\t\t\t\t<a\n\t\t\t\t\thref=\"https:\/\/audiowo.com\/lv\/juridiski\/komercialas-muzikas-licences-ligums\/\" target=\"_self\"\n\t\t\t\t\tclass=\"e-paragraph-link-base\"\n\t\t\t\t>\n\t\t\t\t\t\tUz\u0146\u0113mums var licenc\u0113t Ska\u0146darbu saviem klientiem (tostarp restor\u0101niem, b\u0101riem, lielveikaliem, viesn\u012bc\u0101m, satura veidot\u0101jiem un tie\u0161saistes platform\u0101m) izmanto\u0161anai k\u0101 fona m\u016bziku saska\u0146\u0101 ar Uz\u0146\u0113muma Komerci\u0101l\u0101s m\u016bzikas licences l\u012bguma noteikumiem.\n\t\t\t\t<\/a>\n\t\t\t\t\t<\/p>\n\t\t\t\t\t<\/div>\n\t\t\t\t<\/div>\n\t\t<div class=\"elementor-element elementor-element-728f4ad e-flex e-con-boxed e-con e-parent\" data-id=\"728f4ad\" data-element_type=\"container\" data-e-type=\"container\">\n\t\t\t\t\t<div class=\"e-con-inner\">\n\t\t\t\t\t\t\t<h4 \n\t\tdata-interaction-id=\"b9945ef\" \n\t\tclass=\"e-heading-base\" \n\t\t \n\t\tdata-e-type=\"widget\" data-id=\"b9945ef\"\n\t>\n\t\n\t\t\t5. Digit\u0101l\u0101 izplat\u012b\u0161ana\n\t\t<\/h4>\n\t\t\t\t\t<\/div>\n\t\t\t\t<\/div>\n\t\t<div class=\"elementor-element elementor-element-fd016e6 e-flex e-con-boxed e-con e-parent\" data-id=\"fd016e6\" data-element_type=\"container\" data-e-type=\"container\">\n\t\t\t\t\t<div class=\"e-con-inner\">\n\t\t\t\t\t\t\t\t<p class=\"e-paragraph-base\" data-interaction-id=\"f95d515\"  data-e-type=\"widget\" data-id=\"f95d515\">\n\t\t\t\t\t\t\t\tUz\u0146\u0113mums var public\u0113t Ska\u0146darbu digit\u0101laj\u0101s platform\u0101s, tostarp, bet ne tikai: Spotify, Apple Music, Amazon Music k\u0101 da\u013cu no <strong>kompil\u0101ciju albumiem<\/strong>, ko p\u0101rvalda Uz\u0146\u0113mums. Iesniedz\u0113js apliecina, ka: Netiks maks\u0101tas autoratl\u012bdz\u012bbas vai ie\u0146\u0113mumi; Izplat\u012b\u0161ana ir paredz\u0113ta tikai rekl\u0101mas nol\u016bkiem. \n\t\t\t\t\t<\/p>\n\t\t\t\t\t<\/div>\n\t\t\t\t<\/div>\n\t\t<div class=\"elementor-element elementor-element-868c844 e-flex e-con-boxed e-con e-parent\" data-id=\"868c844\" data-element_type=\"container\" data-e-type=\"container\">\n\t\t\t\t\t<div class=\"e-con-inner\">\n\t\t\t\t\t\t\t<h4 \n\t\tdata-interaction-id=\"fc43385\" \n\t\tclass=\"e-heading-base\" \n\t\t \n\t\tdata-e-type=\"widget\" data-id=\"fc43385\"\n\t>\n\t\n\t\t\t6. Atsauce\n\t\t<\/h4>\n\t\t\t\t\t<\/div>\n\t\t\t\t<\/div>\n\t\t<div class=\"elementor-element elementor-element-3cf9ecb e-flex e-con-boxed e-con e-parent\" data-id=\"3cf9ecb\" data-element_type=\"container\" data-e-type=\"container\">\n\t\t\t\t\t<div class=\"e-con-inner\">\n\t\t\t\t\t\t\t\t<p class=\"e-paragraph-base\" data-interaction-id=\"3245f0e\"  data-e-type=\"widget\" data-id=\"3245f0e\">\n\t\t\t\t\t\t\t\tKur tas ir sapr\u0101t\u012bgi iesp\u0113jams, Iesniedz\u0113ja <strong>m\u0101kslinieka v\u0101rds un akredit\u0101cijas dati<\/strong> tiks par\u0101d\u012bti saist\u012bb\u0101 ar Ska\u0146darbu.<br>Tom\u0113r atsauce <strong>netiek garant\u0113ta<\/strong> visos lieto\u0161anas kontekstos.\n\t\t\t\t\t<\/p>\n\t\t\t\t\t<\/div>\n\t\t\t\t<\/div>\n\t\t<div class=\"elementor-element elementor-element-90884f8 e-flex e-con-boxed e-con e-parent\" data-id=\"90884f8\" data-element_type=\"container\" data-e-type=\"container\">\n\t\t\t\t\t<div class=\"e-con-inner\">\n\t\t\t\t\t\t\t<h4 \n\t\tdata-interaction-id=\"e7a2536\" \n\t\tclass=\"e-heading-base\" \n\t\t \n\t\tdata-e-type=\"widget\" data-id=\"e7a2536\"\n\t>\n\t\n\t\t\t7. Kvalit\u0101tes standarti\n\t\t<\/h4>\n\t\t\t\t\t<\/div>\n\t\t\t\t<\/div>\n\t\t<div class=\"elementor-element elementor-element-17179e0 e-flex e-con-boxed e-con e-parent\" data-id=\"17179e0\" data-element_type=\"container\" data-e-type=\"container\">\n\t\t\t\t\t<div class=\"e-con-inner\">\n\t\t\t\t\t\t\t\t<p class=\"e-paragraph-base\" data-interaction-id=\"99a4d2a\"  data-e-type=\"widget\" data-id=\"99a4d2a\">\n\t\t\t\t\t\t\t\tIesniedz\u0113js apliecina, ka Ska\u0146darbs:Ir profesion\u0101li produc\u0113ts un master\u0113ts; Satur tikai ori\u0123in\u0101lu saturu; Nep\u0101rk\u0101pj tre\u0161o pu\u0161u ties\u012bbas;Nav eso\u0161u darbu kopija vai imit\u0101cija; Var tikt pak\u013cauts <strong>audio atpaz\u012b\u0161anas p\u0101rbaud\u0113m<\/strong>, tostarp Shazam. AI r\u012bku izmanto\u0161ana ir at\u013cauta <strong>tikai tad, ja visas ties\u012bbas ir piln\u012bb\u0101 nok\u0101rtotas<\/strong> un audio kvalit\u0101te atbilst profesion\u0101lajiem standartiem. \n\t\t\t\t\t<\/p>\n\t\t\t\t\t<\/div>\n\t\t\t\t<\/div>\n\t\t<div class=\"elementor-element elementor-element-10b5145 e-flex e-con-boxed e-con e-parent\" data-id=\"10b5145\" data-element_type=\"container\" data-e-type=\"container\">\n\t\t\t\t\t<div class=\"e-con-inner\">\n\t\t\t\t\t\t\t<h4 \n\t\tdata-interaction-id=\"a398a1f\" \n\t\tclass=\"e-heading-base\" \n\t\t \n\t\tdata-e-type=\"widget\" data-id=\"a398a1f\"\n\t>\n\t\n\t\t\t8. PRO \/ Ties\u012bbu organiz\u0101cijas\n\t\t<\/h4>\n\t\t\t\t\t<\/div>\n\t\t\t\t<\/div>\n\t\t<div class=\"elementor-element elementor-element-78d648d e-flex e-con-boxed e-con e-parent\" data-id=\"78d648d\" data-element_type=\"container\" data-e-type=\"container\">\n\t\t\t\t\t<div class=\"e-con-inner\">\n\t\t\t\t\t\t\t\t<p class=\"e-paragraph-base\" data-interaction-id=\"b2fec2d\"  data-e-type=\"widget\" data-id=\"b2fec2d\">\n\t\t\t\t\t\t\t\tIesniedz\u0113js garant\u0113, ka Ska\u0146darbs:Nav <strong>re\u0123istr\u0113ts<\/strong> nevien\u0101 Izpild\u012bt\u0101ju ties\u012bbu organiz\u0101cij\u0101 (PRO), tostarp <strong>BUMA\/STEMRA, SGAE, PRS, ASCAP, BMI, SESAC<\/strong>;Nekad <strong>netiks re\u0123istr\u0113ts<\/strong> nevien\u0101 \u0161\u0101d\u0101 organiz\u0101cij\u0101 n\u0101kotn\u0113.\n\t\t\t\t\t<\/p>\n\t\t\t\t\t<\/div>\n\t\t\t\t<\/div>\n\t\t<div class=\"elementor-element elementor-element-8c747b1 e-flex e-con-boxed e-con e-parent\" data-id=\"8c747b1\" data-element_type=\"container\" data-e-type=\"container\">\n\t\t\t\t\t<div class=\"e-con-inner\">\n\t\t\t\t\t\t\t<h4 \n\t\tdata-interaction-id=\"934a8cd\" \n\t\tclass=\"e-heading-base\" \n\t\t \n\t\tdata-e-type=\"widget\" data-id=\"934a8cd\"\n\t>\n\t\n\t\t\t9. Nav pien\u0101kuma izmantot\n\t\t<\/h4>\n\t\t\t\t\t<\/div>\n\t\t\t\t<\/div>\n\t\t<div class=\"elementor-element elementor-element-3bee980 e-flex e-con-boxed e-con e-parent\" data-id=\"3bee980\" data-element_type=\"container\" data-e-type=\"container\">\n\t\t\t\t\t<div class=\"e-con-inner\">\n\t\t\t\t\t\t\t\t<p class=\"e-paragraph-base\" data-interaction-id=\"8c8c737\"  data-e-type=\"widget\" data-id=\"8c8c737\">\n\t\t\t\t\t\t\t\tUz\u0146\u0113mumam <strong>nav pien\u0101kuma<\/strong> reklam\u0113t, izplat\u012bt vai licenc\u0113t Ska\u0146darbu;Ja Ska\u0146darbu neizmanto klienti, Uz\u0146\u0113mums var <strong>to iz\u0146emt no saviem katalogiem<\/strong> p\u0113c saviem ieskatiem;Iek\u013cau\u0161ana nerada nek\u0101das ties\u012bbas vai cer\u012bbas.\n\t\t\t\t\t<\/p>\n\t\t\t\t\t<\/div>\n\t\t\t\t<\/div>\n\t\t<div class=\"elementor-element elementor-element-938c733 e-flex e-con-boxed e-con e-parent\" data-id=\"938c733\" data-element_type=\"container\" data-e-type=\"container\">\n\t\t\t\t\t<div class=\"e-con-inner\">\n\t\t\t\t\t\t\t<h4 \n\t\tdata-interaction-id=\"ecd2cad\" \n\t\tclass=\"e-heading-base\" \n\t\t \n\t\tdata-e-type=\"widget\" data-id=\"ecd2cad\"\n\t>\n\t\n\t\t\t10. Nav atsauk\u0161anas\n\t\t<\/h4>\n\t\t\t\t\t<\/div>\n\t\t\t\t<\/div>\n\t\t<div class=\"elementor-element elementor-element-130efa8 e-flex e-con-boxed e-con e-parent\" data-id=\"130efa8\" data-element_type=\"container\" data-e-type=\"container\">\n\t\t\t\t\t<div class=\"e-con-inner\">\n\t\t\t\t\t\t\t\t<p class=\"e-paragraph-base\" data-interaction-id=\"333554d\"  data-e-type=\"widget\" data-id=\"333554d\">\n\t\t\t\t\t\t\t\tKad Ska\u0146darbs ir iesniegts un pie\u0146emts, Iesniedz\u0113js <strong>nevar to atsaukt vai piepras\u012bt atpaka\u013c<\/strong>.\n\t\t\t\t\t<\/p>\n\t\t\t\t\t<\/div>\n\t\t\t\t<\/div>\n\t\t<div class=\"elementor-element elementor-element-9e31629 e-flex e-con-boxed e-con e-parent\" data-id=\"9e31629\" data-element_type=\"container\" data-e-type=\"container\">\n\t\t\t\t\t<div class=\"e-con-inner\">\n\t\t\t\t\t\t\t<h4 \n\t\tdata-interaction-id=\"8c1ede6\" \n\t\tclass=\"e-heading-base\" \n\t\t \n\t\tdata-e-type=\"widget\" data-id=\"8c1ede6\"\n\t>\n\t\n\t\t\t11. Piem\u0113rojamie ties\u012bbu akti\n\t\t<\/h4>\n\t\t\t\t\t<\/div>\n\t\t\t\t<\/div>\n\t\t<div class=\"elementor-element elementor-element-2cc228a e-flex e-con-boxed e-con e-parent\" data-id=\"2cc228a\" data-element_type=\"container\" data-e-type=\"container\">\n\t\t\t\t\t<div class=\"e-con-inner\">\n\t\t\t\t\t\t\t\t<p class=\"e-paragraph-base\" data-interaction-id=\"7c738b8\"  data-e-type=\"widget\" data-id=\"7c738b8\">\n\t\t\t\t\t\t\t\t\u0160o L\u012bgumu regul\u0113 <strong>Sp\u0101nijas<\/strong> ties\u012bbu akti.\n\t\t\t\t\t<\/p>\n\t\t\t\t\t<\/div>\n\t\t\t\t<\/div>\n\t\t<div class=\"elementor-element elementor-element-02efac0 e-flex e-con-boxed e-con e-parent\" data-id=\"02efac0\" data-element_type=\"container\" data-e-type=\"container\">\n\t\t\t\t\t<div class=\"e-con-inner\">\n\t\t\t\t\t\t\t<h4 \n\t\tdata-interaction-id=\"0a3a60f\" \n\t\tclass=\"e-heading-base\" \n\t\t \n\t\tdata-e-type=\"widget\" data-id=\"0a3a60f\"\n\t>\n\t\n\t\t\t12. Piln\u012bgs l\u012bgums\n\t\t<\/h4>\n\t\t\t\t\t<\/div>\n\t\t\t\t<\/div>\n\t\t<div class=\"elementor-element elementor-element-5ac4d09 e-flex e-con-boxed e-con e-parent\" data-id=\"5ac4d09\" data-element_type=\"container\" data-e-type=\"container\">\n\t\t\t\t\t<div class=\"e-con-inner\">\n\t\t\t\t\t\t\t\t<p class=\"e-paragraph-base\" data-interaction-id=\"960f892\"  data-e-type=\"widget\" data-id=\"960f892\">\n\t\t\t\t\t\t\t\t\u0160is L\u012bgums veido piln\u012bgu vieno\u0161anos starp pus\u0113m.\n\t\t\t\t\t<\/p>\n\t\t\t\t\t<\/div>\n\t\t\t\t<\/div>\n\t\t\t\t<\/div>\n\t\t","protected":false},"excerpt":{"rendered":"<p>Rekl\u0101mas m\u016bzikas ieguld\u012bjuma l\u012bgums Rekl\u0101mas m\u016bzikas ieguld\u012bjuma l\u012bgums\u0160is Rekl\u0101mas m\u016bzikas ieguld\u012bjuma l\u012bgums (\u201cL\u012bgums\u201d) tiek nosl\u0113gts starp: Uz\u0146\u0113mums:Fidelis Marketing Group S.L.Darbojas ar z\u012bmoliem audiowo.com un escuchargratis.es (\u201cUz\u0146\u0113mums\u201d) un Iesniedz\u0113js: M\u016bzikas iesniedz\u0113js vai ties\u012bbu \u012bpa\u0161nieks (\u201cIesniedz\u0113js\u201d)Aug\u0161upiel\u0101d\u0113jot muzik\u0101lu darbu, Iesniedz\u0113js piekr\u012bt \u0161\u0101diem noteikumiem. 1. L\u012bguma m\u0113r\u0137is \u0160\u012b L\u012bguma m\u0113r\u0137is ir rekl\u0101ma.Iesniedz\u0113js br\u012bvpr\u0101t\u012bgi iesniedz vienu vai vair\u0101kus muzik\u0101lus darbus [&hellip;]<\/p>\n","protected":false},"author":1,"featured_media":0,"parent":8444,"menu_order":0,"comment_status":"closed","ping_status":"closed","template":"elementor_header_footer","meta":{"_acf_changed":false,"footnotes":""},"class_list":["post-8367","page","type-page","status-publish","hentry"],"acf":[],"_links":{"self":[{"href":"https:\/\/audiowo.com\/lv\/wp-json\/wp\/v2\/pages\/8367","targetHints":{"allow":["GET"]}}],"collection":[{"href":"https:\/\/audiowo.com\/lv\/wp-json\/wp\/v2\/pages"}],"about":[{"href":"https:\/\/audiowo.com\/lv\/wp-json\/wp\/v2\/types\/page"}],"author":[{"embeddable":true,"href":"https:\/\/audiowo.com\/lv\/wp-json\/wp\/v2\/users\/1"}],"replies":[{"embeddable":true,"href":"https:\/\/audiowo.com\/lv\/wp-json\/wp\/v2\/comments?post=8367"}],"version-history":[{"count":0,"href":"https:\/\/audiowo.com\/lv\/wp-json\/wp\/v2\/pages\/8367\/revisions"}],"up":[{"embeddable":true,"href":"https:\/\/audiowo.com\/lv\/wp-json\/wp\/v2\/pages\/8444"}],"wp:attachment":[{"href":"https:\/\/audiowo.com\/lv\/wp-json\/wp\/v2\/media?parent=8367"}],"curies":[{"name":"wp","href":"https:\/\/api.w.org\/{rel}","templated":true}]}}