{"id":8444,"date":"2026-02-07T16:40:00","date_gmt":"2026-02-07T15:40:00","guid":{"rendered":"https:\/\/audiowo.com\/juridiski\/"},"modified":"2026-04-09T17:32:08","modified_gmt":"2026-04-09T15:32:08","slug":"juridiski","status":"publish","type":"page","link":"https:\/\/audiowo.com\/lv\/juridiski\/","title":{"rendered":"Juridiski"},"content":{"rendered":"\t\t<div data-elementor-type=\"wp-page\" data-elementor-id=\"8444\" class=\"elementor elementor-8444 elementor-58\" data-elementor-post-type=\"page\">\n\t\t\t\t<div class=\"elementor-element elementor-element-480bd68 e-flex e-con-boxed e-con e-parent\" data-id=\"480bd68\" data-element_type=\"container\" data-e-type=\"container\">\n\t\t\t\t\t<div class=\"e-con-inner\">\n\t\t\t\t<div class=\"elementor-element elementor-element-400ae8a elementor-widget elementor-widget-heading\" data-id=\"400ae8a\" data-element_type=\"widget\" data-e-type=\"widget\" data-widget_type=\"heading.default\">\n\t\t\t\t\t<h1 class=\"elementor-heading-title elementor-size-default\">Juridiski<\/h1>\t\t\t\t<\/div>\n\t\t\t\t\t<\/div>\n\t\t\t\t<\/div>\n\t\t<div class=\"elementor-element elementor-element-35d147f e-flex e-con-boxed e-con e-parent\" data-id=\"35d147f\" data-element_type=\"container\" data-e-type=\"container\">\n\t\t\t\t\t<div class=\"e-con-inner\">\n\t\t\t\t\t\t\t\t<p class=\"e-paragraph-base\" data-interaction-id=\"82438c3\"  data-e-type=\"widget\" data-id=\"82438c3\">\n\t\t\t\t\t\t\t\t\u0160aj\u0101 lap\u0101 ir pieejami visi juridiskie dokumenti, kas saist\u012bti ar t\u012bmek\u013ca vietn\u0113m un pakalpojumiem, ko p\u0101rvalda <strong>Fidelis Marketing Group S.L.<\/strong>, tostarp t\u0101s m\u016bzikas licenc\u0113\u0161anas platform\u0101m un rekl\u0101mas pakalpojumiem. M\u0113s aicin\u0101m visus apmekl\u0113t\u0101jus, klientus un sadarb\u012bbas partnerus r\u016bp\u012bgi iepaz\u012bties ar zem\u0101k uzskait\u012btajiem piem\u0113rojamajiem juridiskajiem dokumentiem.\n\t\t\t\t\t<\/p>\n\t\t\t\t\t<\/div>\n\t\t\t\t<\/div>\n\t\t<div class=\"elementor-element elementor-element-cc0df9b e-flex e-con-boxed e-con e-parent\" data-id=\"cc0df9b\" data-element_type=\"container\" data-e-type=\"container\">\n\t\t\t\t\t<div class=\"e-con-inner\">\n\t\t\t\t\t\t\t\t<p class=\"e-paragraph-base\" data-interaction-id=\"1c0d19c\"  data-e-type=\"widget\" data-id=\"1c0d19c\">\n\t\t\t\t\t\t\t<a\n\t\t\t\t\thref=\"https:\/\/audiowo.com\/lv\/juridiski\/visparigie-noteikumi-un-nosacijumi\/\" target=\"_self\"\n\t\t\t\t\tclass=\"e-paragraph-link-base\"\n\t\t\t\t>\n\t\t\t\t\t\t\ud83d\udcc4 Visp\u0101r\u012bgie noteikumi un nosac\u012bjumi. \u0160ie noteikumi regul\u0113 m\u016bsu t\u012bmek\u013ca viet\u0146u, platformu un digit\u0101lo pakalpojumu visp\u0101r\u012bgo lieto\u0161anu, tostarp piek\u013cuvi, maks\u0101jumus un lietot\u0101ju atbild\u012bbu.\n\t\t\t\t<\/a>\n\t\t\t\t\t<\/p>\n\t\t\t\t\t<\/div>\n\t\t\t\t<\/div>\n\t\t<div class=\"elementor-element elementor-element-b1c872e e-flex e-con-boxed e-con e-parent\" data-id=\"b1c872e\" data-element_type=\"container\" data-e-type=\"container\">\n\t\t\t\t\t<div class=\"e-con-inner\">\n\t\t\t\t\t\t\t\t<p class=\"e-paragraph-base\" data-interaction-id=\"6cc148a\"  data-e-type=\"widget\" data-id=\"6cc148a\">\n\t\t\t\t\t\t\t<a\n\t\t\t\t\thref=\"https:\/\/audiowo.com\/lv\/juridiski\/privatuma-politika\/\" target=\"_self\"\n\t\t\t\t\tclass=\"e-paragraph-link-base\"\n\t\t\t\t>\n\t\t\t\t\t\t\ud83d\udd10 Priv\u0101tuma politika. M\u016bsu Priv\u0101tuma politik\u0101 ir izskaidrots, k\u0101 m\u0113s v\u0101cam, apstr\u0101d\u0101jam un aizsarg\u0101jam personas datus saska\u0146\u0101 ar Visp\u0101r\u012bgo datu aizsardz\u012bbas regulu (VDAR) un piem\u0113rojamajiem ties\u012bbu aktiem.\n\t\t\t\t<\/a>\n\t\t\t\t\t<\/p>\n\t\t\t\t\t<\/div>\n\t\t\t\t<\/div>\n\t\t<div class=\"elementor-element elementor-element-9faa98e e-flex e-con-boxed e-con e-parent\" data-id=\"9faa98e\" data-element_type=\"container\" data-e-type=\"container\">\n\t\t\t\t\t<div class=\"e-con-inner\">\n\t\t\t\t\t\t\t\t<p class=\"e-paragraph-base\" data-interaction-id=\"adb4ca5\"  data-e-type=\"widget\" data-id=\"adb4ca5\">\n\t\t\t\t\t\t\t<a\n\t\t\t\t\thref=\"https:\/\/audiowo.com\/lv\/juridiski\/sikdatnu-politika\/\" target=\"_self\"\n\t\t\t\t\tclass=\"e-paragraph-link-base\"\n\t\t\t\t>\n\t\t\t\t\t\t\ud83c\udf6a S\u012bkdat\u0146u politika. M\u016bsu S\u012bkdat\u0146u politik\u0101 ir izskaidrota nepiecie\u0161amo un anal\u012btisko s\u012bkdat\u0146u izmanto\u0161ana un tas, k\u0101 apmekl\u0113t\u0101ji var p\u0101rvald\u012bt savas s\u012bkdat\u0146u preferences.\n\t\t\t\t<\/a>\n\t\t\t\t\t<\/p>\n\t\t\t\t\t<\/div>\n\t\t\t\t<\/div>\n\t\t<div class=\"elementor-element elementor-element-e6668c4 e-flex e-con-boxed e-con e-parent\" data-id=\"e6668c4\" data-element_type=\"container\" data-e-type=\"container\">\n\t\t\t\t\t<div class=\"e-con-inner\">\n\t\t\t\t\t\t\t\t<p class=\"e-paragraph-base\" data-interaction-id=\"aa563ab\"  data-e-type=\"widget\" data-id=\"aa563ab\">\n\t\t\t\t\t\t\t<a\n\t\t\t\t\thref=\"https:\/\/audiowo.com\/lv\/juridiski\/komercialas-muzikas-licences-ligums\/\" target=\"_self\"\n\t\t\t\t\tclass=\"e-paragraph-link-base\"\n\t\t\t\t>\n\t\t\t\t\t\t\ud83c\udfb5 Komerci\u0101l\u0101s m\u016bzikas licences l\u012bgums. \u0160is l\u012bgums nosaka noteikumus, saska\u0146\u0101 ar kuriem uz\u0146\u0113mumi var izmantot licenc\u0113tu fona m\u016bziku, kas tiek nodro\u0161in\u0101ta, izmantojot m\u016bsu platformas, tostarp at\u013cauto lieto\u0161anu, ierobe\u017eojumus un ilgumu.\n\t\t\t\t<\/a>\n\t\t\t\t\t<\/p>\n\t\t\t\t\t<\/div>\n\t\t\t\t<\/div>\n\t\t<div class=\"elementor-element elementor-element-ebd5358 e-flex e-con-boxed e-con e-parent\" data-id=\"ebd5358\" data-element_type=\"container\" data-e-type=\"container\">\n\t\t\t\t\t<div class=\"e-con-inner\">\n\t\t\t\t\t\t\t\t<p class=\"e-paragraph-base\" data-interaction-id=\"b8979ee\"  data-e-type=\"widget\" data-id=\"b8979ee\">\n\t\t\t\t\t\t\t<a\n\t\t\t\t\thref=\"https:\/\/audiowo.com\/lv\/juridiski\/reklamas-muzikas-ieguldijuma-ligums\/\" target=\"_self\"\n\t\t\t\t\tclass=\"e-paragraph-link-base\"\n\t\t\t\t>\n\t\t\t\t\t\t\ud83c\udfa7 Rekl\u0101mas m\u016bzikas ieguld\u012bjuma l\u012bgums (m\u0101ksliniekiem). \u0160is l\u012bgums attiecas uz m\u0101ksliniekiem un ties\u012bbu \u012bpa\u0161niekiem, kuri iesniedz m\u016bziku rekl\u0101mas iek\u013cau\u0161anai m\u016bsu platform\u0101s un apkopojumu izdevumos.\n\t\t\t\t<\/a>\n\t\t\t\t\t<\/p>\n\t\t\t\t\t<\/div>\n\t\t\t\t<\/div>\n\t\t<div class=\"elementor-element elementor-element-2edecb2 e-flex e-con-boxed e-con e-parent\" data-id=\"2edecb2\" data-element_type=\"container\" data-e-type=\"container\">\n\t\t\t\t\t<div class=\"e-con-inner\">\n\t\t\t\t\t\t\t\t<p class=\"e-paragraph-base\" data-interaction-id=\"7e3466e\"  data-e-type=\"widget\" data-id=\"7e3466e\">\n\t\t\t\t\t\t\t\tJurisdikcija un piem\u0113rojam\u012bba: Ja nav nor\u0101d\u012bts cit\u0101di, visus juridiskos dokumentus regul\u0113 <strong>Sp\u0101nijas<\/strong> ties\u012bbu akti un tie attiecas uz lietot\u0101jiem vis\u0101 pasaul\u0113.\n\t\t\t\t\t<\/p>\n\t\t\t\t\t<\/div>\n\t\t\t\t<\/div>\n\t\t<div class=\"elementor-element elementor-element-a6ce8fc e-flex e-con-boxed e-con e-parent\" data-id=\"a6ce8fc\" data-element_type=\"container\" data-e-type=\"container\">\n\t\t\t\t\t<div class=\"e-con-inner\">\n\t\t\t\t\t\t\t\t<p class=\"e-paragraph-base\" data-interaction-id=\"fa43eb2\"  data-e-type=\"widget\" data-id=\"fa43eb2\">\n\t\t\t\t\t\t\t<a\n\t\t\t\t\thref=\"https:\/\/audiowo.com\/lv\/sazinieties-ar-mums\/\" target=\"_self\"\n\t\t\t\t\tclass=\"e-paragraph-link-base\"\n\t\t\t\t>\n\t\t\t\t\t\tKontaktinform\u0101cija. Lai sa\u0146emtu juridiskus vai ar priv\u0101tumu saist\u012btus jaut\u0101jumus, l\u016bdzu, sazinieties ar mums, izmantojot m\u016bsu t\u012bmek\u013ca vietn\u0113 nor\u0101d\u012bto inform\u0101ciju.\n\t\t\t\t<\/a>\n\t\t\t\t\t<\/p>\n\t\t\t\t\t<\/div>\n\t\t\t\t<\/div>\n\t\t\t\t<\/div>\n\t\t","protected":false},"excerpt":{"rendered":"<p>Juridiski \u0160aj\u0101 lap\u0101 ir pieejami visi juridiskie dokumenti, kas saist\u012bti ar t\u012bmek\u013ca vietn\u0113m un pakalpojumiem, ko p\u0101rvalda Fidelis Marketing Group S.L., tostarp t\u0101s m\u016bzikas licenc\u0113\u0161anas platform\u0101m un rekl\u0101mas pakalpojumiem. M\u0113s aicin\u0101m visus apmekl\u0113t\u0101jus, klientus un sadarb\u012bbas partnerus r\u016bp\u012bgi iepaz\u012bties ar zem\u0101k uzskait\u012btajiem piem\u0113rojamajiem juridiskajiem dokumentiem. \ud83d\udcc4 Visp\u0101r\u012bgie noteikumi un nosac\u012bjumi. \u0160ie noteikumi regul\u0113 m\u016bsu t\u012bmek\u013ca [&hellip;]<\/p>\n","protected":false},"author":1,"featured_media":0,"parent":0,"menu_order":0,"comment_status":"closed","ping_status":"closed","template":"elementor_header_footer","meta":{"_acf_changed":false,"footnotes":""},"class_list":["post-8444","page","type-page","status-publish","hentry"],"acf":[],"_links":{"self":[{"href":"https:\/\/audiowo.com\/lv\/wp-json\/wp\/v2\/pages\/8444","targetHints":{"allow":["GET"]}}],"collection":[{"href":"https:\/\/audiowo.com\/lv\/wp-json\/wp\/v2\/pages"}],"about":[{"href":"https:\/\/audiowo.com\/lv\/wp-json\/wp\/v2\/types\/page"}],"author":[{"embeddable":true,"href":"https:\/\/audiowo.com\/lv\/wp-json\/wp\/v2\/users\/1"}],"replies":[{"embeddable":true,"href":"https:\/\/audiowo.com\/lv\/wp-json\/wp\/v2\/comments?post=8444"}],"version-history":[{"count":0,"href":"https:\/\/audiowo.com\/lv\/wp-json\/wp\/v2\/pages\/8444\/revisions"}],"wp:attachment":[{"href":"https:\/\/audiowo.com\/lv\/wp-json\/wp\/v2\/media?parent=8444"}],"curies":[{"name":"wp","href":"https:\/\/api.w.org\/{rel}","templated":true}]}}