{"id":7766,"date":"2026-03-24T16:23:54","date_gmt":"2026-03-24T15:23:54","guid":{"rendered":"https:\/\/audiowo.com\/product\/satura-veidotaja-licence-neierobezota-muzika\/"},"modified":"2026-03-24T16:23:54","modified_gmt":"2026-03-24T15:23:54","slug":"satura-veidotaja-licence-neierobezota-muzika","status":"publish","type":"product","link":"https:\/\/audiowo.com\/lv\/products\/satura-veidotaja-licence-neierobezota-muzika\/","title":{"rendered":"Satura veidot\u0101ja licence: Neierobe\u017eota m\u016bzika"},"content":{"rendered":"<p>Satura veidot\u0101ja licence ir paredz\u0113ta satura veidot\u0101jiem, kuriem nepiecie\u0161ama augstas kvalit\u0101tes, autorties\u012bbu zi\u0146\u0101 dro\u0161a m\u016bzika video un tie\u0161saistes platform\u0101m.<\/p>\n<p>\u0160\u012b licence ir ide\u0101li piem\u0113rota pakalpojumam YouTube, soci\u0101lajiem medijiem, apl\u0101d\u0113m un komerci\u0101lam video saturam, nodro\u0161inot j\u016bsu projektu aizsardz\u012bbu un profesion\u0101lu skan\u0113jumu.<\/p>\n<p>\u2714 Izmantojiet YouTube un soci\u0101lo mediju video<br \/>\n\u2714 Monetiz\u0101cijai piem\u0113rota m\u016bzika<br \/>\n\u2714 Bez autorties\u012bbu pretenzij\u0101m<br \/>\n\u2714 Lejupiel\u0101d\u0113jiet un integr\u0113jiet nekav\u0113joties<\/p>\n<p>Koncentr\u0113jieties uz rad\u012b\u0161anu \u2014 m\u0113s par\u016bp\u0113simies par m\u016bzikas licenc\u0113\u0161anu.<\/p>\n","protected":false},"excerpt":{"rendered":"<p>Autorties\u012bbu zi\u0146\u0101 dro\u0161a m\u016bzika pakalpojumam YouTube, soci\u0101lajiem medijiem un video veidot\u0101jiem. Monetiz\u0113jiet bez raiz\u0113m. <\/p>\n","protected":false},"featured_media":354,"comment_status":"closed","ping_status":"closed","template":"","meta":{"_acf_changed":false},"product_brand":[],"product_cat":[215],"product_tag":[],"class_list":{"0":"post-7766","1":"product","2":"type-product","3":"status-publish","4":"has-post-thumbnail","6":"product_cat-abonementi","8":"first","9":"instock","10":"taxable","11":"shipping-taxable","12":"purchasable","13":"product-type-subscription"},"acf":[],"_links":{"self":[{"href":"https:\/\/audiowo.com\/lv\/wp-json\/wp\/v2\/product\/7766","targetHints":{"allow":["GET"]}}],"collection":[{"href":"https:\/\/audiowo.com\/lv\/wp-json\/wp\/v2\/product"}],"about":[{"href":"https:\/\/audiowo.com\/lv\/wp-json\/wp\/v2\/types\/product"}],"replies":[{"embeddable":true,"href":"https:\/\/audiowo.com\/lv\/wp-json\/wp\/v2\/comments?post=7766"}],"version-history":[{"count":0,"href":"https:\/\/audiowo.com\/lv\/wp-json\/wp\/v2\/product\/7766\/revisions"}],"wp:featuredmedia":[{"embeddable":true,"href":"https:\/\/audiowo.com\/lv\/wp-json\/wp\/v2\/media\/354"}],"wp:attachment":[{"href":"https:\/\/audiowo.com\/lv\/wp-json\/wp\/v2\/media?parent=7766"}],"wp:term":[{"taxonomy":"product_brand","embeddable":true,"href":"https:\/\/audiowo.com\/lv\/wp-json\/wp\/v2\/product_brand?post=7766"},{"taxonomy":"product_cat","embeddable":true,"href":"https:\/\/audiowo.com\/lv\/wp-json\/wp\/v2\/product_cat?post=7766"},{"taxonomy":"product_tag","embeddable":true,"href":"https:\/\/audiowo.com\/lv\/wp-json\/wp\/v2\/product_tag?post=7766"}],"curies":[{"name":"wp","href":"https:\/\/api.w.org\/{rel}","templated":true}]}}