{"id":8080,"date":"2026-03-24T16:15:36","date_gmt":"2026-03-24T15:15:36","guid":{"rendered":"https:\/\/audiowo.com\/product\/biznesa-licence-neierobezotai-muzikai\/"},"modified":"2026-03-24T16:15:36","modified_gmt":"2026-03-24T15:15:36","slug":"biznesa-licence-neierobezotai-muzikai","status":"publish","type":"product","link":"https:\/\/audiowo.com\/lv\/products\/biznesa-licence-neierobezotai-muzikai\/","title":{"rendered":"Biznesa licence neierobe\u017eotai m\u016bzikai"},"content":{"rendered":"<p class=\"isSelectedEnd\">Biznesa licence nodro\u0161ina piek\u013cuvi augstas kvalit\u0101tes m\u016bzikai komerci\u0101l\u0101m vid\u0113m, piem\u0113ram, veikaliem, restor\u0101niem, b\u0101riem, viesn\u012bc\u0101m un birojiem.<\/p>\n<p class=\"isSelectedEnd\">Radiet perfektu atmosf\u0113ru saviem klientiem ar profesion\u0101li atlas\u012btiem ska\u0146darbiem, kas paredz\u0113ti garast\u0101vok\u013ca uzlabo\u0161anai, uztur\u0113\u0161an\u0101s laika palielin\u0101\u0161anai un j\u016bsu z\u012bmola pieredzes paaugstin\u0101\u0161anai.<\/p>\n<p class=\"isSelectedEnd\">\u2714 Neierobe\u017eota piek\u013cuve m\u016bzikai<br \/>\n\u2714 Dro\u0161a komerci\u0101lai lieto\u0161anai<br \/>\n\u2714 Regul\u0101ri atjaunin\u0101ta m\u016bzikas bibliot\u0113ka<br \/>\n\u2714 Vienk\u0101r\u0161a straum\u0113\u0161ana un lejupiel\u0101de<\/p>\n<p>Ide\u0101li piem\u0113rots uz\u0146\u0113mumiem, kas v\u0113las augst\u0101k\u0101s kvalit\u0101tes fona m\u016bziku bez licenc\u0113\u0161anas sare\u017e\u0123\u012bjumiem.<\/p>\n","protected":false},"excerpt":{"rendered":"<p>M\u016bzika veikaliem, restor\u0101niem, viesn\u012bc\u0101m un komerci\u0101l\u0101m telp\u0101m. Vienk\u0101r\u0161i, dro\u0161i un gatavi lieto\u0161anai. <\/p>\n","protected":false},"featured_media":340,"comment_status":"open","ping_status":"closed","template":"","meta":{"_acf_changed":false},"product_brand":[],"product_cat":[215],"product_tag":[],"class_list":{"0":"post-8080","1":"product","2":"type-product","3":"status-publish","4":"has-post-thumbnail","6":"product_cat-abonementi","8":"first","9":"instock","10":"taxable","11":"shipping-taxable","12":"purchasable","13":"product-type-subscription"},"acf":[],"_links":{"self":[{"href":"https:\/\/audiowo.com\/lv\/wp-json\/wp\/v2\/product\/8080","targetHints":{"allow":["GET"]}}],"collection":[{"href":"https:\/\/audiowo.com\/lv\/wp-json\/wp\/v2\/product"}],"about":[{"href":"https:\/\/audiowo.com\/lv\/wp-json\/wp\/v2\/types\/product"}],"replies":[{"embeddable":true,"href":"https:\/\/audiowo.com\/lv\/wp-json\/wp\/v2\/comments?post=8080"}],"version-history":[{"count":0,"href":"https:\/\/audiowo.com\/lv\/wp-json\/wp\/v2\/product\/8080\/revisions"}],"wp:featuredmedia":[{"embeddable":true,"href":"https:\/\/audiowo.com\/lv\/wp-json\/wp\/v2\/media\/340"}],"wp:attachment":[{"href":"https:\/\/audiowo.com\/lv\/wp-json\/wp\/v2\/media?parent=8080"}],"wp:term":[{"taxonomy":"product_brand","embeddable":true,"href":"https:\/\/audiowo.com\/lv\/wp-json\/wp\/v2\/product_brand?post=8080"},{"taxonomy":"product_cat","embeddable":true,"href":"https:\/\/audiowo.com\/lv\/wp-json\/wp\/v2\/product_cat?post=8080"},{"taxonomy":"product_tag","embeddable":true,"href":"https:\/\/audiowo.com\/lv\/wp-json\/wp\/v2\/product_tag?post=8080"}],"curies":[{"name":"wp","href":"https:\/\/api.w.org\/{rel}","templated":true}]}}