{"id":8213,"date":"2026-04-08T13:21:53","date_gmt":"2026-04-08T11:21:53","guid":{"rendered":"https:\/\/audiowo.com\/product\/pielagots-muzikas-ieraksts\/"},"modified":"2026-04-08T13:21:53","modified_gmt":"2026-04-08T11:21:53","slug":"pielagots-muzikas-ieraksts","status":"publish","type":"product","link":"https:\/\/audiowo.com\/lv\/products\/pielagots-muzikas-ieraksts\/","title":{"rendered":"Piel\u0101gots m\u016bzikas ieraksts"},"content":{"rendered":"<h3 data-section-id=\"kzbvll\" data-start=\"837\" data-end=\"853\">Kas iek\u013cauts<\/h3>\n<ul data-start=\"855\" data-end=\"1086\">\n<li data-section-id=\"1eu2wei\" data-start=\"855\" data-end=\"890\">\u2714 Piel\u0101gots ieraksts <strong data-start=\"875\" data-end=\"888\">jebkur\u0101 \u017eanr\u0101<\/strong><\/li>\n<li data-section-id=\"1ds2gtc\" data-start=\"891\" data-end=\"945\">\u2714 <strong data-start=\"895\" data-end=\"926\">Instrument\u0101ls vai ar vok\u0101lu<\/strong> (v\u012brie\u0161a vai sievietes)<\/li>\n<li data-section-id=\"3jg2wi\" data-start=\"946\" data-end=\"980\">\u2714 <strong data-start=\"950\" data-end=\"978\">100% ori\u0123in\u0101la produkcija<\/strong><\/li>\n<li data-section-id=\"1t5qaaa\" data-start=\"981\" data-end=\"1017\">\u2714 <strong data-start=\"985\" data-end=\"1015\">Iek\u013cautas 4 labojumu k\u0101rtas<\/strong><\/li>\n<li data-section-id=\"ctp5tw\" data-start=\"1018\" data-end=\"1055\">\u2714 Profesion\u0101li miks\u0113ts un m\u0101ster\u0113ts<\/li>\n<li data-section-id=\"1w42kxf\" data-start=\"1056\" data-end=\"1086\">\u2714 Gatavs komerci\u0101lai lieto\u0161anai<\/li>\n<\/ul>\n<h3 data-section-id=\"1va2ym6\" data-start=\"1093\" data-end=\"1113\">Dziesmu teksti un koncepcija<\/h3>\n<p data-start=\"1115\" data-end=\"1145\">Ja j\u016bsu ieraksts ietver vok\u0101lu:<\/p>\n<ul data-start=\"1146\" data-end=\"1325\">\n<li data-section-id=\"1ucixgt\" data-start=\"1146\" data-end=\"1202\">Dziesmu teksti tiek <strong data-start=\"1152\" data-end=\"1200\">apspriesti un apstiprin\u0101ti iepriek\u0161<\/strong><\/li>\n<li data-section-id=\"1wc8nft\" data-start=\"1203\" data-end=\"1266\">J\u016bs varat iesniegt savu tekstu vai sadarboties pie koncepcijas<\/li>\n<li data-section-id=\"1uvj11k\" data-start=\"1267\" data-end=\"1325\">Gal\u012bgais virziens vienm\u0113r atbilst j\u016bsu v\u012bzijai<\/li>\n<\/ul>\n<h3 data-section-id=\"ixpo5k\" data-start=\"1332\" data-end=\"1354\">Produkcijas kvalit\u0101te<\/h3>\n<p data-start=\"1356\" data-end=\"1415\">Visi ieraksti tiek pieg\u0101d\u0101ti atbilsto\u0161i profesion\u0101liem audio standartiem:<\/p>\n<ul data-start=\"1416\" data-end=\"1473\">\n<li data-section-id=\"lf88k\" data-start=\"1416\" data-end=\"1444\"><strong data-start=\"1418\" data-end=\"1438\">Integr\u0113tais LUFS:<\/strong> ~12<\/li>\n<li data-section-id=\"1xy6v74\" data-start=\"1445\" data-end=\"1473\"><strong data-start=\"1447\" data-end=\"1467\">\u012astermi\u0146a LUFS:<\/strong> ~10<\/li>\n<\/ul>\n<p data-start=\"1475\" data-end=\"1531\">Optimiz\u0113ts straum\u0113\u0161anas platform\u0101m, rekl\u0101m\u0101m un digit\u0101lai lieto\u0161anai.<\/p>\n<h3 data-section-id=\"o1tr05\" data-start=\"1538\" data-end=\"1550\">Darba pl\u016bsma<\/h3>\n<ol data-start=\"1552\" data-end=\"1750\">\n<li data-section-id=\"46qe72\" data-start=\"1552\" data-end=\"1573\">Veiciet pas\u016bt\u012bjumu<\/li>\n<li data-section-id=\"4dsk2w\" data-start=\"1574\" data-end=\"1617\">Dalieties ar savu ideju, stilu un atsauc\u0113m<\/li>\n<li data-section-id=\"gwf447\" data-start=\"1618\" data-end=\"1653\">Apstipriniet dziesmu tekstus (ja attiecin\u0101ms)<\/li>\n<li data-section-id=\"1i86ysv\" data-start=\"1654\" data-end=\"1676\">S\u0101kas ra\u017eo\u0161ana<\/li>\n<li data-section-id=\"1na1y2n\" data-start=\"1677\" data-end=\"1697\">Sa\u0146emiet priek\u0161skat\u012bjumu<\/li>\n<li data-section-id=\"sgvehz\" data-start=\"1698\" data-end=\"1730\">Pieprasiet labojumus (l\u012bdz 4)<\/li>\n<li data-section-id=\"1j7cqp8\" data-start=\"1731\" data-end=\"1750\">Gal\u012bg\u0101 pieg\u0101de<\/li>\n<\/ol>\n<h3 data-section-id=\"1xnjjts\" data-start=\"1757\" data-end=\"1783\">K\u0101p\u0113c izv\u0113l\u0113ties Don Fidelis un Audiowo.com<\/h3>\n<ul data-start=\"1785\" data-end=\"1942\">\n<li data-section-id=\"14y3yxp\" data-start=\"1785\" data-end=\"1815\">Pieredz\u0113jis ghost producents 20 gadus<\/li>\n<li data-section-id=\"1wa8isb\" data-start=\"1816\" data-end=\"1863\">Str\u0101d\u0101 ar <strong data-start=\"1829\" data-end=\"1861\">AI uzlabotiem ra\u017eo\u0161anas r\u012bkiem<\/strong><\/li>\n<li data-section-id=\"167q9o4\" data-start=\"1864\" data-end=\"1905\">\u0100tra izpilde ar augstu konsekvenci<\/li>\n<li data-section-id=\"a59152\" data-start=\"1906\" data-end=\"1942\">Elast\u012bgs visos m\u016bzikas stilos<\/li>\n<\/ul>\n<h3 data-section-id=\"1x5ej4z\" data-start=\"1949\" data-end=\"1968\">Svar\u012bgas piez\u012bmes<\/h3>\n<ul data-start=\"1970\" data-end=\"2116\">\n<li data-section-id=\"sd09u1\" data-start=\"1970\" data-end=\"2009\">Pieg\u0101des laiks atkar\u012bgs no sare\u017e\u0123\u012bt\u012bbas<\/li>\n<li data-section-id=\"vs6f81\" data-start=\"2010\" data-end=\"2060\">Skaidras instrukcijas = lab\u0101ki un \u0101tr\u0101ki rezult\u0101ti<\/li>\n<li data-section-id=\"1b3kjq6\" data-start=\"2061\" data-end=\"2116\">Papildu labojumi var b\u016bt pieejami par papildu samaksu<\/li>\n<\/ul>\n","protected":false},"excerpt":{"rendered":"<h3 data-section-id=\"77bgn1\" data-start=\"439\" data-end=\"492\">Piel\u0101gots m\u016bzikas ieraksts \u2013 piln\u012bb\u0101 piel\u0101gots j\u016bsu vajadz\u012bb\u0101m<\/h3>\n<p data-start=\"494\" data-end=\"694\">Pas\u016btiet <strong data-start=\"502\" data-end=\"548\">profesion\u0101li produc\u0113tu piel\u0101gotu m\u016bzikas ierakstu<\/strong> par fiks\u0113tu cenu <strong data-start=\"570\" data-end=\"578\">300 \u20ac<\/strong>. Izveidojis ghost producents <strong data-start=\"606\" data-end=\"621\">Don Fidelis<\/strong>, katrs ieraksts tiek veidots no nulles, pamatojoties uz j\u016bsu idej\u0101m, m\u0113r\u0137iem un stilu. <\/p>\n<p data-start=\"696\" data-end=\"709\">Piem\u0113rots:<\/p>\n<ul data-start=\"710\" data-end=\"830\">\n<li data-section-id=\"pauozy\" data-start=\"710\" data-end=\"733\">M\u0101ksliniekiem un dzied\u0101t\u0101jiem<\/li>\n<li data-section-id=\"1avaya0\" data-start=\"734\" data-end=\"761\">Uz\u0146\u0113mumiem un z\u012bmolradi<\/li>\n<li data-section-id=\"w7ijlb\" data-start=\"762\" data-end=\"796\">YouTube, rekl\u0101m\u0101m un soci\u0101lajiem medijiem<\/li>\n<li data-section-id=\"1xa11m8\" data-start=\"797\" data-end=\"830\">Person\u012bgiem vai rado\u0161iem projektiem<\/li>\n<\/ul>\n","protected":false},"featured_media":5292,"comment_status":"closed","ping_status":"closed","template":"","meta":{"_acf_changed":false},"product_brand":[],"product_cat":[224],"product_tag":[],"class_list":{"0":"post-8213","1":"product","2":"type-product","3":"status-publish","4":"has-post-thumbnail","6":"product_cat-nekategorizets","8":"first","9":"instock","10":"taxable","11":"shipping-taxable","12":"purchasable","13":"product-type-simple"},"acf":[],"_links":{"self":[{"href":"https:\/\/audiowo.com\/lv\/wp-json\/wp\/v2\/product\/8213","targetHints":{"allow":["GET"]}}],"collection":[{"href":"https:\/\/audiowo.com\/lv\/wp-json\/wp\/v2\/product"}],"about":[{"href":"https:\/\/audiowo.com\/lv\/wp-json\/wp\/v2\/types\/product"}],"replies":[{"embeddable":true,"href":"https:\/\/audiowo.com\/lv\/wp-json\/wp\/v2\/comments?post=8213"}],"version-history":[{"count":0,"href":"https:\/\/audiowo.com\/lv\/wp-json\/wp\/v2\/product\/8213\/revisions"}],"wp:featuredmedia":[{"embeddable":true,"href":"https:\/\/audiowo.com\/lv\/wp-json\/wp\/v2\/media\/5292"}],"wp:attachment":[{"href":"https:\/\/audiowo.com\/lv\/wp-json\/wp\/v2\/media?parent=8213"}],"wp:term":[{"taxonomy":"product_brand","embeddable":true,"href":"https:\/\/audiowo.com\/lv\/wp-json\/wp\/v2\/product_brand?post=8213"},{"taxonomy":"product_cat","embeddable":true,"href":"https:\/\/audiowo.com\/lv\/wp-json\/wp\/v2\/product_cat?post=8213"},{"taxonomy":"product_tag","embeddable":true,"href":"https:\/\/audiowo.com\/lv\/wp-json\/wp\/v2\/product_tag?post=8213"}],"curies":[{"name":"wp","href":"https:\/\/api.w.org\/{rel}","templated":true}]}}